

{"id":6052,"date":"2021-10-29T13:33:33","date_gmt":"2021-10-29T10:33:33","guid":{"rendered":"https:\/\/kinnunen.kotisivut.co-r.seravo.com\/tuote\/lash-mirror\/"},"modified":"2025-11-18T15:51:10","modified_gmt":"2025-11-18T13:51:10","slug":"lash-mirror","status":"publish","type":"product","link":"https:\/\/kinnunen.kotisivut.co\/en\/product\/lash-mirror\/","title":{"rendered":"Lash Mirror"},"content":{"rendered":"<p>The Lash Mirror allows you to see your client's lashes perfectly without moving from your desk. Thanks to the curved arm and the shape of the mirror, you can check the position of your client's lashes and spot even the smallest cracks with ease. With this powerful tool, you can improve your working precision and treatment time by eliminating the need to walk around the client to check the position or density of the lashes. Now all you need to do is glance underneath the lashes. The mirror's design and large size give you a perfect view of your lashes at a glance.<\/p>","protected":false},"excerpt":{"rendered":"<p>The Lash Mirror allows you to see your client's lashes perfectly without moving from your desk. Thanks to the curved arm and the shape of the mirror, you can check the position of your client's lashes and spot even the smallest cracks with ease. With this powerful tool, you can improve your working precision and treatment time by eliminating the need to walk around the client to check the position or density of the lashes. Now all you need to do is glance underneath the lashes. The mirror's design and large size give you a perfect view of your lashes at a glance.<\/p>","protected":false},"featured_media":34911,"comment_status":"closed","ping_status":"closed","template":"","meta":{"_relevanssi_hide_post":"","_relevanssi_pin_for_all":"","_relevanssi_pin_keywords":"","_relevanssi_unpin_keywords":"","_relevanssi_related_keywords":"","_relevanssi_related_include_ids":"","_relevanssi_related_exclude_ids":"","_relevanssi_related_no_append":"","_relevanssi_related_not_related":"","_relevanssi_related_posts":"","_relevanssi_noindex_reason":""},"product_cat":[1852,1859],"product_tag":[2234],"class_list":["post-6052","product","type-product","status-publish","has-post-thumbnail","hentry","product_cat-ripset-ja-kulmat","product_cat-tyovalineet","product_tag-ripsipeili","tuotemerkki-nouveau-lashes"],"tuotemerkit":[{"term_id":323,"name":"Nouveau Lashes","slug":"nouveau-lashes","term_group":0,"term_taxonomy_id":323,"taxonomy":"tuotemerkki","description":"","parent":0,"count":79,"filter":"raw"}],"acf":[],"yoast_head":"<!-- This site is optimized with the Yoast SEO plugin v23.3 - https:\/\/yoast.com\/wordpress\/plugins\/seo\/ -->\n<title>Lash Mirror - Kinnunen<\/title>\n<meta name=\"robots\" content=\"noindex, follow, max-snippet:-1, max-image-preview:large, max-video-preview:-1\" \/>\n<meta property=\"og:locale\" content=\"en_GB\" \/>\n<meta property=\"og:type\" content=\"article\" \/>\n<meta property=\"og:title\" content=\"Lash Mirror - Kinnunen\" \/>\n<meta property=\"og:description\" content=\"Lash Mirror \u2013 peilin avulla n\u00e4et asiakkaasi ripset t\u00e4ydellisesti liikkumatta ty\u00f6pisteelt\u00e4si. Taivutetun varren ja peilin muodon ansiosta voit tarkistaa asiakkaan ripsien asennon ja havaita pienemm\u00e4tkin raot helposti. T\u00e4m\u00e4n tehokkaan ty\u00f6v\u00e4lineen avulla parannat ty\u00f6skentely tarkkuutta sek\u00e4 k\u00e4sittelyaikaa, kun sinun ei en\u00e4\u00e4 tarvitse kiert\u00e4\u00e4 asiakkaan ymp\u00e4ri tarkistaaksesi ripsien asentoa tai tiheytt\u00e4. Nyt sinun tarvitsee vain vilkaista ripsien alapuolelle. Peilin muotoilu sek\u00e4 suuri koko antaa sinulle t\u00e4ydellisen n\u00e4kym\u00e4n ripsist\u00e4 yhdell\u00e4 silm\u00e4yksell\u00e4.\" \/>\n<meta property=\"og:url\" content=\"https:\/\/kinnunen.kotisivut.co\/en\/product\/lash-mirror\/\" \/>\n<meta property=\"og:site_name\" content=\"Kinnunen\" \/>\n<meta property=\"article:modified_time\" content=\"2025-11-18T13:51:10+00:00\" \/>\n<meta property=\"og:image\" content=\"https:\/\/kinnunen.kotisivut.co\/wp-content\/uploads\/2023\/05\/NL5LM_lash_mirror_1.jpg\" \/>\n\t<meta property=\"og:image:width\" content=\"520\" \/>\n\t<meta property=\"og:image:height\" content=\"520\" \/>\n\t<meta property=\"og:image:type\" content=\"image\/jpeg\" \/>\n<meta name=\"twitter:card\" content=\"summary_large_image\" \/>\n<script type=\"application\/ld+json\" class=\"yoast-schema-graph\">{\"@context\":\"https:\/\/schema.org\",\"@graph\":[{\"@type\":\"WebPage\",\"@id\":\"https:\/\/kinnunen.kotisivut.co\/tuote\/lash-mirror\/\",\"url\":\"https:\/\/kinnunen.kotisivut.co\/tuote\/lash-mirror\/\",\"name\":\"Lash Mirror - Kinnunen\",\"isPartOf\":{\"@id\":\"https:\/\/kinnunen.kotisivut.co\/#website\"},\"primaryImageOfPage\":{\"@id\":\"https:\/\/kinnunen.kotisivut.co\/tuote\/lash-mirror\/#primaryimage\"},\"image\":{\"@id\":\"https:\/\/kinnunen.kotisivut.co\/tuote\/lash-mirror\/#primaryimage\"},\"thumbnailUrl\":\"https:\/\/kinnunen.kotisivut.co\/wp-content\/uploads\/2023\/05\/NL5LM_lash_mirror_1.jpg\",\"datePublished\":\"2021-10-29T10:33:33+00:00\",\"dateModified\":\"2025-11-18T13:51:10+00:00\",\"breadcrumb\":{\"@id\":\"https:\/\/kinnunen.kotisivut.co\/tuote\/lash-mirror\/#breadcrumb\"},\"inLanguage\":\"en-GB\",\"potentialAction\":[{\"@type\":\"ReadAction\",\"target\":[\"https:\/\/kinnunen.kotisivut.co\/tuote\/lash-mirror\/\"]}]},{\"@type\":\"ImageObject\",\"inLanguage\":\"en-GB\",\"@id\":\"https:\/\/kinnunen.kotisivut.co\/tuote\/lash-mirror\/#primaryimage\",\"url\":\"https:\/\/kinnunen.kotisivut.co\/wp-content\/uploads\/2023\/05\/NL5LM_lash_mirror_1.jpg\",\"contentUrl\":\"https:\/\/kinnunen.kotisivut.co\/wp-content\/uploads\/2023\/05\/NL5LM_lash_mirror_1.jpg\",\"width\":520,\"height\":520},{\"@type\":\"BreadcrumbList\",\"@id\":\"https:\/\/kinnunen.kotisivut.co\/tuote\/lash-mirror\/#breadcrumb\",\"itemListElement\":[{\"@type\":\"ListItem\",\"position\":1,\"name\":\"Etusivu\",\"item\":\"https:\/\/kinnunen.kotisivut.co\/\"},{\"@type\":\"ListItem\",\"position\":2,\"name\":\"Kaikki tuotteet\",\"item\":\"https:\/\/kinnunen.kotisivut.co\/kauppa\/\"},{\"@type\":\"ListItem\",\"position\":3,\"name\":\"Kauneudenhoito\",\"item\":\"https:\/\/kinnunen.kotisivut.co\/tuote-osasto\/kauneudenhoito\/\"},{\"@type\":\"ListItem\",\"position\":4,\"name\":\"Ripset ja kulmat\",\"item\":\"https:\/\/kinnunen.kotisivut.co\/tuote-osasto\/kauneudenhoito\/ripset-ja-kulmat\/\"},{\"@type\":\"ListItem\",\"position\":5,\"name\":\"Ty\u00f6v\u00e4lineet\",\"item\":\"https:\/\/kinnunen.kotisivut.co\/tuote-osasto\/kauneudenhoito\/ripset-ja-kulmat\/tyovalineet\/\"},{\"@type\":\"ListItem\",\"position\":6,\"name\":\"Lash Mirror\"}]},{\"@type\":\"WebSite\",\"@id\":\"https:\/\/kinnunen.kotisivut.co\/#website\",\"url\":\"https:\/\/kinnunen.kotisivut.co\/\",\"name\":\"Kinnunen\",\"description\":\"\",\"potentialAction\":[{\"@type\":\"SearchAction\",\"target\":{\"@type\":\"EntryPoint\",\"urlTemplate\":\"https:\/\/kinnunen.kotisivut.co\/?s={search_term_string}\"},\"query-input\":\"required name=search_term_string\"}],\"inLanguage\":\"en-GB\"}]}<\/script>\n<!-- \/ Yoast SEO plugin. -->","yoast_head_json":{"title":"Lash Mirror - Kinnunen","robots":{"index":"noindex","follow":"follow","max-snippet":"max-snippet:-1","max-image-preview":"max-image-preview:large","max-video-preview":"max-video-preview:-1"},"og_locale":"en_GB","og_type":"article","og_title":"Lash Mirror - Kinnunen","og_description":"Lash Mirror \u2013 peilin avulla n\u00e4et asiakkaasi ripset t\u00e4ydellisesti liikkumatta ty\u00f6pisteelt\u00e4si. Taivutetun varren ja peilin muodon ansiosta voit tarkistaa asiakkaan ripsien asennon ja havaita pienemm\u00e4tkin raot helposti. T\u00e4m\u00e4n tehokkaan ty\u00f6v\u00e4lineen avulla parannat ty\u00f6skentely tarkkuutta sek\u00e4 k\u00e4sittelyaikaa, kun sinun ei en\u00e4\u00e4 tarvitse kiert\u00e4\u00e4 asiakkaan ymp\u00e4ri tarkistaaksesi ripsien asentoa tai tiheytt\u00e4. Nyt sinun tarvitsee vain vilkaista ripsien alapuolelle. Peilin muotoilu sek\u00e4 suuri koko antaa sinulle t\u00e4ydellisen n\u00e4kym\u00e4n ripsist\u00e4 yhdell\u00e4 silm\u00e4yksell\u00e4.","og_url":"https:\/\/kinnunen.kotisivut.co\/en\/product\/lash-mirror\/","og_site_name":"Kinnunen","article_modified_time":"2025-11-18T13:51:10+00:00","og_image":[{"width":520,"height":520,"url":"https:\/\/kinnunen.kotisivut.co\/wp-content\/uploads\/2023\/05\/NL5LM_lash_mirror_1.jpg","type":"image\/jpeg"}],"twitter_card":"summary_large_image","schema":{"@context":"https:\/\/schema.org","@graph":[{"@type":"WebPage","@id":"https:\/\/kinnunen.kotisivut.co\/tuote\/lash-mirror\/","url":"https:\/\/kinnunen.kotisivut.co\/tuote\/lash-mirror\/","name":"Lash Mirror - Kinnunen","isPartOf":{"@id":"https:\/\/kinnunen.kotisivut.co\/#website"},"primaryImageOfPage":{"@id":"https:\/\/kinnunen.kotisivut.co\/tuote\/lash-mirror\/#primaryimage"},"image":{"@id":"https:\/\/kinnunen.kotisivut.co\/tuote\/lash-mirror\/#primaryimage"},"thumbnailUrl":"https:\/\/kinnunen.kotisivut.co\/wp-content\/uploads\/2023\/05\/NL5LM_lash_mirror_1.jpg","datePublished":"2021-10-29T10:33:33+00:00","dateModified":"2025-11-18T13:51:10+00:00","breadcrumb":{"@id":"https:\/\/kinnunen.kotisivut.co\/tuote\/lash-mirror\/#breadcrumb"},"inLanguage":"en-GB","potentialAction":[{"@type":"ReadAction","target":["https:\/\/kinnunen.kotisivut.co\/tuote\/lash-mirror\/"]}]},{"@type":"ImageObject","inLanguage":"en-GB","@id":"https:\/\/kinnunen.kotisivut.co\/tuote\/lash-mirror\/#primaryimage","url":"https:\/\/kinnunen.kotisivut.co\/wp-content\/uploads\/2023\/05\/NL5LM_lash_mirror_1.jpg","contentUrl":"https:\/\/kinnunen.kotisivut.co\/wp-content\/uploads\/2023\/05\/NL5LM_lash_mirror_1.jpg","width":520,"height":520},{"@type":"BreadcrumbList","@id":"https:\/\/kinnunen.kotisivut.co\/tuote\/lash-mirror\/#breadcrumb","itemListElement":[{"@type":"ListItem","position":1,"name":"Etusivu","item":"https:\/\/kinnunen.kotisivut.co\/"},{"@type":"ListItem","position":2,"name":"Kaikki tuotteet","item":"https:\/\/kinnunen.kotisivut.co\/kauppa\/"},{"@type":"ListItem","position":3,"name":"Kauneudenhoito","item":"https:\/\/kinnunen.kotisivut.co\/tuote-osasto\/kauneudenhoito\/"},{"@type":"ListItem","position":4,"name":"Ripset ja kulmat","item":"https:\/\/kinnunen.kotisivut.co\/tuote-osasto\/kauneudenhoito\/ripset-ja-kulmat\/"},{"@type":"ListItem","position":5,"name":"Ty\u00f6v\u00e4lineet","item":"https:\/\/kinnunen.kotisivut.co\/tuote-osasto\/kauneudenhoito\/ripset-ja-kulmat\/tyovalineet\/"},{"@type":"ListItem","position":6,"name":"Lash Mirror"}]},{"@type":"WebSite","@id":"https:\/\/kinnunen.kotisivut.co\/#website","url":"https:\/\/kinnunen.kotisivut.co\/","name":"Kinnunen","description":"","potentialAction":[{"@type":"SearchAction","target":{"@type":"EntryPoint","urlTemplate":"https:\/\/kinnunen.kotisivut.co\/?s={search_term_string}"},"query-input":"required name=search_term_string"}],"inLanguage":"en-GB"}]}},"_links":{"self":[{"href":"https:\/\/kinnunen.kotisivut.co\/en\/wp-json\/wp\/v2\/product\/6052","targetHints":{"allow":["GET"]}}],"collection":[{"href":"https:\/\/kinnunen.kotisivut.co\/en\/wp-json\/wp\/v2\/product"}],"about":[{"href":"https:\/\/kinnunen.kotisivut.co\/en\/wp-json\/wp\/v2\/types\/product"}],"replies":[{"embeddable":true,"href":"https:\/\/kinnunen.kotisivut.co\/en\/wp-json\/wp\/v2\/comments?post=6052"}],"wp:featuredmedia":[{"embeddable":true,"href":"https:\/\/kinnunen.kotisivut.co\/en\/wp-json\/wp\/v2\/media\/34911"}],"wp:attachment":[{"href":"https:\/\/kinnunen.kotisivut.co\/en\/wp-json\/wp\/v2\/media?parent=6052"}],"wp:term":[{"taxonomy":"product_cat","embeddable":true,"href":"https:\/\/kinnunen.kotisivut.co\/en\/wp-json\/wp\/v2\/product_cat?post=6052"},{"taxonomy":"product_tag","embeddable":true,"href":"https:\/\/kinnunen.kotisivut.co\/en\/wp-json\/wp\/v2\/product_tag?post=6052"}],"curies":[{"name":"wp","href":"https:\/\/api.w.org\/{rel}","templated":true}]}}