

{"id":6049,"date":"2021-10-29T13:33:20","date_gmt":"2021-10-29T10:33:20","guid":{"rendered":"https:\/\/kinnunen.kotisivut.co-r.seravo.com\/tuote\/pro-lash-tool-monitoimityovaline\/"},"modified":"2025-12-10T13:24:25","modified_gmt":"2025-12-10T11:24:25","slug":"pro-lash-tool-monitoimityovaline","status":"publish","type":"product","link":"https:\/\/kinnunen.kotisivut.co\/en\/product\/pro-lash-tool-monitoimityovaline\/","title":{"rendered":"Pro Lash Tool - multifunctional tool"},"content":{"rendered":"<p>This versatile tool has been developed for use with all Nouveau Lashes techniques. The tip at one end is designed to separate lashes in lash extension techniques or to straighten an added lash before the glue dries. It is used in LVL Lash Lift to glue the lashes to the mould and for the application of materials. Either a mini brush or mini comb is attached to the other end, depending on the technique you are doing. Thanks to the interchangeable head, all operations can be carried out with one multi-tool and there is less waste.<\/p>","protected":false},"excerpt":{"rendered":"<p>This versatile tool has been developed for use with all Nouveau Lashes techniques. The spiky tip at one end separates and straightens the lashes and can be used to shape the lashes for LVL lash Lifts. At the other end, either a mini brush or mini comb is attached, depending on the technique you are doing.<\/p>","protected":false},"featured_media":34903,"comment_status":"closed","ping_status":"closed","template":"","meta":{"_relevanssi_hide_post":"","_relevanssi_pin_for_all":"","_relevanssi_pin_keywords":"","_relevanssi_unpin_keywords":"","_relevanssi_related_keywords":"","_relevanssi_related_include_ids":"","_relevanssi_related_exclude_ids":"","_relevanssi_related_no_append":"","_relevanssi_related_not_related":"","_relevanssi_related_posts":"","_relevanssi_noindex_reason":""},"product_cat":[1852,1859],"product_tag":[],"class_list":["post-6049","product","type-product","status-publish","has-post-thumbnail","hentry","product_cat-ripset-ja-kulmat","product_cat-tyovalineet","tuotemerkki-nouveau-lashes"],"tuotemerkit":[{"term_id":323,"name":"Nouveau Lashes","slug":"nouveau-lashes","term_group":0,"term_taxonomy_id":323,"taxonomy":"tuotemerkki","description":"","parent":0,"count":79,"filter":"raw"}],"acf":[],"yoast_head":"<!-- This site is optimized with the Yoast SEO plugin v23.3 - https:\/\/yoast.com\/wordpress\/plugins\/seo\/ -->\n<title>Pro Lash Tool -monitoimity\u00f6v\u00e4line - Kinnunen<\/title>\n<meta name=\"robots\" content=\"noindex, follow, max-snippet:-1, max-image-preview:large, max-video-preview:-1\" \/>\n<meta property=\"og:locale\" content=\"en_GB\" \/>\n<meta property=\"og:type\" content=\"article\" \/>\n<meta property=\"og:title\" content=\"Pro Lash Tool -monitoimity\u00f6v\u00e4line - Kinnunen\" \/>\n<meta property=\"og:description\" content=\"T\u00e4m\u00e4 monipuolinen ty\u00f6kalu on kehitetty k\u00e4ytett\u00e4v\u00e4ksi kaikissa Nouveau Lashes \u2013tekniikoissa. Toisessa p\u00e4\u00e4ss\u00e4 oleva piikkim\u00e4inen k\u00e4rki erottelee ja oikoo ripsi\u00e4 ja sen avulla voidaan muotoilla ripsien asettuvuutta LVL lash Lifteiss\u00e4. Toiseen p\u00e4\u00e4h\u00e4n kiinnitet\u00e4\u00e4n joko mini brush tai mini comb, riippuen tekniikasta mit\u00e4 ollaan tekem\u00e4ss\u00e4.\" \/>\n<meta property=\"og:url\" content=\"https:\/\/kinnunen.kotisivut.co\/en\/product\/pro-lash-tool-monitoimityovaline\/\" \/>\n<meta property=\"og:site_name\" content=\"Kinnunen\" \/>\n<meta property=\"article:modified_time\" content=\"2025-12-10T11:24:25+00:00\" \/>\n<meta property=\"og:image\" content=\"https:\/\/kinnunen.kotisivut.co\/wp-content\/uploads\/2023\/05\/NL3RMW25_pro_lash_tool.jpg\" \/>\n\t<meta property=\"og:image:width\" content=\"1040\" \/>\n\t<meta property=\"og:image:height\" content=\"1040\" \/>\n\t<meta property=\"og:image:type\" content=\"image\/jpeg\" \/>\n<meta name=\"twitter:card\" content=\"summary_large_image\" \/>\n<script type=\"application\/ld+json\" class=\"yoast-schema-graph\">{\"@context\":\"https:\/\/schema.org\",\"@graph\":[{\"@type\":\"WebPage\",\"@id\":\"https:\/\/kinnunen.kotisivut.co\/tuote\/pro-lash-tool-monitoimityovaline\/\",\"url\":\"https:\/\/kinnunen.kotisivut.co\/tuote\/pro-lash-tool-monitoimityovaline\/\",\"name\":\"Pro Lash Tool -monitoimity\u00f6v\u00e4line - Kinnunen\",\"isPartOf\":{\"@id\":\"https:\/\/kinnunen.kotisivut.co\/#website\"},\"primaryImageOfPage\":{\"@id\":\"https:\/\/kinnunen.kotisivut.co\/tuote\/pro-lash-tool-monitoimityovaline\/#primaryimage\"},\"image\":{\"@id\":\"https:\/\/kinnunen.kotisivut.co\/tuote\/pro-lash-tool-monitoimityovaline\/#primaryimage\"},\"thumbnailUrl\":\"https:\/\/kinnunen.kotisivut.co\/wp-content\/uploads\/2023\/05\/NL3RMW25_pro_lash_tool.jpg\",\"datePublished\":\"2021-10-29T10:33:20+00:00\",\"dateModified\":\"2025-12-10T11:24:25+00:00\",\"breadcrumb\":{\"@id\":\"https:\/\/kinnunen.kotisivut.co\/tuote\/pro-lash-tool-monitoimityovaline\/#breadcrumb\"},\"inLanguage\":\"en-GB\",\"potentialAction\":[{\"@type\":\"ReadAction\",\"target\":[\"https:\/\/kinnunen.kotisivut.co\/tuote\/pro-lash-tool-monitoimityovaline\/\"]}]},{\"@type\":\"ImageObject\",\"inLanguage\":\"en-GB\",\"@id\":\"https:\/\/kinnunen.kotisivut.co\/tuote\/pro-lash-tool-monitoimityovaline\/#primaryimage\",\"url\":\"https:\/\/kinnunen.kotisivut.co\/wp-content\/uploads\/2023\/05\/NL3RMW25_pro_lash_tool.jpg\",\"contentUrl\":\"https:\/\/kinnunen.kotisivut.co\/wp-content\/uploads\/2023\/05\/NL3RMW25_pro_lash_tool.jpg\",\"width\":1040,\"height\":1040},{\"@type\":\"BreadcrumbList\",\"@id\":\"https:\/\/kinnunen.kotisivut.co\/tuote\/pro-lash-tool-monitoimityovaline\/#breadcrumb\",\"itemListElement\":[{\"@type\":\"ListItem\",\"position\":1,\"name\":\"Etusivu\",\"item\":\"https:\/\/kinnunen.kotisivut.co\/\"},{\"@type\":\"ListItem\",\"position\":2,\"name\":\"Kaikki tuotteet\",\"item\":\"https:\/\/kinnunen.kotisivut.co\/kauppa\/\"},{\"@type\":\"ListItem\",\"position\":3,\"name\":\"Kauneudenhoito\",\"item\":\"https:\/\/kinnunen.kotisivut.co\/tuote-osasto\/kauneudenhoito\/\"},{\"@type\":\"ListItem\",\"position\":4,\"name\":\"Ripset ja kulmat\",\"item\":\"https:\/\/kinnunen.kotisivut.co\/tuote-osasto\/kauneudenhoito\/ripset-ja-kulmat\/\"},{\"@type\":\"ListItem\",\"position\":5,\"name\":\"Ty\u00f6v\u00e4lineet\",\"item\":\"https:\/\/kinnunen.kotisivut.co\/tuote-osasto\/kauneudenhoito\/ripset-ja-kulmat\/tyovalineet\/\"},{\"@type\":\"ListItem\",\"position\":6,\"name\":\"Pro Lash Tool -monitoimity\u00f6v\u00e4line\"}]},{\"@type\":\"WebSite\",\"@id\":\"https:\/\/kinnunen.kotisivut.co\/#website\",\"url\":\"https:\/\/kinnunen.kotisivut.co\/\",\"name\":\"Kinnunen\",\"description\":\"\",\"potentialAction\":[{\"@type\":\"SearchAction\",\"target\":{\"@type\":\"EntryPoint\",\"urlTemplate\":\"https:\/\/kinnunen.kotisivut.co\/?s={search_term_string}\"},\"query-input\":\"required name=search_term_string\"}],\"inLanguage\":\"en-GB\"}]}<\/script>\n<!-- \/ Yoast SEO plugin. -->","yoast_head_json":{"title":"Pro Lash Tool -monitoimity\u00f6v\u00e4line - Kinnunen","robots":{"index":"noindex","follow":"follow","max-snippet":"max-snippet:-1","max-image-preview":"max-image-preview:large","max-video-preview":"max-video-preview:-1"},"og_locale":"en_GB","og_type":"article","og_title":"Pro Lash Tool -monitoimity\u00f6v\u00e4line - Kinnunen","og_description":"T\u00e4m\u00e4 monipuolinen ty\u00f6kalu on kehitetty k\u00e4ytett\u00e4v\u00e4ksi kaikissa Nouveau Lashes \u2013tekniikoissa. Toisessa p\u00e4\u00e4ss\u00e4 oleva piikkim\u00e4inen k\u00e4rki erottelee ja oikoo ripsi\u00e4 ja sen avulla voidaan muotoilla ripsien asettuvuutta LVL lash Lifteiss\u00e4. Toiseen p\u00e4\u00e4h\u00e4n kiinnitet\u00e4\u00e4n joko mini brush tai mini comb, riippuen tekniikasta mit\u00e4 ollaan tekem\u00e4ss\u00e4.","og_url":"https:\/\/kinnunen.kotisivut.co\/en\/product\/pro-lash-tool-monitoimityovaline\/","og_site_name":"Kinnunen","article_modified_time":"2025-12-10T11:24:25+00:00","og_image":[{"width":1040,"height":1040,"url":"https:\/\/kinnunen.kotisivut.co\/wp-content\/uploads\/2023\/05\/NL3RMW25_pro_lash_tool.jpg","type":"image\/jpeg"}],"twitter_card":"summary_large_image","schema":{"@context":"https:\/\/schema.org","@graph":[{"@type":"WebPage","@id":"https:\/\/kinnunen.kotisivut.co\/tuote\/pro-lash-tool-monitoimityovaline\/","url":"https:\/\/kinnunen.kotisivut.co\/tuote\/pro-lash-tool-monitoimityovaline\/","name":"Pro Lash Tool -monitoimity\u00f6v\u00e4line - Kinnunen","isPartOf":{"@id":"https:\/\/kinnunen.kotisivut.co\/#website"},"primaryImageOfPage":{"@id":"https:\/\/kinnunen.kotisivut.co\/tuote\/pro-lash-tool-monitoimityovaline\/#primaryimage"},"image":{"@id":"https:\/\/kinnunen.kotisivut.co\/tuote\/pro-lash-tool-monitoimityovaline\/#primaryimage"},"thumbnailUrl":"https:\/\/kinnunen.kotisivut.co\/wp-content\/uploads\/2023\/05\/NL3RMW25_pro_lash_tool.jpg","datePublished":"2021-10-29T10:33:20+00:00","dateModified":"2025-12-10T11:24:25+00:00","breadcrumb":{"@id":"https:\/\/kinnunen.kotisivut.co\/tuote\/pro-lash-tool-monitoimityovaline\/#breadcrumb"},"inLanguage":"en-GB","potentialAction":[{"@type":"ReadAction","target":["https:\/\/kinnunen.kotisivut.co\/tuote\/pro-lash-tool-monitoimityovaline\/"]}]},{"@type":"ImageObject","inLanguage":"en-GB","@id":"https:\/\/kinnunen.kotisivut.co\/tuote\/pro-lash-tool-monitoimityovaline\/#primaryimage","url":"https:\/\/kinnunen.kotisivut.co\/wp-content\/uploads\/2023\/05\/NL3RMW25_pro_lash_tool.jpg","contentUrl":"https:\/\/kinnunen.kotisivut.co\/wp-content\/uploads\/2023\/05\/NL3RMW25_pro_lash_tool.jpg","width":1040,"height":1040},{"@type":"BreadcrumbList","@id":"https:\/\/kinnunen.kotisivut.co\/tuote\/pro-lash-tool-monitoimityovaline\/#breadcrumb","itemListElement":[{"@type":"ListItem","position":1,"name":"Etusivu","item":"https:\/\/kinnunen.kotisivut.co\/"},{"@type":"ListItem","position":2,"name":"Kaikki tuotteet","item":"https:\/\/kinnunen.kotisivut.co\/kauppa\/"},{"@type":"ListItem","position":3,"name":"Kauneudenhoito","item":"https:\/\/kinnunen.kotisivut.co\/tuote-osasto\/kauneudenhoito\/"},{"@type":"ListItem","position":4,"name":"Ripset ja kulmat","item":"https:\/\/kinnunen.kotisivut.co\/tuote-osasto\/kauneudenhoito\/ripset-ja-kulmat\/"},{"@type":"ListItem","position":5,"name":"Ty\u00f6v\u00e4lineet","item":"https:\/\/kinnunen.kotisivut.co\/tuote-osasto\/kauneudenhoito\/ripset-ja-kulmat\/tyovalineet\/"},{"@type":"ListItem","position":6,"name":"Pro Lash Tool -monitoimity\u00f6v\u00e4line"}]},{"@type":"WebSite","@id":"https:\/\/kinnunen.kotisivut.co\/#website","url":"https:\/\/kinnunen.kotisivut.co\/","name":"Kinnunen","description":"","potentialAction":[{"@type":"SearchAction","target":{"@type":"EntryPoint","urlTemplate":"https:\/\/kinnunen.kotisivut.co\/?s={search_term_string}"},"query-input":"required name=search_term_string"}],"inLanguage":"en-GB"}]}},"_links":{"self":[{"href":"https:\/\/kinnunen.kotisivut.co\/en\/wp-json\/wp\/v2\/product\/6049","targetHints":{"allow":["GET"]}}],"collection":[{"href":"https:\/\/kinnunen.kotisivut.co\/en\/wp-json\/wp\/v2\/product"}],"about":[{"href":"https:\/\/kinnunen.kotisivut.co\/en\/wp-json\/wp\/v2\/types\/product"}],"replies":[{"embeddable":true,"href":"https:\/\/kinnunen.kotisivut.co\/en\/wp-json\/wp\/v2\/comments?post=6049"}],"wp:featuredmedia":[{"embeddable":true,"href":"https:\/\/kinnunen.kotisivut.co\/en\/wp-json\/wp\/v2\/media\/34903"}],"wp:attachment":[{"href":"https:\/\/kinnunen.kotisivut.co\/en\/wp-json\/wp\/v2\/media?parent=6049"}],"wp:term":[{"taxonomy":"product_cat","embeddable":true,"href":"https:\/\/kinnunen.kotisivut.co\/en\/wp-json\/wp\/v2\/product_cat?post=6049"},{"taxonomy":"product_tag","embeddable":true,"href":"https:\/\/kinnunen.kotisivut.co\/en\/wp-json\/wp\/v2\/product_tag?post=6049"}],"curies":[{"name":"wp","href":"https:\/\/api.w.org\/{rel}","templated":true}]}}