

{"id":6031,"date":"2021-10-29T13:33:05","date_gmt":"2021-10-29T10:33:05","guid":{"rendered":"https:\/\/kinnunen.kotisivut.co-r.seravo.com\/tuote\/nl-under-eye-treatment-pads-alaripsien-suojalaput\/"},"modified":"2025-12-03T10:12:26","modified_gmt":"2025-12-03T08:12:26","slug":"nl-under-eye-treatment-pads-alaripsien-suojalaput","status":"publish","type":"product","link":"https:\/\/kinnunen.kotisivut.co\/en\/product\/nl-under-eye-treatment-pads-alaripsien-suojalaput\/","title":{"rendered":"NL Under Eye Treatment Pads for under eye lashes"},"content":{"rendered":"<p>Eyelash flaps that fit perfectly to protect the lower lashes for various eyelash treatments. The pads are 100% hypoallergenically tested and are suitable for even the most sensitive eyed clients. They adhere snugly to the skin and stay in place without slipping thanks to their new high-performance adhesive surface. Gel-free formula. The smaller size ensures a better fit, eliminating the need to cut the patches to fit the client. Ergonomic shape that closely follows the lower eyelid, effectively protecting the lower lips. Soft and comfortable texture that provides the best protection for all lash treatments. The soft surface of the lash guard also makes it easy to write on with a pencil (volume lash technique). Vegan friendly. Pack of 10 pairs.<\/p>","protected":false},"excerpt":{"rendered":"<p>Eyelash flaps that fit perfectly to protect the lower lashes for various eyelash treatments. The pads are 100% hypoallergenically tested and are suitable for even the most sensitive eyed clients. Gel-free formula. The smaller size ensures a better fit, eliminating the need to trim the flaps to fit the client. Soft, comfortable and thin, the lash guard provides the best protection for all lash treatments.Vegan friendly. Pack of 10 pairs.<\/p>","protected":false},"featured_media":34912,"comment_status":"closed","ping_status":"closed","template":"","meta":{"_relevanssi_hide_post":"","_relevanssi_pin_for_all":"","_relevanssi_pin_keywords":"","_relevanssi_unpin_keywords":"","_relevanssi_related_keywords":"","_relevanssi_related_include_ids":"","_relevanssi_related_exclude_ids":"","_relevanssi_related_no_append":"","_relevanssi_related_not_related":"","_relevanssi_related_posts":"","_relevanssi_noindex_reason":""},"product_cat":[1852,1856,1859],"product_tag":[],"class_list":["post-6031","product","type-product","status-publish","has-post-thumbnail","hentry","product_cat-ripset-ja-kulmat","product_cat-liimat-ja-puhdistus","product_cat-tyovalineet","pa_ominaisuudet-cruelty-free","pa_ominaisuudet-valmistettu-euroopassa","tuotemerkki-nouveau-lashes"],"tuotemerkit":[{"term_id":323,"name":"Nouveau Lashes","slug":"nouveau-lashes","term_group":0,"term_taxonomy_id":323,"taxonomy":"tuotemerkki","description":"","parent":0,"count":79,"filter":"raw"}],"acf":[],"yoast_head":"<!-- This site is optimized with the Yoast SEO plugin v23.3 - https:\/\/yoast.com\/wordpress\/plugins\/seo\/ -->\n<title>NL Under Eye Treatment Pads -alaripsien suojalaput - Kinnunen<\/title>\n<meta name=\"robots\" content=\"noindex, follow, max-snippet:-1, max-image-preview:large, max-video-preview:-1\" \/>\n<meta property=\"og:locale\" content=\"en_GB\" \/>\n<meta property=\"og:type\" content=\"article\" \/>\n<meta property=\"og:title\" content=\"NL Under Eye Treatment Pads -alaripsien suojalaput - Kinnunen\" \/>\n<meta property=\"og:description\" content=\"Silm\u00e4naluslaput jotka istuvat t\u00e4ydellisesti alaripsien suojaksi erilaisiin ripsik\u00e4sittelyihin. Suojalaput ovat 100% hypoallergeenisesti testatut ja ne sopivat my\u00f6s kaikkein herkk\u00e4silm\u00e4isimmille asiakkaille. Geelit\u00f6n koostumus. Pienempi koko takaa paremman istuvuuden, eik\u00e4 lappuja tarvitse en\u00e4\u00e4 leikata asiakkaalle sopiviksi. Pehme\u00e4 ja miellytt\u00e4v\u00e4 sek\u00e4 ohut suojalappu, joka antaa parhaan suojan kaikkiin ripsik\u00e4sittelyihin.Vegan friendly. Pakkauksessa 10 paria.\" \/>\n<meta property=\"og:url\" content=\"https:\/\/kinnunen.kotisivut.co\/en\/product\/nl-under-eye-treatment-pads-alaripsien-suojalaput\/\" \/>\n<meta property=\"og:site_name\" content=\"Kinnunen\" \/>\n<meta property=\"article:modified_time\" content=\"2025-12-03T08:12:26+00:00\" \/>\n<meta property=\"og:image\" content=\"https:\/\/kinnunen.kotisivut.co\/wp-content\/uploads\/2023\/05\/NL3UETP10_under_eye-_treatment_pads.jpg\" \/>\n\t<meta property=\"og:image:width\" content=\"520\" \/>\n\t<meta property=\"og:image:height\" content=\"520\" \/>\n\t<meta property=\"og:image:type\" content=\"image\/jpeg\" \/>\n<meta name=\"twitter:card\" content=\"summary_large_image\" \/>\n<script type=\"application\/ld+json\" class=\"yoast-schema-graph\">{\"@context\":\"https:\/\/schema.org\",\"@graph\":[{\"@type\":\"WebPage\",\"@id\":\"https:\/\/kinnunen.kotisivut.co\/tuote\/nl-under-eye-treatment-pads-alaripsien-suojalaput\/\",\"url\":\"https:\/\/kinnunen.kotisivut.co\/tuote\/nl-under-eye-treatment-pads-alaripsien-suojalaput\/\",\"name\":\"NL Under Eye Treatment Pads -alaripsien suojalaput - Kinnunen\",\"isPartOf\":{\"@id\":\"https:\/\/kinnunen.kotisivut.co\/#website\"},\"primaryImageOfPage\":{\"@id\":\"https:\/\/kinnunen.kotisivut.co\/tuote\/nl-under-eye-treatment-pads-alaripsien-suojalaput\/#primaryimage\"},\"image\":{\"@id\":\"https:\/\/kinnunen.kotisivut.co\/tuote\/nl-under-eye-treatment-pads-alaripsien-suojalaput\/#primaryimage\"},\"thumbnailUrl\":\"https:\/\/kinnunen.kotisivut.co\/wp-content\/uploads\/2023\/05\/NL3UETP10_under_eye-_treatment_pads.jpg\",\"datePublished\":\"2021-10-29T10:33:05+00:00\",\"dateModified\":\"2025-12-03T08:12:26+00:00\",\"breadcrumb\":{\"@id\":\"https:\/\/kinnunen.kotisivut.co\/tuote\/nl-under-eye-treatment-pads-alaripsien-suojalaput\/#breadcrumb\"},\"inLanguage\":\"en-GB\",\"potentialAction\":[{\"@type\":\"ReadAction\",\"target\":[\"https:\/\/kinnunen.kotisivut.co\/tuote\/nl-under-eye-treatment-pads-alaripsien-suojalaput\/\"]}]},{\"@type\":\"ImageObject\",\"inLanguage\":\"en-GB\",\"@id\":\"https:\/\/kinnunen.kotisivut.co\/tuote\/nl-under-eye-treatment-pads-alaripsien-suojalaput\/#primaryimage\",\"url\":\"https:\/\/kinnunen.kotisivut.co\/wp-content\/uploads\/2023\/05\/NL3UETP10_under_eye-_treatment_pads.jpg\",\"contentUrl\":\"https:\/\/kinnunen.kotisivut.co\/wp-content\/uploads\/2023\/05\/NL3UETP10_under_eye-_treatment_pads.jpg\",\"width\":520,\"height\":520},{\"@type\":\"BreadcrumbList\",\"@id\":\"https:\/\/kinnunen.kotisivut.co\/tuote\/nl-under-eye-treatment-pads-alaripsien-suojalaput\/#breadcrumb\",\"itemListElement\":[{\"@type\":\"ListItem\",\"position\":1,\"name\":\"Etusivu\",\"item\":\"https:\/\/kinnunen.kotisivut.co\/\"},{\"@type\":\"ListItem\",\"position\":2,\"name\":\"Kaikki tuotteet\",\"item\":\"https:\/\/kinnunen.kotisivut.co\/kauppa\/\"},{\"@type\":\"ListItem\",\"position\":3,\"name\":\"Kauneudenhoito\",\"item\":\"https:\/\/kinnunen.kotisivut.co\/tuote-osasto\/kauneudenhoito\/\"},{\"@type\":\"ListItem\",\"position\":4,\"name\":\"Ripset ja kulmat\",\"item\":\"https:\/\/kinnunen.kotisivut.co\/tuote-osasto\/kauneudenhoito\/ripset-ja-kulmat\/\"},{\"@type\":\"ListItem\",\"position\":5,\"name\":\"NL Under Eye Treatment Pads -alaripsien suojalaput\"}]},{\"@type\":\"WebSite\",\"@id\":\"https:\/\/kinnunen.kotisivut.co\/#website\",\"url\":\"https:\/\/kinnunen.kotisivut.co\/\",\"name\":\"Kinnunen\",\"description\":\"\",\"potentialAction\":[{\"@type\":\"SearchAction\",\"target\":{\"@type\":\"EntryPoint\",\"urlTemplate\":\"https:\/\/kinnunen.kotisivut.co\/?s={search_term_string}\"},\"query-input\":\"required name=search_term_string\"}],\"inLanguage\":\"en-GB\"}]}<\/script>\n<!-- \/ Yoast SEO plugin. -->","yoast_head_json":{"title":"NL Under Eye Treatment Pads -alaripsien suojalaput - Kinnunen","robots":{"index":"noindex","follow":"follow","max-snippet":"max-snippet:-1","max-image-preview":"max-image-preview:large","max-video-preview":"max-video-preview:-1"},"og_locale":"en_GB","og_type":"article","og_title":"NL Under Eye Treatment Pads -alaripsien suojalaput - Kinnunen","og_description":"Silm\u00e4naluslaput jotka istuvat t\u00e4ydellisesti alaripsien suojaksi erilaisiin ripsik\u00e4sittelyihin. Suojalaput ovat 100% hypoallergeenisesti testatut ja ne sopivat my\u00f6s kaikkein herkk\u00e4silm\u00e4isimmille asiakkaille. Geelit\u00f6n koostumus. Pienempi koko takaa paremman istuvuuden, eik\u00e4 lappuja tarvitse en\u00e4\u00e4 leikata asiakkaalle sopiviksi. Pehme\u00e4 ja miellytt\u00e4v\u00e4 sek\u00e4 ohut suojalappu, joka antaa parhaan suojan kaikkiin ripsik\u00e4sittelyihin.Vegan friendly. Pakkauksessa 10 paria.","og_url":"https:\/\/kinnunen.kotisivut.co\/en\/product\/nl-under-eye-treatment-pads-alaripsien-suojalaput\/","og_site_name":"Kinnunen","article_modified_time":"2025-12-03T08:12:26+00:00","og_image":[{"width":520,"height":520,"url":"https:\/\/kinnunen.kotisivut.co\/wp-content\/uploads\/2023\/05\/NL3UETP10_under_eye-_treatment_pads.jpg","type":"image\/jpeg"}],"twitter_card":"summary_large_image","schema":{"@context":"https:\/\/schema.org","@graph":[{"@type":"WebPage","@id":"https:\/\/kinnunen.kotisivut.co\/tuote\/nl-under-eye-treatment-pads-alaripsien-suojalaput\/","url":"https:\/\/kinnunen.kotisivut.co\/tuote\/nl-under-eye-treatment-pads-alaripsien-suojalaput\/","name":"NL Under Eye Treatment Pads -alaripsien suojalaput - Kinnunen","isPartOf":{"@id":"https:\/\/kinnunen.kotisivut.co\/#website"},"primaryImageOfPage":{"@id":"https:\/\/kinnunen.kotisivut.co\/tuote\/nl-under-eye-treatment-pads-alaripsien-suojalaput\/#primaryimage"},"image":{"@id":"https:\/\/kinnunen.kotisivut.co\/tuote\/nl-under-eye-treatment-pads-alaripsien-suojalaput\/#primaryimage"},"thumbnailUrl":"https:\/\/kinnunen.kotisivut.co\/wp-content\/uploads\/2023\/05\/NL3UETP10_under_eye-_treatment_pads.jpg","datePublished":"2021-10-29T10:33:05+00:00","dateModified":"2025-12-03T08:12:26+00:00","breadcrumb":{"@id":"https:\/\/kinnunen.kotisivut.co\/tuote\/nl-under-eye-treatment-pads-alaripsien-suojalaput\/#breadcrumb"},"inLanguage":"en-GB","potentialAction":[{"@type":"ReadAction","target":["https:\/\/kinnunen.kotisivut.co\/tuote\/nl-under-eye-treatment-pads-alaripsien-suojalaput\/"]}]},{"@type":"ImageObject","inLanguage":"en-GB","@id":"https:\/\/kinnunen.kotisivut.co\/tuote\/nl-under-eye-treatment-pads-alaripsien-suojalaput\/#primaryimage","url":"https:\/\/kinnunen.kotisivut.co\/wp-content\/uploads\/2023\/05\/NL3UETP10_under_eye-_treatment_pads.jpg","contentUrl":"https:\/\/kinnunen.kotisivut.co\/wp-content\/uploads\/2023\/05\/NL3UETP10_under_eye-_treatment_pads.jpg","width":520,"height":520},{"@type":"BreadcrumbList","@id":"https:\/\/kinnunen.kotisivut.co\/tuote\/nl-under-eye-treatment-pads-alaripsien-suojalaput\/#breadcrumb","itemListElement":[{"@type":"ListItem","position":1,"name":"Etusivu","item":"https:\/\/kinnunen.kotisivut.co\/"},{"@type":"ListItem","position":2,"name":"Kaikki tuotteet","item":"https:\/\/kinnunen.kotisivut.co\/kauppa\/"},{"@type":"ListItem","position":3,"name":"Kauneudenhoito","item":"https:\/\/kinnunen.kotisivut.co\/tuote-osasto\/kauneudenhoito\/"},{"@type":"ListItem","position":4,"name":"Ripset ja kulmat","item":"https:\/\/kinnunen.kotisivut.co\/tuote-osasto\/kauneudenhoito\/ripset-ja-kulmat\/"},{"@type":"ListItem","position":5,"name":"NL Under Eye Treatment Pads -alaripsien suojalaput"}]},{"@type":"WebSite","@id":"https:\/\/kinnunen.kotisivut.co\/#website","url":"https:\/\/kinnunen.kotisivut.co\/","name":"Kinnunen","description":"","potentialAction":[{"@type":"SearchAction","target":{"@type":"EntryPoint","urlTemplate":"https:\/\/kinnunen.kotisivut.co\/?s={search_term_string}"},"query-input":"required name=search_term_string"}],"inLanguage":"en-GB"}]}},"_links":{"self":[{"href":"https:\/\/kinnunen.kotisivut.co\/en\/wp-json\/wp\/v2\/product\/6031","targetHints":{"allow":["GET"]}}],"collection":[{"href":"https:\/\/kinnunen.kotisivut.co\/en\/wp-json\/wp\/v2\/product"}],"about":[{"href":"https:\/\/kinnunen.kotisivut.co\/en\/wp-json\/wp\/v2\/types\/product"}],"replies":[{"embeddable":true,"href":"https:\/\/kinnunen.kotisivut.co\/en\/wp-json\/wp\/v2\/comments?post=6031"}],"wp:featuredmedia":[{"embeddable":true,"href":"https:\/\/kinnunen.kotisivut.co\/en\/wp-json\/wp\/v2\/media\/34912"}],"wp:attachment":[{"href":"https:\/\/kinnunen.kotisivut.co\/en\/wp-json\/wp\/v2\/media?parent=6031"}],"wp:term":[{"taxonomy":"product_cat","embeddable":true,"href":"https:\/\/kinnunen.kotisivut.co\/en\/wp-json\/wp\/v2\/product_cat?post=6031"},{"taxonomy":"product_tag","embeddable":true,"href":"https:\/\/kinnunen.kotisivut.co\/en\/wp-json\/wp\/v2\/product_tag?post=6031"}],"curies":[{"name":"wp","href":"https:\/\/api.w.org\/{rel}","templated":true}]}}