

{"id":6014,"date":"2021-10-29T13:33:05","date_gmt":"2021-10-29T10:33:05","guid":{"rendered":"https:\/\/kinnunen.kotisivut.co-r.seravo.com\/tuote\/nauharipset-036\/"},"modified":"2025-12-12T15:56:53","modified_gmt":"2025-12-12T13:56:53","slug":"nauharipset-036","status":"publish","type":"product","link":"https:\/\/kinnunen.kotisivut.co\/en\/product\/nauharipset-036\/","title":{"rendered":"Ribbon rip set 036"},"content":{"rendered":"<p>4D strip lashes, where the lashes are in multiple layers, create a more natural and softer finish.In this model, all lashes are evenly spaced, creating a spectacular finish. The lashes have a more even lash pattern, giving a more dramatic look. The lashes can be reused several times. The package does not contain glue.<\/p>","protected":false},"excerpt":{"rendered":"<p>4D strip lashes, where the lashes are in multiple layers, create a more natural and softer finish.In this model, all lashes are evenly spaced, creating a spectacular finish. The lashes have a more even lash pattern, giving a more dramatic look. The lashes can be reused several times. The package does not contain glue.<\/p>","protected":false},"featured_media":14208,"comment_status":"closed","ping_status":"closed","template":"","meta":{"_relevanssi_hide_post":"","_relevanssi_pin_for_all":"","_relevanssi_pin_keywords":"","_relevanssi_unpin_keywords":"","_relevanssi_related_keywords":"","_relevanssi_related_include_ids":"","_relevanssi_related_exclude_ids":"","_relevanssi_related_no_append":"","_relevanssi_related_not_related":"","_relevanssi_related_posts":"","_relevanssi_noindex_reason":""},"product_cat":[1852,1959],"product_tag":[],"class_list":["post-6014","product","type-product","status-publish","has-post-thumbnail","hentry","product_cat-ripset-ja-kulmat","product_cat-nauharipset-ripsitupsut-ja-liimat-ripset-ja-kulmat"],"tuotemerkit":[],"acf":[],"yoast_head":"<!-- This site is optimized with the Yoast SEO plugin v23.3 - https:\/\/yoast.com\/wordpress\/plugins\/seo\/ -->\n<title>Nauharipset 036 - Kinnunen<\/title>\n<meta name=\"robots\" content=\"noindex, follow, max-snippet:-1, max-image-preview:large, max-video-preview:-1\" \/>\n<meta property=\"og:locale\" content=\"en_GB\" \/>\n<meta property=\"og:type\" content=\"article\" \/>\n<meta property=\"og:title\" content=\"Nauharipset 036 - Kinnunen\" \/>\n<meta property=\"og:description\" content=\"4D nauharipset, jossa ripset ovat useammassa tasossa, luo luonnollisemman ja pehme\u00e4mm\u00e4n lopputuloksen.T\u00e4ss\u00e4 mallissa kaikki ripset ovat tasapituiset, joka luo n\u00e4ytt\u00e4v\u00e4n lopputuloksen. Laadukas pehme\u00e4 kuitu. Ripsi\u00e4 voidaan k\u00e4ytt\u00e4\u00e4 useita kertoja uudelleen. Pakkaus ei sis\u00e4ll\u00e4 liimaa.\" \/>\n<meta property=\"og:url\" content=\"https:\/\/kinnunen.kotisivut.co\/en\/product\/nauharipset-036\/\" \/>\n<meta property=\"og:site_name\" content=\"Kinnunen\" \/>\n<meta property=\"article:modified_time\" content=\"2025-12-12T13:56:53+00:00\" \/>\n<meta property=\"og:image\" content=\"https:\/\/kinnunen.kotisivut.co\/wp-content\/uploads\/2021\/10\/awmr4d036.jpg\" \/>\n\t<meta property=\"og:image:width\" content=\"1000\" \/>\n\t<meta property=\"og:image:height\" content=\"1000\" \/>\n\t<meta property=\"og:image:type\" content=\"image\/jpeg\" \/>\n<meta name=\"twitter:card\" content=\"summary_large_image\" \/>\n<script type=\"application\/ld+json\" class=\"yoast-schema-graph\">{\"@context\":\"https:\/\/schema.org\",\"@graph\":[{\"@type\":\"WebPage\",\"@id\":\"https:\/\/kinnunen.kotisivut.co\/tuote\/nauharipset-036\/\",\"url\":\"https:\/\/kinnunen.kotisivut.co\/tuote\/nauharipset-036\/\",\"name\":\"Nauharipset 036 - Kinnunen\",\"isPartOf\":{\"@id\":\"https:\/\/kinnunen.kotisivut.co\/#website\"},\"primaryImageOfPage\":{\"@id\":\"https:\/\/kinnunen.kotisivut.co\/tuote\/nauharipset-036\/#primaryimage\"},\"image\":{\"@id\":\"https:\/\/kinnunen.kotisivut.co\/tuote\/nauharipset-036\/#primaryimage\"},\"thumbnailUrl\":\"https:\/\/kinnunen.kotisivut.co\/wp-content\/uploads\/2021\/10\/awmr4d036.jpg\",\"datePublished\":\"2021-10-29T10:33:05+00:00\",\"dateModified\":\"2025-12-12T13:56:53+00:00\",\"breadcrumb\":{\"@id\":\"https:\/\/kinnunen.kotisivut.co\/tuote\/nauharipset-036\/#breadcrumb\"},\"inLanguage\":\"en-GB\",\"potentialAction\":[{\"@type\":\"ReadAction\",\"target\":[\"https:\/\/kinnunen.kotisivut.co\/tuote\/nauharipset-036\/\"]}]},{\"@type\":\"ImageObject\",\"inLanguage\":\"en-GB\",\"@id\":\"https:\/\/kinnunen.kotisivut.co\/tuote\/nauharipset-036\/#primaryimage\",\"url\":\"https:\/\/kinnunen.kotisivut.co\/wp-content\/uploads\/2021\/10\/awmr4d036.jpg\",\"contentUrl\":\"https:\/\/kinnunen.kotisivut.co\/wp-content\/uploads\/2021\/10\/awmr4d036.jpg\",\"width\":1000,\"height\":1000},{\"@type\":\"BreadcrumbList\",\"@id\":\"https:\/\/kinnunen.kotisivut.co\/tuote\/nauharipset-036\/#breadcrumb\",\"itemListElement\":[{\"@type\":\"ListItem\",\"position\":1,\"name\":\"Etusivu\",\"item\":\"https:\/\/kinnunen.kotisivut.co\/\"},{\"@type\":\"ListItem\",\"position\":2,\"name\":\"Kaikki tuotteet\",\"item\":\"https:\/\/kinnunen.kotisivut.co\/kauppa\/\"},{\"@type\":\"ListItem\",\"position\":3,\"name\":\"Kauneudenhoito\",\"item\":\"https:\/\/kinnunen.kotisivut.co\/tuote-osasto\/kauneudenhoito\/\"},{\"@type\":\"ListItem\",\"position\":4,\"name\":\"Ripset ja kulmat\",\"item\":\"https:\/\/kinnunen.kotisivut.co\/tuote-osasto\/kauneudenhoito\/ripset-ja-kulmat\/\"},{\"@type\":\"ListItem\",\"position\":5,\"name\":\"Nauharipset 036\"}]},{\"@type\":\"WebSite\",\"@id\":\"https:\/\/kinnunen.kotisivut.co\/#website\",\"url\":\"https:\/\/kinnunen.kotisivut.co\/\",\"name\":\"Kinnunen\",\"description\":\"\",\"potentialAction\":[{\"@type\":\"SearchAction\",\"target\":{\"@type\":\"EntryPoint\",\"urlTemplate\":\"https:\/\/kinnunen.kotisivut.co\/?s={search_term_string}\"},\"query-input\":\"required name=search_term_string\"}],\"inLanguage\":\"en-GB\"}]}<\/script>\n<!-- \/ Yoast SEO plugin. -->","yoast_head_json":{"title":"Nauharipset 036 - Kinnunen","robots":{"index":"noindex","follow":"follow","max-snippet":"max-snippet:-1","max-image-preview":"max-image-preview:large","max-video-preview":"max-video-preview:-1"},"og_locale":"en_GB","og_type":"article","og_title":"Nauharipset 036 - Kinnunen","og_description":"4D nauharipset, jossa ripset ovat useammassa tasossa, luo luonnollisemman ja pehme\u00e4mm\u00e4n lopputuloksen.T\u00e4ss\u00e4 mallissa kaikki ripset ovat tasapituiset, joka luo n\u00e4ytt\u00e4v\u00e4n lopputuloksen. Laadukas pehme\u00e4 kuitu. Ripsi\u00e4 voidaan k\u00e4ytt\u00e4\u00e4 useita kertoja uudelleen. Pakkaus ei sis\u00e4ll\u00e4 liimaa.","og_url":"https:\/\/kinnunen.kotisivut.co\/en\/product\/nauharipset-036\/","og_site_name":"Kinnunen","article_modified_time":"2025-12-12T13:56:53+00:00","og_image":[{"width":1000,"height":1000,"url":"https:\/\/kinnunen.kotisivut.co\/wp-content\/uploads\/2021\/10\/awmr4d036.jpg","type":"image\/jpeg"}],"twitter_card":"summary_large_image","schema":{"@context":"https:\/\/schema.org","@graph":[{"@type":"WebPage","@id":"https:\/\/kinnunen.kotisivut.co\/tuote\/nauharipset-036\/","url":"https:\/\/kinnunen.kotisivut.co\/tuote\/nauharipset-036\/","name":"Nauharipset 036 - Kinnunen","isPartOf":{"@id":"https:\/\/kinnunen.kotisivut.co\/#website"},"primaryImageOfPage":{"@id":"https:\/\/kinnunen.kotisivut.co\/tuote\/nauharipset-036\/#primaryimage"},"image":{"@id":"https:\/\/kinnunen.kotisivut.co\/tuote\/nauharipset-036\/#primaryimage"},"thumbnailUrl":"https:\/\/kinnunen.kotisivut.co\/wp-content\/uploads\/2021\/10\/awmr4d036.jpg","datePublished":"2021-10-29T10:33:05+00:00","dateModified":"2025-12-12T13:56:53+00:00","breadcrumb":{"@id":"https:\/\/kinnunen.kotisivut.co\/tuote\/nauharipset-036\/#breadcrumb"},"inLanguage":"en-GB","potentialAction":[{"@type":"ReadAction","target":["https:\/\/kinnunen.kotisivut.co\/tuote\/nauharipset-036\/"]}]},{"@type":"ImageObject","inLanguage":"en-GB","@id":"https:\/\/kinnunen.kotisivut.co\/tuote\/nauharipset-036\/#primaryimage","url":"https:\/\/kinnunen.kotisivut.co\/wp-content\/uploads\/2021\/10\/awmr4d036.jpg","contentUrl":"https:\/\/kinnunen.kotisivut.co\/wp-content\/uploads\/2021\/10\/awmr4d036.jpg","width":1000,"height":1000},{"@type":"BreadcrumbList","@id":"https:\/\/kinnunen.kotisivut.co\/tuote\/nauharipset-036\/#breadcrumb","itemListElement":[{"@type":"ListItem","position":1,"name":"Etusivu","item":"https:\/\/kinnunen.kotisivut.co\/"},{"@type":"ListItem","position":2,"name":"Kaikki tuotteet","item":"https:\/\/kinnunen.kotisivut.co\/kauppa\/"},{"@type":"ListItem","position":3,"name":"Kauneudenhoito","item":"https:\/\/kinnunen.kotisivut.co\/tuote-osasto\/kauneudenhoito\/"},{"@type":"ListItem","position":4,"name":"Ripset ja kulmat","item":"https:\/\/kinnunen.kotisivut.co\/tuote-osasto\/kauneudenhoito\/ripset-ja-kulmat\/"},{"@type":"ListItem","position":5,"name":"Nauharipset 036"}]},{"@type":"WebSite","@id":"https:\/\/kinnunen.kotisivut.co\/#website","url":"https:\/\/kinnunen.kotisivut.co\/","name":"Kinnunen","description":"","potentialAction":[{"@type":"SearchAction","target":{"@type":"EntryPoint","urlTemplate":"https:\/\/kinnunen.kotisivut.co\/?s={search_term_string}"},"query-input":"required name=search_term_string"}],"inLanguage":"en-GB"}]}},"_links":{"self":[{"href":"https:\/\/kinnunen.kotisivut.co\/en\/wp-json\/wp\/v2\/product\/6014","targetHints":{"allow":["GET"]}}],"collection":[{"href":"https:\/\/kinnunen.kotisivut.co\/en\/wp-json\/wp\/v2\/product"}],"about":[{"href":"https:\/\/kinnunen.kotisivut.co\/en\/wp-json\/wp\/v2\/types\/product"}],"replies":[{"embeddable":true,"href":"https:\/\/kinnunen.kotisivut.co\/en\/wp-json\/wp\/v2\/comments?post=6014"}],"wp:featuredmedia":[{"embeddable":true,"href":"https:\/\/kinnunen.kotisivut.co\/en\/wp-json\/wp\/v2\/media\/14208"}],"wp:attachment":[{"href":"https:\/\/kinnunen.kotisivut.co\/en\/wp-json\/wp\/v2\/media?parent=6014"}],"wp:term":[{"taxonomy":"product_cat","embeddable":true,"href":"https:\/\/kinnunen.kotisivut.co\/en\/wp-json\/wp\/v2\/product_cat?post=6014"},{"taxonomy":"product_tag","embeddable":true,"href":"https:\/\/kinnunen.kotisivut.co\/en\/wp-json\/wp\/v2\/product_tag?post=6014"}],"curies":[{"name":"wp","href":"https:\/\/api.w.org\/{rel}","templated":true}]}}