

{"id":5935,"date":"2021-10-29T13:31:39","date_gmt":"2021-10-29T10:31:39","guid":{"rendered":"https:\/\/kinnunen.kotisivut.co\/tuote\/santiago-relax\/"},"modified":"2024-05-29T18:16:53","modified_gmt":"2024-05-29T15:16:53","slug":"santiago-relax","status":"publish","type":"product","link":"https:\/\/kinnunen.kotisivut.co\/en\/product\/santiago-relax\/","title":{"rendered":"Santiago Relax"},"content":{"rendered":"<p>A comfortable and spacious washbasin equipped with an electronic footrest and a tilting basin.You can choose the colour of the washbasin from a wide range of patterns. Height 95 cm, width 72,5 cm and depth 124,5-153,5 cm. The product is made to order in Italy. Delivery time: 5 - 8 weeks.<\/p>\n<p>Available accessories:<\/p>\n<ul>\n<li>Thermostatic mixer<\/li>\n<li>Soft Touch neck support<\/li>\n<li>Special year<\/li>\n<\/ul>","protected":false},"excerpt":{"rendered":"<p>Stylish wash area with motorised footrest and deep tipping basin.<\/p>","protected":false},"featured_media":14115,"comment_status":"closed","ping_status":"closed","template":"","meta":{"_relevanssi_hide_post":"","_relevanssi_pin_for_all":"","_relevanssi_pin_keywords":"","_relevanssi_unpin_keywords":"","_relevanssi_related_keywords":"","_relevanssi_related_include_ids":"","_relevanssi_related_exclude_ids":"","_relevanssi_related_no_append":"","_relevanssi_related_not_related":"","_relevanssi_related_posts":"","_relevanssi_noindex_reason":""},"product_cat":[1838,1840],"product_tag":[],"class_list":["post-5935","product","type-product","status-publish","has-post-thumbnail","hentry","product_cat-kalusteet","product_cat-pesupaikat","pa_ominaisuudet-valmistettu-euroopassa","tuotemerkki-agv-extremeline"],"tuotemerkit":[{"term_id":306,"name":"AGV Extremeline","slug":"agv-extremeline","term_group":0,"term_taxonomy_id":306,"taxonomy":"tuotemerkki","description":"","parent":0,"count":30,"filter":"raw"}],"acf":[],"yoast_head":"<!-- This site is optimized with the Yoast SEO plugin v23.3 - https:\/\/yoast.com\/wordpress\/plugins\/seo\/ -->\n<title>Santiago Relax - Kinnunen<\/title>\n<meta name=\"robots\" content=\"noindex, follow, max-snippet:-1, max-image-preview:large, max-video-preview:-1\" \/>\n<meta property=\"og:locale\" content=\"en_GB\" \/>\n<meta property=\"og:type\" content=\"article\" \/>\n<meta property=\"og:title\" content=\"Santiago Relax - Kinnunen\" \/>\n<meta property=\"og:description\" content=\"Tyylik\u00e4s pesupaikka motorisoidulla jalkatuella sek\u00e4 syv\u00e4ll\u00e4 kallistuvalla altaalla.\" \/>\n<meta property=\"og:url\" content=\"https:\/\/kinnunen.kotisivut.co\/en\/product\/santiago-relax\/\" \/>\n<meta property=\"og:site_name\" content=\"Kinnunen\" \/>\n<meta property=\"article:modified_time\" content=\"2024-05-29T15:16:53+00:00\" \/>\n<meta property=\"og:image\" content=\"https:\/\/kinnunen.kotisivut.co\/wp-content\/uploads\/2021\/10\/AGV_Santiago_relax.jpg\" \/>\n\t<meta property=\"og:image:width\" content=\"1000\" \/>\n\t<meta property=\"og:image:height\" content=\"1000\" \/>\n\t<meta property=\"og:image:type\" content=\"image\/jpeg\" \/>\n<meta name=\"twitter:card\" content=\"summary_large_image\" \/>\n<meta name=\"twitter:label1\" content=\"Estimated reading time\" \/>\n\t<meta name=\"twitter:data1\" content=\"1 minute\" \/>\n<script type=\"application\/ld+json\" class=\"yoast-schema-graph\">{\"@context\":\"https:\/\/schema.org\",\"@graph\":[{\"@type\":\"WebPage\",\"@id\":\"https:\/\/kinnunen.kotisivut.co\/tuote\/santiago-relax\/\",\"url\":\"https:\/\/kinnunen.kotisivut.co\/tuote\/santiago-relax\/\",\"name\":\"Santiago Relax - Kinnunen\",\"isPartOf\":{\"@id\":\"https:\/\/kinnunen.kotisivut.co\/#website\"},\"primaryImageOfPage\":{\"@id\":\"https:\/\/kinnunen.kotisivut.co\/tuote\/santiago-relax\/#primaryimage\"},\"image\":{\"@id\":\"https:\/\/kinnunen.kotisivut.co\/tuote\/santiago-relax\/#primaryimage\"},\"thumbnailUrl\":\"https:\/\/kinnunen.kotisivut.co\/wp-content\/uploads\/2021\/10\/AGV_Santiago_relax.jpg\",\"datePublished\":\"2021-10-29T10:31:39+00:00\",\"dateModified\":\"2024-05-29T15:16:53+00:00\",\"breadcrumb\":{\"@id\":\"https:\/\/kinnunen.kotisivut.co\/tuote\/santiago-relax\/#breadcrumb\"},\"inLanguage\":\"en-GB\",\"potentialAction\":[{\"@type\":\"ReadAction\",\"target\":[\"https:\/\/kinnunen.kotisivut.co\/tuote\/santiago-relax\/\"]}]},{\"@type\":\"ImageObject\",\"inLanguage\":\"en-GB\",\"@id\":\"https:\/\/kinnunen.kotisivut.co\/tuote\/santiago-relax\/#primaryimage\",\"url\":\"https:\/\/kinnunen.kotisivut.co\/wp-content\/uploads\/2021\/10\/AGV_Santiago_relax.jpg\",\"contentUrl\":\"https:\/\/kinnunen.kotisivut.co\/wp-content\/uploads\/2021\/10\/AGV_Santiago_relax.jpg\",\"width\":1000,\"height\":1000},{\"@type\":\"BreadcrumbList\",\"@id\":\"https:\/\/kinnunen.kotisivut.co\/tuote\/santiago-relax\/#breadcrumb\",\"itemListElement\":[{\"@type\":\"ListItem\",\"position\":1,\"name\":\"Etusivu\",\"item\":\"https:\/\/kinnunen.kotisivut.co\/\"},{\"@type\":\"ListItem\",\"position\":2,\"name\":\"Kaikki tuotteet\",\"item\":\"https:\/\/kinnunen.kotisivut.co\/kauppa\/\"},{\"@type\":\"ListItem\",\"position\":3,\"name\":\"Kalusteet\",\"item\":\"https:\/\/kinnunen.kotisivut.co\/tuote-osasto\/kalusteet\/\"},{\"@type\":\"ListItem\",\"position\":4,\"name\":\"Pesupaikat\",\"item\":\"https:\/\/kinnunen.kotisivut.co\/tuote-osasto\/kalusteet\/pesupaikat\/\"},{\"@type\":\"ListItem\",\"position\":5,\"name\":\"Santiago Relax\"}]},{\"@type\":\"WebSite\",\"@id\":\"https:\/\/kinnunen.kotisivut.co\/#website\",\"url\":\"https:\/\/kinnunen.kotisivut.co\/\",\"name\":\"Kinnunen\",\"description\":\"\",\"potentialAction\":[{\"@type\":\"SearchAction\",\"target\":{\"@type\":\"EntryPoint\",\"urlTemplate\":\"https:\/\/kinnunen.kotisivut.co\/?s={search_term_string}\"},\"query-input\":\"required name=search_term_string\"}],\"inLanguage\":\"en-GB\"}]}<\/script>\n<!-- \/ Yoast SEO plugin. -->","yoast_head_json":{"title":"Santiago Relax - Kinnunen","robots":{"index":"noindex","follow":"follow","max-snippet":"max-snippet:-1","max-image-preview":"max-image-preview:large","max-video-preview":"max-video-preview:-1"},"og_locale":"en_GB","og_type":"article","og_title":"Santiago Relax - Kinnunen","og_description":"Tyylik\u00e4s pesupaikka motorisoidulla jalkatuella sek\u00e4 syv\u00e4ll\u00e4 kallistuvalla altaalla.","og_url":"https:\/\/kinnunen.kotisivut.co\/en\/product\/santiago-relax\/","og_site_name":"Kinnunen","article_modified_time":"2024-05-29T15:16:53+00:00","og_image":[{"width":1000,"height":1000,"url":"https:\/\/kinnunen.kotisivut.co\/wp-content\/uploads\/2021\/10\/AGV_Santiago_relax.jpg","type":"image\/jpeg"}],"twitter_card":"summary_large_image","twitter_misc":{"Estimated reading time":"1 minute"},"schema":{"@context":"https:\/\/schema.org","@graph":[{"@type":"WebPage","@id":"https:\/\/kinnunen.kotisivut.co\/tuote\/santiago-relax\/","url":"https:\/\/kinnunen.kotisivut.co\/tuote\/santiago-relax\/","name":"Santiago Relax - Kinnunen","isPartOf":{"@id":"https:\/\/kinnunen.kotisivut.co\/#website"},"primaryImageOfPage":{"@id":"https:\/\/kinnunen.kotisivut.co\/tuote\/santiago-relax\/#primaryimage"},"image":{"@id":"https:\/\/kinnunen.kotisivut.co\/tuote\/santiago-relax\/#primaryimage"},"thumbnailUrl":"https:\/\/kinnunen.kotisivut.co\/wp-content\/uploads\/2021\/10\/AGV_Santiago_relax.jpg","datePublished":"2021-10-29T10:31:39+00:00","dateModified":"2024-05-29T15:16:53+00:00","breadcrumb":{"@id":"https:\/\/kinnunen.kotisivut.co\/tuote\/santiago-relax\/#breadcrumb"},"inLanguage":"en-GB","potentialAction":[{"@type":"ReadAction","target":["https:\/\/kinnunen.kotisivut.co\/tuote\/santiago-relax\/"]}]},{"@type":"ImageObject","inLanguage":"en-GB","@id":"https:\/\/kinnunen.kotisivut.co\/tuote\/santiago-relax\/#primaryimage","url":"https:\/\/kinnunen.kotisivut.co\/wp-content\/uploads\/2021\/10\/AGV_Santiago_relax.jpg","contentUrl":"https:\/\/kinnunen.kotisivut.co\/wp-content\/uploads\/2021\/10\/AGV_Santiago_relax.jpg","width":1000,"height":1000},{"@type":"BreadcrumbList","@id":"https:\/\/kinnunen.kotisivut.co\/tuote\/santiago-relax\/#breadcrumb","itemListElement":[{"@type":"ListItem","position":1,"name":"Etusivu","item":"https:\/\/kinnunen.kotisivut.co\/"},{"@type":"ListItem","position":2,"name":"Kaikki tuotteet","item":"https:\/\/kinnunen.kotisivut.co\/kauppa\/"},{"@type":"ListItem","position":3,"name":"Kalusteet","item":"https:\/\/kinnunen.kotisivut.co\/tuote-osasto\/kalusteet\/"},{"@type":"ListItem","position":4,"name":"Pesupaikat","item":"https:\/\/kinnunen.kotisivut.co\/tuote-osasto\/kalusteet\/pesupaikat\/"},{"@type":"ListItem","position":5,"name":"Santiago Relax"}]},{"@type":"WebSite","@id":"https:\/\/kinnunen.kotisivut.co\/#website","url":"https:\/\/kinnunen.kotisivut.co\/","name":"Kinnunen","description":"","potentialAction":[{"@type":"SearchAction","target":{"@type":"EntryPoint","urlTemplate":"https:\/\/kinnunen.kotisivut.co\/?s={search_term_string}"},"query-input":"required name=search_term_string"}],"inLanguage":"en-GB"}]}},"_links":{"self":[{"href":"https:\/\/kinnunen.kotisivut.co\/en\/wp-json\/wp\/v2\/product\/5935","targetHints":{"allow":["GET"]}}],"collection":[{"href":"https:\/\/kinnunen.kotisivut.co\/en\/wp-json\/wp\/v2\/product"}],"about":[{"href":"https:\/\/kinnunen.kotisivut.co\/en\/wp-json\/wp\/v2\/types\/product"}],"replies":[{"embeddable":true,"href":"https:\/\/kinnunen.kotisivut.co\/en\/wp-json\/wp\/v2\/comments?post=5935"}],"wp:featuredmedia":[{"embeddable":true,"href":"https:\/\/kinnunen.kotisivut.co\/en\/wp-json\/wp\/v2\/media\/14115"}],"wp:attachment":[{"href":"https:\/\/kinnunen.kotisivut.co\/en\/wp-json\/wp\/v2\/media?parent=5935"}],"wp:term":[{"taxonomy":"product_cat","embeddable":true,"href":"https:\/\/kinnunen.kotisivut.co\/en\/wp-json\/wp\/v2\/product_cat?post=5935"},{"taxonomy":"product_tag","embeddable":true,"href":"https:\/\/kinnunen.kotisivut.co\/en\/wp-json\/wp\/v2\/product_tag?post=5935"}],"curies":[{"name":"wp","href":"https:\/\/api.w.org\/{rel}","templated":true}]}}