

{"id":5902,"date":"2021-10-29T13:31:00","date_gmt":"2021-10-29T10:31:00","guid":{"rendered":"https:\/\/kinnunen.kotisivut.co\/tuote\/mr-paul-pesupaikka\/"},"modified":"2024-05-29T18:23:03","modified_gmt":"2024-05-29T15:23:03","slug":"mr-paul-pesupaikka","status":"publish","type":"product","link":"https:\/\/kinnunen.kotisivut.co\/en\/product\/mr-paul-pesupaikka\/","title":{"rendered":"Mr Paul laundry and yacht charter"},"content":{"rendered":"<p>A stylish metal-framed washbasin with a white tilting basin and metal handles as standard. The handles are available with optional padding in the same pattern as the seat. In addition, for an extra charge, you can choose a black basin for this model.  The washing area is 92 cm high, 120 cm deep and 58 cm wide. The product is made to measure in Italy.<\/p>\n<p>You can also order this product without money.<\/p>","protected":false},"excerpt":{"rendered":"<p>A stylish metal-framed washbasin with a white tilting basin and metal handles as standard. The washbasin is 92 cm high, 120 cm deep and 58 cm wide.<\/p>","protected":false},"featured_media":14933,"comment_status":"closed","ping_status":"closed","template":"","meta":{"_relevanssi_hide_post":"","_relevanssi_pin_for_all":"","_relevanssi_pin_keywords":"","_relevanssi_unpin_keywords":"","_relevanssi_related_keywords":"","_relevanssi_related_include_ids":"","_relevanssi_related_exclude_ids":"","_relevanssi_related_no_append":"","_relevanssi_related_not_related":"","_relevanssi_related_posts":"","_relevanssi_noindex_reason":""},"product_cat":[1838,1840],"product_tag":[],"class_list":["post-5902","product","type-product","status-publish","has-post-thumbnail","hentry","product_cat-kalusteet","product_cat-pesupaikat","pa_ominaisuudet-valmistettu-euroopassa","tuotemerkki-pietranera"],"tuotemerkit":[{"term_id":282,"name":"Pietranera","slug":"pietranera","term_group":0,"term_taxonomy_id":282,"taxonomy":"tuotemerkki","description":"","parent":0,"count":39,"filter":"raw"}],"acf":[],"yoast_head":"<!-- This site is optimized with the Yoast SEO plugin v23.3 - https:\/\/yoast.com\/wordpress\/plugins\/seo\/ -->\n<title>Mr. Paul -pesupaikka ja rahi - Kinnunen<\/title>\n<meta name=\"robots\" content=\"noindex, follow, max-snippet:-1, max-image-preview:large, max-video-preview:-1\" \/>\n<meta property=\"og:locale\" content=\"en_GB\" \/>\n<meta property=\"og:type\" content=\"article\" \/>\n<meta property=\"og:title\" content=\"Mr. Paul -pesupaikka ja rahi - Kinnunen\" \/>\n<meta property=\"og:description\" content=\"Tyylik\u00e4s metallirunkoinen pesupaikka, joka vakiovarusteena on valkoinen kallistuva allas sek\u00e4 metalliset k\u00e4densijat. Pesupaikan korkeus 92 cm, syvyys 120 cm ja leveys 58 cm.\" \/>\n<meta property=\"og:url\" content=\"https:\/\/kinnunen.kotisivut.co\/en\/product\/mr-paul-pesupaikka\/\" \/>\n<meta property=\"og:site_name\" content=\"Kinnunen\" \/>\n<meta property=\"article:modified_time\" content=\"2024-05-29T15:23:03+00:00\" \/>\n<meta property=\"og:image\" content=\"https:\/\/kinnunen.kotisivut.co\/wp-content\/uploads\/2021\/10\/Pietranera_mrpaul.jpg\" \/>\n\t<meta property=\"og:image:width\" content=\"1000\" \/>\n\t<meta property=\"og:image:height\" content=\"1000\" \/>\n\t<meta property=\"og:image:type\" content=\"image\/jpeg\" \/>\n<meta name=\"twitter:card\" content=\"summary_large_image\" \/>\n<meta name=\"twitter:label1\" content=\"Estimated reading time\" \/>\n\t<meta name=\"twitter:data1\" content=\"1 minute\" \/>\n<script type=\"application\/ld+json\" class=\"yoast-schema-graph\">{\"@context\":\"https:\/\/schema.org\",\"@graph\":[{\"@type\":\"WebPage\",\"@id\":\"https:\/\/kinnunen.kotisivut.co\/tuote\/mr-paul-pesupaikka\/\",\"url\":\"https:\/\/kinnunen.kotisivut.co\/tuote\/mr-paul-pesupaikka\/\",\"name\":\"Mr. Paul -pesupaikka ja rahi - Kinnunen\",\"isPartOf\":{\"@id\":\"https:\/\/kinnunen.kotisivut.co\/#website\"},\"primaryImageOfPage\":{\"@id\":\"https:\/\/kinnunen.kotisivut.co\/tuote\/mr-paul-pesupaikka\/#primaryimage\"},\"image\":{\"@id\":\"https:\/\/kinnunen.kotisivut.co\/tuote\/mr-paul-pesupaikka\/#primaryimage\"},\"thumbnailUrl\":\"https:\/\/kinnunen.kotisivut.co\/wp-content\/uploads\/2021\/10\/Pietranera_mrpaul.jpg\",\"datePublished\":\"2021-10-29T10:31:00+00:00\",\"dateModified\":\"2024-05-29T15:23:03+00:00\",\"breadcrumb\":{\"@id\":\"https:\/\/kinnunen.kotisivut.co\/tuote\/mr-paul-pesupaikka\/#breadcrumb\"},\"inLanguage\":\"en-GB\",\"potentialAction\":[{\"@type\":\"ReadAction\",\"target\":[\"https:\/\/kinnunen.kotisivut.co\/tuote\/mr-paul-pesupaikka\/\"]}]},{\"@type\":\"ImageObject\",\"inLanguage\":\"en-GB\",\"@id\":\"https:\/\/kinnunen.kotisivut.co\/tuote\/mr-paul-pesupaikka\/#primaryimage\",\"url\":\"https:\/\/kinnunen.kotisivut.co\/wp-content\/uploads\/2021\/10\/Pietranera_mrpaul.jpg\",\"contentUrl\":\"https:\/\/kinnunen.kotisivut.co\/wp-content\/uploads\/2021\/10\/Pietranera_mrpaul.jpg\",\"width\":1000,\"height\":1000},{\"@type\":\"BreadcrumbList\",\"@id\":\"https:\/\/kinnunen.kotisivut.co\/tuote\/mr-paul-pesupaikka\/#breadcrumb\",\"itemListElement\":[{\"@type\":\"ListItem\",\"position\":1,\"name\":\"Etusivu\",\"item\":\"https:\/\/kinnunen.kotisivut.co\/\"},{\"@type\":\"ListItem\",\"position\":2,\"name\":\"Kaikki tuotteet\",\"item\":\"https:\/\/kinnunen.kotisivut.co\/kauppa\/\"},{\"@type\":\"ListItem\",\"position\":3,\"name\":\"Kalusteet\",\"item\":\"https:\/\/kinnunen.kotisivut.co\/tuote-osasto\/kalusteet\/\"},{\"@type\":\"ListItem\",\"position\":4,\"name\":\"Pesupaikat\",\"item\":\"https:\/\/kinnunen.kotisivut.co\/tuote-osasto\/kalusteet\/pesupaikat\/\"},{\"@type\":\"ListItem\",\"position\":5,\"name\":\"Mr. Paul -pesupaikka ja rahi\"}]},{\"@type\":\"WebSite\",\"@id\":\"https:\/\/kinnunen.kotisivut.co\/#website\",\"url\":\"https:\/\/kinnunen.kotisivut.co\/\",\"name\":\"Kinnunen\",\"description\":\"\",\"potentialAction\":[{\"@type\":\"SearchAction\",\"target\":{\"@type\":\"EntryPoint\",\"urlTemplate\":\"https:\/\/kinnunen.kotisivut.co\/?s={search_term_string}\"},\"query-input\":\"required name=search_term_string\"}],\"inLanguage\":\"en-GB\"}]}<\/script>\n<!-- \/ Yoast SEO plugin. -->","yoast_head_json":{"title":"Mr. Paul -pesupaikka ja rahi - Kinnunen","robots":{"index":"noindex","follow":"follow","max-snippet":"max-snippet:-1","max-image-preview":"max-image-preview:large","max-video-preview":"max-video-preview:-1"},"og_locale":"en_GB","og_type":"article","og_title":"Mr. Paul -pesupaikka ja rahi - Kinnunen","og_description":"Tyylik\u00e4s metallirunkoinen pesupaikka, joka vakiovarusteena on valkoinen kallistuva allas sek\u00e4 metalliset k\u00e4densijat. Pesupaikan korkeus 92 cm, syvyys 120 cm ja leveys 58 cm.","og_url":"https:\/\/kinnunen.kotisivut.co\/en\/product\/mr-paul-pesupaikka\/","og_site_name":"Kinnunen","article_modified_time":"2024-05-29T15:23:03+00:00","og_image":[{"width":1000,"height":1000,"url":"https:\/\/kinnunen.kotisivut.co\/wp-content\/uploads\/2021\/10\/Pietranera_mrpaul.jpg","type":"image\/jpeg"}],"twitter_card":"summary_large_image","twitter_misc":{"Estimated reading time":"1 minute"},"schema":{"@context":"https:\/\/schema.org","@graph":[{"@type":"WebPage","@id":"https:\/\/kinnunen.kotisivut.co\/tuote\/mr-paul-pesupaikka\/","url":"https:\/\/kinnunen.kotisivut.co\/tuote\/mr-paul-pesupaikka\/","name":"Mr. Paul -pesupaikka ja rahi - Kinnunen","isPartOf":{"@id":"https:\/\/kinnunen.kotisivut.co\/#website"},"primaryImageOfPage":{"@id":"https:\/\/kinnunen.kotisivut.co\/tuote\/mr-paul-pesupaikka\/#primaryimage"},"image":{"@id":"https:\/\/kinnunen.kotisivut.co\/tuote\/mr-paul-pesupaikka\/#primaryimage"},"thumbnailUrl":"https:\/\/kinnunen.kotisivut.co\/wp-content\/uploads\/2021\/10\/Pietranera_mrpaul.jpg","datePublished":"2021-10-29T10:31:00+00:00","dateModified":"2024-05-29T15:23:03+00:00","breadcrumb":{"@id":"https:\/\/kinnunen.kotisivut.co\/tuote\/mr-paul-pesupaikka\/#breadcrumb"},"inLanguage":"en-GB","potentialAction":[{"@type":"ReadAction","target":["https:\/\/kinnunen.kotisivut.co\/tuote\/mr-paul-pesupaikka\/"]}]},{"@type":"ImageObject","inLanguage":"en-GB","@id":"https:\/\/kinnunen.kotisivut.co\/tuote\/mr-paul-pesupaikka\/#primaryimage","url":"https:\/\/kinnunen.kotisivut.co\/wp-content\/uploads\/2021\/10\/Pietranera_mrpaul.jpg","contentUrl":"https:\/\/kinnunen.kotisivut.co\/wp-content\/uploads\/2021\/10\/Pietranera_mrpaul.jpg","width":1000,"height":1000},{"@type":"BreadcrumbList","@id":"https:\/\/kinnunen.kotisivut.co\/tuote\/mr-paul-pesupaikka\/#breadcrumb","itemListElement":[{"@type":"ListItem","position":1,"name":"Etusivu","item":"https:\/\/kinnunen.kotisivut.co\/"},{"@type":"ListItem","position":2,"name":"Kaikki tuotteet","item":"https:\/\/kinnunen.kotisivut.co\/kauppa\/"},{"@type":"ListItem","position":3,"name":"Kalusteet","item":"https:\/\/kinnunen.kotisivut.co\/tuote-osasto\/kalusteet\/"},{"@type":"ListItem","position":4,"name":"Pesupaikat","item":"https:\/\/kinnunen.kotisivut.co\/tuote-osasto\/kalusteet\/pesupaikat\/"},{"@type":"ListItem","position":5,"name":"Mr. Paul -pesupaikka ja rahi"}]},{"@type":"WebSite","@id":"https:\/\/kinnunen.kotisivut.co\/#website","url":"https:\/\/kinnunen.kotisivut.co\/","name":"Kinnunen","description":"","potentialAction":[{"@type":"SearchAction","target":{"@type":"EntryPoint","urlTemplate":"https:\/\/kinnunen.kotisivut.co\/?s={search_term_string}"},"query-input":"required name=search_term_string"}],"inLanguage":"en-GB"}]}},"_links":{"self":[{"href":"https:\/\/kinnunen.kotisivut.co\/en\/wp-json\/wp\/v2\/product\/5902","targetHints":{"allow":["GET"]}}],"collection":[{"href":"https:\/\/kinnunen.kotisivut.co\/en\/wp-json\/wp\/v2\/product"}],"about":[{"href":"https:\/\/kinnunen.kotisivut.co\/en\/wp-json\/wp\/v2\/types\/product"}],"replies":[{"embeddable":true,"href":"https:\/\/kinnunen.kotisivut.co\/en\/wp-json\/wp\/v2\/comments?post=5902"}],"wp:featuredmedia":[{"embeddable":true,"href":"https:\/\/kinnunen.kotisivut.co\/en\/wp-json\/wp\/v2\/media\/14933"}],"wp:attachment":[{"href":"https:\/\/kinnunen.kotisivut.co\/en\/wp-json\/wp\/v2\/media?parent=5902"}],"wp:term":[{"taxonomy":"product_cat","embeddable":true,"href":"https:\/\/kinnunen.kotisivut.co\/en\/wp-json\/wp\/v2\/product_cat?post=5902"},{"taxonomy":"product_tag","embeddable":true,"href":"https:\/\/kinnunen.kotisivut.co\/en\/wp-json\/wp\/v2\/product_tag?post=5902"}],"curies":[{"name":"wp","href":"https:\/\/api.w.org\/{rel}","templated":true}]}}