

{"id":5638,"date":"2021-10-29T13:27:25","date_gmt":"2021-10-29T10:27:25","guid":{"rendered":"https:\/\/kinnunen.kotisivut.co\/tuote\/y-s-park-338-leikkauskampa-valkoinen\/"},"modified":"2025-11-05T13:44:09","modified_gmt":"2025-11-05T11:44:09","slug":"y-s-park-338-leikkauskampa-valkoinen","status":"publish","type":"product","link":"https:\/\/kinnunen.kotisivut.co\/en\/product\/y-s-park-338-leikkauskampa-valkoinen\/","title":{"rendered":"Y.S.Park 338 Cutting comb, white"},"content":{"rendered":"<p>The YS 338 clipper is specially designed for cutting long hair. Its rounded tines reduce the tension in the section, allowing you to effortlessly achieve a natural finish. Thanks to the rounded spikes, the comb glides effortlessly through the hair and the ends of the spikes do not scratch the scalp. Its sectioning spike allows you to part your hair quickly and easily. The YS338 comb is made of a very high heat resistant material. The comb's 3D design ensures a firm grip throughout the cut. The perforation of the body is evenly spaced at centimetre intervals. These allow you and your customer to quickly determine the length to be cut, without any misunderstandings! The length of the comb is 185 mm.<\/p>","protected":false},"excerpt":{"rendered":"<p>YS 338 leikkauskampa on suunniteltu erityisesti pitkien hiusten leikkaamiseen. Sen py\u00f6ristetyt piikit v\u00e4hent\u00e4v\u00e4t osioon muodostuvaa j\u00e4nnitett\u00e4, jonka ansiosta hiuksiin syntyy&hellip;<\/p>","protected":false},"featured_media":15461,"comment_status":"closed","ping_status":"closed","template":"","meta":{"_relevanssi_hide_post":"","_relevanssi_pin_for_all":"","_relevanssi_pin_keywords":"","_relevanssi_unpin_keywords":"","_relevanssi_related_keywords":"","_relevanssi_related_include_ids":"","_relevanssi_related_exclude_ids":"","_relevanssi_related_no_append":"","_relevanssi_related_not_related":"","_relevanssi_related_posts":"","_relevanssi_noindex_reason":""},"product_cat":[1762,1790,1795],"product_tag":[],"class_list":["post-5638","product","type-product","status-publish","has-post-thumbnail","hentry","product_cat-tarvikkeet","product_cat-harjat-ja-kammat","product_cat-leikkauskamat","tuotemerkki-y-s-park"],"tuotemerkit":[{"term_id":193,"name":"Y.S.Park","slug":"y-s-park","term_group":0,"term_taxonomy_id":193,"taxonomy":"tuotemerkki","description":"","parent":0,"count":61,"filter":"raw"}],"acf":[],"yoast_head":"<!-- This site is optimized with the Yoast SEO plugin v23.3 - https:\/\/yoast.com\/wordpress\/plugins\/seo\/ -->\n<title>Y.S.Park 338 Leikkauskampa, valkoinen - Kinnunen<\/title>\n<meta name=\"robots\" content=\"noindex, follow, max-snippet:-1, max-image-preview:large, max-video-preview:-1\" \/>\n<meta property=\"og:locale\" content=\"en_GB\" \/>\n<meta property=\"og:type\" content=\"article\" \/>\n<meta property=\"og:title\" content=\"Y.S.Park 338 Leikkauskampa, valkoinen - Kinnunen\" \/>\n<meta property=\"og:description\" content=\"YS 338 leikkauskampa on suunniteltu erityisesti pitkien hiusten leikkaamiseen. Sen py\u00f6ristetyt piikit v\u00e4hent\u00e4v\u00e4t osioon muodostuvaa j\u00e4nnitett\u00e4, jonka ansiosta hiuksiin syntyy&hellip;\" \/>\n<meta property=\"og:url\" content=\"https:\/\/kinnunen.kotisivut.co\/en\/product\/y-s-park-338-leikkauskampa-valkoinen\/\" \/>\n<meta property=\"og:site_name\" content=\"Kinnunen\" \/>\n<meta property=\"article:modified_time\" content=\"2025-11-05T11:44:09+00:00\" \/>\n<meta property=\"og:image\" content=\"https:\/\/kinnunen.kotisivut.co\/wp-content\/uploads\/2021\/10\/ys338_white.jpg\" \/>\n\t<meta property=\"og:image:width\" content=\"1000\" \/>\n\t<meta property=\"og:image:height\" content=\"1000\" \/>\n\t<meta property=\"og:image:type\" content=\"image\/jpeg\" \/>\n<meta name=\"twitter:card\" content=\"summary_large_image\" \/>\n<script type=\"application\/ld+json\" class=\"yoast-schema-graph\">{\"@context\":\"https:\/\/schema.org\",\"@graph\":[{\"@type\":\"WebPage\",\"@id\":\"https:\/\/kinnunen.kotisivut.co\/tuote\/y-s-park-338-leikkauskampa-valkoinen\/\",\"url\":\"https:\/\/kinnunen.kotisivut.co\/tuote\/y-s-park-338-leikkauskampa-valkoinen\/\",\"name\":\"Y.S.Park 338 Leikkauskampa, valkoinen - Kinnunen\",\"isPartOf\":{\"@id\":\"https:\/\/kinnunen.kotisivut.co\/#website\"},\"primaryImageOfPage\":{\"@id\":\"https:\/\/kinnunen.kotisivut.co\/tuote\/y-s-park-338-leikkauskampa-valkoinen\/#primaryimage\"},\"image\":{\"@id\":\"https:\/\/kinnunen.kotisivut.co\/tuote\/y-s-park-338-leikkauskampa-valkoinen\/#primaryimage\"},\"thumbnailUrl\":\"https:\/\/kinnunen.kotisivut.co\/wp-content\/uploads\/2021\/10\/ys338_white.jpg\",\"datePublished\":\"2021-10-29T10:27:25+00:00\",\"dateModified\":\"2025-11-05T11:44:09+00:00\",\"breadcrumb\":{\"@id\":\"https:\/\/kinnunen.kotisivut.co\/tuote\/y-s-park-338-leikkauskampa-valkoinen\/#breadcrumb\"},\"inLanguage\":\"en-GB\",\"potentialAction\":[{\"@type\":\"ReadAction\",\"target\":[\"https:\/\/kinnunen.kotisivut.co\/tuote\/y-s-park-338-leikkauskampa-valkoinen\/\"]}]},{\"@type\":\"ImageObject\",\"inLanguage\":\"en-GB\",\"@id\":\"https:\/\/kinnunen.kotisivut.co\/tuote\/y-s-park-338-leikkauskampa-valkoinen\/#primaryimage\",\"url\":\"https:\/\/kinnunen.kotisivut.co\/wp-content\/uploads\/2021\/10\/ys338_white.jpg\",\"contentUrl\":\"https:\/\/kinnunen.kotisivut.co\/wp-content\/uploads\/2021\/10\/ys338_white.jpg\",\"width\":1000,\"height\":1000},{\"@type\":\"BreadcrumbList\",\"@id\":\"https:\/\/kinnunen.kotisivut.co\/tuote\/y-s-park-338-leikkauskampa-valkoinen\/#breadcrumb\",\"itemListElement\":[{\"@type\":\"ListItem\",\"position\":1,\"name\":\"Etusivu\",\"item\":\"https:\/\/kinnunen.kotisivut.co\/\"},{\"@type\":\"ListItem\",\"position\":2,\"name\":\"Kaikki tuotteet\",\"item\":\"https:\/\/kinnunen.kotisivut.co\/kauppa\/\"},{\"@type\":\"ListItem\",\"position\":3,\"name\":\"Tarvikkeet\",\"item\":\"https:\/\/kinnunen.kotisivut.co\/tuote-osasto\/tarvikkeet\/\"},{\"@type\":\"ListItem\",\"position\":4,\"name\":\"Harjat ja kammat\",\"item\":\"https:\/\/kinnunen.kotisivut.co\/tuote-osasto\/tarvikkeet\/harjat-ja-kammat\/\"},{\"@type\":\"ListItem\",\"position\":5,\"name\":\"Leikkauskammat\",\"item\":\"https:\/\/kinnunen.kotisivut.co\/tuote-osasto\/tarvikkeet\/harjat-ja-kammat\/leikkauskamat\/\"},{\"@type\":\"ListItem\",\"position\":6,\"name\":\"Y.S.Park 338 Leikkauskampa, valkoinen\"}]},{\"@type\":\"WebSite\",\"@id\":\"https:\/\/kinnunen.kotisivut.co\/#website\",\"url\":\"https:\/\/kinnunen.kotisivut.co\/\",\"name\":\"Kinnunen\",\"description\":\"\",\"potentialAction\":[{\"@type\":\"SearchAction\",\"target\":{\"@type\":\"EntryPoint\",\"urlTemplate\":\"https:\/\/kinnunen.kotisivut.co\/?s={search_term_string}\"},\"query-input\":\"required name=search_term_string\"}],\"inLanguage\":\"en-GB\"}]}<\/script>\n<!-- \/ Yoast SEO plugin. -->","yoast_head_json":{"title":"Y.S.Park 338 Leikkauskampa, valkoinen - Kinnunen","robots":{"index":"noindex","follow":"follow","max-snippet":"max-snippet:-1","max-image-preview":"max-image-preview:large","max-video-preview":"max-video-preview:-1"},"og_locale":"en_GB","og_type":"article","og_title":"Y.S.Park 338 Leikkauskampa, valkoinen - Kinnunen","og_description":"YS 338 leikkauskampa on suunniteltu erityisesti pitkien hiusten leikkaamiseen. Sen py\u00f6ristetyt piikit v\u00e4hent\u00e4v\u00e4t osioon muodostuvaa j\u00e4nnitett\u00e4, jonka ansiosta hiuksiin syntyy&hellip;","og_url":"https:\/\/kinnunen.kotisivut.co\/en\/product\/y-s-park-338-leikkauskampa-valkoinen\/","og_site_name":"Kinnunen","article_modified_time":"2025-11-05T11:44:09+00:00","og_image":[{"width":1000,"height":1000,"url":"https:\/\/kinnunen.kotisivut.co\/wp-content\/uploads\/2021\/10\/ys338_white.jpg","type":"image\/jpeg"}],"twitter_card":"summary_large_image","schema":{"@context":"https:\/\/schema.org","@graph":[{"@type":"WebPage","@id":"https:\/\/kinnunen.kotisivut.co\/tuote\/y-s-park-338-leikkauskampa-valkoinen\/","url":"https:\/\/kinnunen.kotisivut.co\/tuote\/y-s-park-338-leikkauskampa-valkoinen\/","name":"Y.S.Park 338 Leikkauskampa, valkoinen - Kinnunen","isPartOf":{"@id":"https:\/\/kinnunen.kotisivut.co\/#website"},"primaryImageOfPage":{"@id":"https:\/\/kinnunen.kotisivut.co\/tuote\/y-s-park-338-leikkauskampa-valkoinen\/#primaryimage"},"image":{"@id":"https:\/\/kinnunen.kotisivut.co\/tuote\/y-s-park-338-leikkauskampa-valkoinen\/#primaryimage"},"thumbnailUrl":"https:\/\/kinnunen.kotisivut.co\/wp-content\/uploads\/2021\/10\/ys338_white.jpg","datePublished":"2021-10-29T10:27:25+00:00","dateModified":"2025-11-05T11:44:09+00:00","breadcrumb":{"@id":"https:\/\/kinnunen.kotisivut.co\/tuote\/y-s-park-338-leikkauskampa-valkoinen\/#breadcrumb"},"inLanguage":"en-GB","potentialAction":[{"@type":"ReadAction","target":["https:\/\/kinnunen.kotisivut.co\/tuote\/y-s-park-338-leikkauskampa-valkoinen\/"]}]},{"@type":"ImageObject","inLanguage":"en-GB","@id":"https:\/\/kinnunen.kotisivut.co\/tuote\/y-s-park-338-leikkauskampa-valkoinen\/#primaryimage","url":"https:\/\/kinnunen.kotisivut.co\/wp-content\/uploads\/2021\/10\/ys338_white.jpg","contentUrl":"https:\/\/kinnunen.kotisivut.co\/wp-content\/uploads\/2021\/10\/ys338_white.jpg","width":1000,"height":1000},{"@type":"BreadcrumbList","@id":"https:\/\/kinnunen.kotisivut.co\/tuote\/y-s-park-338-leikkauskampa-valkoinen\/#breadcrumb","itemListElement":[{"@type":"ListItem","position":1,"name":"Etusivu","item":"https:\/\/kinnunen.kotisivut.co\/"},{"@type":"ListItem","position":2,"name":"Kaikki tuotteet","item":"https:\/\/kinnunen.kotisivut.co\/kauppa\/"},{"@type":"ListItem","position":3,"name":"Tarvikkeet","item":"https:\/\/kinnunen.kotisivut.co\/tuote-osasto\/tarvikkeet\/"},{"@type":"ListItem","position":4,"name":"Harjat ja kammat","item":"https:\/\/kinnunen.kotisivut.co\/tuote-osasto\/tarvikkeet\/harjat-ja-kammat\/"},{"@type":"ListItem","position":5,"name":"Leikkauskammat","item":"https:\/\/kinnunen.kotisivut.co\/tuote-osasto\/tarvikkeet\/harjat-ja-kammat\/leikkauskamat\/"},{"@type":"ListItem","position":6,"name":"Y.S.Park 338 Leikkauskampa, valkoinen"}]},{"@type":"WebSite","@id":"https:\/\/kinnunen.kotisivut.co\/#website","url":"https:\/\/kinnunen.kotisivut.co\/","name":"Kinnunen","description":"","potentialAction":[{"@type":"SearchAction","target":{"@type":"EntryPoint","urlTemplate":"https:\/\/kinnunen.kotisivut.co\/?s={search_term_string}"},"query-input":"required name=search_term_string"}],"inLanguage":"en-GB"}]}},"_links":{"self":[{"href":"https:\/\/kinnunen.kotisivut.co\/en\/wp-json\/wp\/v2\/product\/5638","targetHints":{"allow":["GET"]}}],"collection":[{"href":"https:\/\/kinnunen.kotisivut.co\/en\/wp-json\/wp\/v2\/product"}],"about":[{"href":"https:\/\/kinnunen.kotisivut.co\/en\/wp-json\/wp\/v2\/types\/product"}],"replies":[{"embeddable":true,"href":"https:\/\/kinnunen.kotisivut.co\/en\/wp-json\/wp\/v2\/comments?post=5638"}],"wp:featuredmedia":[{"embeddable":true,"href":"https:\/\/kinnunen.kotisivut.co\/en\/wp-json\/wp\/v2\/media\/15461"}],"wp:attachment":[{"href":"https:\/\/kinnunen.kotisivut.co\/en\/wp-json\/wp\/v2\/media?parent=5638"}],"wp:term":[{"taxonomy":"product_cat","embeddable":true,"href":"https:\/\/kinnunen.kotisivut.co\/en\/wp-json\/wp\/v2\/product_cat?post=5638"},{"taxonomy":"product_tag","embeddable":true,"href":"https:\/\/kinnunen.kotisivut.co\/en\/wp-json\/wp\/v2\/product_tag?post=5638"}],"curies":[{"name":"wp","href":"https:\/\/api.w.org\/{rel}","templated":true}]}}