

{"id":5582,"date":"2021-10-29T13:26:36","date_gmt":"2021-10-29T10:26:36","guid":{"rendered":"https:\/\/kinnunen.kotisivut.co\/tuote\/salon-professional-pyoroharja-30-mm\/"},"modified":"2025-12-11T13:58:48","modified_gmt":"2025-12-11T11:58:48","slug":"salon-professional-pyoroharja-30-mm","status":"publish","type":"product","link":"https:\/\/kinnunen.kotisivut.co\/en\/product\/salon-professional-pyoroharja-30-mm\/","title":{"rendered":"Salon Professional wheel brush 30 mm"},"content":{"rendered":"<p>The metal-based rotary brush dries and styles hair quickly. The centre reserves heat during blow-drying. It is excellent for styling hair and as a blow-drying aid. The nylon bristles prevent electrification and give silky soft, shiny hair. Flexible and dense bristles effectively detangle without straining or tearing the hair. Sizes according to body diameter.<\/p>","protected":false},"excerpt":{"rendered":"<p>Metallipohjaisella py\u00f6r\u00f6harjalla kuivaat ja muotoilet hiukset nopeasti. Keski\u00f6 varaa l\u00e4mp\u00f6\u00e4 f\u00f6\u00f6nauksen aikana. Py\u00f6r\u00f6harja on erinomainen hiusten muotoiluun ja apuv\u00e4lineeksi f\u00f6\u00f6naukseen.&hellip;<\/p>","protected":false},"featured_media":13916,"comment_status":"closed","ping_status":"open","template":"","meta":{"_relevanssi_hide_post":"","_relevanssi_pin_for_all":"","_relevanssi_pin_keywords":"","_relevanssi_unpin_keywords":"","_relevanssi_related_keywords":"","_relevanssi_related_include_ids":"","_relevanssi_related_exclude_ids":"","_relevanssi_related_no_append":"","_relevanssi_related_not_related":"","_relevanssi_related_posts":"","_relevanssi_noindex_reason":""},"product_cat":[1762,1790,1791],"product_tag":[],"class_list":["post-5582","product","type-product","status-publish","has-post-thumbnail","hentry","product_cat-tarvikkeet","product_cat-harjat-ja-kammat","product_cat-pyoroharjat","pa_koko-30-mm","tuotemerkki-kinnunen"],"tuotemerkit":[{"term_id":177,"name":"Kinnunen","slug":"kinnunen","term_group":0,"term_taxonomy_id":177,"taxonomy":"tuotemerkki","description":"","parent":0,"count":91,"filter":"raw"}],"acf":[],"yoast_head":"<!-- This site is optimized with the Yoast SEO plugin v23.3 - https:\/\/yoast.com\/wordpress\/plugins\/seo\/ -->\n<title>Salon Professional -py\u00f6r\u00f6harja 30 mm - Kinnunen<\/title>\n<meta name=\"robots\" content=\"noindex, follow, max-snippet:-1, max-image-preview:large, max-video-preview:-1\" \/>\n<meta property=\"og:locale\" content=\"en_GB\" \/>\n<meta property=\"og:type\" content=\"article\" \/>\n<meta property=\"og:title\" content=\"Salon Professional -py\u00f6r\u00f6harja 30 mm - Kinnunen\" \/>\n<meta property=\"og:description\" content=\"Metallipohjaisella py\u00f6r\u00f6harjalla kuivaat ja muotoilet hiukset nopeasti. Keski\u00f6 varaa l\u00e4mp\u00f6\u00e4 f\u00f6\u00f6nauksen aikana. Py\u00f6r\u00f6harja on erinomainen hiusten muotoiluun ja apuv\u00e4lineeksi f\u00f6\u00f6naukseen.&hellip;\" \/>\n<meta property=\"og:url\" content=\"https:\/\/kinnunen.kotisivut.co\/en\/product\/salon-professional-pyoroharja-30-mm\/\" \/>\n<meta property=\"og:site_name\" content=\"Kinnunen\" \/>\n<meta property=\"article:modified_time\" content=\"2025-12-11T11:58:48+00:00\" \/>\n<meta property=\"og:image\" content=\"https:\/\/kinnunen.kotisivut.co\/wp-content\/uploads\/2021\/10\/4161030.jpg\" \/>\n\t<meta property=\"og:image:width\" content=\"1000\" \/>\n\t<meta property=\"og:image:height\" content=\"1000\" \/>\n\t<meta property=\"og:image:type\" content=\"image\/jpeg\" \/>\n<meta name=\"twitter:card\" content=\"summary_large_image\" \/>\n<script type=\"application\/ld+json\" class=\"yoast-schema-graph\">{\"@context\":\"https:\/\/schema.org\",\"@graph\":[{\"@type\":\"WebPage\",\"@id\":\"https:\/\/kinnunen.kotisivut.co\/tuote\/salon-professional-pyoroharja-30-mm\/\",\"url\":\"https:\/\/kinnunen.kotisivut.co\/tuote\/salon-professional-pyoroharja-30-mm\/\",\"name\":\"Salon Professional -py\u00f6r\u00f6harja 30 mm - Kinnunen\",\"isPartOf\":{\"@id\":\"https:\/\/kinnunen.kotisivut.co\/#website\"},\"primaryImageOfPage\":{\"@id\":\"https:\/\/kinnunen.kotisivut.co\/tuote\/salon-professional-pyoroharja-30-mm\/#primaryimage\"},\"image\":{\"@id\":\"https:\/\/kinnunen.kotisivut.co\/tuote\/salon-professional-pyoroharja-30-mm\/#primaryimage\"},\"thumbnailUrl\":\"https:\/\/kinnunen.kotisivut.co\/wp-content\/uploads\/2021\/10\/4161030.jpg\",\"datePublished\":\"2021-10-29T10:26:36+00:00\",\"dateModified\":\"2025-12-11T11:58:48+00:00\",\"breadcrumb\":{\"@id\":\"https:\/\/kinnunen.kotisivut.co\/tuote\/salon-professional-pyoroharja-30-mm\/#breadcrumb\"},\"inLanguage\":\"en-GB\",\"potentialAction\":[{\"@type\":\"ReadAction\",\"target\":[\"https:\/\/kinnunen.kotisivut.co\/tuote\/salon-professional-pyoroharja-30-mm\/\"]}]},{\"@type\":\"ImageObject\",\"inLanguage\":\"en-GB\",\"@id\":\"https:\/\/kinnunen.kotisivut.co\/tuote\/salon-professional-pyoroharja-30-mm\/#primaryimage\",\"url\":\"https:\/\/kinnunen.kotisivut.co\/wp-content\/uploads\/2021\/10\/4161030.jpg\",\"contentUrl\":\"https:\/\/kinnunen.kotisivut.co\/wp-content\/uploads\/2021\/10\/4161030.jpg\",\"width\":1000,\"height\":1000},{\"@type\":\"BreadcrumbList\",\"@id\":\"https:\/\/kinnunen.kotisivut.co\/tuote\/salon-professional-pyoroharja-30-mm\/#breadcrumb\",\"itemListElement\":[{\"@type\":\"ListItem\",\"position\":1,\"name\":\"Etusivu\",\"item\":\"https:\/\/kinnunen.kotisivut.co\/\"},{\"@type\":\"ListItem\",\"position\":2,\"name\":\"Kaikki tuotteet\",\"item\":\"https:\/\/kinnunen.kotisivut.co\/kauppa\/\"},{\"@type\":\"ListItem\",\"position\":3,\"name\":\"Tarvikkeet\",\"item\":\"https:\/\/kinnunen.kotisivut.co\/tuote-osasto\/tarvikkeet\/\"},{\"@type\":\"ListItem\",\"position\":4,\"name\":\"Harjat ja kammat\",\"item\":\"https:\/\/kinnunen.kotisivut.co\/tuote-osasto\/tarvikkeet\/harjat-ja-kammat\/\"},{\"@type\":\"ListItem\",\"position\":5,\"name\":\"Py\u00f6r\u00f6harjat\",\"item\":\"https:\/\/kinnunen.kotisivut.co\/tuote-osasto\/tarvikkeet\/harjat-ja-kammat\/pyoroharjat\/\"},{\"@type\":\"ListItem\",\"position\":6,\"name\":\"Salon Professional -py\u00f6r\u00f6harja 30 mm\"}]},{\"@type\":\"WebSite\",\"@id\":\"https:\/\/kinnunen.kotisivut.co\/#website\",\"url\":\"https:\/\/kinnunen.kotisivut.co\/\",\"name\":\"Kinnunen\",\"description\":\"\",\"potentialAction\":[{\"@type\":\"SearchAction\",\"target\":{\"@type\":\"EntryPoint\",\"urlTemplate\":\"https:\/\/kinnunen.kotisivut.co\/?s={search_term_string}\"},\"query-input\":\"required name=search_term_string\"}],\"inLanguage\":\"en-GB\"}]}<\/script>\n<!-- \/ Yoast SEO plugin. -->","yoast_head_json":{"title":"Salon Professional -py\u00f6r\u00f6harja 30 mm - Kinnunen","robots":{"index":"noindex","follow":"follow","max-snippet":"max-snippet:-1","max-image-preview":"max-image-preview:large","max-video-preview":"max-video-preview:-1"},"og_locale":"en_GB","og_type":"article","og_title":"Salon Professional -py\u00f6r\u00f6harja 30 mm - Kinnunen","og_description":"Metallipohjaisella py\u00f6r\u00f6harjalla kuivaat ja muotoilet hiukset nopeasti. Keski\u00f6 varaa l\u00e4mp\u00f6\u00e4 f\u00f6\u00f6nauksen aikana. Py\u00f6r\u00f6harja on erinomainen hiusten muotoiluun ja apuv\u00e4lineeksi f\u00f6\u00f6naukseen.&hellip;","og_url":"https:\/\/kinnunen.kotisivut.co\/en\/product\/salon-professional-pyoroharja-30-mm\/","og_site_name":"Kinnunen","article_modified_time":"2025-12-11T11:58:48+00:00","og_image":[{"width":1000,"height":1000,"url":"https:\/\/kinnunen.kotisivut.co\/wp-content\/uploads\/2021\/10\/4161030.jpg","type":"image\/jpeg"}],"twitter_card":"summary_large_image","schema":{"@context":"https:\/\/schema.org","@graph":[{"@type":"WebPage","@id":"https:\/\/kinnunen.kotisivut.co\/tuote\/salon-professional-pyoroharja-30-mm\/","url":"https:\/\/kinnunen.kotisivut.co\/tuote\/salon-professional-pyoroharja-30-mm\/","name":"Salon Professional -py\u00f6r\u00f6harja 30 mm - Kinnunen","isPartOf":{"@id":"https:\/\/kinnunen.kotisivut.co\/#website"},"primaryImageOfPage":{"@id":"https:\/\/kinnunen.kotisivut.co\/tuote\/salon-professional-pyoroharja-30-mm\/#primaryimage"},"image":{"@id":"https:\/\/kinnunen.kotisivut.co\/tuote\/salon-professional-pyoroharja-30-mm\/#primaryimage"},"thumbnailUrl":"https:\/\/kinnunen.kotisivut.co\/wp-content\/uploads\/2021\/10\/4161030.jpg","datePublished":"2021-10-29T10:26:36+00:00","dateModified":"2025-12-11T11:58:48+00:00","breadcrumb":{"@id":"https:\/\/kinnunen.kotisivut.co\/tuote\/salon-professional-pyoroharja-30-mm\/#breadcrumb"},"inLanguage":"en-GB","potentialAction":[{"@type":"ReadAction","target":["https:\/\/kinnunen.kotisivut.co\/tuote\/salon-professional-pyoroharja-30-mm\/"]}]},{"@type":"ImageObject","inLanguage":"en-GB","@id":"https:\/\/kinnunen.kotisivut.co\/tuote\/salon-professional-pyoroharja-30-mm\/#primaryimage","url":"https:\/\/kinnunen.kotisivut.co\/wp-content\/uploads\/2021\/10\/4161030.jpg","contentUrl":"https:\/\/kinnunen.kotisivut.co\/wp-content\/uploads\/2021\/10\/4161030.jpg","width":1000,"height":1000},{"@type":"BreadcrumbList","@id":"https:\/\/kinnunen.kotisivut.co\/tuote\/salon-professional-pyoroharja-30-mm\/#breadcrumb","itemListElement":[{"@type":"ListItem","position":1,"name":"Etusivu","item":"https:\/\/kinnunen.kotisivut.co\/"},{"@type":"ListItem","position":2,"name":"Kaikki tuotteet","item":"https:\/\/kinnunen.kotisivut.co\/kauppa\/"},{"@type":"ListItem","position":3,"name":"Tarvikkeet","item":"https:\/\/kinnunen.kotisivut.co\/tuote-osasto\/tarvikkeet\/"},{"@type":"ListItem","position":4,"name":"Harjat ja kammat","item":"https:\/\/kinnunen.kotisivut.co\/tuote-osasto\/tarvikkeet\/harjat-ja-kammat\/"},{"@type":"ListItem","position":5,"name":"Py\u00f6r\u00f6harjat","item":"https:\/\/kinnunen.kotisivut.co\/tuote-osasto\/tarvikkeet\/harjat-ja-kammat\/pyoroharjat\/"},{"@type":"ListItem","position":6,"name":"Salon Professional -py\u00f6r\u00f6harja 30 mm"}]},{"@type":"WebSite","@id":"https:\/\/kinnunen.kotisivut.co\/#website","url":"https:\/\/kinnunen.kotisivut.co\/","name":"Kinnunen","description":"","potentialAction":[{"@type":"SearchAction","target":{"@type":"EntryPoint","urlTemplate":"https:\/\/kinnunen.kotisivut.co\/?s={search_term_string}"},"query-input":"required name=search_term_string"}],"inLanguage":"en-GB"}]}},"_links":{"self":[{"href":"https:\/\/kinnunen.kotisivut.co\/en\/wp-json\/wp\/v2\/product\/5582","targetHints":{"allow":["GET"]}}],"collection":[{"href":"https:\/\/kinnunen.kotisivut.co\/en\/wp-json\/wp\/v2\/product"}],"about":[{"href":"https:\/\/kinnunen.kotisivut.co\/en\/wp-json\/wp\/v2\/types\/product"}],"replies":[{"embeddable":true,"href":"https:\/\/kinnunen.kotisivut.co\/en\/wp-json\/wp\/v2\/comments?post=5582"}],"wp:featuredmedia":[{"embeddable":true,"href":"https:\/\/kinnunen.kotisivut.co\/en\/wp-json\/wp\/v2\/media\/13916"}],"wp:attachment":[{"href":"https:\/\/kinnunen.kotisivut.co\/en\/wp-json\/wp\/v2\/media?parent=5582"}],"wp:term":[{"taxonomy":"product_cat","embeddable":true,"href":"https:\/\/kinnunen.kotisivut.co\/en\/wp-json\/wp\/v2\/product_cat?post=5582"},{"taxonomy":"product_tag","embeddable":true,"href":"https:\/\/kinnunen.kotisivut.co\/en\/wp-json\/wp\/v2\/product_tag?post=5582"}],"curies":[{"name":"wp","href":"https:\/\/api.w.org\/{rel}","templated":true}]}}