

{"id":5568,"date":"2021-10-29T13:26:22","date_gmt":"2021-10-29T10:26:22","guid":{"rendered":"https:\/\/kinnunen.kotisivut.co\/tuote\/denman-head-hugger-33-mm\/"},"modified":"2025-12-05T08:48:36","modified_gmt":"2025-12-05T06:48:36","slug":"denman-head-hugger-33-mm","status":"publish","type":"product","link":"https:\/\/kinnunen.kotisivut.co\/en\/product\/denman-head-hugger-33-mm\/","title":{"rendered":"Denman Head Hugger 33 mm"},"content":{"rendered":"<p>The hourglass-shaped rotary brush gives a very good root lift and volume. You can also use the brush to create waves or curls in your hair. The narrowest part of the brush (in the middle) gives maximum lift to the hair. Thanks to the holes in the brush, the airflow is evenly distributed inside the body. The aluminium body is coated with a ceramic coating for a more durable finish when styling hair. Ergonomic, round and rubber-coated handle for added user comfort.<\/p>","protected":false},"excerpt":{"rendered":"<p>Tiimalasin muotoinen py\u00f6r\u00f6harja antaa eritt\u00e4in hyv\u00e4n tyvikohotuksen sek\u00e4 volyymia. Voit luoda harjalla my\u00f6s laineita tai kiharoita hiuksiin. Harjan kapein kohta&hellip;<\/p>","protected":false},"featured_media":14352,"comment_status":"closed","ping_status":"closed","template":"","meta":{"_relevanssi_hide_post":"","_relevanssi_pin_for_all":"","_relevanssi_pin_keywords":"","_relevanssi_unpin_keywords":"","_relevanssi_related_keywords":"","_relevanssi_related_include_ids":"","_relevanssi_related_exclude_ids":"","_relevanssi_related_no_append":"","_relevanssi_related_not_related":"","_relevanssi_related_posts":"","_relevanssi_noindex_reason":""},"product_cat":[1762,1790,1791],"product_tag":[],"class_list":["post-5568","product","type-product","status-publish","has-post-thumbnail","hentry","product_cat-tarvikkeet","product_cat-harjat-ja-kammat","product_cat-pyoroharjat","pa_koko-30-mm","tuotemerkki-denman","tuotemerkki-head-hugger"],"tuotemerkit":[{"term_id":197,"name":"Denman","slug":"denman","term_group":0,"term_taxonomy_id":197,"taxonomy":"tuotemerkki","description":"","parent":0,"count":33,"filter":"raw"},{"term_id":198,"name":"Head Hugger","slug":"head-hugger","term_group":0,"term_taxonomy_id":198,"taxonomy":"tuotemerkki","description":"","parent":197,"count":5,"filter":"raw"}],"acf":[],"yoast_head":"<!-- This site is optimized with the Yoast SEO plugin v23.3 - https:\/\/yoast.com\/wordpress\/plugins\/seo\/ -->\n<title>Denman Head Hugger 33 mm - Kinnunen<\/title>\n<meta name=\"robots\" content=\"noindex, follow, max-snippet:-1, max-image-preview:large, max-video-preview:-1\" \/>\n<meta property=\"og:locale\" content=\"en_GB\" \/>\n<meta property=\"og:type\" content=\"article\" \/>\n<meta property=\"og:title\" content=\"Denman Head Hugger 33 mm - Kinnunen\" \/>\n<meta property=\"og:description\" content=\"Tiimalasin muotoinen py\u00f6r\u00f6harja antaa eritt\u00e4in hyv\u00e4n tyvikohotuksen sek\u00e4 volyymia. Voit luoda harjalla my\u00f6s laineita tai kiharoita hiuksiin. Harjan kapein kohta&hellip;\" \/>\n<meta property=\"og:url\" content=\"https:\/\/kinnunen.kotisivut.co\/en\/product\/denman-head-hugger-33-mm\/\" \/>\n<meta property=\"og:site_name\" content=\"Kinnunen\" \/>\n<meta property=\"article:modified_time\" content=\"2025-12-05T06:48:36+00:00\" \/>\n<meta property=\"og:image\" content=\"https:\/\/kinnunen.kotisivut.co\/wp-content\/uploads\/2021\/10\/DHH2.jpg\" \/>\n\t<meta property=\"og:image:width\" content=\"1000\" \/>\n\t<meta property=\"og:image:height\" content=\"1000\" \/>\n\t<meta property=\"og:image:type\" content=\"image\/jpeg\" \/>\n<meta name=\"twitter:card\" content=\"summary_large_image\" \/>\n<script type=\"application\/ld+json\" class=\"yoast-schema-graph\">{\"@context\":\"https:\/\/schema.org\",\"@graph\":[{\"@type\":\"WebPage\",\"@id\":\"https:\/\/kinnunen.kotisivut.co\/tuote\/denman-head-hugger-33-mm\/\",\"url\":\"https:\/\/kinnunen.kotisivut.co\/tuote\/denman-head-hugger-33-mm\/\",\"name\":\"Denman Head Hugger 33 mm - Kinnunen\",\"isPartOf\":{\"@id\":\"https:\/\/kinnunen.kotisivut.co\/#website\"},\"primaryImageOfPage\":{\"@id\":\"https:\/\/kinnunen.kotisivut.co\/tuote\/denman-head-hugger-33-mm\/#primaryimage\"},\"image\":{\"@id\":\"https:\/\/kinnunen.kotisivut.co\/tuote\/denman-head-hugger-33-mm\/#primaryimage\"},\"thumbnailUrl\":\"https:\/\/kinnunen.kotisivut.co\/wp-content\/uploads\/2021\/10\/DHH2.jpg\",\"datePublished\":\"2021-10-29T10:26:22+00:00\",\"dateModified\":\"2025-12-05T06:48:36+00:00\",\"breadcrumb\":{\"@id\":\"https:\/\/kinnunen.kotisivut.co\/tuote\/denman-head-hugger-33-mm\/#breadcrumb\"},\"inLanguage\":\"en-GB\",\"potentialAction\":[{\"@type\":\"ReadAction\",\"target\":[\"https:\/\/kinnunen.kotisivut.co\/tuote\/denman-head-hugger-33-mm\/\"]}]},{\"@type\":\"ImageObject\",\"inLanguage\":\"en-GB\",\"@id\":\"https:\/\/kinnunen.kotisivut.co\/tuote\/denman-head-hugger-33-mm\/#primaryimage\",\"url\":\"https:\/\/kinnunen.kotisivut.co\/wp-content\/uploads\/2021\/10\/DHH2.jpg\",\"contentUrl\":\"https:\/\/kinnunen.kotisivut.co\/wp-content\/uploads\/2021\/10\/DHH2.jpg\",\"width\":1000,\"height\":1000},{\"@type\":\"BreadcrumbList\",\"@id\":\"https:\/\/kinnunen.kotisivut.co\/tuote\/denman-head-hugger-33-mm\/#breadcrumb\",\"itemListElement\":[{\"@type\":\"ListItem\",\"position\":1,\"name\":\"Etusivu\",\"item\":\"https:\/\/kinnunen.kotisivut.co\/\"},{\"@type\":\"ListItem\",\"position\":2,\"name\":\"Kaikki tuotteet\",\"item\":\"https:\/\/kinnunen.kotisivut.co\/kauppa\/\"},{\"@type\":\"ListItem\",\"position\":3,\"name\":\"Tarvikkeet\",\"item\":\"https:\/\/kinnunen.kotisivut.co\/tuote-osasto\/tarvikkeet\/\"},{\"@type\":\"ListItem\",\"position\":4,\"name\":\"Harjat ja kammat\",\"item\":\"https:\/\/kinnunen.kotisivut.co\/tuote-osasto\/tarvikkeet\/harjat-ja-kammat\/\"},{\"@type\":\"ListItem\",\"position\":5,\"name\":\"Py\u00f6r\u00f6harjat\",\"item\":\"https:\/\/kinnunen.kotisivut.co\/tuote-osasto\/tarvikkeet\/harjat-ja-kammat\/pyoroharjat\/\"},{\"@type\":\"ListItem\",\"position\":6,\"name\":\"Denman Head Hugger 33 mm\"}]},{\"@type\":\"WebSite\",\"@id\":\"https:\/\/kinnunen.kotisivut.co\/#website\",\"url\":\"https:\/\/kinnunen.kotisivut.co\/\",\"name\":\"Kinnunen\",\"description\":\"\",\"potentialAction\":[{\"@type\":\"SearchAction\",\"target\":{\"@type\":\"EntryPoint\",\"urlTemplate\":\"https:\/\/kinnunen.kotisivut.co\/?s={search_term_string}\"},\"query-input\":\"required name=search_term_string\"}],\"inLanguage\":\"en-GB\"}]}<\/script>\n<!-- \/ Yoast SEO plugin. -->","yoast_head_json":{"title":"Denman Head Hugger 33 mm - Kinnunen","robots":{"index":"noindex","follow":"follow","max-snippet":"max-snippet:-1","max-image-preview":"max-image-preview:large","max-video-preview":"max-video-preview:-1"},"og_locale":"en_GB","og_type":"article","og_title":"Denman Head Hugger 33 mm - Kinnunen","og_description":"Tiimalasin muotoinen py\u00f6r\u00f6harja antaa eritt\u00e4in hyv\u00e4n tyvikohotuksen sek\u00e4 volyymia. Voit luoda harjalla my\u00f6s laineita tai kiharoita hiuksiin. Harjan kapein kohta&hellip;","og_url":"https:\/\/kinnunen.kotisivut.co\/en\/product\/denman-head-hugger-33-mm\/","og_site_name":"Kinnunen","article_modified_time":"2025-12-05T06:48:36+00:00","og_image":[{"width":1000,"height":1000,"url":"https:\/\/kinnunen.kotisivut.co\/wp-content\/uploads\/2021\/10\/DHH2.jpg","type":"image\/jpeg"}],"twitter_card":"summary_large_image","schema":{"@context":"https:\/\/schema.org","@graph":[{"@type":"WebPage","@id":"https:\/\/kinnunen.kotisivut.co\/tuote\/denman-head-hugger-33-mm\/","url":"https:\/\/kinnunen.kotisivut.co\/tuote\/denman-head-hugger-33-mm\/","name":"Denman Head Hugger 33 mm - Kinnunen","isPartOf":{"@id":"https:\/\/kinnunen.kotisivut.co\/#website"},"primaryImageOfPage":{"@id":"https:\/\/kinnunen.kotisivut.co\/tuote\/denman-head-hugger-33-mm\/#primaryimage"},"image":{"@id":"https:\/\/kinnunen.kotisivut.co\/tuote\/denman-head-hugger-33-mm\/#primaryimage"},"thumbnailUrl":"https:\/\/kinnunen.kotisivut.co\/wp-content\/uploads\/2021\/10\/DHH2.jpg","datePublished":"2021-10-29T10:26:22+00:00","dateModified":"2025-12-05T06:48:36+00:00","breadcrumb":{"@id":"https:\/\/kinnunen.kotisivut.co\/tuote\/denman-head-hugger-33-mm\/#breadcrumb"},"inLanguage":"en-GB","potentialAction":[{"@type":"ReadAction","target":["https:\/\/kinnunen.kotisivut.co\/tuote\/denman-head-hugger-33-mm\/"]}]},{"@type":"ImageObject","inLanguage":"en-GB","@id":"https:\/\/kinnunen.kotisivut.co\/tuote\/denman-head-hugger-33-mm\/#primaryimage","url":"https:\/\/kinnunen.kotisivut.co\/wp-content\/uploads\/2021\/10\/DHH2.jpg","contentUrl":"https:\/\/kinnunen.kotisivut.co\/wp-content\/uploads\/2021\/10\/DHH2.jpg","width":1000,"height":1000},{"@type":"BreadcrumbList","@id":"https:\/\/kinnunen.kotisivut.co\/tuote\/denman-head-hugger-33-mm\/#breadcrumb","itemListElement":[{"@type":"ListItem","position":1,"name":"Etusivu","item":"https:\/\/kinnunen.kotisivut.co\/"},{"@type":"ListItem","position":2,"name":"Kaikki tuotteet","item":"https:\/\/kinnunen.kotisivut.co\/kauppa\/"},{"@type":"ListItem","position":3,"name":"Tarvikkeet","item":"https:\/\/kinnunen.kotisivut.co\/tuote-osasto\/tarvikkeet\/"},{"@type":"ListItem","position":4,"name":"Harjat ja kammat","item":"https:\/\/kinnunen.kotisivut.co\/tuote-osasto\/tarvikkeet\/harjat-ja-kammat\/"},{"@type":"ListItem","position":5,"name":"Py\u00f6r\u00f6harjat","item":"https:\/\/kinnunen.kotisivut.co\/tuote-osasto\/tarvikkeet\/harjat-ja-kammat\/pyoroharjat\/"},{"@type":"ListItem","position":6,"name":"Denman Head Hugger 33 mm"}]},{"@type":"WebSite","@id":"https:\/\/kinnunen.kotisivut.co\/#website","url":"https:\/\/kinnunen.kotisivut.co\/","name":"Kinnunen","description":"","potentialAction":[{"@type":"SearchAction","target":{"@type":"EntryPoint","urlTemplate":"https:\/\/kinnunen.kotisivut.co\/?s={search_term_string}"},"query-input":"required name=search_term_string"}],"inLanguage":"en-GB"}]}},"_links":{"self":[{"href":"https:\/\/kinnunen.kotisivut.co\/en\/wp-json\/wp\/v2\/product\/5568","targetHints":{"allow":["GET"]}}],"collection":[{"href":"https:\/\/kinnunen.kotisivut.co\/en\/wp-json\/wp\/v2\/product"}],"about":[{"href":"https:\/\/kinnunen.kotisivut.co\/en\/wp-json\/wp\/v2\/types\/product"}],"replies":[{"embeddable":true,"href":"https:\/\/kinnunen.kotisivut.co\/en\/wp-json\/wp\/v2\/comments?post=5568"}],"wp:featuredmedia":[{"embeddable":true,"href":"https:\/\/kinnunen.kotisivut.co\/en\/wp-json\/wp\/v2\/media\/14352"}],"wp:attachment":[{"href":"https:\/\/kinnunen.kotisivut.co\/en\/wp-json\/wp\/v2\/media?parent=5568"}],"wp:term":[{"taxonomy":"product_cat","embeddable":true,"href":"https:\/\/kinnunen.kotisivut.co\/en\/wp-json\/wp\/v2\/product_cat?post=5568"},{"taxonomy":"product_tag","embeddable":true,"href":"https:\/\/kinnunen.kotisivut.co\/en\/wp-json\/wp\/v2\/product_tag?post=5568"}],"curies":[{"name":"wp","href":"https:\/\/api.w.org\/{rel}","templated":true}]}}