

{"id":5553,"date":"2021-10-29T13:26:22","date_gmt":"2021-10-29T10:26:22","guid":{"rendered":"https:\/\/kinnunen.kotisivut.co\/tuote\/feather-terien-poistokotelo\/"},"modified":"2025-12-02T13:25:37","modified_gmt":"2025-12-02T11:25:37","slug":"feather-terien-poistokotelo","status":"publish","type":"product","link":"https:\/\/kinnunen.kotisivut.co\/en\/product\/feather-terien-poistokotelo\/","title":{"rendered":"Feather blade removal box"},"content":{"rendered":"<p>When the Feather knife blade needs to be replaced, you can safely remove it using this sheath. The knife blade is inserted into the groove of the sheath and pulled out so that the blade drops directly into the sheath.<\/p>","protected":false},"excerpt":{"rendered":"<p>Kun Feather-veitsen ter\u00e4 tulee vaihtaa, irroitat sen turvallisesti t\u00e4m\u00e4n kotelon avulla. Veitsen ter\u00e4 asetetaan kotelon uraan ja vedet\u00e4\u00e4n irti niin,&hellip;<\/p>","protected":false},"featured_media":14394,"comment_status":"closed","ping_status":"open","template":"","meta":{"_relevanssi_hide_post":"","_relevanssi_pin_for_all":"","_relevanssi_pin_keywords":"","_relevanssi_unpin_keywords":"","_relevanssi_related_keywords":"","_relevanssi_related_include_ids":"","_relevanssi_related_exclude_ids":"","_relevanssi_related_no_append":"","_relevanssi_related_not_related":"","_relevanssi_related_posts":"","_relevanssi_noindex_reason":""},"product_cat":[1783,1788],"product_tag":[],"class_list":["post-5553","product","type-product","status-publish","has-post-thumbnail","hentry","product_cat-sakset-ja-veitset","product_cat-veitset-ja-terat","tuotemerkki-feather"],"tuotemerkit":[{"term_id":186,"name":"Feather","slug":"feather","term_group":0,"term_taxonomy_id":186,"taxonomy":"tuotemerkki","description":"","parent":0,"count":5,"filter":"raw"}],"acf":[],"yoast_head":"<!-- This site is optimized with the Yoast SEO plugin v23.3 - https:\/\/yoast.com\/wordpress\/plugins\/seo\/ -->\n<title>Feather -terien poistokotelo - Kinnunen<\/title>\n<meta name=\"robots\" content=\"noindex, follow, max-snippet:-1, max-image-preview:large, max-video-preview:-1\" \/>\n<meta property=\"og:locale\" content=\"en_GB\" \/>\n<meta property=\"og:type\" content=\"article\" \/>\n<meta property=\"og:title\" content=\"Feather -terien poistokotelo - Kinnunen\" \/>\n<meta property=\"og:description\" content=\"Kun Feather-veitsen ter\u00e4 tulee vaihtaa, irroitat sen turvallisesti t\u00e4m\u00e4n kotelon avulla. Veitsen ter\u00e4 asetetaan kotelon uraan ja vedet\u00e4\u00e4n irti niin,&hellip;\" \/>\n<meta property=\"og:url\" content=\"https:\/\/kinnunen.kotisivut.co\/en\/product\/feather-terien-poistokotelo\/\" \/>\n<meta property=\"og:site_name\" content=\"Kinnunen\" \/>\n<meta property=\"article:modified_time\" content=\"2025-12-02T11:25:37+00:00\" \/>\n<meta property=\"og:image\" content=\"https:\/\/kinnunen.kotisivut.co\/wp-content\/uploads\/2021\/10\/Feather_blade_disposal.jpg\" \/>\n\t<meta property=\"og:image:width\" content=\"1000\" \/>\n\t<meta property=\"og:image:height\" content=\"1000\" \/>\n\t<meta property=\"og:image:type\" content=\"image\/jpeg\" \/>\n<meta name=\"twitter:card\" content=\"summary_large_image\" \/>\n<script type=\"application\/ld+json\" class=\"yoast-schema-graph\">{\"@context\":\"https:\/\/schema.org\",\"@graph\":[{\"@type\":\"WebPage\",\"@id\":\"https:\/\/kinnunen.kotisivut.co\/tuote\/feather-terien-poistokotelo\/\",\"url\":\"https:\/\/kinnunen.kotisivut.co\/tuote\/feather-terien-poistokotelo\/\",\"name\":\"Feather -terien poistokotelo - Kinnunen\",\"isPartOf\":{\"@id\":\"https:\/\/kinnunen.kotisivut.co\/#website\"},\"primaryImageOfPage\":{\"@id\":\"https:\/\/kinnunen.kotisivut.co\/tuote\/feather-terien-poistokotelo\/#primaryimage\"},\"image\":{\"@id\":\"https:\/\/kinnunen.kotisivut.co\/tuote\/feather-terien-poistokotelo\/#primaryimage\"},\"thumbnailUrl\":\"https:\/\/kinnunen.kotisivut.co\/wp-content\/uploads\/2021\/10\/Feather_blade_disposal.jpg\",\"datePublished\":\"2021-10-29T10:26:22+00:00\",\"dateModified\":\"2025-12-02T11:25:37+00:00\",\"breadcrumb\":{\"@id\":\"https:\/\/kinnunen.kotisivut.co\/tuote\/feather-terien-poistokotelo\/#breadcrumb\"},\"inLanguage\":\"en-GB\",\"potentialAction\":[{\"@type\":\"ReadAction\",\"target\":[\"https:\/\/kinnunen.kotisivut.co\/tuote\/feather-terien-poistokotelo\/\"]}]},{\"@type\":\"ImageObject\",\"inLanguage\":\"en-GB\",\"@id\":\"https:\/\/kinnunen.kotisivut.co\/tuote\/feather-terien-poistokotelo\/#primaryimage\",\"url\":\"https:\/\/kinnunen.kotisivut.co\/wp-content\/uploads\/2021\/10\/Feather_blade_disposal.jpg\",\"contentUrl\":\"https:\/\/kinnunen.kotisivut.co\/wp-content\/uploads\/2021\/10\/Feather_blade_disposal.jpg\",\"width\":1000,\"height\":1000},{\"@type\":\"BreadcrumbList\",\"@id\":\"https:\/\/kinnunen.kotisivut.co\/tuote\/feather-terien-poistokotelo\/#breadcrumb\",\"itemListElement\":[{\"@type\":\"ListItem\",\"position\":1,\"name\":\"Etusivu\",\"item\":\"https:\/\/kinnunen.kotisivut.co\/\"},{\"@type\":\"ListItem\",\"position\":2,\"name\":\"Kaikki tuotteet\",\"item\":\"https:\/\/kinnunen.kotisivut.co\/kauppa\/\"},{\"@type\":\"ListItem\",\"position\":3,\"name\":\"Sakset ja veitset\",\"item\":\"https:\/\/kinnunen.kotisivut.co\/tuote-osasto\/sakset-ja-veitset\/\"},{\"@type\":\"ListItem\",\"position\":4,\"name\":\"Veitset ja ter\u00e4t\",\"item\":\"https:\/\/kinnunen.kotisivut.co\/tuote-osasto\/sakset-ja-veitset\/veitset-ja-terat\/\"},{\"@type\":\"ListItem\",\"position\":5,\"name\":\"Feather -terien poistokotelo\"}]},{\"@type\":\"WebSite\",\"@id\":\"https:\/\/kinnunen.kotisivut.co\/#website\",\"url\":\"https:\/\/kinnunen.kotisivut.co\/\",\"name\":\"Kinnunen\",\"description\":\"\",\"potentialAction\":[{\"@type\":\"SearchAction\",\"target\":{\"@type\":\"EntryPoint\",\"urlTemplate\":\"https:\/\/kinnunen.kotisivut.co\/?s={search_term_string}\"},\"query-input\":\"required name=search_term_string\"}],\"inLanguage\":\"en-GB\"}]}<\/script>\n<!-- \/ Yoast SEO plugin. -->","yoast_head_json":{"title":"Feather -terien poistokotelo - Kinnunen","robots":{"index":"noindex","follow":"follow","max-snippet":"max-snippet:-1","max-image-preview":"max-image-preview:large","max-video-preview":"max-video-preview:-1"},"og_locale":"en_GB","og_type":"article","og_title":"Feather -terien poistokotelo - Kinnunen","og_description":"Kun Feather-veitsen ter\u00e4 tulee vaihtaa, irroitat sen turvallisesti t\u00e4m\u00e4n kotelon avulla. Veitsen ter\u00e4 asetetaan kotelon uraan ja vedet\u00e4\u00e4n irti niin,&hellip;","og_url":"https:\/\/kinnunen.kotisivut.co\/en\/product\/feather-terien-poistokotelo\/","og_site_name":"Kinnunen","article_modified_time":"2025-12-02T11:25:37+00:00","og_image":[{"width":1000,"height":1000,"url":"https:\/\/kinnunen.kotisivut.co\/wp-content\/uploads\/2021\/10\/Feather_blade_disposal.jpg","type":"image\/jpeg"}],"twitter_card":"summary_large_image","schema":{"@context":"https:\/\/schema.org","@graph":[{"@type":"WebPage","@id":"https:\/\/kinnunen.kotisivut.co\/tuote\/feather-terien-poistokotelo\/","url":"https:\/\/kinnunen.kotisivut.co\/tuote\/feather-terien-poistokotelo\/","name":"Feather -terien poistokotelo - Kinnunen","isPartOf":{"@id":"https:\/\/kinnunen.kotisivut.co\/#website"},"primaryImageOfPage":{"@id":"https:\/\/kinnunen.kotisivut.co\/tuote\/feather-terien-poistokotelo\/#primaryimage"},"image":{"@id":"https:\/\/kinnunen.kotisivut.co\/tuote\/feather-terien-poistokotelo\/#primaryimage"},"thumbnailUrl":"https:\/\/kinnunen.kotisivut.co\/wp-content\/uploads\/2021\/10\/Feather_blade_disposal.jpg","datePublished":"2021-10-29T10:26:22+00:00","dateModified":"2025-12-02T11:25:37+00:00","breadcrumb":{"@id":"https:\/\/kinnunen.kotisivut.co\/tuote\/feather-terien-poistokotelo\/#breadcrumb"},"inLanguage":"en-GB","potentialAction":[{"@type":"ReadAction","target":["https:\/\/kinnunen.kotisivut.co\/tuote\/feather-terien-poistokotelo\/"]}]},{"@type":"ImageObject","inLanguage":"en-GB","@id":"https:\/\/kinnunen.kotisivut.co\/tuote\/feather-terien-poistokotelo\/#primaryimage","url":"https:\/\/kinnunen.kotisivut.co\/wp-content\/uploads\/2021\/10\/Feather_blade_disposal.jpg","contentUrl":"https:\/\/kinnunen.kotisivut.co\/wp-content\/uploads\/2021\/10\/Feather_blade_disposal.jpg","width":1000,"height":1000},{"@type":"BreadcrumbList","@id":"https:\/\/kinnunen.kotisivut.co\/tuote\/feather-terien-poistokotelo\/#breadcrumb","itemListElement":[{"@type":"ListItem","position":1,"name":"Etusivu","item":"https:\/\/kinnunen.kotisivut.co\/"},{"@type":"ListItem","position":2,"name":"Kaikki tuotteet","item":"https:\/\/kinnunen.kotisivut.co\/kauppa\/"},{"@type":"ListItem","position":3,"name":"Sakset ja veitset","item":"https:\/\/kinnunen.kotisivut.co\/tuote-osasto\/sakset-ja-veitset\/"},{"@type":"ListItem","position":4,"name":"Veitset ja ter\u00e4t","item":"https:\/\/kinnunen.kotisivut.co\/tuote-osasto\/sakset-ja-veitset\/veitset-ja-terat\/"},{"@type":"ListItem","position":5,"name":"Feather -terien poistokotelo"}]},{"@type":"WebSite","@id":"https:\/\/kinnunen.kotisivut.co\/#website","url":"https:\/\/kinnunen.kotisivut.co\/","name":"Kinnunen","description":"","potentialAction":[{"@type":"SearchAction","target":{"@type":"EntryPoint","urlTemplate":"https:\/\/kinnunen.kotisivut.co\/?s={search_term_string}"},"query-input":"required name=search_term_string"}],"inLanguage":"en-GB"}]}},"_links":{"self":[{"href":"https:\/\/kinnunen.kotisivut.co\/en\/wp-json\/wp\/v2\/product\/5553","targetHints":{"allow":["GET"]}}],"collection":[{"href":"https:\/\/kinnunen.kotisivut.co\/en\/wp-json\/wp\/v2\/product"}],"about":[{"href":"https:\/\/kinnunen.kotisivut.co\/en\/wp-json\/wp\/v2\/types\/product"}],"replies":[{"embeddable":true,"href":"https:\/\/kinnunen.kotisivut.co\/en\/wp-json\/wp\/v2\/comments?post=5553"}],"wp:featuredmedia":[{"embeddable":true,"href":"https:\/\/kinnunen.kotisivut.co\/en\/wp-json\/wp\/v2\/media\/14394"}],"wp:attachment":[{"href":"https:\/\/kinnunen.kotisivut.co\/en\/wp-json\/wp\/v2\/media?parent=5553"}],"wp:term":[{"taxonomy":"product_cat","embeddable":true,"href":"https:\/\/kinnunen.kotisivut.co\/en\/wp-json\/wp\/v2\/product_cat?post=5553"},{"taxonomy":"product_tag","embeddable":true,"href":"https:\/\/kinnunen.kotisivut.co\/en\/wp-json\/wp\/v2\/product_tag?post=5553"}],"curies":[{"name":"wp","href":"https:\/\/api.w.org\/{rel}","templated":true}]}}