

{"id":5523,"date":"2021-10-29T13:25:51","date_gmt":"2021-10-29T10:25:51","guid":{"rendered":"https:\/\/kinnunen.kotisivut.co\/tuote\/jaguar-cj40-plus-55-40-hammasta\/"},"modified":"2025-11-18T10:52:51","modified_gmt":"2025-11-18T08:52:51","slug":"jaguar-cj40-plus-55-40-hammasta","status":"publish","type":"product","link":"https:\/\/kinnunen.kotisivut.co\/en\/product\/jaguar-cj40-plus-55-40-hammasta\/","title":{"rendered":"Jaguar CJ40 Plus 5,5\u2033, 40 teeth"},"content":{"rendered":"<p>Ergonomically shaped shaping scissors with steel tempered at -180\u00b0C to maintain sharpness for a very long time. The 40 teeth of the scissors allow you to style even the finest hair delicately, and the blades' plug grinding also allows you to use special techniques. Length 5,5\u2033<\/p>","protected":false},"excerpt":{"rendered":"<p>Ergonomisesti muotoillut muotoilusakset, joiden -180 asteessa temperoitu ter\u00e4s s\u00e4ilytt\u00e4\u00e4 ter\u00e4vyytens\u00e4 eritt\u00e4in pitk\u00e4\u00e4n. Saksien 40 hampaan ansioista muotoilet hennotkin hiukset hienovaraisesti&hellip;<\/p>","protected":false},"featured_media":14513,"comment_status":"closed","ping_status":"closed","template":"","meta":{"_relevanssi_hide_post":"","_relevanssi_pin_for_all":"","_relevanssi_pin_keywords":"","_relevanssi_unpin_keywords":"","_relevanssi_related_keywords":"","_relevanssi_related_include_ids":"","_relevanssi_related_exclude_ids":"","_relevanssi_related_no_append":"","_relevanssi_related_not_related":"","_relevanssi_related_posts":"","_relevanssi_noindex_reason":""},"product_cat":[1783,1787],"product_tag":[],"class_list":["post-5523","product","type-product","status-publish","has-post-thumbnail","hentry","product_cat-sakset-ja-veitset","product_cat-muotoilusakset","pa_ominaisuudet-valmistettu-euroopassa","pa_pituus-167","tuotemerkki-jaguar"],"tuotemerkit":[{"term_id":173,"name":"Jaguar","slug":"jaguar","term_group":0,"term_taxonomy_id":173,"taxonomy":"tuotemerkki","description":"","parent":0,"count":27,"filter":"raw"}],"acf":[],"yoast_head":"<!-- This site is optimized with the Yoast SEO plugin v23.3 - https:\/\/yoast.com\/wordpress\/plugins\/seo\/ -->\n<title>Jaguar CJ40 Plus 5,5&quot;, 40 hammasta - Kinnunen<\/title>\n<meta name=\"robots\" content=\"noindex, follow, max-snippet:-1, max-image-preview:large, max-video-preview:-1\" \/>\n<meta property=\"og:locale\" content=\"en_GB\" \/>\n<meta property=\"og:type\" content=\"article\" \/>\n<meta property=\"og:title\" content=\"Jaguar CJ40 Plus 5,5&quot;, 40 hammasta - Kinnunen\" \/>\n<meta property=\"og:description\" content=\"Ergonomisesti muotoillut muotoilusakset, joiden -180 asteessa temperoitu ter\u00e4s s\u00e4ilytt\u00e4\u00e4 ter\u00e4vyytens\u00e4 eritt\u00e4in pitk\u00e4\u00e4n. Saksien 40 hampaan ansioista muotoilet hennotkin hiukset hienovaraisesti&hellip;\" \/>\n<meta property=\"og:url\" content=\"https:\/\/kinnunen.kotisivut.co\/en\/product\/jaguar-cj40-plus-55-40-hammasta\/\" \/>\n<meta property=\"og:site_name\" content=\"Kinnunen\" \/>\n<meta property=\"article:modified_time\" content=\"2025-11-18T08:52:51+00:00\" \/>\n<meta property=\"og:image\" content=\"https:\/\/kinnunen.kotisivut.co\/wp-content\/uploads\/2021\/10\/Jaguar_CJ40_plus.jpg\" \/>\n\t<meta property=\"og:image:width\" content=\"1000\" \/>\n\t<meta property=\"og:image:height\" content=\"1000\" \/>\n\t<meta property=\"og:image:type\" content=\"image\/jpeg\" \/>\n<meta name=\"twitter:card\" content=\"summary_large_image\" \/>\n<script type=\"application\/ld+json\" class=\"yoast-schema-graph\">{\"@context\":\"https:\/\/schema.org\",\"@graph\":[{\"@type\":\"WebPage\",\"@id\":\"https:\/\/kinnunen.kotisivut.co\/tuote\/jaguar-cj40-plus-55-40-hammasta\/\",\"url\":\"https:\/\/kinnunen.kotisivut.co\/tuote\/jaguar-cj40-plus-55-40-hammasta\/\",\"name\":\"Jaguar CJ40 Plus 5,5\\\", 40 hammasta - Kinnunen\",\"isPartOf\":{\"@id\":\"https:\/\/kinnunen.kotisivut.co\/#website\"},\"primaryImageOfPage\":{\"@id\":\"https:\/\/kinnunen.kotisivut.co\/tuote\/jaguar-cj40-plus-55-40-hammasta\/#primaryimage\"},\"image\":{\"@id\":\"https:\/\/kinnunen.kotisivut.co\/tuote\/jaguar-cj40-plus-55-40-hammasta\/#primaryimage\"},\"thumbnailUrl\":\"https:\/\/kinnunen.kotisivut.co\/wp-content\/uploads\/2021\/10\/Jaguar_CJ40_plus.jpg\",\"datePublished\":\"2021-10-29T10:25:51+00:00\",\"dateModified\":\"2025-11-18T08:52:51+00:00\",\"breadcrumb\":{\"@id\":\"https:\/\/kinnunen.kotisivut.co\/tuote\/jaguar-cj40-plus-55-40-hammasta\/#breadcrumb\"},\"inLanguage\":\"en-GB\",\"potentialAction\":[{\"@type\":\"ReadAction\",\"target\":[\"https:\/\/kinnunen.kotisivut.co\/tuote\/jaguar-cj40-plus-55-40-hammasta\/\"]}]},{\"@type\":\"ImageObject\",\"inLanguage\":\"en-GB\",\"@id\":\"https:\/\/kinnunen.kotisivut.co\/tuote\/jaguar-cj40-plus-55-40-hammasta\/#primaryimage\",\"url\":\"https:\/\/kinnunen.kotisivut.co\/wp-content\/uploads\/2021\/10\/Jaguar_CJ40_plus.jpg\",\"contentUrl\":\"https:\/\/kinnunen.kotisivut.co\/wp-content\/uploads\/2021\/10\/Jaguar_CJ40_plus.jpg\",\"width\":1000,\"height\":1000},{\"@type\":\"BreadcrumbList\",\"@id\":\"https:\/\/kinnunen.kotisivut.co\/tuote\/jaguar-cj40-plus-55-40-hammasta\/#breadcrumb\",\"itemListElement\":[{\"@type\":\"ListItem\",\"position\":1,\"name\":\"Etusivu\",\"item\":\"https:\/\/kinnunen.kotisivut.co\/\"},{\"@type\":\"ListItem\",\"position\":2,\"name\":\"Kaikki tuotteet\",\"item\":\"https:\/\/kinnunen.kotisivut.co\/kauppa\/\"},{\"@type\":\"ListItem\",\"position\":3,\"name\":\"Sakset ja veitset\",\"item\":\"https:\/\/kinnunen.kotisivut.co\/tuote-osasto\/sakset-ja-veitset\/\"},{\"@type\":\"ListItem\",\"position\":4,\"name\":\"Muotoilusakset\",\"item\":\"https:\/\/kinnunen.kotisivut.co\/tuote-osasto\/sakset-ja-veitset\/muotoilusakset\/\"},{\"@type\":\"ListItem\",\"position\":5,\"name\":\"Jaguar CJ40 Plus 5,5&#8243;, 40 hammasta\"}]},{\"@type\":\"WebSite\",\"@id\":\"https:\/\/kinnunen.kotisivut.co\/#website\",\"url\":\"https:\/\/kinnunen.kotisivut.co\/\",\"name\":\"Kinnunen\",\"description\":\"\",\"potentialAction\":[{\"@type\":\"SearchAction\",\"target\":{\"@type\":\"EntryPoint\",\"urlTemplate\":\"https:\/\/kinnunen.kotisivut.co\/?s={search_term_string}\"},\"query-input\":\"required name=search_term_string\"}],\"inLanguage\":\"en-GB\"}]}<\/script>\n<!-- \/ Yoast SEO plugin. -->","yoast_head_json":{"title":"Jaguar CJ40 Plus 5,5\", 40 hammasta - Kinnunen","robots":{"index":"noindex","follow":"follow","max-snippet":"max-snippet:-1","max-image-preview":"max-image-preview:large","max-video-preview":"max-video-preview:-1"},"og_locale":"en_GB","og_type":"article","og_title":"Jaguar CJ40 Plus 5,5\", 40 hammasta - Kinnunen","og_description":"Ergonomisesti muotoillut muotoilusakset, joiden -180 asteessa temperoitu ter\u00e4s s\u00e4ilytt\u00e4\u00e4 ter\u00e4vyytens\u00e4 eritt\u00e4in pitk\u00e4\u00e4n. Saksien 40 hampaan ansioista muotoilet hennotkin hiukset hienovaraisesti&hellip;","og_url":"https:\/\/kinnunen.kotisivut.co\/en\/product\/jaguar-cj40-plus-55-40-hammasta\/","og_site_name":"Kinnunen","article_modified_time":"2025-11-18T08:52:51+00:00","og_image":[{"width":1000,"height":1000,"url":"https:\/\/kinnunen.kotisivut.co\/wp-content\/uploads\/2021\/10\/Jaguar_CJ40_plus.jpg","type":"image\/jpeg"}],"twitter_card":"summary_large_image","schema":{"@context":"https:\/\/schema.org","@graph":[{"@type":"WebPage","@id":"https:\/\/kinnunen.kotisivut.co\/tuote\/jaguar-cj40-plus-55-40-hammasta\/","url":"https:\/\/kinnunen.kotisivut.co\/tuote\/jaguar-cj40-plus-55-40-hammasta\/","name":"Jaguar CJ40 Plus 5,5\", 40 hammasta - Kinnunen","isPartOf":{"@id":"https:\/\/kinnunen.kotisivut.co\/#website"},"primaryImageOfPage":{"@id":"https:\/\/kinnunen.kotisivut.co\/tuote\/jaguar-cj40-plus-55-40-hammasta\/#primaryimage"},"image":{"@id":"https:\/\/kinnunen.kotisivut.co\/tuote\/jaguar-cj40-plus-55-40-hammasta\/#primaryimage"},"thumbnailUrl":"https:\/\/kinnunen.kotisivut.co\/wp-content\/uploads\/2021\/10\/Jaguar_CJ40_plus.jpg","datePublished":"2021-10-29T10:25:51+00:00","dateModified":"2025-11-18T08:52:51+00:00","breadcrumb":{"@id":"https:\/\/kinnunen.kotisivut.co\/tuote\/jaguar-cj40-plus-55-40-hammasta\/#breadcrumb"},"inLanguage":"en-GB","potentialAction":[{"@type":"ReadAction","target":["https:\/\/kinnunen.kotisivut.co\/tuote\/jaguar-cj40-plus-55-40-hammasta\/"]}]},{"@type":"ImageObject","inLanguage":"en-GB","@id":"https:\/\/kinnunen.kotisivut.co\/tuote\/jaguar-cj40-plus-55-40-hammasta\/#primaryimage","url":"https:\/\/kinnunen.kotisivut.co\/wp-content\/uploads\/2021\/10\/Jaguar_CJ40_plus.jpg","contentUrl":"https:\/\/kinnunen.kotisivut.co\/wp-content\/uploads\/2021\/10\/Jaguar_CJ40_plus.jpg","width":1000,"height":1000},{"@type":"BreadcrumbList","@id":"https:\/\/kinnunen.kotisivut.co\/tuote\/jaguar-cj40-plus-55-40-hammasta\/#breadcrumb","itemListElement":[{"@type":"ListItem","position":1,"name":"Etusivu","item":"https:\/\/kinnunen.kotisivut.co\/"},{"@type":"ListItem","position":2,"name":"Kaikki tuotteet","item":"https:\/\/kinnunen.kotisivut.co\/kauppa\/"},{"@type":"ListItem","position":3,"name":"Sakset ja veitset","item":"https:\/\/kinnunen.kotisivut.co\/tuote-osasto\/sakset-ja-veitset\/"},{"@type":"ListItem","position":4,"name":"Muotoilusakset","item":"https:\/\/kinnunen.kotisivut.co\/tuote-osasto\/sakset-ja-veitset\/muotoilusakset\/"},{"@type":"ListItem","position":5,"name":"Jaguar CJ40 Plus 5,5&#8243;, 40 hammasta"}]},{"@type":"WebSite","@id":"https:\/\/kinnunen.kotisivut.co\/#website","url":"https:\/\/kinnunen.kotisivut.co\/","name":"Kinnunen","description":"","potentialAction":[{"@type":"SearchAction","target":{"@type":"EntryPoint","urlTemplate":"https:\/\/kinnunen.kotisivut.co\/?s={search_term_string}"},"query-input":"required name=search_term_string"}],"inLanguage":"en-GB"}]}},"_links":{"self":[{"href":"https:\/\/kinnunen.kotisivut.co\/en\/wp-json\/wp\/v2\/product\/5523","targetHints":{"allow":["GET"]}}],"collection":[{"href":"https:\/\/kinnunen.kotisivut.co\/en\/wp-json\/wp\/v2\/product"}],"about":[{"href":"https:\/\/kinnunen.kotisivut.co\/en\/wp-json\/wp\/v2\/types\/product"}],"replies":[{"embeddable":true,"href":"https:\/\/kinnunen.kotisivut.co\/en\/wp-json\/wp\/v2\/comments?post=5523"}],"wp:featuredmedia":[{"embeddable":true,"href":"https:\/\/kinnunen.kotisivut.co\/en\/wp-json\/wp\/v2\/media\/14513"}],"wp:attachment":[{"href":"https:\/\/kinnunen.kotisivut.co\/en\/wp-json\/wp\/v2\/media?parent=5523"}],"wp:term":[{"taxonomy":"product_cat","embeddable":true,"href":"https:\/\/kinnunen.kotisivut.co\/en\/wp-json\/wp\/v2\/product_cat?post=5523"},{"taxonomy":"product_tag","embeddable":true,"href":"https:\/\/kinnunen.kotisivut.co\/en\/wp-json\/wp\/v2\/product_tag?post=5523"}],"curies":[{"name":"wp","href":"https:\/\/api.w.org\/{rel}","templated":true}]}}