

{"id":5500,"date":"2021-10-29T13:25:36","date_gmt":"2021-10-29T10:25:36","guid":{"rendered":"https:\/\/kinnunen.kotisivut.co\/tuote\/artero-one-set-6-left\/"},"modified":"2025-06-17T13:33:44","modified_gmt":"2025-06-17T10:33:44","slug":"artero-one-set-6-left","status":"publish","type":"product","link":"https:\/\/kinnunen.kotisivut.co\/en\/product\/artero-one-set-6-left\/","title":{"rendered":"Artero One Set 6\u2033 Left"},"content":{"rendered":"<p>A scissors set specially designed for beginning professionals and students. The 440C steel and convex blades of the shears allow the use of all cutting techniques. The shaping scissors have a subtle thinning action (25 %), making them ideal for shaping fine hair. The scissors have a length of 6\u2033. The scissors are packed in a handy storage case.<\/p>","protected":false},"excerpt":{"rendered":"<p>Erityisesti aloittaville ammattilaisille sek\u00e4 opiskelijoille suunniteltu saksisetti. Leikkaussaksien 440C -ter\u00e4s sek\u00e4 kuperat ter\u00e4t mahdollistavat kaikkien leikkaustekniikoiden k\u00e4yt\u00f6n. Muotoilusakset ohentavat hienovaraisesti&hellip;<\/p>","protected":false},"featured_media":14187,"comment_status":"closed","ping_status":"open","template":"","meta":{"_relevanssi_hide_post":"","_relevanssi_pin_for_all":"","_relevanssi_pin_keywords":"","_relevanssi_unpin_keywords":"","_relevanssi_related_keywords":"","_relevanssi_related_include_ids":"","_relevanssi_related_exclude_ids":"","_relevanssi_related_no_append":"","_relevanssi_related_not_related":"","_relevanssi_related_posts":"","_relevanssi_noindex_reason":""},"product_cat":[1783,1785],"product_tag":[],"class_list":["post-5500","product","type-product","status-publish","has-post-thumbnail","hentry","product_cat-sakset-ja-veitset","product_cat-saksisetit","pa_ominaisuudet-valmistettu-euroopassa","pa_pituus-171","tuotemerkki-artero"],"tuotemerkit":[{"term_id":155,"name":"Artero","slug":"artero","term_group":0,"term_taxonomy_id":155,"taxonomy":"tuotemerkki","description":"","parent":0,"count":36,"filter":"raw"}],"acf":[],"yoast_head":"<!-- This site is optimized with the Yoast SEO plugin v23.3 - https:\/\/yoast.com\/wordpress\/plugins\/seo\/ -->\n<title>Artero One Set 6&quot; Left - Kinnunen<\/title>\n<meta name=\"robots\" content=\"noindex, follow, max-snippet:-1, max-image-preview:large, max-video-preview:-1\" \/>\n<meta property=\"og:locale\" content=\"en_GB\" \/>\n<meta property=\"og:type\" content=\"article\" \/>\n<meta property=\"og:title\" content=\"Artero One Set 6&quot; Left - Kinnunen\" \/>\n<meta property=\"og:description\" content=\"Erityisesti aloittaville ammattilaisille sek\u00e4 opiskelijoille suunniteltu saksisetti. Leikkaussaksien 440C -ter\u00e4s sek\u00e4 kuperat ter\u00e4t mahdollistavat kaikkien leikkaustekniikoiden k\u00e4yt\u00f6n. Muotoilusakset ohentavat hienovaraisesti&hellip;\" \/>\n<meta property=\"og:url\" content=\"https:\/\/kinnunen.kotisivut.co\/en\/product\/artero-one-set-6-left\/\" \/>\n<meta property=\"og:site_name\" content=\"Kinnunen\" \/>\n<meta property=\"article:modified_time\" content=\"2025-06-17T10:33:44+00:00\" \/>\n<meta property=\"og:image\" content=\"https:\/\/kinnunen.kotisivut.co\/wp-content\/uploads\/2021\/10\/Artero_one_left_set.jpg\" \/>\n\t<meta property=\"og:image:width\" content=\"1000\" \/>\n\t<meta property=\"og:image:height\" content=\"1000\" \/>\n\t<meta property=\"og:image:type\" content=\"image\/jpeg\" \/>\n<meta name=\"twitter:card\" content=\"summary_large_image\" \/>\n<script type=\"application\/ld+json\" class=\"yoast-schema-graph\">{\"@context\":\"https:\/\/schema.org\",\"@graph\":[{\"@type\":\"WebPage\",\"@id\":\"https:\/\/kinnunen.kotisivut.co\/tuote\/artero-one-set-6-left\/\",\"url\":\"https:\/\/kinnunen.kotisivut.co\/tuote\/artero-one-set-6-left\/\",\"name\":\"Artero One Set 6\\\" Left - Kinnunen\",\"isPartOf\":{\"@id\":\"https:\/\/kinnunen.kotisivut.co\/#website\"},\"primaryImageOfPage\":{\"@id\":\"https:\/\/kinnunen.kotisivut.co\/tuote\/artero-one-set-6-left\/#primaryimage\"},\"image\":{\"@id\":\"https:\/\/kinnunen.kotisivut.co\/tuote\/artero-one-set-6-left\/#primaryimage\"},\"thumbnailUrl\":\"https:\/\/kinnunen.kotisivut.co\/wp-content\/uploads\/2021\/10\/Artero_one_left_set.jpg\",\"datePublished\":\"2021-10-29T10:25:36+00:00\",\"dateModified\":\"2025-06-17T10:33:44+00:00\",\"breadcrumb\":{\"@id\":\"https:\/\/kinnunen.kotisivut.co\/tuote\/artero-one-set-6-left\/#breadcrumb\"},\"inLanguage\":\"en-GB\",\"potentialAction\":[{\"@type\":\"ReadAction\",\"target\":[\"https:\/\/kinnunen.kotisivut.co\/tuote\/artero-one-set-6-left\/\"]}]},{\"@type\":\"ImageObject\",\"inLanguage\":\"en-GB\",\"@id\":\"https:\/\/kinnunen.kotisivut.co\/tuote\/artero-one-set-6-left\/#primaryimage\",\"url\":\"https:\/\/kinnunen.kotisivut.co\/wp-content\/uploads\/2021\/10\/Artero_one_left_set.jpg\",\"contentUrl\":\"https:\/\/kinnunen.kotisivut.co\/wp-content\/uploads\/2021\/10\/Artero_one_left_set.jpg\",\"width\":1000,\"height\":1000},{\"@type\":\"BreadcrumbList\",\"@id\":\"https:\/\/kinnunen.kotisivut.co\/tuote\/artero-one-set-6-left\/#breadcrumb\",\"itemListElement\":[{\"@type\":\"ListItem\",\"position\":1,\"name\":\"Etusivu\",\"item\":\"https:\/\/kinnunen.kotisivut.co\/\"},{\"@type\":\"ListItem\",\"position\":2,\"name\":\"Kaikki tuotteet\",\"item\":\"https:\/\/kinnunen.kotisivut.co\/kauppa\/\"},{\"@type\":\"ListItem\",\"position\":3,\"name\":\"Sakset ja veitset\",\"item\":\"https:\/\/kinnunen.kotisivut.co\/tuote-osasto\/sakset-ja-veitset\/\"},{\"@type\":\"ListItem\",\"position\":4,\"name\":\"Saksisetit\",\"item\":\"https:\/\/kinnunen.kotisivut.co\/tuote-osasto\/sakset-ja-veitset\/saksisetit\/\"},{\"@type\":\"ListItem\",\"position\":5,\"name\":\"Artero One Set 6&#8243; Left\"}]},{\"@type\":\"WebSite\",\"@id\":\"https:\/\/kinnunen.kotisivut.co\/#website\",\"url\":\"https:\/\/kinnunen.kotisivut.co\/\",\"name\":\"Kinnunen\",\"description\":\"\",\"potentialAction\":[{\"@type\":\"SearchAction\",\"target\":{\"@type\":\"EntryPoint\",\"urlTemplate\":\"https:\/\/kinnunen.kotisivut.co\/?s={search_term_string}\"},\"query-input\":\"required name=search_term_string\"}],\"inLanguage\":\"en-GB\"}]}<\/script>\n<!-- \/ Yoast SEO plugin. -->","yoast_head_json":{"title":"Artero One Set 6\" Left - Kinnunen","robots":{"index":"noindex","follow":"follow","max-snippet":"max-snippet:-1","max-image-preview":"max-image-preview:large","max-video-preview":"max-video-preview:-1"},"og_locale":"en_GB","og_type":"article","og_title":"Artero One Set 6\" Left - Kinnunen","og_description":"Erityisesti aloittaville ammattilaisille sek\u00e4 opiskelijoille suunniteltu saksisetti. Leikkaussaksien 440C -ter\u00e4s sek\u00e4 kuperat ter\u00e4t mahdollistavat kaikkien leikkaustekniikoiden k\u00e4yt\u00f6n. Muotoilusakset ohentavat hienovaraisesti&hellip;","og_url":"https:\/\/kinnunen.kotisivut.co\/en\/product\/artero-one-set-6-left\/","og_site_name":"Kinnunen","article_modified_time":"2025-06-17T10:33:44+00:00","og_image":[{"width":1000,"height":1000,"url":"https:\/\/kinnunen.kotisivut.co\/wp-content\/uploads\/2021\/10\/Artero_one_left_set.jpg","type":"image\/jpeg"}],"twitter_card":"summary_large_image","schema":{"@context":"https:\/\/schema.org","@graph":[{"@type":"WebPage","@id":"https:\/\/kinnunen.kotisivut.co\/tuote\/artero-one-set-6-left\/","url":"https:\/\/kinnunen.kotisivut.co\/tuote\/artero-one-set-6-left\/","name":"Artero One Set 6\" Left - Kinnunen","isPartOf":{"@id":"https:\/\/kinnunen.kotisivut.co\/#website"},"primaryImageOfPage":{"@id":"https:\/\/kinnunen.kotisivut.co\/tuote\/artero-one-set-6-left\/#primaryimage"},"image":{"@id":"https:\/\/kinnunen.kotisivut.co\/tuote\/artero-one-set-6-left\/#primaryimage"},"thumbnailUrl":"https:\/\/kinnunen.kotisivut.co\/wp-content\/uploads\/2021\/10\/Artero_one_left_set.jpg","datePublished":"2021-10-29T10:25:36+00:00","dateModified":"2025-06-17T10:33:44+00:00","breadcrumb":{"@id":"https:\/\/kinnunen.kotisivut.co\/tuote\/artero-one-set-6-left\/#breadcrumb"},"inLanguage":"en-GB","potentialAction":[{"@type":"ReadAction","target":["https:\/\/kinnunen.kotisivut.co\/tuote\/artero-one-set-6-left\/"]}]},{"@type":"ImageObject","inLanguage":"en-GB","@id":"https:\/\/kinnunen.kotisivut.co\/tuote\/artero-one-set-6-left\/#primaryimage","url":"https:\/\/kinnunen.kotisivut.co\/wp-content\/uploads\/2021\/10\/Artero_one_left_set.jpg","contentUrl":"https:\/\/kinnunen.kotisivut.co\/wp-content\/uploads\/2021\/10\/Artero_one_left_set.jpg","width":1000,"height":1000},{"@type":"BreadcrumbList","@id":"https:\/\/kinnunen.kotisivut.co\/tuote\/artero-one-set-6-left\/#breadcrumb","itemListElement":[{"@type":"ListItem","position":1,"name":"Etusivu","item":"https:\/\/kinnunen.kotisivut.co\/"},{"@type":"ListItem","position":2,"name":"Kaikki tuotteet","item":"https:\/\/kinnunen.kotisivut.co\/kauppa\/"},{"@type":"ListItem","position":3,"name":"Sakset ja veitset","item":"https:\/\/kinnunen.kotisivut.co\/tuote-osasto\/sakset-ja-veitset\/"},{"@type":"ListItem","position":4,"name":"Saksisetit","item":"https:\/\/kinnunen.kotisivut.co\/tuote-osasto\/sakset-ja-veitset\/saksisetit\/"},{"@type":"ListItem","position":5,"name":"Artero One Set 6&#8243; Left"}]},{"@type":"WebSite","@id":"https:\/\/kinnunen.kotisivut.co\/#website","url":"https:\/\/kinnunen.kotisivut.co\/","name":"Kinnunen","description":"","potentialAction":[{"@type":"SearchAction","target":{"@type":"EntryPoint","urlTemplate":"https:\/\/kinnunen.kotisivut.co\/?s={search_term_string}"},"query-input":"required name=search_term_string"}],"inLanguage":"en-GB"}]}},"_links":{"self":[{"href":"https:\/\/kinnunen.kotisivut.co\/en\/wp-json\/wp\/v2\/product\/5500","targetHints":{"allow":["GET"]}}],"collection":[{"href":"https:\/\/kinnunen.kotisivut.co\/en\/wp-json\/wp\/v2\/product"}],"about":[{"href":"https:\/\/kinnunen.kotisivut.co\/en\/wp-json\/wp\/v2\/types\/product"}],"replies":[{"embeddable":true,"href":"https:\/\/kinnunen.kotisivut.co\/en\/wp-json\/wp\/v2\/comments?post=5500"}],"wp:featuredmedia":[{"embeddable":true,"href":"https:\/\/kinnunen.kotisivut.co\/en\/wp-json\/wp\/v2\/media\/14187"}],"wp:attachment":[{"href":"https:\/\/kinnunen.kotisivut.co\/en\/wp-json\/wp\/v2\/media?parent=5500"}],"wp:term":[{"taxonomy":"product_cat","embeddable":true,"href":"https:\/\/kinnunen.kotisivut.co\/en\/wp-json\/wp\/v2\/product_cat?post=5500"},{"taxonomy":"product_tag","embeddable":true,"href":"https:\/\/kinnunen.kotisivut.co\/en\/wp-json\/wp\/v2\/product_tag?post=5500"}],"curies":[{"name":"wp","href":"https:\/\/api.w.org\/{rel}","templated":true}]}}