

{"id":5498,"date":"2021-08-30T15:20:47","date_gmt":"2021-08-30T12:20:47","guid":{"rendered":"https:\/\/kinnunen.kotisivut.co\/tuote\/pastel-plus-viola-55\/"},"modified":"2025-09-24T09:41:49","modified_gmt":"2025-09-24T06:41:49","slug":"pastel-plus-viola-55","status":"publish","type":"product","link":"https:\/\/kinnunen.kotisivut.co\/en\/product\/pastel-plus-viola-55\/","title":{"rendered":"Pastel Plus Viola 5,5\u2033"},"content":{"rendered":"<p>The beautiful, purple-painted scissors are also ideal for people allergic to nickel. The smooth grinding of the blades is best suited to traditional haircutting, but also allows for lining techniques. Scissors length 5.5\".<\/p>","protected":false},"excerpt":{"rendered":"<p>Kauniit, violetiksi maalatut sakset soveltuvat erinomaisesti my\u00f6s nikkeliallergikoille. Terien sile\u00e4 hionta sopii parhaiten perinteiseen hiustenleikkaukseen, mutta sallii my\u00f6s vuolutekniikat. Saksien&hellip;<\/p>","protected":false},"featured_media":14527,"comment_status":"closed","ping_status":"closed","template":"","meta":{"_relevanssi_hide_post":"","_relevanssi_pin_for_all":"","_relevanssi_pin_keywords":"","_relevanssi_unpin_keywords":"","_relevanssi_related_keywords":"","_relevanssi_related_include_ids":"","_relevanssi_related_exclude_ids":"","_relevanssi_related_no_append":"","_relevanssi_related_not_related":"","_relevanssi_related_posts":"","_relevanssi_noindex_reason":""},"product_cat":[1783,1784],"product_tag":[],"class_list":["post-5498","product","type-product","status-publish","has-post-thumbnail","hentry","product_cat-sakset-ja-veitset","product_cat-leikkaussakset","pa_pituus-167","tuotemerkki-jaguar"],"tuotemerkit":[{"term_id":173,"name":"Jaguar","slug":"jaguar","term_group":0,"term_taxonomy_id":173,"taxonomy":"tuotemerkki","description":"","parent":0,"count":27,"filter":"raw"}],"acf":[],"yoast_head":"<!-- This site is optimized with the Yoast SEO plugin v23.3 - https:\/\/yoast.com\/wordpress\/plugins\/seo\/ -->\n<title>Pastel Plus Viola 5,5&quot; - Kinnunen<\/title>\n<meta name=\"robots\" content=\"noindex, follow, max-snippet:-1, max-image-preview:large, max-video-preview:-1\" \/>\n<meta property=\"og:locale\" content=\"en_GB\" \/>\n<meta property=\"og:type\" content=\"article\" \/>\n<meta property=\"og:title\" content=\"Pastel Plus Viola 5,5&quot; - Kinnunen\" \/>\n<meta property=\"og:description\" content=\"Kauniit, violetiksi maalatut sakset soveltuvat erinomaisesti my\u00f6s nikkeliallergikoille. Terien sile\u00e4 hionta sopii parhaiten perinteiseen hiustenleikkaukseen, mutta sallii my\u00f6s vuolutekniikat. Saksien&hellip;\" \/>\n<meta property=\"og:url\" content=\"https:\/\/kinnunen.kotisivut.co\/en\/product\/pastel-plus-viola-55\/\" \/>\n<meta property=\"og:site_name\" content=\"Kinnunen\" \/>\n<meta property=\"article:modified_time\" content=\"2025-09-24T06:41:49+00:00\" \/>\n<meta property=\"og:image\" content=\"https:\/\/kinnunen.kotisivut.co\/wp-content\/uploads\/2021\/10\/Jaguar_pastelplus_viola.jpg\" \/>\n\t<meta property=\"og:image:width\" content=\"1000\" \/>\n\t<meta property=\"og:image:height\" content=\"1000\" \/>\n\t<meta property=\"og:image:type\" content=\"image\/jpeg\" \/>\n<meta name=\"twitter:card\" content=\"summary_large_image\" \/>\n<script type=\"application\/ld+json\" class=\"yoast-schema-graph\">{\"@context\":\"https:\/\/schema.org\",\"@graph\":[{\"@type\":\"WebPage\",\"@id\":\"https:\/\/kinnunen.kotisivut.co\/tuote\/pastel-plus-viola-55\/\",\"url\":\"https:\/\/kinnunen.kotisivut.co\/tuote\/pastel-plus-viola-55\/\",\"name\":\"Pastel Plus Viola 5,5\\\" - Kinnunen\",\"isPartOf\":{\"@id\":\"https:\/\/kinnunen.kotisivut.co\/#website\"},\"primaryImageOfPage\":{\"@id\":\"https:\/\/kinnunen.kotisivut.co\/tuote\/pastel-plus-viola-55\/#primaryimage\"},\"image\":{\"@id\":\"https:\/\/kinnunen.kotisivut.co\/tuote\/pastel-plus-viola-55\/#primaryimage\"},\"thumbnailUrl\":\"https:\/\/kinnunen.kotisivut.co\/wp-content\/uploads\/2021\/10\/Jaguar_pastelplus_viola.jpg\",\"datePublished\":\"2021-08-30T12:20:47+00:00\",\"dateModified\":\"2025-09-24T06:41:49+00:00\",\"breadcrumb\":{\"@id\":\"https:\/\/kinnunen.kotisivut.co\/tuote\/pastel-plus-viola-55\/#breadcrumb\"},\"inLanguage\":\"en-GB\",\"potentialAction\":[{\"@type\":\"ReadAction\",\"target\":[\"https:\/\/kinnunen.kotisivut.co\/tuote\/pastel-plus-viola-55\/\"]}]},{\"@type\":\"ImageObject\",\"inLanguage\":\"en-GB\",\"@id\":\"https:\/\/kinnunen.kotisivut.co\/tuote\/pastel-plus-viola-55\/#primaryimage\",\"url\":\"https:\/\/kinnunen.kotisivut.co\/wp-content\/uploads\/2021\/10\/Jaguar_pastelplus_viola.jpg\",\"contentUrl\":\"https:\/\/kinnunen.kotisivut.co\/wp-content\/uploads\/2021\/10\/Jaguar_pastelplus_viola.jpg\",\"width\":1000,\"height\":1000},{\"@type\":\"BreadcrumbList\",\"@id\":\"https:\/\/kinnunen.kotisivut.co\/tuote\/pastel-plus-viola-55\/#breadcrumb\",\"itemListElement\":[{\"@type\":\"ListItem\",\"position\":1,\"name\":\"Etusivu\",\"item\":\"https:\/\/kinnunen.kotisivut.co\/\"},{\"@type\":\"ListItem\",\"position\":2,\"name\":\"Kaikki tuotteet\",\"item\":\"https:\/\/kinnunen.kotisivut.co\/kauppa\/\"},{\"@type\":\"ListItem\",\"position\":3,\"name\":\"Sakset ja veitset\",\"item\":\"https:\/\/kinnunen.kotisivut.co\/tuote-osasto\/sakset-ja-veitset\/\"},{\"@type\":\"ListItem\",\"position\":4,\"name\":\"Leikkaussakset\",\"item\":\"https:\/\/kinnunen.kotisivut.co\/tuote-osasto\/sakset-ja-veitset\/leikkaussakset\/\"},{\"@type\":\"ListItem\",\"position\":5,\"name\":\"Pastel Plus Viola 5,5&#8243;\"}]},{\"@type\":\"WebSite\",\"@id\":\"https:\/\/kinnunen.kotisivut.co\/#website\",\"url\":\"https:\/\/kinnunen.kotisivut.co\/\",\"name\":\"Kinnunen\",\"description\":\"\",\"potentialAction\":[{\"@type\":\"SearchAction\",\"target\":{\"@type\":\"EntryPoint\",\"urlTemplate\":\"https:\/\/kinnunen.kotisivut.co\/?s={search_term_string}\"},\"query-input\":\"required name=search_term_string\"}],\"inLanguage\":\"en-GB\"}]}<\/script>\n<!-- \/ Yoast SEO plugin. -->","yoast_head_json":{"title":"Pastel Plus Viola 5,5\" - Kinnunen","robots":{"index":"noindex","follow":"follow","max-snippet":"max-snippet:-1","max-image-preview":"max-image-preview:large","max-video-preview":"max-video-preview:-1"},"og_locale":"en_GB","og_type":"article","og_title":"Pastel Plus Viola 5,5\" - Kinnunen","og_description":"Kauniit, violetiksi maalatut sakset soveltuvat erinomaisesti my\u00f6s nikkeliallergikoille. Terien sile\u00e4 hionta sopii parhaiten perinteiseen hiustenleikkaukseen, mutta sallii my\u00f6s vuolutekniikat. Saksien&hellip;","og_url":"https:\/\/kinnunen.kotisivut.co\/en\/product\/pastel-plus-viola-55\/","og_site_name":"Kinnunen","article_modified_time":"2025-09-24T06:41:49+00:00","og_image":[{"width":1000,"height":1000,"url":"https:\/\/kinnunen.kotisivut.co\/wp-content\/uploads\/2021\/10\/Jaguar_pastelplus_viola.jpg","type":"image\/jpeg"}],"twitter_card":"summary_large_image","schema":{"@context":"https:\/\/schema.org","@graph":[{"@type":"WebPage","@id":"https:\/\/kinnunen.kotisivut.co\/tuote\/pastel-plus-viola-55\/","url":"https:\/\/kinnunen.kotisivut.co\/tuote\/pastel-plus-viola-55\/","name":"Pastel Plus Viola 5,5\" - Kinnunen","isPartOf":{"@id":"https:\/\/kinnunen.kotisivut.co\/#website"},"primaryImageOfPage":{"@id":"https:\/\/kinnunen.kotisivut.co\/tuote\/pastel-plus-viola-55\/#primaryimage"},"image":{"@id":"https:\/\/kinnunen.kotisivut.co\/tuote\/pastel-plus-viola-55\/#primaryimage"},"thumbnailUrl":"https:\/\/kinnunen.kotisivut.co\/wp-content\/uploads\/2021\/10\/Jaguar_pastelplus_viola.jpg","datePublished":"2021-08-30T12:20:47+00:00","dateModified":"2025-09-24T06:41:49+00:00","breadcrumb":{"@id":"https:\/\/kinnunen.kotisivut.co\/tuote\/pastel-plus-viola-55\/#breadcrumb"},"inLanguage":"en-GB","potentialAction":[{"@type":"ReadAction","target":["https:\/\/kinnunen.kotisivut.co\/tuote\/pastel-plus-viola-55\/"]}]},{"@type":"ImageObject","inLanguage":"en-GB","@id":"https:\/\/kinnunen.kotisivut.co\/tuote\/pastel-plus-viola-55\/#primaryimage","url":"https:\/\/kinnunen.kotisivut.co\/wp-content\/uploads\/2021\/10\/Jaguar_pastelplus_viola.jpg","contentUrl":"https:\/\/kinnunen.kotisivut.co\/wp-content\/uploads\/2021\/10\/Jaguar_pastelplus_viola.jpg","width":1000,"height":1000},{"@type":"BreadcrumbList","@id":"https:\/\/kinnunen.kotisivut.co\/tuote\/pastel-plus-viola-55\/#breadcrumb","itemListElement":[{"@type":"ListItem","position":1,"name":"Etusivu","item":"https:\/\/kinnunen.kotisivut.co\/"},{"@type":"ListItem","position":2,"name":"Kaikki tuotteet","item":"https:\/\/kinnunen.kotisivut.co\/kauppa\/"},{"@type":"ListItem","position":3,"name":"Sakset ja veitset","item":"https:\/\/kinnunen.kotisivut.co\/tuote-osasto\/sakset-ja-veitset\/"},{"@type":"ListItem","position":4,"name":"Leikkaussakset","item":"https:\/\/kinnunen.kotisivut.co\/tuote-osasto\/sakset-ja-veitset\/leikkaussakset\/"},{"@type":"ListItem","position":5,"name":"Pastel Plus Viola 5,5&#8243;"}]},{"@type":"WebSite","@id":"https:\/\/kinnunen.kotisivut.co\/#website","url":"https:\/\/kinnunen.kotisivut.co\/","name":"Kinnunen","description":"","potentialAction":[{"@type":"SearchAction","target":{"@type":"EntryPoint","urlTemplate":"https:\/\/kinnunen.kotisivut.co\/?s={search_term_string}"},"query-input":"required name=search_term_string"}],"inLanguage":"en-GB"}]}},"_links":{"self":[{"href":"https:\/\/kinnunen.kotisivut.co\/en\/wp-json\/wp\/v2\/product\/5498","targetHints":{"allow":["GET"]}}],"collection":[{"href":"https:\/\/kinnunen.kotisivut.co\/en\/wp-json\/wp\/v2\/product"}],"about":[{"href":"https:\/\/kinnunen.kotisivut.co\/en\/wp-json\/wp\/v2\/types\/product"}],"replies":[{"embeddable":true,"href":"https:\/\/kinnunen.kotisivut.co\/en\/wp-json\/wp\/v2\/comments?post=5498"}],"wp:featuredmedia":[{"embeddable":true,"href":"https:\/\/kinnunen.kotisivut.co\/en\/wp-json\/wp\/v2\/media\/14527"}],"wp:attachment":[{"href":"https:\/\/kinnunen.kotisivut.co\/en\/wp-json\/wp\/v2\/media?parent=5498"}],"wp:term":[{"taxonomy":"product_cat","embeddable":true,"href":"https:\/\/kinnunen.kotisivut.co\/en\/wp-json\/wp\/v2\/product_cat?post=5498"},{"taxonomy":"product_tag","embeddable":true,"href":"https:\/\/kinnunen.kotisivut.co\/en\/wp-json\/wp\/v2\/product_tag?post=5498"}],"curies":[{"name":"wp","href":"https:\/\/api.w.org\/{rel}","templated":true}]}}