

{"id":5479,"date":"2021-10-29T13:25:23","date_gmt":"2021-10-29T10:25:23","guid":{"rendered":"https:\/\/kinnunen.kotisivut.co\/tuote\/babylisspro-ep-tech-25mm\/"},"modified":"2025-12-12T13:59:47","modified_gmt":"2025-12-12T11:59:47","slug":"babylisspro-ep-tech-25mm","status":"publish","type":"product","link":"https:\/\/kinnunen.kotisivut.co\/en\/product\/babylisspro-ep-tech-25mm\/","title":{"rendered":"BabylissPro EP Tech 25mm"},"content":{"rendered":"<p>A lightweight and efficient straightener that straightens hair quickly. The 25 mm x 90 mm heat plates are coated with extremely durable Electro Plating technology, which gives them an incredibly smooth surface. The iron glides smoothly over the hair surface. You can choose the temperature that's just right for your hair from five options: 130\u00b0C, 150\u00b0C, 160\u00b0C, 180\u00b0C or 210\u00b0C. 2.7 m long, rotating cord. Warranty 12 months.<\/p>","protected":false},"excerpt":{"rendered":"<p>Kevyt ja tehokas suoristusrauta, jolla suoristat hiukset nopeasti. L\u00e4mp\u00f6levyt (25 mm x 90 mm) on pinnoitettu \u00e4\u00e4rimm\u00e4isen kest\u00e4v\u00e4ll\u00e4 Electro Plating&hellip;<\/p>","protected":false},"featured_media":14228,"comment_status":"closed","ping_status":"closed","template":"","meta":{"_relevanssi_hide_post":"","_relevanssi_pin_for_all":"","_relevanssi_pin_keywords":"","_relevanssi_unpin_keywords":"","_relevanssi_related_keywords":"","_relevanssi_related_include_ids":"","_relevanssi_related_exclude_ids":"","_relevanssi_related_no_append":"","_relevanssi_related_not_related":"","_relevanssi_related_posts":"","_relevanssi_noindex_reason":""},"product_cat":[1901,1903],"product_tag":[],"class_list":["post-5479","product","type-product","status-publish","has-post-thumbnail","hentry","product_cat-outlet","product_cat-laitteet-ja-sakset","tuotemerkki-babylisspro"],"tuotemerkit":[{"term_id":161,"name":"BabylissPro","slug":"babylisspro","term_group":0,"term_taxonomy_id":161,"taxonomy":"tuotemerkki","description":"","parent":0,"count":12,"filter":"raw"}],"acf":[],"yoast_head":"<!-- This site is optimized with the Yoast SEO plugin v23.3 - https:\/\/yoast.com\/wordpress\/plugins\/seo\/ -->\n<title>BabylissPro EP Tech 25mm - Kinnunen<\/title>\n<meta name=\"robots\" content=\"noindex, follow, max-snippet:-1, max-image-preview:large, max-video-preview:-1\" \/>\n<meta property=\"og:locale\" content=\"en_GB\" \/>\n<meta property=\"og:type\" content=\"article\" \/>\n<meta property=\"og:title\" content=\"BabylissPro EP Tech 25mm - Kinnunen\" \/>\n<meta property=\"og:description\" content=\"Kevyt ja tehokas suoristusrauta, jolla suoristat hiukset nopeasti. L\u00e4mp\u00f6levyt (25 mm x 90 mm) on pinnoitettu \u00e4\u00e4rimm\u00e4isen kest\u00e4v\u00e4ll\u00e4 Electro Plating&hellip;\" \/>\n<meta property=\"og:url\" content=\"https:\/\/kinnunen.kotisivut.co\/en\/product\/babylisspro-ep-tech-25mm\/\" \/>\n<meta property=\"og:site_name\" content=\"Kinnunen\" \/>\n<meta property=\"article:modified_time\" content=\"2025-12-12T11:59:47+00:00\" \/>\n<meta property=\"og:image\" content=\"https:\/\/kinnunen.kotisivut.co\/wp-content\/uploads\/2021\/10\/Babylisspro_EP_tech.jpg\" \/>\n\t<meta property=\"og:image:width\" content=\"1000\" \/>\n\t<meta property=\"og:image:height\" content=\"1000\" \/>\n\t<meta property=\"og:image:type\" content=\"image\/jpeg\" \/>\n<meta name=\"twitter:card\" content=\"summary_large_image\" \/>\n<script type=\"application\/ld+json\" class=\"yoast-schema-graph\">{\"@context\":\"https:\/\/schema.org\",\"@graph\":[{\"@type\":\"WebPage\",\"@id\":\"https:\/\/kinnunen.kotisivut.co\/tuote\/babylisspro-ep-tech-25mm\/\",\"url\":\"https:\/\/kinnunen.kotisivut.co\/tuote\/babylisspro-ep-tech-25mm\/\",\"name\":\"BabylissPro EP Tech 25mm - Kinnunen\",\"isPartOf\":{\"@id\":\"https:\/\/kinnunen.kotisivut.co\/#website\"},\"primaryImageOfPage\":{\"@id\":\"https:\/\/kinnunen.kotisivut.co\/tuote\/babylisspro-ep-tech-25mm\/#primaryimage\"},\"image\":{\"@id\":\"https:\/\/kinnunen.kotisivut.co\/tuote\/babylisspro-ep-tech-25mm\/#primaryimage\"},\"thumbnailUrl\":\"https:\/\/kinnunen.kotisivut.co\/wp-content\/uploads\/2021\/10\/Babylisspro_EP_tech.jpg\",\"datePublished\":\"2021-10-29T10:25:23+00:00\",\"dateModified\":\"2025-12-12T11:59:47+00:00\",\"breadcrumb\":{\"@id\":\"https:\/\/kinnunen.kotisivut.co\/tuote\/babylisspro-ep-tech-25mm\/#breadcrumb\"},\"inLanguage\":\"en-GB\",\"potentialAction\":[{\"@type\":\"ReadAction\",\"target\":[\"https:\/\/kinnunen.kotisivut.co\/tuote\/babylisspro-ep-tech-25mm\/\"]}]},{\"@type\":\"ImageObject\",\"inLanguage\":\"en-GB\",\"@id\":\"https:\/\/kinnunen.kotisivut.co\/tuote\/babylisspro-ep-tech-25mm\/#primaryimage\",\"url\":\"https:\/\/kinnunen.kotisivut.co\/wp-content\/uploads\/2021\/10\/Babylisspro_EP_tech.jpg\",\"contentUrl\":\"https:\/\/kinnunen.kotisivut.co\/wp-content\/uploads\/2021\/10\/Babylisspro_EP_tech.jpg\",\"width\":1000,\"height\":1000},{\"@type\":\"BreadcrumbList\",\"@id\":\"https:\/\/kinnunen.kotisivut.co\/tuote\/babylisspro-ep-tech-25mm\/#breadcrumb\",\"itemListElement\":[{\"@type\":\"ListItem\",\"position\":1,\"name\":\"Etusivu\",\"item\":\"https:\/\/kinnunen.kotisivut.co\/\"},{\"@type\":\"ListItem\",\"position\":2,\"name\":\"Kaikki tuotteet\",\"item\":\"https:\/\/kinnunen.kotisivut.co\/kauppa\/\"},{\"@type\":\"ListItem\",\"position\":3,\"name\":\"Outlet\",\"item\":\"https:\/\/kinnunen.kotisivut.co\/tuote-osasto\/outlet\/\"},{\"@type\":\"ListItem\",\"position\":4,\"name\":\"BabylissPro EP Tech 25mm\"}]},{\"@type\":\"WebSite\",\"@id\":\"https:\/\/kinnunen.kotisivut.co\/#website\",\"url\":\"https:\/\/kinnunen.kotisivut.co\/\",\"name\":\"Kinnunen\",\"description\":\"\",\"potentialAction\":[{\"@type\":\"SearchAction\",\"target\":{\"@type\":\"EntryPoint\",\"urlTemplate\":\"https:\/\/kinnunen.kotisivut.co\/?s={search_term_string}\"},\"query-input\":\"required name=search_term_string\"}],\"inLanguage\":\"en-GB\"}]}<\/script>\n<!-- \/ Yoast SEO plugin. -->","yoast_head_json":{"title":"BabylissPro EP Tech 25mm - Kinnunen","robots":{"index":"noindex","follow":"follow","max-snippet":"max-snippet:-1","max-image-preview":"max-image-preview:large","max-video-preview":"max-video-preview:-1"},"og_locale":"en_GB","og_type":"article","og_title":"BabylissPro EP Tech 25mm - Kinnunen","og_description":"Kevyt ja tehokas suoristusrauta, jolla suoristat hiukset nopeasti. L\u00e4mp\u00f6levyt (25 mm x 90 mm) on pinnoitettu \u00e4\u00e4rimm\u00e4isen kest\u00e4v\u00e4ll\u00e4 Electro Plating&hellip;","og_url":"https:\/\/kinnunen.kotisivut.co\/en\/product\/babylisspro-ep-tech-25mm\/","og_site_name":"Kinnunen","article_modified_time":"2025-12-12T11:59:47+00:00","og_image":[{"width":1000,"height":1000,"url":"https:\/\/kinnunen.kotisivut.co\/wp-content\/uploads\/2021\/10\/Babylisspro_EP_tech.jpg","type":"image\/jpeg"}],"twitter_card":"summary_large_image","schema":{"@context":"https:\/\/schema.org","@graph":[{"@type":"WebPage","@id":"https:\/\/kinnunen.kotisivut.co\/tuote\/babylisspro-ep-tech-25mm\/","url":"https:\/\/kinnunen.kotisivut.co\/tuote\/babylisspro-ep-tech-25mm\/","name":"BabylissPro EP Tech 25mm - Kinnunen","isPartOf":{"@id":"https:\/\/kinnunen.kotisivut.co\/#website"},"primaryImageOfPage":{"@id":"https:\/\/kinnunen.kotisivut.co\/tuote\/babylisspro-ep-tech-25mm\/#primaryimage"},"image":{"@id":"https:\/\/kinnunen.kotisivut.co\/tuote\/babylisspro-ep-tech-25mm\/#primaryimage"},"thumbnailUrl":"https:\/\/kinnunen.kotisivut.co\/wp-content\/uploads\/2021\/10\/Babylisspro_EP_tech.jpg","datePublished":"2021-10-29T10:25:23+00:00","dateModified":"2025-12-12T11:59:47+00:00","breadcrumb":{"@id":"https:\/\/kinnunen.kotisivut.co\/tuote\/babylisspro-ep-tech-25mm\/#breadcrumb"},"inLanguage":"en-GB","potentialAction":[{"@type":"ReadAction","target":["https:\/\/kinnunen.kotisivut.co\/tuote\/babylisspro-ep-tech-25mm\/"]}]},{"@type":"ImageObject","inLanguage":"en-GB","@id":"https:\/\/kinnunen.kotisivut.co\/tuote\/babylisspro-ep-tech-25mm\/#primaryimage","url":"https:\/\/kinnunen.kotisivut.co\/wp-content\/uploads\/2021\/10\/Babylisspro_EP_tech.jpg","contentUrl":"https:\/\/kinnunen.kotisivut.co\/wp-content\/uploads\/2021\/10\/Babylisspro_EP_tech.jpg","width":1000,"height":1000},{"@type":"BreadcrumbList","@id":"https:\/\/kinnunen.kotisivut.co\/tuote\/babylisspro-ep-tech-25mm\/#breadcrumb","itemListElement":[{"@type":"ListItem","position":1,"name":"Etusivu","item":"https:\/\/kinnunen.kotisivut.co\/"},{"@type":"ListItem","position":2,"name":"Kaikki tuotteet","item":"https:\/\/kinnunen.kotisivut.co\/kauppa\/"},{"@type":"ListItem","position":3,"name":"Outlet","item":"https:\/\/kinnunen.kotisivut.co\/tuote-osasto\/outlet\/"},{"@type":"ListItem","position":4,"name":"BabylissPro EP Tech 25mm"}]},{"@type":"WebSite","@id":"https:\/\/kinnunen.kotisivut.co\/#website","url":"https:\/\/kinnunen.kotisivut.co\/","name":"Kinnunen","description":"","potentialAction":[{"@type":"SearchAction","target":{"@type":"EntryPoint","urlTemplate":"https:\/\/kinnunen.kotisivut.co\/?s={search_term_string}"},"query-input":"required name=search_term_string"}],"inLanguage":"en-GB"}]}},"_links":{"self":[{"href":"https:\/\/kinnunen.kotisivut.co\/en\/wp-json\/wp\/v2\/product\/5479","targetHints":{"allow":["GET"]}}],"collection":[{"href":"https:\/\/kinnunen.kotisivut.co\/en\/wp-json\/wp\/v2\/product"}],"about":[{"href":"https:\/\/kinnunen.kotisivut.co\/en\/wp-json\/wp\/v2\/types\/product"}],"replies":[{"embeddable":true,"href":"https:\/\/kinnunen.kotisivut.co\/en\/wp-json\/wp\/v2\/comments?post=5479"}],"wp:featuredmedia":[{"embeddable":true,"href":"https:\/\/kinnunen.kotisivut.co\/en\/wp-json\/wp\/v2\/media\/14228"}],"wp:attachment":[{"href":"https:\/\/kinnunen.kotisivut.co\/en\/wp-json\/wp\/v2\/media?parent=5479"}],"wp:term":[{"taxonomy":"product_cat","embeddable":true,"href":"https:\/\/kinnunen.kotisivut.co\/en\/wp-json\/wp\/v2\/product_cat?post=5479"},{"taxonomy":"product_tag","embeddable":true,"href":"https:\/\/kinnunen.kotisivut.co\/en\/wp-json\/wp\/v2\/product_tag?post=5479"}],"curies":[{"name":"wp","href":"https:\/\/api.w.org\/{rel}","templated":true}]}}