

{"id":5413,"date":"2021-10-29T13:24:27","date_gmt":"2021-10-29T10:24:27","guid":{"rendered":"https:\/\/kinnunen.kotisivut.co\/tuote\/artero-spektra\/"},"modified":"2025-12-03T10:23:41","modified_gmt":"2025-12-03T08:23:41","slug":"artero-spektra","status":"publish","type":"product","link":"https:\/\/kinnunen.kotisivut.co\/en\/product\/artero-spektra\/","title":{"rendered":"Artero Spektra"},"content":{"rendered":"<p>Take full control of your machine! A digital display tells you how much time you have left and the oil level in the blade. With the digital control, you can quickly adjust the cutting length of the machine's titanium-coated blade from 1 mm to 1.3 mm to 1.6 mm to 1.9 mm at the touch of a button. The motor speed can be adjusted to five different speeds of 5000 rpm, 5500 rpm, 6000 rpm, 6500 rpm and 7000 rpm depending on whether you are cutting thin or thick hair. The machine comes with 8 cutting blades, a charging base, charging cable, oil and cleaning brush.<\/p>","protected":false},"excerpt":{"rendered":"<p>Hallitse konettasi t\u00e4ysin! Digitaalinen n\u00e4ytt\u00f6 kertoo sinulle j\u00e4ljell\u00e4 olevan k\u00e4ytt\u00f6ajan sek\u00e4 ter\u00e4n \u00f6ljytason. Digitaalisen ohjauksen avulla s\u00e4\u00e4d\u00e4t koneen titaanipinnoitteisen ter\u00e4n&hellip;<\/p>","protected":false},"featured_media":14201,"comment_status":"closed","ping_status":"closed","template":"","meta":{"_relevanssi_hide_post":"","_relevanssi_pin_for_all":"","_relevanssi_pin_keywords":"","_relevanssi_unpin_keywords":"","_relevanssi_related_keywords":"","_relevanssi_related_include_ids":"","_relevanssi_related_exclude_ids":"","_relevanssi_related_no_append":"","_relevanssi_related_not_related":"","_relevanssi_related_posts":"","_relevanssi_noindex_reason":""},"product_cat":[1774,1775,1901,1903],"product_tag":[],"class_list":["post-5413","product","type-product","status-publish","has-post-thumbnail","hentry","product_cat-koneet-ja-laitteet","product_cat-leikkauskoneet","product_cat-outlet","product_cat-laitteet-ja-sakset","tuotemerkki-artero"],"tuotemerkit":[{"term_id":155,"name":"Artero","slug":"artero","term_group":0,"term_taxonomy_id":155,"taxonomy":"tuotemerkki","description":"","parent":0,"count":36,"filter":"raw"}],"acf":[],"yoast_head":"<!-- This site is optimized with the Yoast SEO plugin v23.3 - https:\/\/yoast.com\/wordpress\/plugins\/seo\/ -->\n<title>Artero Spektra - Kinnunen<\/title>\n<meta name=\"robots\" content=\"noindex, follow, max-snippet:-1, max-image-preview:large, max-video-preview:-1\" \/>\n<meta property=\"og:locale\" content=\"en_GB\" \/>\n<meta property=\"og:type\" content=\"article\" \/>\n<meta property=\"og:title\" content=\"Artero Spektra - Kinnunen\" \/>\n<meta property=\"og:description\" content=\"Hallitse konettasi t\u00e4ysin! Digitaalinen n\u00e4ytt\u00f6 kertoo sinulle j\u00e4ljell\u00e4 olevan k\u00e4ytt\u00f6ajan sek\u00e4 ter\u00e4n \u00f6ljytason. Digitaalisen ohjauksen avulla s\u00e4\u00e4d\u00e4t koneen titaanipinnoitteisen ter\u00e4n&hellip;\" \/>\n<meta property=\"og:url\" content=\"https:\/\/kinnunen.kotisivut.co\/en\/product\/artero-spektra\/\" \/>\n<meta property=\"og:site_name\" content=\"Kinnunen\" \/>\n<meta property=\"article:modified_time\" content=\"2025-12-03T08:23:41+00:00\" \/>\n<meta property=\"og:image\" content=\"https:\/\/kinnunen.kotisivut.co\/wp-content\/uploads\/2021\/10\/Artero_spektra.jpg\" \/>\n\t<meta property=\"og:image:width\" content=\"1000\" \/>\n\t<meta property=\"og:image:height\" content=\"1000\" \/>\n\t<meta property=\"og:image:type\" content=\"image\/jpeg\" \/>\n<meta name=\"twitter:card\" content=\"summary_large_image\" \/>\n<script type=\"application\/ld+json\" class=\"yoast-schema-graph\">{\"@context\":\"https:\/\/schema.org\",\"@graph\":[{\"@type\":\"WebPage\",\"@id\":\"https:\/\/kinnunen.kotisivut.co\/tuote\/artero-spektra\/\",\"url\":\"https:\/\/kinnunen.kotisivut.co\/tuote\/artero-spektra\/\",\"name\":\"Artero Spektra - Kinnunen\",\"isPartOf\":{\"@id\":\"https:\/\/kinnunen.kotisivut.co\/#website\"},\"primaryImageOfPage\":{\"@id\":\"https:\/\/kinnunen.kotisivut.co\/tuote\/artero-spektra\/#primaryimage\"},\"image\":{\"@id\":\"https:\/\/kinnunen.kotisivut.co\/tuote\/artero-spektra\/#primaryimage\"},\"thumbnailUrl\":\"https:\/\/kinnunen.kotisivut.co\/wp-content\/uploads\/2021\/10\/Artero_spektra.jpg\",\"datePublished\":\"2021-10-29T10:24:27+00:00\",\"dateModified\":\"2025-12-03T08:23:41+00:00\",\"breadcrumb\":{\"@id\":\"https:\/\/kinnunen.kotisivut.co\/tuote\/artero-spektra\/#breadcrumb\"},\"inLanguage\":\"en-GB\",\"potentialAction\":[{\"@type\":\"ReadAction\",\"target\":[\"https:\/\/kinnunen.kotisivut.co\/tuote\/artero-spektra\/\"]}]},{\"@type\":\"ImageObject\",\"inLanguage\":\"en-GB\",\"@id\":\"https:\/\/kinnunen.kotisivut.co\/tuote\/artero-spektra\/#primaryimage\",\"url\":\"https:\/\/kinnunen.kotisivut.co\/wp-content\/uploads\/2021\/10\/Artero_spektra.jpg\",\"contentUrl\":\"https:\/\/kinnunen.kotisivut.co\/wp-content\/uploads\/2021\/10\/Artero_spektra.jpg\",\"width\":1000,\"height\":1000},{\"@type\":\"BreadcrumbList\",\"@id\":\"https:\/\/kinnunen.kotisivut.co\/tuote\/artero-spektra\/#breadcrumb\",\"itemListElement\":[{\"@type\":\"ListItem\",\"position\":1,\"name\":\"Etusivu\",\"item\":\"https:\/\/kinnunen.kotisivut.co\/\"},{\"@type\":\"ListItem\",\"position\":2,\"name\":\"Kaikki tuotteet\",\"item\":\"https:\/\/kinnunen.kotisivut.co\/kauppa\/\"},{\"@type\":\"ListItem\",\"position\":3,\"name\":\"Koneet ja s\u00e4hk\u00f6laitteet\",\"item\":\"https:\/\/kinnunen.kotisivut.co\/tuote-osasto\/koneet-ja-laitteet\/\"},{\"@type\":\"ListItem\",\"position\":4,\"name\":\"Artero Spektra\"}]},{\"@type\":\"WebSite\",\"@id\":\"https:\/\/kinnunen.kotisivut.co\/#website\",\"url\":\"https:\/\/kinnunen.kotisivut.co\/\",\"name\":\"Kinnunen\",\"description\":\"\",\"potentialAction\":[{\"@type\":\"SearchAction\",\"target\":{\"@type\":\"EntryPoint\",\"urlTemplate\":\"https:\/\/kinnunen.kotisivut.co\/?s={search_term_string}\"},\"query-input\":\"required name=search_term_string\"}],\"inLanguage\":\"en-GB\"}]}<\/script>\n<!-- \/ Yoast SEO plugin. -->","yoast_head_json":{"title":"Artero Spektra - Kinnunen","robots":{"index":"noindex","follow":"follow","max-snippet":"max-snippet:-1","max-image-preview":"max-image-preview:large","max-video-preview":"max-video-preview:-1"},"og_locale":"en_GB","og_type":"article","og_title":"Artero Spektra - Kinnunen","og_description":"Hallitse konettasi t\u00e4ysin! Digitaalinen n\u00e4ytt\u00f6 kertoo sinulle j\u00e4ljell\u00e4 olevan k\u00e4ytt\u00f6ajan sek\u00e4 ter\u00e4n \u00f6ljytason. Digitaalisen ohjauksen avulla s\u00e4\u00e4d\u00e4t koneen titaanipinnoitteisen ter\u00e4n&hellip;","og_url":"https:\/\/kinnunen.kotisivut.co\/en\/product\/artero-spektra\/","og_site_name":"Kinnunen","article_modified_time":"2025-12-03T08:23:41+00:00","og_image":[{"width":1000,"height":1000,"url":"https:\/\/kinnunen.kotisivut.co\/wp-content\/uploads\/2021\/10\/Artero_spektra.jpg","type":"image\/jpeg"}],"twitter_card":"summary_large_image","schema":{"@context":"https:\/\/schema.org","@graph":[{"@type":"WebPage","@id":"https:\/\/kinnunen.kotisivut.co\/tuote\/artero-spektra\/","url":"https:\/\/kinnunen.kotisivut.co\/tuote\/artero-spektra\/","name":"Artero Spektra - Kinnunen","isPartOf":{"@id":"https:\/\/kinnunen.kotisivut.co\/#website"},"primaryImageOfPage":{"@id":"https:\/\/kinnunen.kotisivut.co\/tuote\/artero-spektra\/#primaryimage"},"image":{"@id":"https:\/\/kinnunen.kotisivut.co\/tuote\/artero-spektra\/#primaryimage"},"thumbnailUrl":"https:\/\/kinnunen.kotisivut.co\/wp-content\/uploads\/2021\/10\/Artero_spektra.jpg","datePublished":"2021-10-29T10:24:27+00:00","dateModified":"2025-12-03T08:23:41+00:00","breadcrumb":{"@id":"https:\/\/kinnunen.kotisivut.co\/tuote\/artero-spektra\/#breadcrumb"},"inLanguage":"en-GB","potentialAction":[{"@type":"ReadAction","target":["https:\/\/kinnunen.kotisivut.co\/tuote\/artero-spektra\/"]}]},{"@type":"ImageObject","inLanguage":"en-GB","@id":"https:\/\/kinnunen.kotisivut.co\/tuote\/artero-spektra\/#primaryimage","url":"https:\/\/kinnunen.kotisivut.co\/wp-content\/uploads\/2021\/10\/Artero_spektra.jpg","contentUrl":"https:\/\/kinnunen.kotisivut.co\/wp-content\/uploads\/2021\/10\/Artero_spektra.jpg","width":1000,"height":1000},{"@type":"BreadcrumbList","@id":"https:\/\/kinnunen.kotisivut.co\/tuote\/artero-spektra\/#breadcrumb","itemListElement":[{"@type":"ListItem","position":1,"name":"Etusivu","item":"https:\/\/kinnunen.kotisivut.co\/"},{"@type":"ListItem","position":2,"name":"Kaikki tuotteet","item":"https:\/\/kinnunen.kotisivut.co\/kauppa\/"},{"@type":"ListItem","position":3,"name":"Koneet ja s\u00e4hk\u00f6laitteet","item":"https:\/\/kinnunen.kotisivut.co\/tuote-osasto\/koneet-ja-laitteet\/"},{"@type":"ListItem","position":4,"name":"Artero Spektra"}]},{"@type":"WebSite","@id":"https:\/\/kinnunen.kotisivut.co\/#website","url":"https:\/\/kinnunen.kotisivut.co\/","name":"Kinnunen","description":"","potentialAction":[{"@type":"SearchAction","target":{"@type":"EntryPoint","urlTemplate":"https:\/\/kinnunen.kotisivut.co\/?s={search_term_string}"},"query-input":"required name=search_term_string"}],"inLanguage":"en-GB"}]}},"_links":{"self":[{"href":"https:\/\/kinnunen.kotisivut.co\/en\/wp-json\/wp\/v2\/product\/5413","targetHints":{"allow":["GET"]}}],"collection":[{"href":"https:\/\/kinnunen.kotisivut.co\/en\/wp-json\/wp\/v2\/product"}],"about":[{"href":"https:\/\/kinnunen.kotisivut.co\/en\/wp-json\/wp\/v2\/types\/product"}],"replies":[{"embeddable":true,"href":"https:\/\/kinnunen.kotisivut.co\/en\/wp-json\/wp\/v2\/comments?post=5413"}],"wp:featuredmedia":[{"embeddable":true,"href":"https:\/\/kinnunen.kotisivut.co\/en\/wp-json\/wp\/v2\/media\/14201"}],"wp:attachment":[{"href":"https:\/\/kinnunen.kotisivut.co\/en\/wp-json\/wp\/v2\/media?parent=5413"}],"wp:term":[{"taxonomy":"product_cat","embeddable":true,"href":"https:\/\/kinnunen.kotisivut.co\/en\/wp-json\/wp\/v2\/product_cat?post=5413"},{"taxonomy":"product_tag","embeddable":true,"href":"https:\/\/kinnunen.kotisivut.co\/en\/wp-json\/wp\/v2\/product_tag?post=5413"}],"curies":[{"name":"wp","href":"https:\/\/api.w.org\/{rel}","templated":true}]}}