

{"id":5280,"date":"2021-10-29T13:22:13","date_gmt":"2021-10-29T10:22:13","guid":{"rendered":"https:\/\/kinnunen.kotisivut.co\/tuote\/tinta-cream-developer-12-60-ml\/"},"modified":"2025-11-21T14:06:02","modified_gmt":"2025-11-21T12:06:02","slug":"tinta-cream-developer-12-60-ml","status":"publish","type":"product","link":"https:\/\/kinnunen.kotisivut.co\/en\/product\/tinta-cream-developer-12-60-ml\/","title":{"rendered":"Keune Cream Developer 12% 60 ml"},"content":{"rendered":"<p>Keune Cream Developer has been developed for use with Keune colours. It has a very stable formulation, which allows it to maintain its strength even at high temperatures. For optimal results with Keune Color colours, use only with Keune Cream Developer. LP300 colour protection is only available with Keune Cream Developer. LP300 protects the hair structure during colouring and improves the durability of red tones in particular.<\/p>","protected":false},"excerpt":{"rendered":"<p>12 % acids for Keune colours. Includes LP300 ink protection.<\/p>","protected":false},"featured_media":46199,"comment_status":"closed","ping_status":"closed","template":"","meta":{"_relevanssi_hide_post":"","_relevanssi_pin_for_all":"","_relevanssi_pin_keywords":"","_relevanssi_unpin_keywords":"","_relevanssi_related_keywords":"","_relevanssi_related_include_ids":"","_relevanssi_related_exclude_ids":"","_relevanssi_related_no_append":"","_relevanssi_related_not_related":"","_relevanssi_related_posts":"","_relevanssi_noindex_reason":""},"product_cat":[1727,1751],"product_tag":[2209],"class_list":["post-5280","product","type-product","status-publish","has-post-thumbnail","hentry","product_cat-hiuskosmetiikka","product_cat-hapetteet","product_tag-tinta-ja-semi","pa_koko-60-ml","pa_ominaisuudet-cruelty-free","pa_ominaisuudet-valmistettu-euroopassa","pa_tuotesarja-tinta-color","tuotemerkki-keune-haircosmetics","tuotemerkki-tinta-color"],"tuotemerkit":[{"term_id":25,"name":"Keune Haircosmetics","slug":"keune-haircosmetics","term_group":0,"term_taxonomy_id":25,"taxonomy":"tuotemerkki","description":"","parent":0,"count":293,"filter":"raw"},{"term_id":110,"name":"Tinta Color","slug":"tinta-color","term_group":0,"term_taxonomy_id":110,"taxonomy":"tuotemerkki","description":"","parent":25,"count":11,"filter":"raw"}],"acf":[],"yoast_head":"<!-- This site is optimized with the Yoast SEO plugin v23.3 - https:\/\/yoast.com\/wordpress\/plugins\/seo\/ -->\n<title>Keune Cream Developer 12% 60 ml - Kinnunen<\/title>\n<meta name=\"robots\" content=\"noindex, follow, max-snippet:-1, max-image-preview:large, max-video-preview:-1\" \/>\n<meta property=\"og:locale\" content=\"en_GB\" \/>\n<meta property=\"og:type\" content=\"article\" \/>\n<meta property=\"og:title\" content=\"Keune Cream Developer 12% 60 ml - Kinnunen\" \/>\n<meta property=\"og:description\" content=\"12 % hapete Keune -v\u00e4reille. Sis\u00e4lt\u00e4\u00e4 LP300-v\u00e4rinsuojan.\" \/>\n<meta property=\"og:url\" content=\"https:\/\/kinnunen.kotisivut.co\/en\/product\/tinta-cream-developer-12-60-ml\/\" \/>\n<meta property=\"og:site_name\" content=\"Kinnunen\" \/>\n<meta property=\"article:modified_time\" content=\"2025-11-21T12:06:02+00:00\" \/>\n<meta property=\"og:image\" content=\"https:\/\/kinnunen.kotisivut.co\/wp-content\/uploads\/2021\/10\/Keune-Cream-Developer-12-16418A.jpeg\" \/>\n\t<meta property=\"og:image:width\" content=\"1050\" \/>\n\t<meta property=\"og:image:height\" content=\"1050\" \/>\n\t<meta property=\"og:image:type\" content=\"image\/jpeg\" \/>\n<meta name=\"twitter:card\" content=\"summary_large_image\" \/>\n<script type=\"application\/ld+json\" class=\"yoast-schema-graph\">{\"@context\":\"https:\/\/schema.org\",\"@graph\":[{\"@type\":\"WebPage\",\"@id\":\"https:\/\/kinnunen.kotisivut.co\/tuote\/tinta-cream-developer-12-60-ml\/\",\"url\":\"https:\/\/kinnunen.kotisivut.co\/tuote\/tinta-cream-developer-12-60-ml\/\",\"name\":\"Keune Cream Developer 12% 60 ml - Kinnunen\",\"isPartOf\":{\"@id\":\"https:\/\/kinnunen.kotisivut.co\/#website\"},\"primaryImageOfPage\":{\"@id\":\"https:\/\/kinnunen.kotisivut.co\/tuote\/tinta-cream-developer-12-60-ml\/#primaryimage\"},\"image\":{\"@id\":\"https:\/\/kinnunen.kotisivut.co\/tuote\/tinta-cream-developer-12-60-ml\/#primaryimage\"},\"thumbnailUrl\":\"https:\/\/kinnunen.kotisivut.co\/wp-content\/uploads\/2021\/10\/Keune-Cream-Developer-12-16418A.jpeg\",\"datePublished\":\"2021-10-29T10:22:13+00:00\",\"dateModified\":\"2025-11-21T12:06:02+00:00\",\"breadcrumb\":{\"@id\":\"https:\/\/kinnunen.kotisivut.co\/tuote\/tinta-cream-developer-12-60-ml\/#breadcrumb\"},\"inLanguage\":\"en-GB\",\"potentialAction\":[{\"@type\":\"ReadAction\",\"target\":[\"https:\/\/kinnunen.kotisivut.co\/tuote\/tinta-cream-developer-12-60-ml\/\"]}]},{\"@type\":\"ImageObject\",\"inLanguage\":\"en-GB\",\"@id\":\"https:\/\/kinnunen.kotisivut.co\/tuote\/tinta-cream-developer-12-60-ml\/#primaryimage\",\"url\":\"https:\/\/kinnunen.kotisivut.co\/wp-content\/uploads\/2021\/10\/Keune-Cream-Developer-12-16418A.jpeg\",\"contentUrl\":\"https:\/\/kinnunen.kotisivut.co\/wp-content\/uploads\/2021\/10\/Keune-Cream-Developer-12-16418A.jpeg\",\"width\":1050,\"height\":1050},{\"@type\":\"BreadcrumbList\",\"@id\":\"https:\/\/kinnunen.kotisivut.co\/tuote\/tinta-cream-developer-12-60-ml\/#breadcrumb\",\"itemListElement\":[{\"@type\":\"ListItem\",\"position\":1,\"name\":\"Etusivu\",\"item\":\"https:\/\/kinnunen.kotisivut.co\/\"},{\"@type\":\"ListItem\",\"position\":2,\"name\":\"Kaikki tuotteet\",\"item\":\"https:\/\/kinnunen.kotisivut.co\/kauppa\/\"},{\"@type\":\"ListItem\",\"position\":3,\"name\":\"Hiuskosmetiikka\",\"item\":\"https:\/\/kinnunen.kotisivut.co\/tuote-osasto\/hiuskosmetiikka\/\"},{\"@type\":\"ListItem\",\"position\":4,\"name\":\"Hapetteet\",\"item\":\"https:\/\/kinnunen.kotisivut.co\/tuote-osasto\/hiuskosmetiikka\/hapetteet\/\"},{\"@type\":\"ListItem\",\"position\":5,\"name\":\"Keune Cream Developer 12% 60 ml\"}]},{\"@type\":\"WebSite\",\"@id\":\"https:\/\/kinnunen.kotisivut.co\/#website\",\"url\":\"https:\/\/kinnunen.kotisivut.co\/\",\"name\":\"Kinnunen\",\"description\":\"\",\"potentialAction\":[{\"@type\":\"SearchAction\",\"target\":{\"@type\":\"EntryPoint\",\"urlTemplate\":\"https:\/\/kinnunen.kotisivut.co\/?s={search_term_string}\"},\"query-input\":\"required name=search_term_string\"}],\"inLanguage\":\"en-GB\"}]}<\/script>\n<!-- \/ Yoast SEO plugin. -->","yoast_head_json":{"title":"Keune Cream Developer 12% 60 ml - Kinnunen","robots":{"index":"noindex","follow":"follow","max-snippet":"max-snippet:-1","max-image-preview":"max-image-preview:large","max-video-preview":"max-video-preview:-1"},"og_locale":"en_GB","og_type":"article","og_title":"Keune Cream Developer 12% 60 ml - Kinnunen","og_description":"12 % hapete Keune -v\u00e4reille. Sis\u00e4lt\u00e4\u00e4 LP300-v\u00e4rinsuojan.","og_url":"https:\/\/kinnunen.kotisivut.co\/en\/product\/tinta-cream-developer-12-60-ml\/","og_site_name":"Kinnunen","article_modified_time":"2025-11-21T12:06:02+00:00","og_image":[{"width":1050,"height":1050,"url":"https:\/\/kinnunen.kotisivut.co\/wp-content\/uploads\/2021\/10\/Keune-Cream-Developer-12-16418A.jpeg","type":"image\/jpeg"}],"twitter_card":"summary_large_image","schema":{"@context":"https:\/\/schema.org","@graph":[{"@type":"WebPage","@id":"https:\/\/kinnunen.kotisivut.co\/tuote\/tinta-cream-developer-12-60-ml\/","url":"https:\/\/kinnunen.kotisivut.co\/tuote\/tinta-cream-developer-12-60-ml\/","name":"Keune Cream Developer 12% 60 ml - Kinnunen","isPartOf":{"@id":"https:\/\/kinnunen.kotisivut.co\/#website"},"primaryImageOfPage":{"@id":"https:\/\/kinnunen.kotisivut.co\/tuote\/tinta-cream-developer-12-60-ml\/#primaryimage"},"image":{"@id":"https:\/\/kinnunen.kotisivut.co\/tuote\/tinta-cream-developer-12-60-ml\/#primaryimage"},"thumbnailUrl":"https:\/\/kinnunen.kotisivut.co\/wp-content\/uploads\/2021\/10\/Keune-Cream-Developer-12-16418A.jpeg","datePublished":"2021-10-29T10:22:13+00:00","dateModified":"2025-11-21T12:06:02+00:00","breadcrumb":{"@id":"https:\/\/kinnunen.kotisivut.co\/tuote\/tinta-cream-developer-12-60-ml\/#breadcrumb"},"inLanguage":"en-GB","potentialAction":[{"@type":"ReadAction","target":["https:\/\/kinnunen.kotisivut.co\/tuote\/tinta-cream-developer-12-60-ml\/"]}]},{"@type":"ImageObject","inLanguage":"en-GB","@id":"https:\/\/kinnunen.kotisivut.co\/tuote\/tinta-cream-developer-12-60-ml\/#primaryimage","url":"https:\/\/kinnunen.kotisivut.co\/wp-content\/uploads\/2021\/10\/Keune-Cream-Developer-12-16418A.jpeg","contentUrl":"https:\/\/kinnunen.kotisivut.co\/wp-content\/uploads\/2021\/10\/Keune-Cream-Developer-12-16418A.jpeg","width":1050,"height":1050},{"@type":"BreadcrumbList","@id":"https:\/\/kinnunen.kotisivut.co\/tuote\/tinta-cream-developer-12-60-ml\/#breadcrumb","itemListElement":[{"@type":"ListItem","position":1,"name":"Etusivu","item":"https:\/\/kinnunen.kotisivut.co\/"},{"@type":"ListItem","position":2,"name":"Kaikki tuotteet","item":"https:\/\/kinnunen.kotisivut.co\/kauppa\/"},{"@type":"ListItem","position":3,"name":"Hiuskosmetiikka","item":"https:\/\/kinnunen.kotisivut.co\/tuote-osasto\/hiuskosmetiikka\/"},{"@type":"ListItem","position":4,"name":"Hapetteet","item":"https:\/\/kinnunen.kotisivut.co\/tuote-osasto\/hiuskosmetiikka\/hapetteet\/"},{"@type":"ListItem","position":5,"name":"Keune Cream Developer 12% 60 ml"}]},{"@type":"WebSite","@id":"https:\/\/kinnunen.kotisivut.co\/#website","url":"https:\/\/kinnunen.kotisivut.co\/","name":"Kinnunen","description":"","potentialAction":[{"@type":"SearchAction","target":{"@type":"EntryPoint","urlTemplate":"https:\/\/kinnunen.kotisivut.co\/?s={search_term_string}"},"query-input":"required name=search_term_string"}],"inLanguage":"en-GB"}]}},"_links":{"self":[{"href":"https:\/\/kinnunen.kotisivut.co\/en\/wp-json\/wp\/v2\/product\/5280","targetHints":{"allow":["GET"]}}],"collection":[{"href":"https:\/\/kinnunen.kotisivut.co\/en\/wp-json\/wp\/v2\/product"}],"about":[{"href":"https:\/\/kinnunen.kotisivut.co\/en\/wp-json\/wp\/v2\/types\/product"}],"replies":[{"embeddable":true,"href":"https:\/\/kinnunen.kotisivut.co\/en\/wp-json\/wp\/v2\/comments?post=5280"}],"wp:featuredmedia":[{"embeddable":true,"href":"https:\/\/kinnunen.kotisivut.co\/en\/wp-json\/wp\/v2\/media\/46199"}],"wp:attachment":[{"href":"https:\/\/kinnunen.kotisivut.co\/en\/wp-json\/wp\/v2\/media?parent=5280"}],"wp:term":[{"taxonomy":"product_cat","embeddable":true,"href":"https:\/\/kinnunen.kotisivut.co\/en\/wp-json\/wp\/v2\/product_cat?post=5280"},{"taxonomy":"product_tag","embeddable":true,"href":"https:\/\/kinnunen.kotisivut.co\/en\/wp-json\/wp\/v2\/product_tag?post=5280"}],"curies":[{"name":"wp","href":"https:\/\/api.w.org\/{rel}","templated":true}]}}