

{"id":5258,"date":"2021-10-29T13:21:57","date_gmt":"2021-10-29T10:21:57","guid":{"rendered":"https:\/\/kinnunen.kotisivut.co\/tuote\/keratin-straightening-neutralization-cream-1000-ml\/"},"modified":"2025-09-30T09:30:50","modified_gmt":"2025-09-30T06:30:50","slug":"keratin-straightening-neutralization-cream-1000-ml","status":"publish","type":"product","link":"https:\/\/kinnunen.kotisivut.co\/en\/product\/keratin-straightening-neutralization-cream-1000-ml\/","title":{"rendered":"Keratin Straightening Neutralization Cream 1000 ml"},"content":{"rendered":"<p>Keratin Straightening Rebonding System: easy two-step keratin straightening, available in two strengths. For this treatment you will need Straightening Cream, Neutralization Cream and a ceramic or similar straightening iron. Treatment time approx. 1.5 hours. Do not treat hair that has been previously straightened with products containing Sodium Hydroxide. This also applies to \"sodium hydroxide free\" straightening treatments containing potassium hydroxide, lithium hydroxide or guanidine carbonate.<\/p>","protected":false},"excerpt":{"rendered":"<p>Adhesive cream for Keratin Straightening treatment. The nourishing properties of the Rebonding System ensure long-lasting straightening while maintaining the hair's natural softness and shine.<\/p>","protected":false},"featured_media":13429,"comment_status":"closed","ping_status":"open","template":"","meta":{"_relevanssi_hide_post":"","_relevanssi_pin_for_all":"","_relevanssi_pin_keywords":"","_relevanssi_unpin_keywords":"","_relevanssi_related_keywords":"","_relevanssi_related_include_ids":"","_relevanssi_related_exclude_ids":"","_relevanssi_related_no_append":"","_relevanssi_related_not_related":"","_relevanssi_related_posts":"","_relevanssi_noindex_reason":""},"product_cat":[1727,1749],"product_tag":[],"class_list":["post-5258","product","type-product","status-publish","has-post-thumbnail","hentry","product_cat-hiuskosmetiikka","product_cat-permanentti-ja-keratiinikasittelyt","pa_ominaisuudet-cruelty-free","pa_ominaisuudet-valmistettu-euroopassa","tuotemerkki-keune-forming","tuotemerkki-keune-haircosmetics"],"tuotemerkit":[{"term_id":104,"name":"Keune Forming","slug":"keune-forming","term_group":0,"term_taxonomy_id":104,"taxonomy":"tuotemerkki","description":"","parent":25,"count":10,"filter":"raw"},{"term_id":25,"name":"Keune Haircosmetics","slug":"keune-haircosmetics","term_group":0,"term_taxonomy_id":25,"taxonomy":"tuotemerkki","description":"","parent":0,"count":293,"filter":"raw"}],"acf":[],"yoast_head":"<!-- This site is optimized with the Yoast SEO plugin v23.3 - https:\/\/yoast.com\/wordpress\/plugins\/seo\/ -->\n<title>Keratin Straightening Neutralization Cream 1000 ml - Kinnunen<\/title>\n<meta name=\"robots\" content=\"noindex, follow, max-snippet:-1, max-image-preview:large, max-video-preview:-1\" \/>\n<meta property=\"og:locale\" content=\"en_GB\" \/>\n<meta property=\"og:type\" content=\"article\" \/>\n<meta property=\"og:title\" content=\"Keratin Straightening Neutralization Cream 1000 ml - Kinnunen\" \/>\n<meta property=\"og:description\" content=\"Kiinnitysvoide Keratin Straightening k\u00e4sittelyyn. Rebonding Systemin ravitsevat ominaisuudet takaavat pitk\u00e4kestoisen suoristuksen niin, ett\u00e4 hiusten luonnollinen pehmeys ja kiilto s\u00e4ilyv\u00e4t.\" \/>\n<meta property=\"og:url\" content=\"https:\/\/kinnunen.kotisivut.co\/en\/product\/keratin-straightening-neutralization-cream-1000-ml\/\" \/>\n<meta property=\"og:site_name\" content=\"Kinnunen\" \/>\n<meta property=\"article:modified_time\" content=\"2025-09-30T06:30:50+00:00\" \/>\n<meta property=\"og:image\" content=\"https:\/\/kinnunen.kotisivut.co\/wp-content\/uploads\/2021\/10\/10074-Keune-Forming-Keratin-Straightening-Neutralization-Cream-1000ml-online.jpg\" \/>\n\t<meta property=\"og:image:width\" content=\"1000\" \/>\n\t<meta property=\"og:image:height\" content=\"1000\" \/>\n\t<meta property=\"og:image:type\" content=\"image\/jpeg\" \/>\n<meta name=\"twitter:card\" content=\"summary_large_image\" \/>\n<script type=\"application\/ld+json\" class=\"yoast-schema-graph\">{\"@context\":\"https:\/\/schema.org\",\"@graph\":[{\"@type\":\"WebPage\",\"@id\":\"https:\/\/kinnunen.kotisivut.co\/tuote\/keratin-straightening-neutralization-cream-1000-ml\/\",\"url\":\"https:\/\/kinnunen.kotisivut.co\/tuote\/keratin-straightening-neutralization-cream-1000-ml\/\",\"name\":\"Keratin Straightening Neutralization Cream 1000 ml - Kinnunen\",\"isPartOf\":{\"@id\":\"https:\/\/kinnunen.kotisivut.co\/#website\"},\"primaryImageOfPage\":{\"@id\":\"https:\/\/kinnunen.kotisivut.co\/tuote\/keratin-straightening-neutralization-cream-1000-ml\/#primaryimage\"},\"image\":{\"@id\":\"https:\/\/kinnunen.kotisivut.co\/tuote\/keratin-straightening-neutralization-cream-1000-ml\/#primaryimage\"},\"thumbnailUrl\":\"https:\/\/kinnunen.kotisivut.co\/wp-content\/uploads\/2021\/10\/10074-Keune-Forming-Keratin-Straightening-Neutralization-Cream-1000ml-online.jpg\",\"datePublished\":\"2021-10-29T10:21:57+00:00\",\"dateModified\":\"2025-09-30T06:30:50+00:00\",\"breadcrumb\":{\"@id\":\"https:\/\/kinnunen.kotisivut.co\/tuote\/keratin-straightening-neutralization-cream-1000-ml\/#breadcrumb\"},\"inLanguage\":\"en-GB\",\"potentialAction\":[{\"@type\":\"ReadAction\",\"target\":[\"https:\/\/kinnunen.kotisivut.co\/tuote\/keratin-straightening-neutralization-cream-1000-ml\/\"]}]},{\"@type\":\"ImageObject\",\"inLanguage\":\"en-GB\",\"@id\":\"https:\/\/kinnunen.kotisivut.co\/tuote\/keratin-straightening-neutralization-cream-1000-ml\/#primaryimage\",\"url\":\"https:\/\/kinnunen.kotisivut.co\/wp-content\/uploads\/2021\/10\/10074-Keune-Forming-Keratin-Straightening-Neutralization-Cream-1000ml-online.jpg\",\"contentUrl\":\"https:\/\/kinnunen.kotisivut.co\/wp-content\/uploads\/2021\/10\/10074-Keune-Forming-Keratin-Straightening-Neutralization-Cream-1000ml-online.jpg\",\"width\":1000,\"height\":1000},{\"@type\":\"BreadcrumbList\",\"@id\":\"https:\/\/kinnunen.kotisivut.co\/tuote\/keratin-straightening-neutralization-cream-1000-ml\/#breadcrumb\",\"itemListElement\":[{\"@type\":\"ListItem\",\"position\":1,\"name\":\"Etusivu\",\"item\":\"https:\/\/kinnunen.kotisivut.co\/\"},{\"@type\":\"ListItem\",\"position\":2,\"name\":\"Kaikki tuotteet\",\"item\":\"https:\/\/kinnunen.kotisivut.co\/kauppa\/\"},{\"@type\":\"ListItem\",\"position\":3,\"name\":\"Hiuskosmetiikka\",\"item\":\"https:\/\/kinnunen.kotisivut.co\/tuote-osasto\/hiuskosmetiikka\/\"},{\"@type\":\"ListItem\",\"position\":4,\"name\":\"Permanentti- ja keratiinik\u00e4sittelyt\",\"item\":\"https:\/\/kinnunen.kotisivut.co\/tuote-osasto\/hiuskosmetiikka\/permanentti-ja-keratiinikasittelyt\/\"},{\"@type\":\"ListItem\",\"position\":5,\"name\":\"Keratin Straightening Neutralization Cream 1000 ml\"}]},{\"@type\":\"WebSite\",\"@id\":\"https:\/\/kinnunen.kotisivut.co\/#website\",\"url\":\"https:\/\/kinnunen.kotisivut.co\/\",\"name\":\"Kinnunen\",\"description\":\"\",\"potentialAction\":[{\"@type\":\"SearchAction\",\"target\":{\"@type\":\"EntryPoint\",\"urlTemplate\":\"https:\/\/kinnunen.kotisivut.co\/?s={search_term_string}\"},\"query-input\":\"required name=search_term_string\"}],\"inLanguage\":\"en-GB\"}]}<\/script>\n<!-- \/ Yoast SEO plugin. -->","yoast_head_json":{"title":"Keratin Straightening Neutralization Cream 1000 ml - Kinnunen","robots":{"index":"noindex","follow":"follow","max-snippet":"max-snippet:-1","max-image-preview":"max-image-preview:large","max-video-preview":"max-video-preview:-1"},"og_locale":"en_GB","og_type":"article","og_title":"Keratin Straightening Neutralization Cream 1000 ml - Kinnunen","og_description":"Kiinnitysvoide Keratin Straightening k\u00e4sittelyyn. Rebonding Systemin ravitsevat ominaisuudet takaavat pitk\u00e4kestoisen suoristuksen niin, ett\u00e4 hiusten luonnollinen pehmeys ja kiilto s\u00e4ilyv\u00e4t.","og_url":"https:\/\/kinnunen.kotisivut.co\/en\/product\/keratin-straightening-neutralization-cream-1000-ml\/","og_site_name":"Kinnunen","article_modified_time":"2025-09-30T06:30:50+00:00","og_image":[{"width":1000,"height":1000,"url":"https:\/\/kinnunen.kotisivut.co\/wp-content\/uploads\/2021\/10\/10074-Keune-Forming-Keratin-Straightening-Neutralization-Cream-1000ml-online.jpg","type":"image\/jpeg"}],"twitter_card":"summary_large_image","schema":{"@context":"https:\/\/schema.org","@graph":[{"@type":"WebPage","@id":"https:\/\/kinnunen.kotisivut.co\/tuote\/keratin-straightening-neutralization-cream-1000-ml\/","url":"https:\/\/kinnunen.kotisivut.co\/tuote\/keratin-straightening-neutralization-cream-1000-ml\/","name":"Keratin Straightening Neutralization Cream 1000 ml - Kinnunen","isPartOf":{"@id":"https:\/\/kinnunen.kotisivut.co\/#website"},"primaryImageOfPage":{"@id":"https:\/\/kinnunen.kotisivut.co\/tuote\/keratin-straightening-neutralization-cream-1000-ml\/#primaryimage"},"image":{"@id":"https:\/\/kinnunen.kotisivut.co\/tuote\/keratin-straightening-neutralization-cream-1000-ml\/#primaryimage"},"thumbnailUrl":"https:\/\/kinnunen.kotisivut.co\/wp-content\/uploads\/2021\/10\/10074-Keune-Forming-Keratin-Straightening-Neutralization-Cream-1000ml-online.jpg","datePublished":"2021-10-29T10:21:57+00:00","dateModified":"2025-09-30T06:30:50+00:00","breadcrumb":{"@id":"https:\/\/kinnunen.kotisivut.co\/tuote\/keratin-straightening-neutralization-cream-1000-ml\/#breadcrumb"},"inLanguage":"en-GB","potentialAction":[{"@type":"ReadAction","target":["https:\/\/kinnunen.kotisivut.co\/tuote\/keratin-straightening-neutralization-cream-1000-ml\/"]}]},{"@type":"ImageObject","inLanguage":"en-GB","@id":"https:\/\/kinnunen.kotisivut.co\/tuote\/keratin-straightening-neutralization-cream-1000-ml\/#primaryimage","url":"https:\/\/kinnunen.kotisivut.co\/wp-content\/uploads\/2021\/10\/10074-Keune-Forming-Keratin-Straightening-Neutralization-Cream-1000ml-online.jpg","contentUrl":"https:\/\/kinnunen.kotisivut.co\/wp-content\/uploads\/2021\/10\/10074-Keune-Forming-Keratin-Straightening-Neutralization-Cream-1000ml-online.jpg","width":1000,"height":1000},{"@type":"BreadcrumbList","@id":"https:\/\/kinnunen.kotisivut.co\/tuote\/keratin-straightening-neutralization-cream-1000-ml\/#breadcrumb","itemListElement":[{"@type":"ListItem","position":1,"name":"Etusivu","item":"https:\/\/kinnunen.kotisivut.co\/"},{"@type":"ListItem","position":2,"name":"Kaikki tuotteet","item":"https:\/\/kinnunen.kotisivut.co\/kauppa\/"},{"@type":"ListItem","position":3,"name":"Hiuskosmetiikka","item":"https:\/\/kinnunen.kotisivut.co\/tuote-osasto\/hiuskosmetiikka\/"},{"@type":"ListItem","position":4,"name":"Permanentti- ja keratiinik\u00e4sittelyt","item":"https:\/\/kinnunen.kotisivut.co\/tuote-osasto\/hiuskosmetiikka\/permanentti-ja-keratiinikasittelyt\/"},{"@type":"ListItem","position":5,"name":"Keratin Straightening Neutralization Cream 1000 ml"}]},{"@type":"WebSite","@id":"https:\/\/kinnunen.kotisivut.co\/#website","url":"https:\/\/kinnunen.kotisivut.co\/","name":"Kinnunen","description":"","potentialAction":[{"@type":"SearchAction","target":{"@type":"EntryPoint","urlTemplate":"https:\/\/kinnunen.kotisivut.co\/?s={search_term_string}"},"query-input":"required name=search_term_string"}],"inLanguage":"en-GB"}]}},"_links":{"self":[{"href":"https:\/\/kinnunen.kotisivut.co\/en\/wp-json\/wp\/v2\/product\/5258","targetHints":{"allow":["GET"]}}],"collection":[{"href":"https:\/\/kinnunen.kotisivut.co\/en\/wp-json\/wp\/v2\/product"}],"about":[{"href":"https:\/\/kinnunen.kotisivut.co\/en\/wp-json\/wp\/v2\/types\/product"}],"replies":[{"embeddable":true,"href":"https:\/\/kinnunen.kotisivut.co\/en\/wp-json\/wp\/v2\/comments?post=5258"}],"wp:featuredmedia":[{"embeddable":true,"href":"https:\/\/kinnunen.kotisivut.co\/en\/wp-json\/wp\/v2\/media\/13429"}],"wp:attachment":[{"href":"https:\/\/kinnunen.kotisivut.co\/en\/wp-json\/wp\/v2\/media?parent=5258"}],"wp:term":[{"taxonomy":"product_cat","embeddable":true,"href":"https:\/\/kinnunen.kotisivut.co\/en\/wp-json\/wp\/v2\/product_cat?post=5258"},{"taxonomy":"product_tag","embeddable":true,"href":"https:\/\/kinnunen.kotisivut.co\/en\/wp-json\/wp\/v2\/product_tag?post=5258"}],"curies":[{"name":"wp","href":"https:\/\/api.w.org\/{rel}","templated":true}]}}