

{"id":5116,"date":"2021-10-29T13:20:06","date_gmt":"2021-10-29T10:20:06","guid":{"rendered":"https:\/\/kinnunen.kotisivut.co\/tuote\/care-miracle-elixir-keratin-booster-2-ml-15-kpl\/"},"modified":"2025-12-10T09:50:06","modified_gmt":"2025-12-10T07:50:06","slug":"care-miracle-elixir-keratin-booster-2-ml-15-kpl","status":"publish","type":"product","link":"https:\/\/kinnunen.kotisivut.co\/en\/product\/care-miracle-elixir-keratin-booster-2-ml-15-kpl\/","title":{"rendered":"Care Miracle Elixir Keratin Booster 2 ml 15 pcs"},"content":{"rendered":"<p>A keratin-based intensive elixir that perfectly enhances the effectiveness of Keune Care Masks. Perfect for damaged hair. Create a unique hair conditioning treatment for each of your clients. After treatment, damage to the hair's internal structure is healed up to 80%. Hair becomes twice as soft. Contains a sophisticated keratin blend (Keratin, Hydrolyzed Keratin, Oxidized Keratin, Water) that creates the so-called Zipper Technology. This is similar in composition to natural keratin and improves the condition of all hair layers. A treatment service provided by a professional! Use: Mix the Miracle Elixir capsule with the Keune Care Mask, which is suitable for the client's hair, and apply evenly to the hair. Leave on for 20 minutes and rinse thoroughly. Re-sell to the client as a follow up treatment with Miracle Elixir Keratin Spray.<\/p>","protected":false},"excerpt":{"rendered":"<p>Keratin-based Miracle Elixir is a deep nourishing and restructuring treatment for damaged hair. Mix the Elixir capsule with the Keune Care Mask that best suits your client's hair. Miracle Elixir Keratin Spray maintains the treatment done in the salon.<\/p>","protected":false},"featured_media":13549,"comment_status":"closed","ping_status":"open","template":"","meta":{"_relevanssi_hide_post":"","_relevanssi_pin_for_all":"","_relevanssi_pin_keywords":"","_relevanssi_unpin_keywords":"","_relevanssi_related_keywords":"","_relevanssi_related_include_ids":"","_relevanssi_related_exclude_ids":"","_relevanssi_related_no_append":"","_relevanssi_related_not_related":"","_relevanssi_related_posts":"","_relevanssi_noindex_reason":""},"product_cat":[1727,1730,1731],"product_tag":[],"class_list":["post-5116","product","type-product","status-publish","has-post-thumbnail","hentry","product_cat-hiuskosmetiikka","product_cat-muut-hoitotuotteet-oljyt-ja-hiuspohjan-hoito","product_cat-keune-care-muut-hoitotuotteet-oljyt-ja-hiuspohjan-hoito","pa_koko-ammattikoko","pa_ominaisuudet-cruelty-free","pa_ominaisuudet-valmistettu-euroopassa","pa_tuoteperhe-care-miracle-elixir","tuotemerkki-keune-care","tuotemerkki-keune-haircosmetics"],"tuotemerkit":[{"term_id":26,"name":"Keune Care","slug":"keune-care","term_group":0,"term_taxonomy_id":26,"taxonomy":"tuotemerkki","description":"","parent":25,"count":150,"filter":"raw"},{"term_id":25,"name":"Keune Haircosmetics","slug":"keune-haircosmetics","term_group":0,"term_taxonomy_id":25,"taxonomy":"tuotemerkki","description":"","parent":0,"count":293,"filter":"raw"}],"acf":[],"yoast_head":"<!-- This site is optimized with the Yoast SEO plugin v23.3 - https:\/\/yoast.com\/wordpress\/plugins\/seo\/ -->\n<title>Care Miracle Elixir Keratin Booster 2 ml 15 kpl - Kinnunen<\/title>\n<meta name=\"robots\" content=\"noindex, follow, max-snippet:-1, max-image-preview:large, max-video-preview:-1\" \/>\n<meta property=\"og:locale\" content=\"en_GB\" \/>\n<meta property=\"og:type\" content=\"article\" \/>\n<meta property=\"og:title\" content=\"Care Miracle Elixir Keratin Booster 2 ml 15 kpl - Kinnunen\" \/>\n<meta property=\"og:description\" content=\"Keratiinipohjainen Miracle Elixir on syv\u00e4ravitseva ja rakennepaikkaava hoito vaurioituneille hiuksille. Sekoita Elixir -kapseli asiakkaan hiuksille parhaiten sopivaan Keune Care Maskiin. Miracle Elixir Keratin Spray yll\u00e4pit\u00e4\u00e4 Salongissa tehty\u00e4 hoitoa.\" \/>\n<meta property=\"og:url\" content=\"https:\/\/kinnunen.kotisivut.co\/en\/product\/care-miracle-elixir-keratin-booster-2-ml-15-kpl\/\" \/>\n<meta property=\"og:site_name\" content=\"Kinnunen\" \/>\n<meta property=\"article:modified_time\" content=\"2025-12-10T07:50:06+00:00\" \/>\n<meta property=\"og:image\" content=\"https:\/\/kinnunen.kotisivut.co\/wp-content\/uploads\/2021\/10\/21374-Care-Miracle-Elixir-Booster-in-Box-online.jpg\" \/>\n\t<meta property=\"og:image:width\" content=\"1000\" \/>\n\t<meta property=\"og:image:height\" content=\"1000\" \/>\n\t<meta property=\"og:image:type\" content=\"image\/jpeg\" \/>\n<meta name=\"twitter:card\" content=\"summary_large_image\" \/>\n<meta name=\"twitter:label1\" content=\"Estimated reading time\" \/>\n\t<meta name=\"twitter:data1\" content=\"1 minute\" \/>\n<script type=\"application\/ld+json\" class=\"yoast-schema-graph\">{\"@context\":\"https:\/\/schema.org\",\"@graph\":[{\"@type\":\"WebPage\",\"@id\":\"https:\/\/kinnunen.kotisivut.co\/tuote\/care-miracle-elixir-keratin-booster-2-ml-15-kpl\/\",\"url\":\"https:\/\/kinnunen.kotisivut.co\/tuote\/care-miracle-elixir-keratin-booster-2-ml-15-kpl\/\",\"name\":\"Care Miracle Elixir Keratin Booster 2 ml 15 kpl - Kinnunen\",\"isPartOf\":{\"@id\":\"https:\/\/kinnunen.kotisivut.co\/#website\"},\"primaryImageOfPage\":{\"@id\":\"https:\/\/kinnunen.kotisivut.co\/tuote\/care-miracle-elixir-keratin-booster-2-ml-15-kpl\/#primaryimage\"},\"image\":{\"@id\":\"https:\/\/kinnunen.kotisivut.co\/tuote\/care-miracle-elixir-keratin-booster-2-ml-15-kpl\/#primaryimage\"},\"thumbnailUrl\":\"https:\/\/kinnunen.kotisivut.co\/wp-content\/uploads\/2021\/10\/21374-Care-Miracle-Elixir-Booster-in-Box-online.jpg\",\"datePublished\":\"2021-10-29T10:20:06+00:00\",\"dateModified\":\"2025-12-10T07:50:06+00:00\",\"breadcrumb\":{\"@id\":\"https:\/\/kinnunen.kotisivut.co\/tuote\/care-miracle-elixir-keratin-booster-2-ml-15-kpl\/#breadcrumb\"},\"inLanguage\":\"en-GB\",\"potentialAction\":[{\"@type\":\"ReadAction\",\"target\":[\"https:\/\/kinnunen.kotisivut.co\/tuote\/care-miracle-elixir-keratin-booster-2-ml-15-kpl\/\"]}]},{\"@type\":\"ImageObject\",\"inLanguage\":\"en-GB\",\"@id\":\"https:\/\/kinnunen.kotisivut.co\/tuote\/care-miracle-elixir-keratin-booster-2-ml-15-kpl\/#primaryimage\",\"url\":\"https:\/\/kinnunen.kotisivut.co\/wp-content\/uploads\/2021\/10\/21374-Care-Miracle-Elixir-Booster-in-Box-online.jpg\",\"contentUrl\":\"https:\/\/kinnunen.kotisivut.co\/wp-content\/uploads\/2021\/10\/21374-Care-Miracle-Elixir-Booster-in-Box-online.jpg\",\"width\":1000,\"height\":1000},{\"@type\":\"BreadcrumbList\",\"@id\":\"https:\/\/kinnunen.kotisivut.co\/tuote\/care-miracle-elixir-keratin-booster-2-ml-15-kpl\/#breadcrumb\",\"itemListElement\":[{\"@type\":\"ListItem\",\"position\":1,\"name\":\"Etusivu\",\"item\":\"https:\/\/kinnunen.kotisivut.co\/\"},{\"@type\":\"ListItem\",\"position\":2,\"name\":\"Kaikki tuotteet\",\"item\":\"https:\/\/kinnunen.kotisivut.co\/kauppa\/\"},{\"@type\":\"ListItem\",\"position\":3,\"name\":\"Hiuskosmetiikka\",\"item\":\"https:\/\/kinnunen.kotisivut.co\/tuote-osasto\/hiuskosmetiikka\/\"},{\"@type\":\"ListItem\",\"position\":4,\"name\":\"Muut hoitotuotteet \u00f6ljyt ja hiuspohjan hoito\",\"item\":\"https:\/\/kinnunen.kotisivut.co\/tuote-osasto\/hiuskosmetiikka\/muut-hoitotuotteet-oljyt-ja-hiuspohjan-hoito\/\"},{\"@type\":\"ListItem\",\"position\":5,\"name\":\"Keune Care\",\"item\":\"https:\/\/kinnunen.kotisivut.co\/tuote-osasto\/hiuskosmetiikka\/muut-hoitotuotteet-oljyt-ja-hiuspohjan-hoito\/keune-care-muut-hoitotuotteet-oljyt-ja-hiuspohjan-hoito\/\"},{\"@type\":\"ListItem\",\"position\":6,\"name\":\"Care Miracle Elixir Keratin Booster 2 ml 15 kpl\"}]},{\"@type\":\"WebSite\",\"@id\":\"https:\/\/kinnunen.kotisivut.co\/#website\",\"url\":\"https:\/\/kinnunen.kotisivut.co\/\",\"name\":\"Kinnunen\",\"description\":\"\",\"potentialAction\":[{\"@type\":\"SearchAction\",\"target\":{\"@type\":\"EntryPoint\",\"urlTemplate\":\"https:\/\/kinnunen.kotisivut.co\/?s={search_term_string}\"},\"query-input\":\"required name=search_term_string\"}],\"inLanguage\":\"en-GB\"}]}<\/script>\n<!-- \/ Yoast SEO plugin. -->","yoast_head_json":{"title":"Care Miracle Elixir Keratin Booster 2 ml 15 kpl - Kinnunen","robots":{"index":"noindex","follow":"follow","max-snippet":"max-snippet:-1","max-image-preview":"max-image-preview:large","max-video-preview":"max-video-preview:-1"},"og_locale":"en_GB","og_type":"article","og_title":"Care Miracle Elixir Keratin Booster 2 ml 15 kpl - Kinnunen","og_description":"Keratiinipohjainen Miracle Elixir on syv\u00e4ravitseva ja rakennepaikkaava hoito vaurioituneille hiuksille. Sekoita Elixir -kapseli asiakkaan hiuksille parhaiten sopivaan Keune Care Maskiin. Miracle Elixir Keratin Spray yll\u00e4pit\u00e4\u00e4 Salongissa tehty\u00e4 hoitoa.","og_url":"https:\/\/kinnunen.kotisivut.co\/en\/product\/care-miracle-elixir-keratin-booster-2-ml-15-kpl\/","og_site_name":"Kinnunen","article_modified_time":"2025-12-10T07:50:06+00:00","og_image":[{"width":1000,"height":1000,"url":"https:\/\/kinnunen.kotisivut.co\/wp-content\/uploads\/2021\/10\/21374-Care-Miracle-Elixir-Booster-in-Box-online.jpg","type":"image\/jpeg"}],"twitter_card":"summary_large_image","twitter_misc":{"Estimated reading time":"1 minute"},"schema":{"@context":"https:\/\/schema.org","@graph":[{"@type":"WebPage","@id":"https:\/\/kinnunen.kotisivut.co\/tuote\/care-miracle-elixir-keratin-booster-2-ml-15-kpl\/","url":"https:\/\/kinnunen.kotisivut.co\/tuote\/care-miracle-elixir-keratin-booster-2-ml-15-kpl\/","name":"Care Miracle Elixir Keratin Booster 2 ml 15 kpl - Kinnunen","isPartOf":{"@id":"https:\/\/kinnunen.kotisivut.co\/#website"},"primaryImageOfPage":{"@id":"https:\/\/kinnunen.kotisivut.co\/tuote\/care-miracle-elixir-keratin-booster-2-ml-15-kpl\/#primaryimage"},"image":{"@id":"https:\/\/kinnunen.kotisivut.co\/tuote\/care-miracle-elixir-keratin-booster-2-ml-15-kpl\/#primaryimage"},"thumbnailUrl":"https:\/\/kinnunen.kotisivut.co\/wp-content\/uploads\/2021\/10\/21374-Care-Miracle-Elixir-Booster-in-Box-online.jpg","datePublished":"2021-10-29T10:20:06+00:00","dateModified":"2025-12-10T07:50:06+00:00","breadcrumb":{"@id":"https:\/\/kinnunen.kotisivut.co\/tuote\/care-miracle-elixir-keratin-booster-2-ml-15-kpl\/#breadcrumb"},"inLanguage":"en-GB","potentialAction":[{"@type":"ReadAction","target":["https:\/\/kinnunen.kotisivut.co\/tuote\/care-miracle-elixir-keratin-booster-2-ml-15-kpl\/"]}]},{"@type":"ImageObject","inLanguage":"en-GB","@id":"https:\/\/kinnunen.kotisivut.co\/tuote\/care-miracle-elixir-keratin-booster-2-ml-15-kpl\/#primaryimage","url":"https:\/\/kinnunen.kotisivut.co\/wp-content\/uploads\/2021\/10\/21374-Care-Miracle-Elixir-Booster-in-Box-online.jpg","contentUrl":"https:\/\/kinnunen.kotisivut.co\/wp-content\/uploads\/2021\/10\/21374-Care-Miracle-Elixir-Booster-in-Box-online.jpg","width":1000,"height":1000},{"@type":"BreadcrumbList","@id":"https:\/\/kinnunen.kotisivut.co\/tuote\/care-miracle-elixir-keratin-booster-2-ml-15-kpl\/#breadcrumb","itemListElement":[{"@type":"ListItem","position":1,"name":"Etusivu","item":"https:\/\/kinnunen.kotisivut.co\/"},{"@type":"ListItem","position":2,"name":"Kaikki tuotteet","item":"https:\/\/kinnunen.kotisivut.co\/kauppa\/"},{"@type":"ListItem","position":3,"name":"Hiuskosmetiikka","item":"https:\/\/kinnunen.kotisivut.co\/tuote-osasto\/hiuskosmetiikka\/"},{"@type":"ListItem","position":4,"name":"Muut hoitotuotteet \u00f6ljyt ja hiuspohjan hoito","item":"https:\/\/kinnunen.kotisivut.co\/tuote-osasto\/hiuskosmetiikka\/muut-hoitotuotteet-oljyt-ja-hiuspohjan-hoito\/"},{"@type":"ListItem","position":5,"name":"Keune Care","item":"https:\/\/kinnunen.kotisivut.co\/tuote-osasto\/hiuskosmetiikka\/muut-hoitotuotteet-oljyt-ja-hiuspohjan-hoito\/keune-care-muut-hoitotuotteet-oljyt-ja-hiuspohjan-hoito\/"},{"@type":"ListItem","position":6,"name":"Care Miracle Elixir Keratin Booster 2 ml 15 kpl"}]},{"@type":"WebSite","@id":"https:\/\/kinnunen.kotisivut.co\/#website","url":"https:\/\/kinnunen.kotisivut.co\/","name":"Kinnunen","description":"","potentialAction":[{"@type":"SearchAction","target":{"@type":"EntryPoint","urlTemplate":"https:\/\/kinnunen.kotisivut.co\/?s={search_term_string}"},"query-input":"required name=search_term_string"}],"inLanguage":"en-GB"}]}},"_links":{"self":[{"href":"https:\/\/kinnunen.kotisivut.co\/en\/wp-json\/wp\/v2\/product\/5116","targetHints":{"allow":["GET"]}}],"collection":[{"href":"https:\/\/kinnunen.kotisivut.co\/en\/wp-json\/wp\/v2\/product"}],"about":[{"href":"https:\/\/kinnunen.kotisivut.co\/en\/wp-json\/wp\/v2\/types\/product"}],"replies":[{"embeddable":true,"href":"https:\/\/kinnunen.kotisivut.co\/en\/wp-json\/wp\/v2\/comments?post=5116"}],"wp:featuredmedia":[{"embeddable":true,"href":"https:\/\/kinnunen.kotisivut.co\/en\/wp-json\/wp\/v2\/media\/13549"}],"wp:attachment":[{"href":"https:\/\/kinnunen.kotisivut.co\/en\/wp-json\/wp\/v2\/media?parent=5116"}],"wp:term":[{"taxonomy":"product_cat","embeddable":true,"href":"https:\/\/kinnunen.kotisivut.co\/en\/wp-json\/wp\/v2\/product_cat?post=5116"},{"taxonomy":"product_tag","embeddable":true,"href":"https:\/\/kinnunen.kotisivut.co\/en\/wp-json\/wp\/v2\/product_tag?post=5116"}],"curies":[{"name":"wp","href":"https:\/\/api.w.org\/{rel}","templated":true}]}}