

{"id":5098,"date":"2021-10-29T13:19:50","date_gmt":"2021-10-29T10:19:50","guid":{"rendered":"https:\/\/kinnunen.kotisivut.co\/tuote\/care-keratin-smooth-conditioner-80-ml\/"},"modified":"2025-12-12T15:05:00","modified_gmt":"2025-12-12T13:05:00","slug":"care-keratin-smooth-conditioner-80-ml","status":"publish","type":"product","link":"https:\/\/kinnunen.kotisivut.co\/en\/product\/care-keratin-smooth-conditioner-80-ml\/","title":{"rendered":"Care Keratin Smooth Conditioner 80 ml"},"content":{"rendered":"<p>Intensively nourishing conditioner for normal and dry hair. Keratin, provitamin B5 and shea butter moisturise, nourish and make hair easy to comb. Hair becomes incredibly smooth and shiny. The unique Quat formula protects the hair fibre from breakage and makes combing hair when wet effortless. during heat treatments and prevents hair breakage. Use: Apply to washed damp hair and leave on for 1-3 minutes. Rinse thoroughly.<\/p>","protected":false},"excerpt":{"rendered":"<p>An intensive conditioner with keratin, provitamin B5 and shea butter to moisturise the hair, making it easy to comb and gorgeously smooth. The unique Quat formula protects hair during heat treatments and prevents breakage.<\/p>","protected":false},"featured_media":13530,"comment_status":"closed","ping_status":"closed","template":"","meta":{"_relevanssi_hide_post":"","_relevanssi_pin_for_all":"","_relevanssi_pin_keywords":"","_relevanssi_unpin_keywords":"","_relevanssi_related_keywords":"","_relevanssi_related_include_ids":"","_relevanssi_related_exclude_ids":"","_relevanssi_related_no_append":"","_relevanssi_related_not_related":"","_relevanssi_related_posts":"","_relevanssi_noindex_reason":""},"product_cat":[1727,1734,1735],"product_tag":[],"class_list":["post-5098","product","type-product","status-publish","has-post-thumbnail","hentry","product_cat-hiuskosmetiikka","product_cat-hoitoaineet-ja-hiusmaamiot","product_cat-keune-care-hoitoaineet-ja-hiusmaamiot","pa_koko-matkakoko","pa_ominaisuudet-cruelty-free","pa_ominaisuudet-valmistettu-euroopassa","pa_tuoteperhe-care-keratin-smooth","tuotemerkki-keune-care","tuotemerkki-keune-haircosmetics"],"tuotemerkit":[{"term_id":26,"name":"Keune Care","slug":"keune-care","term_group":0,"term_taxonomy_id":26,"taxonomy":"tuotemerkki","description":"","parent":25,"count":150,"filter":"raw"},{"term_id":25,"name":"Keune Haircosmetics","slug":"keune-haircosmetics","term_group":0,"term_taxonomy_id":25,"taxonomy":"tuotemerkki","description":"","parent":0,"count":293,"filter":"raw"}],"acf":[],"yoast_head":"<!-- This site is optimized with the Yoast SEO plugin v23.3 - https:\/\/yoast.com\/wordpress\/plugins\/seo\/ -->\n<title>Care Keratin Smooth Conditioner 80 ml - Kinnunen<\/title>\n<meta name=\"robots\" content=\"noindex, follow, max-snippet:-1, max-image-preview:large, max-video-preview:-1\" \/>\n<meta property=\"og:locale\" content=\"en_GB\" \/>\n<meta property=\"og:type\" content=\"article\" \/>\n<meta property=\"og:title\" content=\"Care Keratin Smooth Conditioner 80 ml - Kinnunen\" \/>\n<meta property=\"og:description\" content=\"Intensiivinen hoitoaine, jonka sis\u00e4lt\u00e4m\u00e4 keratiini, provitamiini B5 sek\u00e4 karitevoi kosteuttavat hiuksia, tehden niist\u00e4 helposti kammattavat sek\u00e4 upean sile\u00e4t. Ainutlaatuinen Quat-koostumus suojaa hiuksia l\u00e4mp\u00f6k\u00e4sittelyiden aikana ja est\u00e4\u00e4 hiusten katkeilua.\" \/>\n<meta property=\"og:url\" content=\"https:\/\/kinnunen.kotisivut.co\/en\/product\/care-keratin-smooth-conditioner-80-ml\/\" \/>\n<meta property=\"og:site_name\" content=\"Kinnunen\" \/>\n<meta property=\"article:modified_time\" content=\"2025-12-12T13:05:00+00:00\" \/>\n<meta property=\"og:image\" content=\"https:\/\/kinnunen.kotisivut.co\/wp-content\/uploads\/2021\/10\/21355-Care-Keratin-Smooth-Conditioner-80ml-online.jpg\" \/>\n\t<meta property=\"og:image:width\" content=\"1000\" \/>\n\t<meta property=\"og:image:height\" content=\"1000\" \/>\n\t<meta property=\"og:image:type\" content=\"image\/jpeg\" \/>\n<meta name=\"twitter:card\" content=\"summary_large_image\" \/>\n<script type=\"application\/ld+json\" class=\"yoast-schema-graph\">{\"@context\":\"https:\/\/schema.org\",\"@graph\":[{\"@type\":\"WebPage\",\"@id\":\"https:\/\/kinnunen.kotisivut.co\/tuote\/care-keratin-smooth-conditioner-80-ml\/\",\"url\":\"https:\/\/kinnunen.kotisivut.co\/tuote\/care-keratin-smooth-conditioner-80-ml\/\",\"name\":\"Care Keratin Smooth Conditioner 80 ml - Kinnunen\",\"isPartOf\":{\"@id\":\"https:\/\/kinnunen.kotisivut.co\/#website\"},\"primaryImageOfPage\":{\"@id\":\"https:\/\/kinnunen.kotisivut.co\/tuote\/care-keratin-smooth-conditioner-80-ml\/#primaryimage\"},\"image\":{\"@id\":\"https:\/\/kinnunen.kotisivut.co\/tuote\/care-keratin-smooth-conditioner-80-ml\/#primaryimage\"},\"thumbnailUrl\":\"https:\/\/kinnunen.kotisivut.co\/wp-content\/uploads\/2021\/10\/21355-Care-Keratin-Smooth-Conditioner-80ml-online.jpg\",\"datePublished\":\"2021-10-29T10:19:50+00:00\",\"dateModified\":\"2025-12-12T13:05:00+00:00\",\"breadcrumb\":{\"@id\":\"https:\/\/kinnunen.kotisivut.co\/tuote\/care-keratin-smooth-conditioner-80-ml\/#breadcrumb\"},\"inLanguage\":\"en-GB\",\"potentialAction\":[{\"@type\":\"ReadAction\",\"target\":[\"https:\/\/kinnunen.kotisivut.co\/tuote\/care-keratin-smooth-conditioner-80-ml\/\"]}]},{\"@type\":\"ImageObject\",\"inLanguage\":\"en-GB\",\"@id\":\"https:\/\/kinnunen.kotisivut.co\/tuote\/care-keratin-smooth-conditioner-80-ml\/#primaryimage\",\"url\":\"https:\/\/kinnunen.kotisivut.co\/wp-content\/uploads\/2021\/10\/21355-Care-Keratin-Smooth-Conditioner-80ml-online.jpg\",\"contentUrl\":\"https:\/\/kinnunen.kotisivut.co\/wp-content\/uploads\/2021\/10\/21355-Care-Keratin-Smooth-Conditioner-80ml-online.jpg\",\"width\":1000,\"height\":1000},{\"@type\":\"BreadcrumbList\",\"@id\":\"https:\/\/kinnunen.kotisivut.co\/tuote\/care-keratin-smooth-conditioner-80-ml\/#breadcrumb\",\"itemListElement\":[{\"@type\":\"ListItem\",\"position\":1,\"name\":\"Etusivu\",\"item\":\"https:\/\/kinnunen.kotisivut.co\/\"},{\"@type\":\"ListItem\",\"position\":2,\"name\":\"Kaikki tuotteet\",\"item\":\"https:\/\/kinnunen.kotisivut.co\/kauppa\/\"},{\"@type\":\"ListItem\",\"position\":3,\"name\":\"Hiuskosmetiikka\",\"item\":\"https:\/\/kinnunen.kotisivut.co\/tuote-osasto\/hiuskosmetiikka\/\"},{\"@type\":\"ListItem\",\"position\":4,\"name\":\"Hoitoaineet ja hiusmaamiot\",\"item\":\"https:\/\/kinnunen.kotisivut.co\/tuote-osasto\/hiuskosmetiikka\/hoitoaineet-ja-hiusmaamiot\/\"},{\"@type\":\"ListItem\",\"position\":5,\"name\":\"Keune Care\",\"item\":\"https:\/\/kinnunen.kotisivut.co\/tuote-osasto\/hiuskosmetiikka\/hoitoaineet-ja-hiusmaamiot\/keune-care-hoitoaineet-ja-hiusmaamiot\/\"},{\"@type\":\"ListItem\",\"position\":6,\"name\":\"Care Keratin Smooth Conditioner 80 ml\"}]},{\"@type\":\"WebSite\",\"@id\":\"https:\/\/kinnunen.kotisivut.co\/#website\",\"url\":\"https:\/\/kinnunen.kotisivut.co\/\",\"name\":\"Kinnunen\",\"description\":\"\",\"potentialAction\":[{\"@type\":\"SearchAction\",\"target\":{\"@type\":\"EntryPoint\",\"urlTemplate\":\"https:\/\/kinnunen.kotisivut.co\/?s={search_term_string}\"},\"query-input\":\"required name=search_term_string\"}],\"inLanguage\":\"en-GB\"}]}<\/script>\n<!-- \/ Yoast SEO plugin. -->","yoast_head_json":{"title":"Care Keratin Smooth Conditioner 80 ml - Kinnunen","robots":{"index":"noindex","follow":"follow","max-snippet":"max-snippet:-1","max-image-preview":"max-image-preview:large","max-video-preview":"max-video-preview:-1"},"og_locale":"en_GB","og_type":"article","og_title":"Care Keratin Smooth Conditioner 80 ml - Kinnunen","og_description":"Intensiivinen hoitoaine, jonka sis\u00e4lt\u00e4m\u00e4 keratiini, provitamiini B5 sek\u00e4 karitevoi kosteuttavat hiuksia, tehden niist\u00e4 helposti kammattavat sek\u00e4 upean sile\u00e4t. Ainutlaatuinen Quat-koostumus suojaa hiuksia l\u00e4mp\u00f6k\u00e4sittelyiden aikana ja est\u00e4\u00e4 hiusten katkeilua.","og_url":"https:\/\/kinnunen.kotisivut.co\/en\/product\/care-keratin-smooth-conditioner-80-ml\/","og_site_name":"Kinnunen","article_modified_time":"2025-12-12T13:05:00+00:00","og_image":[{"width":1000,"height":1000,"url":"https:\/\/kinnunen.kotisivut.co\/wp-content\/uploads\/2021\/10\/21355-Care-Keratin-Smooth-Conditioner-80ml-online.jpg","type":"image\/jpeg"}],"twitter_card":"summary_large_image","schema":{"@context":"https:\/\/schema.org","@graph":[{"@type":"WebPage","@id":"https:\/\/kinnunen.kotisivut.co\/tuote\/care-keratin-smooth-conditioner-80-ml\/","url":"https:\/\/kinnunen.kotisivut.co\/tuote\/care-keratin-smooth-conditioner-80-ml\/","name":"Care Keratin Smooth Conditioner 80 ml - Kinnunen","isPartOf":{"@id":"https:\/\/kinnunen.kotisivut.co\/#website"},"primaryImageOfPage":{"@id":"https:\/\/kinnunen.kotisivut.co\/tuote\/care-keratin-smooth-conditioner-80-ml\/#primaryimage"},"image":{"@id":"https:\/\/kinnunen.kotisivut.co\/tuote\/care-keratin-smooth-conditioner-80-ml\/#primaryimage"},"thumbnailUrl":"https:\/\/kinnunen.kotisivut.co\/wp-content\/uploads\/2021\/10\/21355-Care-Keratin-Smooth-Conditioner-80ml-online.jpg","datePublished":"2021-10-29T10:19:50+00:00","dateModified":"2025-12-12T13:05:00+00:00","breadcrumb":{"@id":"https:\/\/kinnunen.kotisivut.co\/tuote\/care-keratin-smooth-conditioner-80-ml\/#breadcrumb"},"inLanguage":"en-GB","potentialAction":[{"@type":"ReadAction","target":["https:\/\/kinnunen.kotisivut.co\/tuote\/care-keratin-smooth-conditioner-80-ml\/"]}]},{"@type":"ImageObject","inLanguage":"en-GB","@id":"https:\/\/kinnunen.kotisivut.co\/tuote\/care-keratin-smooth-conditioner-80-ml\/#primaryimage","url":"https:\/\/kinnunen.kotisivut.co\/wp-content\/uploads\/2021\/10\/21355-Care-Keratin-Smooth-Conditioner-80ml-online.jpg","contentUrl":"https:\/\/kinnunen.kotisivut.co\/wp-content\/uploads\/2021\/10\/21355-Care-Keratin-Smooth-Conditioner-80ml-online.jpg","width":1000,"height":1000},{"@type":"BreadcrumbList","@id":"https:\/\/kinnunen.kotisivut.co\/tuote\/care-keratin-smooth-conditioner-80-ml\/#breadcrumb","itemListElement":[{"@type":"ListItem","position":1,"name":"Etusivu","item":"https:\/\/kinnunen.kotisivut.co\/"},{"@type":"ListItem","position":2,"name":"Kaikki tuotteet","item":"https:\/\/kinnunen.kotisivut.co\/kauppa\/"},{"@type":"ListItem","position":3,"name":"Hiuskosmetiikka","item":"https:\/\/kinnunen.kotisivut.co\/tuote-osasto\/hiuskosmetiikka\/"},{"@type":"ListItem","position":4,"name":"Hoitoaineet ja hiusmaamiot","item":"https:\/\/kinnunen.kotisivut.co\/tuote-osasto\/hiuskosmetiikka\/hoitoaineet-ja-hiusmaamiot\/"},{"@type":"ListItem","position":5,"name":"Keune Care","item":"https:\/\/kinnunen.kotisivut.co\/tuote-osasto\/hiuskosmetiikka\/hoitoaineet-ja-hiusmaamiot\/keune-care-hoitoaineet-ja-hiusmaamiot\/"},{"@type":"ListItem","position":6,"name":"Care Keratin Smooth Conditioner 80 ml"}]},{"@type":"WebSite","@id":"https:\/\/kinnunen.kotisivut.co\/#website","url":"https:\/\/kinnunen.kotisivut.co\/","name":"Kinnunen","description":"","potentialAction":[{"@type":"SearchAction","target":{"@type":"EntryPoint","urlTemplate":"https:\/\/kinnunen.kotisivut.co\/?s={search_term_string}"},"query-input":"required name=search_term_string"}],"inLanguage":"en-GB"}]}},"_links":{"self":[{"href":"https:\/\/kinnunen.kotisivut.co\/en\/wp-json\/wp\/v2\/product\/5098","targetHints":{"allow":["GET"]}}],"collection":[{"href":"https:\/\/kinnunen.kotisivut.co\/en\/wp-json\/wp\/v2\/product"}],"about":[{"href":"https:\/\/kinnunen.kotisivut.co\/en\/wp-json\/wp\/v2\/types\/product"}],"replies":[{"embeddable":true,"href":"https:\/\/kinnunen.kotisivut.co\/en\/wp-json\/wp\/v2\/comments?post=5098"}],"wp:featuredmedia":[{"embeddable":true,"href":"https:\/\/kinnunen.kotisivut.co\/en\/wp-json\/wp\/v2\/media\/13530"}],"wp:attachment":[{"href":"https:\/\/kinnunen.kotisivut.co\/en\/wp-json\/wp\/v2\/media?parent=5098"}],"wp:term":[{"taxonomy":"product_cat","embeddable":true,"href":"https:\/\/kinnunen.kotisivut.co\/en\/wp-json\/wp\/v2\/product_cat?post=5098"},{"taxonomy":"product_tag","embeddable":true,"href":"https:\/\/kinnunen.kotisivut.co\/en\/wp-json\/wp\/v2\/product_tag?post=5098"}],"curies":[{"name":"wp","href":"https:\/\/api.w.org\/{rel}","templated":true}]}}