

{"id":5075,"date":"2021-10-29T13:19:32","date_gmt":"2021-10-29T10:19:32","guid":{"rendered":"https:\/\/kinnunen.kotisivut.co\/tuote\/care-color-brillianz-conditioner-spray-140-ml\/"},"modified":"2025-12-12T15:04:58","modified_gmt":"2025-12-12T13:04:58","slug":"care-color-brillianz-conditioner-spray-140-ml","status":"publish","type":"product","link":"https:\/\/kinnunen.kotisivut.co\/en\/product\/care-color-brillianz-conditioner-spray-140-ml\/","title":{"rendered":"Care Color Brilliance Conditioner Spray 140 ml"},"content":{"rendered":"<p>A conditioning spray with Color Sealing Complex for maximum colour protection and effective sealing of the hair cuticle. Panthenol and Vitamin E protect coloured hair, Solamer provides comprehensive protection against UVA\/UVB rays. LP300 colour protection. Use: Spray generously onto towel-dried hair and style as desired. Apply to hair and leave on as desired.<\/p>","protected":false},"excerpt":{"rendered":"<p>A leave-in conditioner tailored for coloured hair. The Color Sealing formula ensures maximum colour protection and provides protection against harmful UVA and UVB rays. Deep conditioning ingredients add shine and softness to the hair.<\/p>","protected":false},"featured_media":13519,"comment_status":"closed","ping_status":"closed","template":"","meta":{"_relevanssi_hide_post":"","_relevanssi_pin_for_all":"","_relevanssi_pin_keywords":"","_relevanssi_unpin_keywords":"","_relevanssi_related_keywords":"","_relevanssi_related_include_ids":"","_relevanssi_related_exclude_ids":"","_relevanssi_related_no_append":"","_relevanssi_related_not_related":"","_relevanssi_related_posts":"","_relevanssi_noindex_reason":""},"product_cat":[1727,1734,1735],"product_tag":[],"class_list":["post-5075","product","type-product","status-publish","has-post-thumbnail","hentry","product_cat-hiuskosmetiikka","product_cat-hoitoaineet-ja-hiusmaamiot","product_cat-keune-care-hoitoaineet-ja-hiusmaamiot","pa_koko-normaalikoko","pa_ominaisuudet-cruelty-free","pa_ominaisuudet-valmistettu-euroopassa","pa_tuoteperhe-care-color-brilliance","tuotemerkki-keune-care","tuotemerkki-keune-haircosmetics"],"tuotemerkit":[{"term_id":26,"name":"Keune Care","slug":"keune-care","term_group":0,"term_taxonomy_id":26,"taxonomy":"tuotemerkki","description":"","parent":25,"count":150,"filter":"raw"},{"term_id":25,"name":"Keune Haircosmetics","slug":"keune-haircosmetics","term_group":0,"term_taxonomy_id":25,"taxonomy":"tuotemerkki","description":"","parent":0,"count":293,"filter":"raw"}],"acf":[],"yoast_head":"<!-- This site is optimized with the Yoast SEO plugin v23.3 - https:\/\/yoast.com\/wordpress\/plugins\/seo\/ -->\n<title>Care Color Brillianz Conditioner Spray 140 ml - Kinnunen<\/title>\n<meta name=\"robots\" content=\"noindex, follow, max-snippet:-1, max-image-preview:large, max-video-preview:-1\" \/>\n<meta property=\"og:locale\" content=\"en_GB\" \/>\n<meta property=\"og:type\" content=\"article\" \/>\n<meta property=\"og:title\" content=\"Care Color Brillianz Conditioner Spray 140 ml - Kinnunen\" \/>\n<meta property=\"og:description\" content=\"V\u00e4rj\u00e4tyille hiuksille r\u00e4\u00e4t\u00e4l\u00f6ity j\u00e4tett\u00e4v\u00e4 hoitosuihke. Color Sealing koostumus takaa maksimaalisen v\u00e4rinsuojan sek\u00e4 antaa suojan haitallisisa UVA ja UVB -s\u00e4teilt\u00e4. Syv\u00e4hoitavat ainesosat lis\u00e4\u00e4v\u00e4t hiuksiin kiiltoa sek\u00e4 pehmeytt\u00e4.\" \/>\n<meta property=\"og:url\" content=\"https:\/\/kinnunen.kotisivut.co\/en\/product\/care-color-brillianz-conditioner-spray-140-ml\/\" \/>\n<meta property=\"og:site_name\" content=\"Kinnunen\" \/>\n<meta property=\"article:modified_time\" content=\"2025-12-12T13:04:58+00:00\" \/>\n<meta property=\"og:image\" content=\"https:\/\/kinnunen.kotisivut.co\/wp-content\/uploads\/2021\/10\/21343-Care-Color-Brillianz-Conditioning-Spray-140ml-online.jpg\" \/>\n\t<meta property=\"og:image:width\" content=\"1000\" \/>\n\t<meta property=\"og:image:height\" content=\"1000\" \/>\n\t<meta property=\"og:image:type\" content=\"image\/jpeg\" \/>\n<meta name=\"twitter:card\" content=\"summary_large_image\" \/>\n<script type=\"application\/ld+json\" class=\"yoast-schema-graph\">{\"@context\":\"https:\/\/schema.org\",\"@graph\":[{\"@type\":\"WebPage\",\"@id\":\"https:\/\/kinnunen.kotisivut.co\/tuote\/care-color-brillianz-conditioner-spray-140-ml\/\",\"url\":\"https:\/\/kinnunen.kotisivut.co\/tuote\/care-color-brillianz-conditioner-spray-140-ml\/\",\"name\":\"Care Color Brillianz Conditioner Spray 140 ml - Kinnunen\",\"isPartOf\":{\"@id\":\"https:\/\/kinnunen.kotisivut.co\/#website\"},\"primaryImageOfPage\":{\"@id\":\"https:\/\/kinnunen.kotisivut.co\/tuote\/care-color-brillianz-conditioner-spray-140-ml\/#primaryimage\"},\"image\":{\"@id\":\"https:\/\/kinnunen.kotisivut.co\/tuote\/care-color-brillianz-conditioner-spray-140-ml\/#primaryimage\"},\"thumbnailUrl\":\"https:\/\/kinnunen.kotisivut.co\/wp-content\/uploads\/2021\/10\/21343-Care-Color-Brillianz-Conditioning-Spray-140ml-online.jpg\",\"datePublished\":\"2021-10-29T10:19:32+00:00\",\"dateModified\":\"2025-12-12T13:04:58+00:00\",\"breadcrumb\":{\"@id\":\"https:\/\/kinnunen.kotisivut.co\/tuote\/care-color-brillianz-conditioner-spray-140-ml\/#breadcrumb\"},\"inLanguage\":\"en-GB\",\"potentialAction\":[{\"@type\":\"ReadAction\",\"target\":[\"https:\/\/kinnunen.kotisivut.co\/tuote\/care-color-brillianz-conditioner-spray-140-ml\/\"]}]},{\"@type\":\"ImageObject\",\"inLanguage\":\"en-GB\",\"@id\":\"https:\/\/kinnunen.kotisivut.co\/tuote\/care-color-brillianz-conditioner-spray-140-ml\/#primaryimage\",\"url\":\"https:\/\/kinnunen.kotisivut.co\/wp-content\/uploads\/2021\/10\/21343-Care-Color-Brillianz-Conditioning-Spray-140ml-online.jpg\",\"contentUrl\":\"https:\/\/kinnunen.kotisivut.co\/wp-content\/uploads\/2021\/10\/21343-Care-Color-Brillianz-Conditioning-Spray-140ml-online.jpg\",\"width\":1000,\"height\":1000},{\"@type\":\"BreadcrumbList\",\"@id\":\"https:\/\/kinnunen.kotisivut.co\/tuote\/care-color-brillianz-conditioner-spray-140-ml\/#breadcrumb\",\"itemListElement\":[{\"@type\":\"ListItem\",\"position\":1,\"name\":\"Etusivu\",\"item\":\"https:\/\/kinnunen.kotisivut.co\/\"},{\"@type\":\"ListItem\",\"position\":2,\"name\":\"Kaikki tuotteet\",\"item\":\"https:\/\/kinnunen.kotisivut.co\/kauppa\/\"},{\"@type\":\"ListItem\",\"position\":3,\"name\":\"Hiuskosmetiikka\",\"item\":\"https:\/\/kinnunen.kotisivut.co\/tuote-osasto\/hiuskosmetiikka\/\"},{\"@type\":\"ListItem\",\"position\":4,\"name\":\"Hoitoaineet ja hiusmaamiot\",\"item\":\"https:\/\/kinnunen.kotisivut.co\/tuote-osasto\/hiuskosmetiikka\/hoitoaineet-ja-hiusmaamiot\/\"},{\"@type\":\"ListItem\",\"position\":5,\"name\":\"Keune Care\",\"item\":\"https:\/\/kinnunen.kotisivut.co\/tuote-osasto\/hiuskosmetiikka\/hoitoaineet-ja-hiusmaamiot\/keune-care-hoitoaineet-ja-hiusmaamiot\/\"},{\"@type\":\"ListItem\",\"position\":6,\"name\":\"Care Color Brillianz Conditioner Spray 140 ml\"}]},{\"@type\":\"WebSite\",\"@id\":\"https:\/\/kinnunen.kotisivut.co\/#website\",\"url\":\"https:\/\/kinnunen.kotisivut.co\/\",\"name\":\"Kinnunen\",\"description\":\"\",\"potentialAction\":[{\"@type\":\"SearchAction\",\"target\":{\"@type\":\"EntryPoint\",\"urlTemplate\":\"https:\/\/kinnunen.kotisivut.co\/?s={search_term_string}\"},\"query-input\":\"required name=search_term_string\"}],\"inLanguage\":\"en-GB\"}]}<\/script>\n<!-- \/ Yoast SEO plugin. -->","yoast_head_json":{"title":"Care Color Brillianz Conditioner Spray 140 ml - Kinnunen","robots":{"index":"noindex","follow":"follow","max-snippet":"max-snippet:-1","max-image-preview":"max-image-preview:large","max-video-preview":"max-video-preview:-1"},"og_locale":"en_GB","og_type":"article","og_title":"Care Color Brillianz Conditioner Spray 140 ml - Kinnunen","og_description":"V\u00e4rj\u00e4tyille hiuksille r\u00e4\u00e4t\u00e4l\u00f6ity j\u00e4tett\u00e4v\u00e4 hoitosuihke. Color Sealing koostumus takaa maksimaalisen v\u00e4rinsuojan sek\u00e4 antaa suojan haitallisisa UVA ja UVB -s\u00e4teilt\u00e4. Syv\u00e4hoitavat ainesosat lis\u00e4\u00e4v\u00e4t hiuksiin kiiltoa sek\u00e4 pehmeytt\u00e4.","og_url":"https:\/\/kinnunen.kotisivut.co\/en\/product\/care-color-brillianz-conditioner-spray-140-ml\/","og_site_name":"Kinnunen","article_modified_time":"2025-12-12T13:04:58+00:00","og_image":[{"width":1000,"height":1000,"url":"https:\/\/kinnunen.kotisivut.co\/wp-content\/uploads\/2021\/10\/21343-Care-Color-Brillianz-Conditioning-Spray-140ml-online.jpg","type":"image\/jpeg"}],"twitter_card":"summary_large_image","schema":{"@context":"https:\/\/schema.org","@graph":[{"@type":"WebPage","@id":"https:\/\/kinnunen.kotisivut.co\/tuote\/care-color-brillianz-conditioner-spray-140-ml\/","url":"https:\/\/kinnunen.kotisivut.co\/tuote\/care-color-brillianz-conditioner-spray-140-ml\/","name":"Care Color Brillianz Conditioner Spray 140 ml - Kinnunen","isPartOf":{"@id":"https:\/\/kinnunen.kotisivut.co\/#website"},"primaryImageOfPage":{"@id":"https:\/\/kinnunen.kotisivut.co\/tuote\/care-color-brillianz-conditioner-spray-140-ml\/#primaryimage"},"image":{"@id":"https:\/\/kinnunen.kotisivut.co\/tuote\/care-color-brillianz-conditioner-spray-140-ml\/#primaryimage"},"thumbnailUrl":"https:\/\/kinnunen.kotisivut.co\/wp-content\/uploads\/2021\/10\/21343-Care-Color-Brillianz-Conditioning-Spray-140ml-online.jpg","datePublished":"2021-10-29T10:19:32+00:00","dateModified":"2025-12-12T13:04:58+00:00","breadcrumb":{"@id":"https:\/\/kinnunen.kotisivut.co\/tuote\/care-color-brillianz-conditioner-spray-140-ml\/#breadcrumb"},"inLanguage":"en-GB","potentialAction":[{"@type":"ReadAction","target":["https:\/\/kinnunen.kotisivut.co\/tuote\/care-color-brillianz-conditioner-spray-140-ml\/"]}]},{"@type":"ImageObject","inLanguage":"en-GB","@id":"https:\/\/kinnunen.kotisivut.co\/tuote\/care-color-brillianz-conditioner-spray-140-ml\/#primaryimage","url":"https:\/\/kinnunen.kotisivut.co\/wp-content\/uploads\/2021\/10\/21343-Care-Color-Brillianz-Conditioning-Spray-140ml-online.jpg","contentUrl":"https:\/\/kinnunen.kotisivut.co\/wp-content\/uploads\/2021\/10\/21343-Care-Color-Brillianz-Conditioning-Spray-140ml-online.jpg","width":1000,"height":1000},{"@type":"BreadcrumbList","@id":"https:\/\/kinnunen.kotisivut.co\/tuote\/care-color-brillianz-conditioner-spray-140-ml\/#breadcrumb","itemListElement":[{"@type":"ListItem","position":1,"name":"Etusivu","item":"https:\/\/kinnunen.kotisivut.co\/"},{"@type":"ListItem","position":2,"name":"Kaikki tuotteet","item":"https:\/\/kinnunen.kotisivut.co\/kauppa\/"},{"@type":"ListItem","position":3,"name":"Hiuskosmetiikka","item":"https:\/\/kinnunen.kotisivut.co\/tuote-osasto\/hiuskosmetiikka\/"},{"@type":"ListItem","position":4,"name":"Hoitoaineet ja hiusmaamiot","item":"https:\/\/kinnunen.kotisivut.co\/tuote-osasto\/hiuskosmetiikka\/hoitoaineet-ja-hiusmaamiot\/"},{"@type":"ListItem","position":5,"name":"Keune Care","item":"https:\/\/kinnunen.kotisivut.co\/tuote-osasto\/hiuskosmetiikka\/hoitoaineet-ja-hiusmaamiot\/keune-care-hoitoaineet-ja-hiusmaamiot\/"},{"@type":"ListItem","position":6,"name":"Care Color Brillianz Conditioner Spray 140 ml"}]},{"@type":"WebSite","@id":"https:\/\/kinnunen.kotisivut.co\/#website","url":"https:\/\/kinnunen.kotisivut.co\/","name":"Kinnunen","description":"","potentialAction":[{"@type":"SearchAction","target":{"@type":"EntryPoint","urlTemplate":"https:\/\/kinnunen.kotisivut.co\/?s={search_term_string}"},"query-input":"required name=search_term_string"}],"inLanguage":"en-GB"}]}},"_links":{"self":[{"href":"https:\/\/kinnunen.kotisivut.co\/en\/wp-json\/wp\/v2\/product\/5075","targetHints":{"allow":["GET"]}}],"collection":[{"href":"https:\/\/kinnunen.kotisivut.co\/en\/wp-json\/wp\/v2\/product"}],"about":[{"href":"https:\/\/kinnunen.kotisivut.co\/en\/wp-json\/wp\/v2\/types\/product"}],"replies":[{"embeddable":true,"href":"https:\/\/kinnunen.kotisivut.co\/en\/wp-json\/wp\/v2\/comments?post=5075"}],"wp:featuredmedia":[{"embeddable":true,"href":"https:\/\/kinnunen.kotisivut.co\/en\/wp-json\/wp\/v2\/media\/13519"}],"wp:attachment":[{"href":"https:\/\/kinnunen.kotisivut.co\/en\/wp-json\/wp\/v2\/media?parent=5075"}],"wp:term":[{"taxonomy":"product_cat","embeddable":true,"href":"https:\/\/kinnunen.kotisivut.co\/en\/wp-json\/wp\/v2\/product_cat?post=5075"},{"taxonomy":"product_tag","embeddable":true,"href":"https:\/\/kinnunen.kotisivut.co\/en\/wp-json\/wp\/v2\/product_tag?post=5075"}],"curies":[{"name":"wp","href":"https:\/\/api.w.org\/{rel}","templated":true}]}}