

{"id":5034,"date":"2021-10-29T13:18:56","date_gmt":"2021-10-29T10:18:56","guid":{"rendered":"https:\/\/kinnunen.kotisivut.co\/tuote\/care-derma-activate-lotion-75-ml\/"},"modified":"2025-12-12T15:04:53","modified_gmt":"2025-12-12T13:04:53","slug":"care-derma-activate-lotion-75-ml","status":"publish","type":"product","link":"https:\/\/kinnunen.kotisivut.co\/en\/product\/care-derma-activate-lotion-75-ml\/","title":{"rendered":"Care Derma Activate Lotion 75 ml"},"content":{"rendered":"<p>Derma Activate is a long-lasting solution for temporary hair loss. In many cases, hair loss can be prevented, slowed or even stopped by stimulating the scalp. Rejuvenator technology penetrates the cells of the scalp where liposomes gradually release active ingredients such as minerals, biotin and hair growth stimulants such as tacanal and caffeine. As a result, the hair becomes firmer, fuller and shinier and the natural function of the scalp is restored. Use: Wash hair with Derma Activate shampoo and towel-dry hair and scalp. Do not rinse. Shape the hair as desired.<\/p>","protected":false},"excerpt":{"rendered":"<p>Intensively conditioning and refreshing conditioner for temporary hair loss and fine hair. Stimulates the metabolism of the scalp. The liposomes in the product deliver minerals, biotin and hair growth stimulating tacanal directly to the cells of the scalp. The natural balance of the scalp is restored, resulting in hair that is both firmer and more voluminous.<\/p>","protected":false},"featured_media":13484,"comment_status":"closed","ping_status":"closed","template":"","meta":{"_relevanssi_hide_post":"","_relevanssi_pin_for_all":"","_relevanssi_pin_keywords":"","_relevanssi_unpin_keywords":"","_relevanssi_related_keywords":"","_relevanssi_related_include_ids":"","_relevanssi_related_exclude_ids":"","_relevanssi_related_no_append":"","_relevanssi_related_not_related":"","_relevanssi_related_posts":"","_relevanssi_noindex_reason":""},"product_cat":[1727,1730,1731],"product_tag":[],"class_list":["post-5034","product","type-product","status-publish","has-post-thumbnail","hentry","product_cat-hiuskosmetiikka","product_cat-muut-hoitotuotteet-oljyt-ja-hiuspohjan-hoito","product_cat-keune-care-muut-hoitotuotteet-oljyt-ja-hiuspohjan-hoito","pa_koko-normaalikoko","pa_ominaisuudet-cruelty-free","pa_ominaisuudet-valmistettu-euroopassa","pa_tuoteperhe-care-derma","tuotemerkki-keune-care","tuotemerkki-keune-haircosmetics"],"tuotemerkit":[{"term_id":26,"name":"Keune Care","slug":"keune-care","term_group":0,"term_taxonomy_id":26,"taxonomy":"tuotemerkki","description":"","parent":25,"count":150,"filter":"raw"},{"term_id":25,"name":"Keune Haircosmetics","slug":"keune-haircosmetics","term_group":0,"term_taxonomy_id":25,"taxonomy":"tuotemerkki","description":"","parent":0,"count":293,"filter":"raw"}],"acf":[],"yoast_head":"<!-- This site is optimized with the Yoast SEO plugin v23.3 - https:\/\/yoast.com\/wordpress\/plugins\/seo\/ -->\n<title>Care Derma Activate Lotion 75 ml - Kinnunen<\/title>\n<meta name=\"robots\" content=\"noindex, follow, max-snippet:-1, max-image-preview:large, max-video-preview:-1\" \/>\n<meta property=\"og:locale\" content=\"en_GB\" \/>\n<meta property=\"og:type\" content=\"article\" \/>\n<meta property=\"og:title\" content=\"Care Derma Activate Lotion 75 ml - Kinnunen\" \/>\n<meta property=\"og:description\" content=\"Intensiivisesti hoitava ja virkist\u00e4v\u00e4 hoitoneste v\u00e4liaikaiseen hiustenl\u00e4ht\u00f6\u00f6n ja hennoille hiuksille. Hoitoneste stimuloi hiuspohjan aineenvaihduntaa. Tuotteen sis\u00e4lt\u00e4m\u00e4t liposomit viev\u00e4t mineraalit ja biotiinin sek\u00e4 hiustenkasvua stimuloivan takanalin suoraan hiuspohjan soluihin. Hiuspohjan toiminnan luonnollinen tasapaino palautuu, jonka ansioista hiuksita tulee ryhdikk\u00e4\u00e4mm\u00e4t sek\u00e4 runsaammat.\" \/>\n<meta property=\"og:url\" content=\"https:\/\/kinnunen.kotisivut.co\/en\/product\/care-derma-activate-lotion-75-ml\/\" \/>\n<meta property=\"og:site_name\" content=\"Kinnunen\" \/>\n<meta property=\"article:modified_time\" content=\"2025-12-12T13:04:53+00:00\" \/>\n<meta property=\"og:image\" content=\"https:\/\/kinnunen.kotisivut.co\/wp-content\/uploads\/2021\/10\/21306-Care-Derma-Activate-Lotion-75ml-online.jpg\" \/>\n\t<meta property=\"og:image:width\" content=\"1000\" \/>\n\t<meta property=\"og:image:height\" content=\"1000\" \/>\n\t<meta property=\"og:image:type\" content=\"image\/jpeg\" \/>\n<meta name=\"twitter:card\" content=\"summary_large_image\" \/>\n<meta name=\"twitter:label1\" content=\"Estimated reading time\" \/>\n\t<meta name=\"twitter:data1\" content=\"1 minute\" \/>\n<script type=\"application\/ld+json\" class=\"yoast-schema-graph\">{\"@context\":\"https:\/\/schema.org\",\"@graph\":[{\"@type\":\"WebPage\",\"@id\":\"https:\/\/kinnunen.kotisivut.co\/tuote\/care-derma-activate-lotion-75-ml\/\",\"url\":\"https:\/\/kinnunen.kotisivut.co\/tuote\/care-derma-activate-lotion-75-ml\/\",\"name\":\"Care Derma Activate Lotion 75 ml - Kinnunen\",\"isPartOf\":{\"@id\":\"https:\/\/kinnunen.kotisivut.co\/#website\"},\"primaryImageOfPage\":{\"@id\":\"https:\/\/kinnunen.kotisivut.co\/tuote\/care-derma-activate-lotion-75-ml\/#primaryimage\"},\"image\":{\"@id\":\"https:\/\/kinnunen.kotisivut.co\/tuote\/care-derma-activate-lotion-75-ml\/#primaryimage\"},\"thumbnailUrl\":\"https:\/\/kinnunen.kotisivut.co\/wp-content\/uploads\/2021\/10\/21306-Care-Derma-Activate-Lotion-75ml-online.jpg\",\"datePublished\":\"2021-10-29T10:18:56+00:00\",\"dateModified\":\"2025-12-12T13:04:53+00:00\",\"breadcrumb\":{\"@id\":\"https:\/\/kinnunen.kotisivut.co\/tuote\/care-derma-activate-lotion-75-ml\/#breadcrumb\"},\"inLanguage\":\"en-GB\",\"potentialAction\":[{\"@type\":\"ReadAction\",\"target\":[\"https:\/\/kinnunen.kotisivut.co\/tuote\/care-derma-activate-lotion-75-ml\/\"]}]},{\"@type\":\"ImageObject\",\"inLanguage\":\"en-GB\",\"@id\":\"https:\/\/kinnunen.kotisivut.co\/tuote\/care-derma-activate-lotion-75-ml\/#primaryimage\",\"url\":\"https:\/\/kinnunen.kotisivut.co\/wp-content\/uploads\/2021\/10\/21306-Care-Derma-Activate-Lotion-75ml-online.jpg\",\"contentUrl\":\"https:\/\/kinnunen.kotisivut.co\/wp-content\/uploads\/2021\/10\/21306-Care-Derma-Activate-Lotion-75ml-online.jpg\",\"width\":1000,\"height\":1000},{\"@type\":\"BreadcrumbList\",\"@id\":\"https:\/\/kinnunen.kotisivut.co\/tuote\/care-derma-activate-lotion-75-ml\/#breadcrumb\",\"itemListElement\":[{\"@type\":\"ListItem\",\"position\":1,\"name\":\"Etusivu\",\"item\":\"https:\/\/kinnunen.kotisivut.co\/\"},{\"@type\":\"ListItem\",\"position\":2,\"name\":\"Kaikki tuotteet\",\"item\":\"https:\/\/kinnunen.kotisivut.co\/kauppa\/\"},{\"@type\":\"ListItem\",\"position\":3,\"name\":\"Hiuskosmetiikka\",\"item\":\"https:\/\/kinnunen.kotisivut.co\/tuote-osasto\/hiuskosmetiikka\/\"},{\"@type\":\"ListItem\",\"position\":4,\"name\":\"Muut hoitotuotteet \u00f6ljyt ja hiuspohjan hoito\",\"item\":\"https:\/\/kinnunen.kotisivut.co\/tuote-osasto\/hiuskosmetiikka\/muut-hoitotuotteet-oljyt-ja-hiuspohjan-hoito\/\"},{\"@type\":\"ListItem\",\"position\":5,\"name\":\"Keune Care\",\"item\":\"https:\/\/kinnunen.kotisivut.co\/tuote-osasto\/hiuskosmetiikka\/muut-hoitotuotteet-oljyt-ja-hiuspohjan-hoito\/keune-care-muut-hoitotuotteet-oljyt-ja-hiuspohjan-hoito\/\"},{\"@type\":\"ListItem\",\"position\":6,\"name\":\"Care Derma Activate Lotion 75 ml\"}]},{\"@type\":\"WebSite\",\"@id\":\"https:\/\/kinnunen.kotisivut.co\/#website\",\"url\":\"https:\/\/kinnunen.kotisivut.co\/\",\"name\":\"Kinnunen\",\"description\":\"\",\"potentialAction\":[{\"@type\":\"SearchAction\",\"target\":{\"@type\":\"EntryPoint\",\"urlTemplate\":\"https:\/\/kinnunen.kotisivut.co\/?s={search_term_string}\"},\"query-input\":\"required name=search_term_string\"}],\"inLanguage\":\"en-GB\"}]}<\/script>\n<!-- \/ Yoast SEO plugin. -->","yoast_head_json":{"title":"Care Derma Activate Lotion 75 ml - Kinnunen","robots":{"index":"noindex","follow":"follow","max-snippet":"max-snippet:-1","max-image-preview":"max-image-preview:large","max-video-preview":"max-video-preview:-1"},"og_locale":"en_GB","og_type":"article","og_title":"Care Derma Activate Lotion 75 ml - Kinnunen","og_description":"Intensiivisesti hoitava ja virkist\u00e4v\u00e4 hoitoneste v\u00e4liaikaiseen hiustenl\u00e4ht\u00f6\u00f6n ja hennoille hiuksille. Hoitoneste stimuloi hiuspohjan aineenvaihduntaa. Tuotteen sis\u00e4lt\u00e4m\u00e4t liposomit viev\u00e4t mineraalit ja biotiinin sek\u00e4 hiustenkasvua stimuloivan takanalin suoraan hiuspohjan soluihin. Hiuspohjan toiminnan luonnollinen tasapaino palautuu, jonka ansioista hiuksita tulee ryhdikk\u00e4\u00e4mm\u00e4t sek\u00e4 runsaammat.","og_url":"https:\/\/kinnunen.kotisivut.co\/en\/product\/care-derma-activate-lotion-75-ml\/","og_site_name":"Kinnunen","article_modified_time":"2025-12-12T13:04:53+00:00","og_image":[{"width":1000,"height":1000,"url":"https:\/\/kinnunen.kotisivut.co\/wp-content\/uploads\/2021\/10\/21306-Care-Derma-Activate-Lotion-75ml-online.jpg","type":"image\/jpeg"}],"twitter_card":"summary_large_image","twitter_misc":{"Estimated reading time":"1 minute"},"schema":{"@context":"https:\/\/schema.org","@graph":[{"@type":"WebPage","@id":"https:\/\/kinnunen.kotisivut.co\/tuote\/care-derma-activate-lotion-75-ml\/","url":"https:\/\/kinnunen.kotisivut.co\/tuote\/care-derma-activate-lotion-75-ml\/","name":"Care Derma Activate Lotion 75 ml - Kinnunen","isPartOf":{"@id":"https:\/\/kinnunen.kotisivut.co\/#website"},"primaryImageOfPage":{"@id":"https:\/\/kinnunen.kotisivut.co\/tuote\/care-derma-activate-lotion-75-ml\/#primaryimage"},"image":{"@id":"https:\/\/kinnunen.kotisivut.co\/tuote\/care-derma-activate-lotion-75-ml\/#primaryimage"},"thumbnailUrl":"https:\/\/kinnunen.kotisivut.co\/wp-content\/uploads\/2021\/10\/21306-Care-Derma-Activate-Lotion-75ml-online.jpg","datePublished":"2021-10-29T10:18:56+00:00","dateModified":"2025-12-12T13:04:53+00:00","breadcrumb":{"@id":"https:\/\/kinnunen.kotisivut.co\/tuote\/care-derma-activate-lotion-75-ml\/#breadcrumb"},"inLanguage":"en-GB","potentialAction":[{"@type":"ReadAction","target":["https:\/\/kinnunen.kotisivut.co\/tuote\/care-derma-activate-lotion-75-ml\/"]}]},{"@type":"ImageObject","inLanguage":"en-GB","@id":"https:\/\/kinnunen.kotisivut.co\/tuote\/care-derma-activate-lotion-75-ml\/#primaryimage","url":"https:\/\/kinnunen.kotisivut.co\/wp-content\/uploads\/2021\/10\/21306-Care-Derma-Activate-Lotion-75ml-online.jpg","contentUrl":"https:\/\/kinnunen.kotisivut.co\/wp-content\/uploads\/2021\/10\/21306-Care-Derma-Activate-Lotion-75ml-online.jpg","width":1000,"height":1000},{"@type":"BreadcrumbList","@id":"https:\/\/kinnunen.kotisivut.co\/tuote\/care-derma-activate-lotion-75-ml\/#breadcrumb","itemListElement":[{"@type":"ListItem","position":1,"name":"Etusivu","item":"https:\/\/kinnunen.kotisivut.co\/"},{"@type":"ListItem","position":2,"name":"Kaikki tuotteet","item":"https:\/\/kinnunen.kotisivut.co\/kauppa\/"},{"@type":"ListItem","position":3,"name":"Hiuskosmetiikka","item":"https:\/\/kinnunen.kotisivut.co\/tuote-osasto\/hiuskosmetiikka\/"},{"@type":"ListItem","position":4,"name":"Muut hoitotuotteet \u00f6ljyt ja hiuspohjan hoito","item":"https:\/\/kinnunen.kotisivut.co\/tuote-osasto\/hiuskosmetiikka\/muut-hoitotuotteet-oljyt-ja-hiuspohjan-hoito\/"},{"@type":"ListItem","position":5,"name":"Keune Care","item":"https:\/\/kinnunen.kotisivut.co\/tuote-osasto\/hiuskosmetiikka\/muut-hoitotuotteet-oljyt-ja-hiuspohjan-hoito\/keune-care-muut-hoitotuotteet-oljyt-ja-hiuspohjan-hoito\/"},{"@type":"ListItem","position":6,"name":"Care Derma Activate Lotion 75 ml"}]},{"@type":"WebSite","@id":"https:\/\/kinnunen.kotisivut.co\/#website","url":"https:\/\/kinnunen.kotisivut.co\/","name":"Kinnunen","description":"","potentialAction":[{"@type":"SearchAction","target":{"@type":"EntryPoint","urlTemplate":"https:\/\/kinnunen.kotisivut.co\/?s={search_term_string}"},"query-input":"required name=search_term_string"}],"inLanguage":"en-GB"}]}},"_links":{"self":[{"href":"https:\/\/kinnunen.kotisivut.co\/en\/wp-json\/wp\/v2\/product\/5034","targetHints":{"allow":["GET"]}}],"collection":[{"href":"https:\/\/kinnunen.kotisivut.co\/en\/wp-json\/wp\/v2\/product"}],"about":[{"href":"https:\/\/kinnunen.kotisivut.co\/en\/wp-json\/wp\/v2\/types\/product"}],"replies":[{"embeddable":true,"href":"https:\/\/kinnunen.kotisivut.co\/en\/wp-json\/wp\/v2\/comments?post=5034"}],"wp:featuredmedia":[{"embeddable":true,"href":"https:\/\/kinnunen.kotisivut.co\/en\/wp-json\/wp\/v2\/media\/13484"}],"wp:attachment":[{"href":"https:\/\/kinnunen.kotisivut.co\/en\/wp-json\/wp\/v2\/media?parent=5034"}],"wp:term":[{"taxonomy":"product_cat","embeddable":true,"href":"https:\/\/kinnunen.kotisivut.co\/en\/wp-json\/wp\/v2\/product_cat?post=5034"},{"taxonomy":"product_tag","embeddable":true,"href":"https:\/\/kinnunen.kotisivut.co\/en\/wp-json\/wp\/v2\/product_tag?post=5034"}],"curies":[{"name":"wp","href":"https:\/\/api.w.org\/{rel}","templated":true}]}}