

{"id":46499,"date":"2025-12-11T09:21:03","date_gmt":"2025-12-11T07:21:03","guid":{"rendered":"https:\/\/kinnunen.kotisivut.co\/?post_type=product&#038;p=46499"},"modified":"2025-12-12T15:53:44","modified_gmt":"2025-12-12T13:53:44","slug":"care-color-brillianz-sulfate-free-shampoo-varjatyille-hiuksille-300-ml","status":"publish","type":"product","link":"https:\/\/kinnunen.kotisivut.co\/en\/product\/care-color-brillianz-sulfate-free-shampoo-varjatyille-hiuksille-300-ml\/","title":{"rendered":"Care Color Brillianz Sulfate Free Shampoo -v\u00e4rj\u00e4tyille hiuksille, 300 ml"},"content":{"rendered":"<p>Pid\u00e4 v\u00e4risi raikkaana ja hehkuvana t\u00e4ll\u00e4 sulfaatittomalla Color Brillianz Anti-Fade Shampoon versiolla, joka on t\u00e4ynn\u00e4 v\u00e4ri\u00e4 lukitsevia ainesosia ja antioksidantteja. Sulfaatiton koostumus auttaa est\u00e4m\u00e4\u00e4n haalistumista, lis\u00e4\u00e4m\u00e4\u00e4n kiiltoa ja suojaamaan ymp\u00e4rist\u00f6n stressitekij\u00f6ilt\u00e4. V\u00e4risi pysyy hehkuvana ja kauniina pesusta toiseen.<\/p>\n<p>- Sea Silk technology strengthens the hair fibre, locks in moisture and improves the overall silkiness of the hair while protecting it. A powerful blend of marine-derived proteins and nutrients that<br \/>\nis designed to strengthen, smooth and moisturize hair. Coloured hair is often more fragile and prone to damage.<\/p>\n<p>- Sunflower extract is a powerful natural ingredient known for its antioxidant-rich and UV-protective properties. Just as sunflowers survive in the sun, this extract helps protect hair from colour-dulling environmental stresses such as pollution and UV rays. By forming a protective layer, it helps prevent oxidation and fading of colour<br \/>\ntoo quickly, so your hair stays fresh, full and healthy for longer.<\/p>","protected":false},"excerpt":{"rendered":"<p>Sulfaatiton shampoo v\u00e4rj\u00e4tyille hiuksille, joka auttaa s\u00e4ilytt\u00e4m\u00e4\u00e4n v\u00e4rin eloisuuden pidemp\u00e4\u00e4n.<\/p>","protected":false},"featured_media":45506,"comment_status":"open","ping_status":"closed","template":"","meta":{"_relevanssi_hide_post":"","_relevanssi_pin_for_all":"","_relevanssi_pin_keywords":"","_relevanssi_unpin_keywords":"","_relevanssi_related_keywords":"","_relevanssi_related_include_ids":"","_relevanssi_related_exclude_ids":"","_relevanssi_related_no_append":"","_relevanssi_related_not_related":"","_relevanssi_related_posts":"","_relevanssi_noindex_reason":""},"product_cat":[1727,1728,1729],"product_tag":[],"class_list":["post-46499","product","type-product","status-publish","has-post-thumbnail","hentry","product_cat-hiuskosmetiikka","product_cat-shampoot","product_cat-keune-care","tuotemerkki-keune-care","tuotemerkki-keune-haircosmetics"],"tuotemerkit":[{"term_id":26,"name":"Keune Care","slug":"keune-care","term_group":0,"term_taxonomy_id":26,"taxonomy":"tuotemerkki","description":"","parent":25,"count":150,"filter":"raw"},{"term_id":25,"name":"Keune Haircosmetics","slug":"keune-haircosmetics","term_group":0,"term_taxonomy_id":25,"taxonomy":"tuotemerkki","description":"","parent":0,"count":293,"filter":"raw"}],"acf":[],"yoast_head":"<!-- This site is optimized with the Yoast SEO plugin v23.3 - https:\/\/yoast.com\/wordpress\/plugins\/seo\/ -->\n<title>Care Color Brillianz Sulfate Free Shampoo -v\u00e4rj\u00e4tyille hiuksille, 300 ml - Kinnunen<\/title>\n<meta name=\"robots\" content=\"noindex, follow, max-snippet:-1, max-image-preview:large, max-video-preview:-1\" \/>\n<meta property=\"og:locale\" content=\"en_GB\" \/>\n<meta property=\"og:type\" content=\"article\" \/>\n<meta property=\"og:title\" content=\"Care Color Brillianz Sulfate Free Shampoo -v\u00e4rj\u00e4tyille hiuksille, 300 ml - Kinnunen\" \/>\n<meta property=\"og:description\" content=\"Sulfaatiton shampoo v\u00e4rj\u00e4tyille hiuksille, joka auttaa s\u00e4ilytt\u00e4m\u00e4\u00e4n v\u00e4rin eloisuuden pidemp\u00e4\u00e4n.\" \/>\n<meta property=\"og:url\" content=\"https:\/\/kinnunen.kotisivut.co\/en\/product\/care-color-brillianz-sulfate-free-shampoo-varjatyille-hiuksille-300-ml\/\" \/>\n<meta property=\"og:site_name\" content=\"Kinnunen\" \/>\n<meta property=\"article:modified_time\" content=\"2025-12-12T13:53:44+00:00\" \/>\n<meta property=\"og:image\" content=\"https:\/\/kinnunen.kotisivut.co\/wp-content\/uploads\/2025\/09\/21551-Keune-Care-Color-Sulfate-Free-Shampoo-300ml.jpeg\" \/>\n\t<meta property=\"og:image:width\" content=\"2000\" \/>\n\t<meta property=\"og:image:height\" content=\"2000\" \/>\n\t<meta property=\"og:image:type\" content=\"image\/jpeg\" \/>\n<meta name=\"twitter:card\" content=\"summary_large_image\" \/>\n<meta name=\"twitter:label1\" content=\"Estimated reading time\" \/>\n\t<meta name=\"twitter:data1\" content=\"1 minute\" \/>\n<script type=\"application\/ld+json\" class=\"yoast-schema-graph\">{\"@context\":\"https:\/\/schema.org\",\"@graph\":[{\"@type\":\"WebPage\",\"@id\":\"https:\/\/kinnunen.kotisivut.co\/tuote\/care-color-brillianz-sulfate-free-shampoo-varjatyille-hiuksille-300-ml\/\",\"url\":\"https:\/\/kinnunen.kotisivut.co\/tuote\/care-color-brillianz-sulfate-free-shampoo-varjatyille-hiuksille-300-ml\/\",\"name\":\"Care Color Brillianz Sulfate Free Shampoo -v\u00e4rj\u00e4tyille hiuksille, 300 ml - Kinnunen\",\"isPartOf\":{\"@id\":\"https:\/\/kinnunen.kotisivut.co\/#website\"},\"primaryImageOfPage\":{\"@id\":\"https:\/\/kinnunen.kotisivut.co\/tuote\/care-color-brillianz-sulfate-free-shampoo-varjatyille-hiuksille-300-ml\/#primaryimage\"},\"image\":{\"@id\":\"https:\/\/kinnunen.kotisivut.co\/tuote\/care-color-brillianz-sulfate-free-shampoo-varjatyille-hiuksille-300-ml\/#primaryimage\"},\"thumbnailUrl\":\"https:\/\/kinnunen.kotisivut.co\/wp-content\/uploads\/2025\/09\/21551-Keune-Care-Color-Sulfate-Free-Shampoo-300ml.jpeg\",\"datePublished\":\"2025-12-11T07:21:03+00:00\",\"dateModified\":\"2025-12-12T13:53:44+00:00\",\"breadcrumb\":{\"@id\":\"https:\/\/kinnunen.kotisivut.co\/tuote\/care-color-brillianz-sulfate-free-shampoo-varjatyille-hiuksille-300-ml\/#breadcrumb\"},\"inLanguage\":\"en-GB\",\"potentialAction\":[{\"@type\":\"ReadAction\",\"target\":[\"https:\/\/kinnunen.kotisivut.co\/tuote\/care-color-brillianz-sulfate-free-shampoo-varjatyille-hiuksille-300-ml\/\"]}]},{\"@type\":\"ImageObject\",\"inLanguage\":\"en-GB\",\"@id\":\"https:\/\/kinnunen.kotisivut.co\/tuote\/care-color-brillianz-sulfate-free-shampoo-varjatyille-hiuksille-300-ml\/#primaryimage\",\"url\":\"https:\/\/kinnunen.kotisivut.co\/wp-content\/uploads\/2025\/09\/21551-Keune-Care-Color-Sulfate-Free-Shampoo-300ml.jpeg\",\"contentUrl\":\"https:\/\/kinnunen.kotisivut.co\/wp-content\/uploads\/2025\/09\/21551-Keune-Care-Color-Sulfate-Free-Shampoo-300ml.jpeg\",\"width\":2000,\"height\":2000},{\"@type\":\"BreadcrumbList\",\"@id\":\"https:\/\/kinnunen.kotisivut.co\/tuote\/care-color-brillianz-sulfate-free-shampoo-varjatyille-hiuksille-300-ml\/#breadcrumb\",\"itemListElement\":[{\"@type\":\"ListItem\",\"position\":1,\"name\":\"Etusivu\",\"item\":\"https:\/\/kinnunen.kotisivut.co\/\"},{\"@type\":\"ListItem\",\"position\":2,\"name\":\"Kaikki tuotteet\",\"item\":\"https:\/\/kinnunen.kotisivut.co\/kauppa\/\"},{\"@type\":\"ListItem\",\"position\":3,\"name\":\"Hiuskosmetiikka\",\"item\":\"https:\/\/kinnunen.kotisivut.co\/tuote-osasto\/hiuskosmetiikka\/\"},{\"@type\":\"ListItem\",\"position\":4,\"name\":\"Care Color Brillianz Sulfate Free Shampoo -v\u00e4rj\u00e4tyille hiuksille, 300 ml\"}]},{\"@type\":\"WebSite\",\"@id\":\"https:\/\/kinnunen.kotisivut.co\/#website\",\"url\":\"https:\/\/kinnunen.kotisivut.co\/\",\"name\":\"Kinnunen\",\"description\":\"\",\"potentialAction\":[{\"@type\":\"SearchAction\",\"target\":{\"@type\":\"EntryPoint\",\"urlTemplate\":\"https:\/\/kinnunen.kotisivut.co\/?s={search_term_string}\"},\"query-input\":\"required name=search_term_string\"}],\"inLanguage\":\"en-GB\"}]}<\/script>\n<!-- \/ Yoast SEO plugin. -->","yoast_head_json":{"title":"Care Color Brillianz Sulfate Free Shampoo -v\u00e4rj\u00e4tyille hiuksille, 300 ml - Kinnunen","robots":{"index":"noindex","follow":"follow","max-snippet":"max-snippet:-1","max-image-preview":"max-image-preview:large","max-video-preview":"max-video-preview:-1"},"og_locale":"en_GB","og_type":"article","og_title":"Care Color Brillianz Sulfate Free Shampoo -v\u00e4rj\u00e4tyille hiuksille, 300 ml - Kinnunen","og_description":"Sulfaatiton shampoo v\u00e4rj\u00e4tyille hiuksille, joka auttaa s\u00e4ilytt\u00e4m\u00e4\u00e4n v\u00e4rin eloisuuden pidemp\u00e4\u00e4n.","og_url":"https:\/\/kinnunen.kotisivut.co\/en\/product\/care-color-brillianz-sulfate-free-shampoo-varjatyille-hiuksille-300-ml\/","og_site_name":"Kinnunen","article_modified_time":"2025-12-12T13:53:44+00:00","og_image":[{"width":2000,"height":2000,"url":"https:\/\/kinnunen.kotisivut.co\/wp-content\/uploads\/2025\/09\/21551-Keune-Care-Color-Sulfate-Free-Shampoo-300ml.jpeg","type":"image\/jpeg"}],"twitter_card":"summary_large_image","twitter_misc":{"Estimated reading time":"1 minute"},"schema":{"@context":"https:\/\/schema.org","@graph":[{"@type":"WebPage","@id":"https:\/\/kinnunen.kotisivut.co\/tuote\/care-color-brillianz-sulfate-free-shampoo-varjatyille-hiuksille-300-ml\/","url":"https:\/\/kinnunen.kotisivut.co\/tuote\/care-color-brillianz-sulfate-free-shampoo-varjatyille-hiuksille-300-ml\/","name":"Care Color Brillianz Sulfate Free Shampoo -v\u00e4rj\u00e4tyille hiuksille, 300 ml - Kinnunen","isPartOf":{"@id":"https:\/\/kinnunen.kotisivut.co\/#website"},"primaryImageOfPage":{"@id":"https:\/\/kinnunen.kotisivut.co\/tuote\/care-color-brillianz-sulfate-free-shampoo-varjatyille-hiuksille-300-ml\/#primaryimage"},"image":{"@id":"https:\/\/kinnunen.kotisivut.co\/tuote\/care-color-brillianz-sulfate-free-shampoo-varjatyille-hiuksille-300-ml\/#primaryimage"},"thumbnailUrl":"https:\/\/kinnunen.kotisivut.co\/wp-content\/uploads\/2025\/09\/21551-Keune-Care-Color-Sulfate-Free-Shampoo-300ml.jpeg","datePublished":"2025-12-11T07:21:03+00:00","dateModified":"2025-12-12T13:53:44+00:00","breadcrumb":{"@id":"https:\/\/kinnunen.kotisivut.co\/tuote\/care-color-brillianz-sulfate-free-shampoo-varjatyille-hiuksille-300-ml\/#breadcrumb"},"inLanguage":"en-GB","potentialAction":[{"@type":"ReadAction","target":["https:\/\/kinnunen.kotisivut.co\/tuote\/care-color-brillianz-sulfate-free-shampoo-varjatyille-hiuksille-300-ml\/"]}]},{"@type":"ImageObject","inLanguage":"en-GB","@id":"https:\/\/kinnunen.kotisivut.co\/tuote\/care-color-brillianz-sulfate-free-shampoo-varjatyille-hiuksille-300-ml\/#primaryimage","url":"https:\/\/kinnunen.kotisivut.co\/wp-content\/uploads\/2025\/09\/21551-Keune-Care-Color-Sulfate-Free-Shampoo-300ml.jpeg","contentUrl":"https:\/\/kinnunen.kotisivut.co\/wp-content\/uploads\/2025\/09\/21551-Keune-Care-Color-Sulfate-Free-Shampoo-300ml.jpeg","width":2000,"height":2000},{"@type":"BreadcrumbList","@id":"https:\/\/kinnunen.kotisivut.co\/tuote\/care-color-brillianz-sulfate-free-shampoo-varjatyille-hiuksille-300-ml\/#breadcrumb","itemListElement":[{"@type":"ListItem","position":1,"name":"Etusivu","item":"https:\/\/kinnunen.kotisivut.co\/"},{"@type":"ListItem","position":2,"name":"Kaikki tuotteet","item":"https:\/\/kinnunen.kotisivut.co\/kauppa\/"},{"@type":"ListItem","position":3,"name":"Hiuskosmetiikka","item":"https:\/\/kinnunen.kotisivut.co\/tuote-osasto\/hiuskosmetiikka\/"},{"@type":"ListItem","position":4,"name":"Care Color Brillianz Sulfate Free Shampoo -v\u00e4rj\u00e4tyille hiuksille, 300 ml"}]},{"@type":"WebSite","@id":"https:\/\/kinnunen.kotisivut.co\/#website","url":"https:\/\/kinnunen.kotisivut.co\/","name":"Kinnunen","description":"","potentialAction":[{"@type":"SearchAction","target":{"@type":"EntryPoint","urlTemplate":"https:\/\/kinnunen.kotisivut.co\/?s={search_term_string}"},"query-input":"required name=search_term_string"}],"inLanguage":"en-GB"}]}},"_links":{"self":[{"href":"https:\/\/kinnunen.kotisivut.co\/en\/wp-json\/wp\/v2\/product\/46499","targetHints":{"allow":["GET"]}}],"collection":[{"href":"https:\/\/kinnunen.kotisivut.co\/en\/wp-json\/wp\/v2\/product"}],"about":[{"href":"https:\/\/kinnunen.kotisivut.co\/en\/wp-json\/wp\/v2\/types\/product"}],"replies":[{"embeddable":true,"href":"https:\/\/kinnunen.kotisivut.co\/en\/wp-json\/wp\/v2\/comments?post=46499"}],"wp:featuredmedia":[{"embeddable":true,"href":"https:\/\/kinnunen.kotisivut.co\/en\/wp-json\/wp\/v2\/media\/45506"}],"wp:attachment":[{"href":"https:\/\/kinnunen.kotisivut.co\/en\/wp-json\/wp\/v2\/media?parent=46499"}],"wp:term":[{"taxonomy":"product_cat","embeddable":true,"href":"https:\/\/kinnunen.kotisivut.co\/en\/wp-json\/wp\/v2\/product_cat?post=46499"},{"taxonomy":"product_tag","embeddable":true,"href":"https:\/\/kinnunen.kotisivut.co\/en\/wp-json\/wp\/v2\/product_tag?post=46499"}],"curies":[{"name":"wp","href":"https:\/\/api.w.org\/{rel}","templated":true}]}}