

{"id":46491,"date":"2025-12-11T08:43:00","date_gmt":"2025-12-11T06:43:00","guid":{"rendered":"https:\/\/kinnunen.kotisivut.co\/?post_type=product&#038;p=46491"},"modified":"2025-12-11T09:14:40","modified_gmt":"2025-12-11T07:14:40","slug":"care-scalp-sensitive-shampoo-herkalle-hiuspohjalle-1000-ml","status":"publish","type":"product","link":"https:\/\/kinnunen.kotisivut.co\/en\/product\/care-scalp-sensitive-shampoo-herkalle-hiuspohjalle-1000-ml\/","title":{"rendered":"Care Scalp Sensitive Shampoo -herk\u00e4lle hiuspohjalle, 1000 ml"},"content":{"rendered":"<p>Rauhoita ja suojaa ihoa Scalp Sensitive -rauhoittavalla shampoolla, joka on kehitetty puhdistamaan hell\u00e4varaisesti \u00e4rsytt\u00e4m\u00e4tt\u00e4 hiuspohjaa. T\u00e4m\u00e4 eritt\u00e4in mieto, hajusteeton shampoo sopii ihanteellisesti herk\u00e4lle, allergioille alttiille tai helposti \u00e4rtyv\u00e4lle hiuspohjalle. Se rauhoittaa ep\u00e4mukavuuden tunnetta, v\u00e4hent\u00e4\u00e4 punoitusta ja yll\u00e4pit\u00e4\u00e4 hiuspohjan luonnollista tasapainoa.<\/p>\n<p>- A natural prebiotic, inulin, helps maintain the balance of the scalp microbiome, ensuring optimal hydration and protection. By promoting a balanced scalp microbiome, inulin can help reduce scalp discomfort, support the natural protective layer and create ideal conditions for healthy hair.<\/p>\n<p>- Powerful anti-inflammatory and soothing Boswellia Serrata helps reduce redness, sensitivity and discomfort. It soothes the scalp and provides long-lasting relief while strengthening the skin's natural protective layer for a healthier, more resilient base.<\/p>\n<p>&nbsp;<\/p>","protected":false},"excerpt":{"rendered":"<p>Hajusteeton shampoo herk\u00e4lle, allergioille alttiille ja reagoivalle iholle tai kaikille, jotka k\u00e4rsiv\u00e4t hiuspohjan punoituksesta ja\/tai \u00e4rsytyksest\u00e4.<\/p>","protected":false},"featured_media":45524,"comment_status":"open","ping_status":"closed","template":"","meta":{"_relevanssi_hide_post":"","_relevanssi_pin_for_all":"","_relevanssi_pin_keywords":"","_relevanssi_unpin_keywords":"","_relevanssi_related_keywords":"","_relevanssi_related_include_ids":"","_relevanssi_related_exclude_ids":"","_relevanssi_related_no_append":"","_relevanssi_related_not_related":"","_relevanssi_related_posts":"","_relevanssi_noindex_reason":""},"product_cat":[1727,1728,1729],"product_tag":[],"class_list":["post-46491","product","type-product","status-publish","has-post-thumbnail","hentry","product_cat-hiuskosmetiikka","product_cat-shampoot","product_cat-keune-care","tuotemerkki-keune-care","tuotemerkki-keune-haircosmetics"],"tuotemerkit":[{"term_id":26,"name":"Keune Care","slug":"keune-care","term_group":0,"term_taxonomy_id":26,"taxonomy":"tuotemerkki","description":"","parent":25,"count":150,"filter":"raw"},{"term_id":25,"name":"Keune Haircosmetics","slug":"keune-haircosmetics","term_group":0,"term_taxonomy_id":25,"taxonomy":"tuotemerkki","description":"","parent":0,"count":293,"filter":"raw"}],"acf":[],"yoast_head":"<!-- This site is optimized with the Yoast SEO plugin v23.3 - https:\/\/yoast.com\/wordpress\/plugins\/seo\/ -->\n<title>Care Scalp Sensitive Shampoo -herk\u00e4lle hiuspohjalle, 1000 ml - Kinnunen<\/title>\n<meta name=\"robots\" content=\"noindex, follow, max-snippet:-1, max-image-preview:large, max-video-preview:-1\" \/>\n<meta property=\"og:locale\" content=\"en_GB\" \/>\n<meta property=\"og:type\" content=\"article\" \/>\n<meta property=\"og:title\" content=\"Care Scalp Sensitive Shampoo -herk\u00e4lle hiuspohjalle, 1000 ml - Kinnunen\" \/>\n<meta property=\"og:description\" content=\"Hajusteeton shampoo herk\u00e4lle, allergioille alttiille ja reagoivalle iholle tai kaikille, jotka k\u00e4rsiv\u00e4t hiuspohjan punoituksesta ja\/tai \u00e4rsytyksest\u00e4.\" \/>\n<meta property=\"og:url\" content=\"https:\/\/kinnunen.kotisivut.co\/en\/product\/care-scalp-sensitive-shampoo-herkalle-hiuspohjalle-1000-ml\/\" \/>\n<meta property=\"og:site_name\" content=\"Kinnunen\" \/>\n<meta property=\"article:modified_time\" content=\"2025-12-11T07:14:40+00:00\" \/>\n<meta property=\"og:image\" content=\"https:\/\/kinnunen.kotisivut.co\/wp-content\/uploads\/2025\/09\/21575-Keune-Care-Scalp-Sensitive-Shampoo-1000ml-small.jpg\" \/>\n\t<meta property=\"og:image:width\" content=\"1181\" \/>\n\t<meta property=\"og:image:height\" content=\"1181\" \/>\n\t<meta property=\"og:image:type\" content=\"image\/jpeg\" \/>\n<meta name=\"twitter:card\" content=\"summary_large_image\" \/>\n<meta name=\"twitter:label1\" content=\"Estimated reading time\" \/>\n\t<meta name=\"twitter:data1\" content=\"1 minute\" \/>\n<script type=\"application\/ld+json\" class=\"yoast-schema-graph\">{\"@context\":\"https:\/\/schema.org\",\"@graph\":[{\"@type\":\"WebPage\",\"@id\":\"https:\/\/kinnunen.kotisivut.co\/tuote\/care-scalp-sensitive-shampoo-herkalle-hiuspohjalle-1000-ml\/\",\"url\":\"https:\/\/kinnunen.kotisivut.co\/tuote\/care-scalp-sensitive-shampoo-herkalle-hiuspohjalle-1000-ml\/\",\"name\":\"Care Scalp Sensitive Shampoo -herk\u00e4lle hiuspohjalle, 1000 ml - Kinnunen\",\"isPartOf\":{\"@id\":\"https:\/\/kinnunen.kotisivut.co\/#website\"},\"primaryImageOfPage\":{\"@id\":\"https:\/\/kinnunen.kotisivut.co\/tuote\/care-scalp-sensitive-shampoo-herkalle-hiuspohjalle-1000-ml\/#primaryimage\"},\"image\":{\"@id\":\"https:\/\/kinnunen.kotisivut.co\/tuote\/care-scalp-sensitive-shampoo-herkalle-hiuspohjalle-1000-ml\/#primaryimage\"},\"thumbnailUrl\":\"https:\/\/kinnunen.kotisivut.co\/wp-content\/uploads\/2025\/09\/21575-Keune-Care-Scalp-Sensitive-Shampoo-1000ml-small.jpg\",\"datePublished\":\"2025-12-11T06:43:00+00:00\",\"dateModified\":\"2025-12-11T07:14:40+00:00\",\"breadcrumb\":{\"@id\":\"https:\/\/kinnunen.kotisivut.co\/tuote\/care-scalp-sensitive-shampoo-herkalle-hiuspohjalle-1000-ml\/#breadcrumb\"},\"inLanguage\":\"en-GB\",\"potentialAction\":[{\"@type\":\"ReadAction\",\"target\":[\"https:\/\/kinnunen.kotisivut.co\/tuote\/care-scalp-sensitive-shampoo-herkalle-hiuspohjalle-1000-ml\/\"]}]},{\"@type\":\"ImageObject\",\"inLanguage\":\"en-GB\",\"@id\":\"https:\/\/kinnunen.kotisivut.co\/tuote\/care-scalp-sensitive-shampoo-herkalle-hiuspohjalle-1000-ml\/#primaryimage\",\"url\":\"https:\/\/kinnunen.kotisivut.co\/wp-content\/uploads\/2025\/09\/21575-Keune-Care-Scalp-Sensitive-Shampoo-1000ml-small.jpg\",\"contentUrl\":\"https:\/\/kinnunen.kotisivut.co\/wp-content\/uploads\/2025\/09\/21575-Keune-Care-Scalp-Sensitive-Shampoo-1000ml-small.jpg\",\"width\":1181,\"height\":1181},{\"@type\":\"BreadcrumbList\",\"@id\":\"https:\/\/kinnunen.kotisivut.co\/tuote\/care-scalp-sensitive-shampoo-herkalle-hiuspohjalle-1000-ml\/#breadcrumb\",\"itemListElement\":[{\"@type\":\"ListItem\",\"position\":1,\"name\":\"Etusivu\",\"item\":\"https:\/\/kinnunen.kotisivut.co\/\"},{\"@type\":\"ListItem\",\"position\":2,\"name\":\"Kaikki tuotteet\",\"item\":\"https:\/\/kinnunen.kotisivut.co\/kauppa\/\"},{\"@type\":\"ListItem\",\"position\":3,\"name\":\"Hiuskosmetiikka\",\"item\":\"https:\/\/kinnunen.kotisivut.co\/tuote-osasto\/hiuskosmetiikka\/\"},{\"@type\":\"ListItem\",\"position\":4,\"name\":\"Care Scalp Sensitive Shampoo -herk\u00e4lle hiuspohjalle, 1000 ml\"}]},{\"@type\":\"WebSite\",\"@id\":\"https:\/\/kinnunen.kotisivut.co\/#website\",\"url\":\"https:\/\/kinnunen.kotisivut.co\/\",\"name\":\"Kinnunen\",\"description\":\"\",\"potentialAction\":[{\"@type\":\"SearchAction\",\"target\":{\"@type\":\"EntryPoint\",\"urlTemplate\":\"https:\/\/kinnunen.kotisivut.co\/?s={search_term_string}\"},\"query-input\":\"required name=search_term_string\"}],\"inLanguage\":\"en-GB\"}]}<\/script>\n<!-- \/ Yoast SEO plugin. -->","yoast_head_json":{"title":"Care Scalp Sensitive Shampoo -herk\u00e4lle hiuspohjalle, 1000 ml - Kinnunen","robots":{"index":"noindex","follow":"follow","max-snippet":"max-snippet:-1","max-image-preview":"max-image-preview:large","max-video-preview":"max-video-preview:-1"},"og_locale":"en_GB","og_type":"article","og_title":"Care Scalp Sensitive Shampoo -herk\u00e4lle hiuspohjalle, 1000 ml - Kinnunen","og_description":"Hajusteeton shampoo herk\u00e4lle, allergioille alttiille ja reagoivalle iholle tai kaikille, jotka k\u00e4rsiv\u00e4t hiuspohjan punoituksesta ja\/tai \u00e4rsytyksest\u00e4.","og_url":"https:\/\/kinnunen.kotisivut.co\/en\/product\/care-scalp-sensitive-shampoo-herkalle-hiuspohjalle-1000-ml\/","og_site_name":"Kinnunen","article_modified_time":"2025-12-11T07:14:40+00:00","og_image":[{"width":1181,"height":1181,"url":"https:\/\/kinnunen.kotisivut.co\/wp-content\/uploads\/2025\/09\/21575-Keune-Care-Scalp-Sensitive-Shampoo-1000ml-small.jpg","type":"image\/jpeg"}],"twitter_card":"summary_large_image","twitter_misc":{"Estimated reading time":"1 minute"},"schema":{"@context":"https:\/\/schema.org","@graph":[{"@type":"WebPage","@id":"https:\/\/kinnunen.kotisivut.co\/tuote\/care-scalp-sensitive-shampoo-herkalle-hiuspohjalle-1000-ml\/","url":"https:\/\/kinnunen.kotisivut.co\/tuote\/care-scalp-sensitive-shampoo-herkalle-hiuspohjalle-1000-ml\/","name":"Care Scalp Sensitive Shampoo -herk\u00e4lle hiuspohjalle, 1000 ml - Kinnunen","isPartOf":{"@id":"https:\/\/kinnunen.kotisivut.co\/#website"},"primaryImageOfPage":{"@id":"https:\/\/kinnunen.kotisivut.co\/tuote\/care-scalp-sensitive-shampoo-herkalle-hiuspohjalle-1000-ml\/#primaryimage"},"image":{"@id":"https:\/\/kinnunen.kotisivut.co\/tuote\/care-scalp-sensitive-shampoo-herkalle-hiuspohjalle-1000-ml\/#primaryimage"},"thumbnailUrl":"https:\/\/kinnunen.kotisivut.co\/wp-content\/uploads\/2025\/09\/21575-Keune-Care-Scalp-Sensitive-Shampoo-1000ml-small.jpg","datePublished":"2025-12-11T06:43:00+00:00","dateModified":"2025-12-11T07:14:40+00:00","breadcrumb":{"@id":"https:\/\/kinnunen.kotisivut.co\/tuote\/care-scalp-sensitive-shampoo-herkalle-hiuspohjalle-1000-ml\/#breadcrumb"},"inLanguage":"en-GB","potentialAction":[{"@type":"ReadAction","target":["https:\/\/kinnunen.kotisivut.co\/tuote\/care-scalp-sensitive-shampoo-herkalle-hiuspohjalle-1000-ml\/"]}]},{"@type":"ImageObject","inLanguage":"en-GB","@id":"https:\/\/kinnunen.kotisivut.co\/tuote\/care-scalp-sensitive-shampoo-herkalle-hiuspohjalle-1000-ml\/#primaryimage","url":"https:\/\/kinnunen.kotisivut.co\/wp-content\/uploads\/2025\/09\/21575-Keune-Care-Scalp-Sensitive-Shampoo-1000ml-small.jpg","contentUrl":"https:\/\/kinnunen.kotisivut.co\/wp-content\/uploads\/2025\/09\/21575-Keune-Care-Scalp-Sensitive-Shampoo-1000ml-small.jpg","width":1181,"height":1181},{"@type":"BreadcrumbList","@id":"https:\/\/kinnunen.kotisivut.co\/tuote\/care-scalp-sensitive-shampoo-herkalle-hiuspohjalle-1000-ml\/#breadcrumb","itemListElement":[{"@type":"ListItem","position":1,"name":"Etusivu","item":"https:\/\/kinnunen.kotisivut.co\/"},{"@type":"ListItem","position":2,"name":"Kaikki tuotteet","item":"https:\/\/kinnunen.kotisivut.co\/kauppa\/"},{"@type":"ListItem","position":3,"name":"Hiuskosmetiikka","item":"https:\/\/kinnunen.kotisivut.co\/tuote-osasto\/hiuskosmetiikka\/"},{"@type":"ListItem","position":4,"name":"Care Scalp Sensitive Shampoo -herk\u00e4lle hiuspohjalle, 1000 ml"}]},{"@type":"WebSite","@id":"https:\/\/kinnunen.kotisivut.co\/#website","url":"https:\/\/kinnunen.kotisivut.co\/","name":"Kinnunen","description":"","potentialAction":[{"@type":"SearchAction","target":{"@type":"EntryPoint","urlTemplate":"https:\/\/kinnunen.kotisivut.co\/?s={search_term_string}"},"query-input":"required name=search_term_string"}],"inLanguage":"en-GB"}]}},"_links":{"self":[{"href":"https:\/\/kinnunen.kotisivut.co\/en\/wp-json\/wp\/v2\/product\/46491","targetHints":{"allow":["GET"]}}],"collection":[{"href":"https:\/\/kinnunen.kotisivut.co\/en\/wp-json\/wp\/v2\/product"}],"about":[{"href":"https:\/\/kinnunen.kotisivut.co\/en\/wp-json\/wp\/v2\/types\/product"}],"replies":[{"embeddable":true,"href":"https:\/\/kinnunen.kotisivut.co\/en\/wp-json\/wp\/v2\/comments?post=46491"}],"wp:featuredmedia":[{"embeddable":true,"href":"https:\/\/kinnunen.kotisivut.co\/en\/wp-json\/wp\/v2\/media\/45524"}],"wp:attachment":[{"href":"https:\/\/kinnunen.kotisivut.co\/en\/wp-json\/wp\/v2\/media?parent=46491"}],"wp:term":[{"taxonomy":"product_cat","embeddable":true,"href":"https:\/\/kinnunen.kotisivut.co\/en\/wp-json\/wp\/v2\/product_cat?post=46491"},{"taxonomy":"product_tag","embeddable":true,"href":"https:\/\/kinnunen.kotisivut.co\/en\/wp-json\/wp\/v2\/product_tag?post=46491"}],"curies":[{"name":"wp","href":"https:\/\/api.w.org\/{rel}","templated":true}]}}