

{"id":46147,"date":"2025-11-03T09:55:45","date_gmt":"2025-11-03T07:55:45","guid":{"rendered":"https:\/\/kinnunen.kotisivut.co\/?post_type=product&#038;p=46147"},"modified":"2025-12-11T11:19:22","modified_gmt":"2025-12-11T09:19:22","slug":"care-dandruff-detox-shampoo-hilseileva-hiuspohja-1000ml","status":"publish","type":"product","link":"https:\/\/kinnunen.kotisivut.co\/en\/product\/care-dandruff-detox-shampoo-hilseileva-hiuspohja-1000ml\/","title":{"rendered":"Care Dandruff Detox Shampoo -hilseilev\u00e4 hiuspohja, 1000ml"},"content":{"rendered":"<p>Dandruff Detox Shampoo instantly removes dandruff and soothes irritation with a formulation containing piroctoniolamine and inulin. This advanced formula is specially formulated to combat dandruff and restore balance to the scalp. It effectively soothes, cleanses and nourishes - leaving the scalp feeling fresh, comfortable and flake-free.<\/p>\n<p>\u25fe A natural prebiotic, inulin, helps maintain the balance of the scalp microbiome, ensuring optimal hydration and protection. By promoting a balanced scalp microbiome, inulin can help reduce scalp discomfort, support the natural protective barrier and create ideal conditions for healthy hair.<\/p>\n<p>\u25fe Clinically proven anti-dandruff agent, Piroctone Olamine, eliminates dandruff-causing microbes and reduces itching and irritation. It also helps prevent dandruff by maintaining a healthy scalp, ensuring long-lasting freshness and comfort.<\/p>","protected":false},"excerpt":{"rendered":"<p>Cleanse and soothe the scalp with the Dandruff Detox Purifying Shampoo, scientifically formulated to cleanse and prevent dandruff. Packed with powerful anti-dandruff and scalp-soothing ingredients, this shampoo helps reduce flaking, soothe irritation and restore a healthy scalp balance.<\/p>","protected":false},"featured_media":45466,"comment_status":"open","ping_status":"closed","template":"","meta":{"_relevanssi_hide_post":"","_relevanssi_pin_for_all":"","_relevanssi_pin_keywords":"","_relevanssi_unpin_keywords":"","_relevanssi_related_keywords":"","_relevanssi_related_include_ids":"","_relevanssi_related_exclude_ids":"","_relevanssi_related_no_append":"","_relevanssi_related_not_related":"","_relevanssi_related_posts":"","_relevanssi_noindex_reason":""},"product_cat":[1727,1728,1729],"product_tag":[],"class_list":["post-46147","product","type-product","status-publish","has-post-thumbnail","hentry","product_cat-hiuskosmetiikka","product_cat-shampoot","product_cat-keune-care","tuotemerkki-keune-care","tuotemerkki-keune-haircosmetics"],"tuotemerkit":[{"term_id":26,"name":"Keune Care","slug":"keune-care","term_group":0,"term_taxonomy_id":26,"taxonomy":"tuotemerkki","description":"","parent":25,"count":150,"filter":"raw"},{"term_id":25,"name":"Keune Haircosmetics","slug":"keune-haircosmetics","term_group":0,"term_taxonomy_id":25,"taxonomy":"tuotemerkki","description":"","parent":0,"count":293,"filter":"raw"}],"acf":[],"yoast_head":"<!-- This site is optimized with the Yoast SEO plugin v23.3 - https:\/\/yoast.com\/wordpress\/plugins\/seo\/ -->\n<title>Care Dandruff Detox Shampoo -hilseilev\u00e4 hiuspohja, 1000ml - Kinnunen<\/title>\n<meta name=\"robots\" content=\"noindex, follow, max-snippet:-1, max-image-preview:large, max-video-preview:-1\" \/>\n<meta property=\"og:locale\" content=\"en_GB\" \/>\n<meta property=\"og:type\" content=\"article\" \/>\n<meta property=\"og:title\" content=\"Care Dandruff Detox Shampoo -hilseilev\u00e4 hiuspohja, 1000ml - Kinnunen\" \/>\n<meta property=\"og:description\" content=\"Puhdista ja rauhoita hiuspohjaa Dandruff Detox Purifying Shampoolla, joka on tieteellisesti kehitetty puhdistamaan ja ehk\u00e4isem\u00e4\u00e4n hilseen aiheuttajaan. Tehokkaita hilsett\u00e4 ehk\u00e4isevi\u00e4 ja hiuspohjaa rauhoittavia ainesosia sis\u00e4lt\u00e4v\u00e4 shampoo auttaa v\u00e4hent\u00e4m\u00e4\u00e4n hilseily\u00e4, rauhoittamaan \u00e4rsytyst\u00e4 ja palauttamaan terveen hiuspohjan tasapainon.\" \/>\n<meta property=\"og:url\" content=\"https:\/\/kinnunen.kotisivut.co\/en\/product\/care-dandruff-detox-shampoo-hilseileva-hiuspohja-1000ml\/\" \/>\n<meta property=\"og:site_name\" content=\"Kinnunen\" \/>\n<meta property=\"article:modified_time\" content=\"2025-12-11T09:19:22+00:00\" \/>\n<meta property=\"og:image\" content=\"https:\/\/kinnunen.kotisivut.co\/wp-content\/uploads\/2025\/09\/21501-Keune-Care-Dandruff-Detox-Shampoo-1000ml-small.jpg\" \/>\n\t<meta property=\"og:image:width\" content=\"1181\" \/>\n\t<meta property=\"og:image:height\" content=\"1181\" \/>\n\t<meta property=\"og:image:type\" content=\"image\/jpeg\" \/>\n<meta name=\"twitter:card\" content=\"summary_large_image\" \/>\n<meta name=\"twitter:label1\" content=\"Estimated reading time\" \/>\n\t<meta name=\"twitter:data1\" content=\"1 minute\" \/>\n<script type=\"application\/ld+json\" class=\"yoast-schema-graph\">{\"@context\":\"https:\/\/schema.org\",\"@graph\":[{\"@type\":\"WebPage\",\"@id\":\"https:\/\/kinnunen.kotisivut.co\/tuote\/care-dandruff-detox-shampoo-hilseileva-hiuspohja-1000ml\/\",\"url\":\"https:\/\/kinnunen.kotisivut.co\/tuote\/care-dandruff-detox-shampoo-hilseileva-hiuspohja-1000ml\/\",\"name\":\"Care Dandruff Detox Shampoo -hilseilev\u00e4 hiuspohja, 1000ml - Kinnunen\",\"isPartOf\":{\"@id\":\"https:\/\/kinnunen.kotisivut.co\/#website\"},\"primaryImageOfPage\":{\"@id\":\"https:\/\/kinnunen.kotisivut.co\/tuote\/care-dandruff-detox-shampoo-hilseileva-hiuspohja-1000ml\/#primaryimage\"},\"image\":{\"@id\":\"https:\/\/kinnunen.kotisivut.co\/tuote\/care-dandruff-detox-shampoo-hilseileva-hiuspohja-1000ml\/#primaryimage\"},\"thumbnailUrl\":\"https:\/\/kinnunen.kotisivut.co\/wp-content\/uploads\/2025\/09\/21501-Keune-Care-Dandruff-Detox-Shampoo-1000ml-small.jpg\",\"datePublished\":\"2025-11-03T07:55:45+00:00\",\"dateModified\":\"2025-12-11T09:19:22+00:00\",\"breadcrumb\":{\"@id\":\"https:\/\/kinnunen.kotisivut.co\/tuote\/care-dandruff-detox-shampoo-hilseileva-hiuspohja-1000ml\/#breadcrumb\"},\"inLanguage\":\"en-GB\",\"potentialAction\":[{\"@type\":\"ReadAction\",\"target\":[\"https:\/\/kinnunen.kotisivut.co\/tuote\/care-dandruff-detox-shampoo-hilseileva-hiuspohja-1000ml\/\"]}]},{\"@type\":\"ImageObject\",\"inLanguage\":\"en-GB\",\"@id\":\"https:\/\/kinnunen.kotisivut.co\/tuote\/care-dandruff-detox-shampoo-hilseileva-hiuspohja-1000ml\/#primaryimage\",\"url\":\"https:\/\/kinnunen.kotisivut.co\/wp-content\/uploads\/2025\/09\/21501-Keune-Care-Dandruff-Detox-Shampoo-1000ml-small.jpg\",\"contentUrl\":\"https:\/\/kinnunen.kotisivut.co\/wp-content\/uploads\/2025\/09\/21501-Keune-Care-Dandruff-Detox-Shampoo-1000ml-small.jpg\",\"width\":1181,\"height\":1181},{\"@type\":\"BreadcrumbList\",\"@id\":\"https:\/\/kinnunen.kotisivut.co\/tuote\/care-dandruff-detox-shampoo-hilseileva-hiuspohja-1000ml\/#breadcrumb\",\"itemListElement\":[{\"@type\":\"ListItem\",\"position\":1,\"name\":\"Etusivu\",\"item\":\"https:\/\/kinnunen.kotisivut.co\/\"},{\"@type\":\"ListItem\",\"position\":2,\"name\":\"Kaikki tuotteet\",\"item\":\"https:\/\/kinnunen.kotisivut.co\/kauppa\/\"},{\"@type\":\"ListItem\",\"position\":3,\"name\":\"Hiuskosmetiikka\",\"item\":\"https:\/\/kinnunen.kotisivut.co\/tuote-osasto\/hiuskosmetiikka\/\"},{\"@type\":\"ListItem\",\"position\":4,\"name\":\"Care Dandruff Detox Shampoo -hilseilev\u00e4 hiuspohja, 1000ml\"}]},{\"@type\":\"WebSite\",\"@id\":\"https:\/\/kinnunen.kotisivut.co\/#website\",\"url\":\"https:\/\/kinnunen.kotisivut.co\/\",\"name\":\"Kinnunen\",\"description\":\"\",\"potentialAction\":[{\"@type\":\"SearchAction\",\"target\":{\"@type\":\"EntryPoint\",\"urlTemplate\":\"https:\/\/kinnunen.kotisivut.co\/?s={search_term_string}\"},\"query-input\":\"required name=search_term_string\"}],\"inLanguage\":\"en-GB\"}]}<\/script>\n<!-- \/ Yoast SEO plugin. -->","yoast_head_json":{"title":"Care Dandruff Detox Shampoo -hilseilev\u00e4 hiuspohja, 1000ml - Kinnunen","robots":{"index":"noindex","follow":"follow","max-snippet":"max-snippet:-1","max-image-preview":"max-image-preview:large","max-video-preview":"max-video-preview:-1"},"og_locale":"en_GB","og_type":"article","og_title":"Care Dandruff Detox Shampoo -hilseilev\u00e4 hiuspohja, 1000ml - Kinnunen","og_description":"Puhdista ja rauhoita hiuspohjaa Dandruff Detox Purifying Shampoolla, joka on tieteellisesti kehitetty puhdistamaan ja ehk\u00e4isem\u00e4\u00e4n hilseen aiheuttajaan. Tehokkaita hilsett\u00e4 ehk\u00e4isevi\u00e4 ja hiuspohjaa rauhoittavia ainesosia sis\u00e4lt\u00e4v\u00e4 shampoo auttaa v\u00e4hent\u00e4m\u00e4\u00e4n hilseily\u00e4, rauhoittamaan \u00e4rsytyst\u00e4 ja palauttamaan terveen hiuspohjan tasapainon.","og_url":"https:\/\/kinnunen.kotisivut.co\/en\/product\/care-dandruff-detox-shampoo-hilseileva-hiuspohja-1000ml\/","og_site_name":"Kinnunen","article_modified_time":"2025-12-11T09:19:22+00:00","og_image":[{"width":1181,"height":1181,"url":"https:\/\/kinnunen.kotisivut.co\/wp-content\/uploads\/2025\/09\/21501-Keune-Care-Dandruff-Detox-Shampoo-1000ml-small.jpg","type":"image\/jpeg"}],"twitter_card":"summary_large_image","twitter_misc":{"Estimated reading time":"1 minute"},"schema":{"@context":"https:\/\/schema.org","@graph":[{"@type":"WebPage","@id":"https:\/\/kinnunen.kotisivut.co\/tuote\/care-dandruff-detox-shampoo-hilseileva-hiuspohja-1000ml\/","url":"https:\/\/kinnunen.kotisivut.co\/tuote\/care-dandruff-detox-shampoo-hilseileva-hiuspohja-1000ml\/","name":"Care Dandruff Detox Shampoo -hilseilev\u00e4 hiuspohja, 1000ml - Kinnunen","isPartOf":{"@id":"https:\/\/kinnunen.kotisivut.co\/#website"},"primaryImageOfPage":{"@id":"https:\/\/kinnunen.kotisivut.co\/tuote\/care-dandruff-detox-shampoo-hilseileva-hiuspohja-1000ml\/#primaryimage"},"image":{"@id":"https:\/\/kinnunen.kotisivut.co\/tuote\/care-dandruff-detox-shampoo-hilseileva-hiuspohja-1000ml\/#primaryimage"},"thumbnailUrl":"https:\/\/kinnunen.kotisivut.co\/wp-content\/uploads\/2025\/09\/21501-Keune-Care-Dandruff-Detox-Shampoo-1000ml-small.jpg","datePublished":"2025-11-03T07:55:45+00:00","dateModified":"2025-12-11T09:19:22+00:00","breadcrumb":{"@id":"https:\/\/kinnunen.kotisivut.co\/tuote\/care-dandruff-detox-shampoo-hilseileva-hiuspohja-1000ml\/#breadcrumb"},"inLanguage":"en-GB","potentialAction":[{"@type":"ReadAction","target":["https:\/\/kinnunen.kotisivut.co\/tuote\/care-dandruff-detox-shampoo-hilseileva-hiuspohja-1000ml\/"]}]},{"@type":"ImageObject","inLanguage":"en-GB","@id":"https:\/\/kinnunen.kotisivut.co\/tuote\/care-dandruff-detox-shampoo-hilseileva-hiuspohja-1000ml\/#primaryimage","url":"https:\/\/kinnunen.kotisivut.co\/wp-content\/uploads\/2025\/09\/21501-Keune-Care-Dandruff-Detox-Shampoo-1000ml-small.jpg","contentUrl":"https:\/\/kinnunen.kotisivut.co\/wp-content\/uploads\/2025\/09\/21501-Keune-Care-Dandruff-Detox-Shampoo-1000ml-small.jpg","width":1181,"height":1181},{"@type":"BreadcrumbList","@id":"https:\/\/kinnunen.kotisivut.co\/tuote\/care-dandruff-detox-shampoo-hilseileva-hiuspohja-1000ml\/#breadcrumb","itemListElement":[{"@type":"ListItem","position":1,"name":"Etusivu","item":"https:\/\/kinnunen.kotisivut.co\/"},{"@type":"ListItem","position":2,"name":"Kaikki tuotteet","item":"https:\/\/kinnunen.kotisivut.co\/kauppa\/"},{"@type":"ListItem","position":3,"name":"Hiuskosmetiikka","item":"https:\/\/kinnunen.kotisivut.co\/tuote-osasto\/hiuskosmetiikka\/"},{"@type":"ListItem","position":4,"name":"Care Dandruff Detox Shampoo -hilseilev\u00e4 hiuspohja, 1000ml"}]},{"@type":"WebSite","@id":"https:\/\/kinnunen.kotisivut.co\/#website","url":"https:\/\/kinnunen.kotisivut.co\/","name":"Kinnunen","description":"","potentialAction":[{"@type":"SearchAction","target":{"@type":"EntryPoint","urlTemplate":"https:\/\/kinnunen.kotisivut.co\/?s={search_term_string}"},"query-input":"required name=search_term_string"}],"inLanguage":"en-GB"}]}},"_links":{"self":[{"href":"https:\/\/kinnunen.kotisivut.co\/en\/wp-json\/wp\/v2\/product\/46147","targetHints":{"allow":["GET"]}}],"collection":[{"href":"https:\/\/kinnunen.kotisivut.co\/en\/wp-json\/wp\/v2\/product"}],"about":[{"href":"https:\/\/kinnunen.kotisivut.co\/en\/wp-json\/wp\/v2\/types\/product"}],"replies":[{"embeddable":true,"href":"https:\/\/kinnunen.kotisivut.co\/en\/wp-json\/wp\/v2\/comments?post=46147"}],"wp:featuredmedia":[{"embeddable":true,"href":"https:\/\/kinnunen.kotisivut.co\/en\/wp-json\/wp\/v2\/media\/45466"}],"wp:attachment":[{"href":"https:\/\/kinnunen.kotisivut.co\/en\/wp-json\/wp\/v2\/media?parent=46147"}],"wp:term":[{"taxonomy":"product_cat","embeddable":true,"href":"https:\/\/kinnunen.kotisivut.co\/en\/wp-json\/wp\/v2\/product_cat?post=46147"},{"taxonomy":"product_tag","embeddable":true,"href":"https:\/\/kinnunen.kotisivut.co\/en\/wp-json\/wp\/v2\/product_tag?post=46147"}],"curies":[{"name":"wp","href":"https:\/\/api.w.org\/{rel}","templated":true}]}}