

{"id":46023,"date":"2025-10-21T10:29:13","date_gmt":"2025-10-21T07:29:13","guid":{"rendered":"https:\/\/kinnunen.kotisivut.co\/?post_type=product&#038;p=46023"},"modified":"2025-12-12T14:50:55","modified_gmt":"2025-12-12T12:50:56","slug":"care-perfect-clarity-shampoo-syvapuhdistava-300ml","status":"publish","type":"product","link":"https:\/\/kinnunen.kotisivut.co\/en\/product\/care-perfect-clarity-shampoo-syvapuhdistava-300ml\/","title":{"rendered":"Care Perfect Clarity Shampoo -deep cleansing, 300ml"},"content":{"rendered":"<p>Revive your hair with Perfect Clarity Clarifying Shampoo, expertly formulated to deeply cleanse and detoxify hair without stripping it of essential moisture. Ideal for removing product build-up, excess oil and environmental impurities, leaving hair light, clean and revitalised.<\/p>\n<p>\u25fe Herbasol apple vinegar brightens, adds shine, balances the pH of the scalp.<\/p>\n<p>\u25fe A natural prebiotic, inulin, helps maintain the balance of the scalp microbiome, ensuring optimal hydration and protection. By promoting a balanced scalp microbiome, inulin can help reduce scalp discomfort, support the natural protective barrier and create ideal conditions for healthy hair.<\/p>\n<p>\u25fe Capucine extract, known for its natural cleansing and soothing properties, reduces excess oil and impurities. It refreshes hair, gives vitality and improves overall hair health.<\/p>\n<p>\u25fe Alpha-keto acids gently exfoliate, removing build-up and excess oil while promoting balanced scalp health. They support scalp cell regeneration, laying the foundation for stronger, healthier hair.<\/p>","protected":false},"excerpt":{"rendered":"<p>Cleans product build-up, excess oil and environmental pollutants from the hair and scalp in just one use.<\/p>","protected":false},"featured_media":45551,"comment_status":"open","ping_status":"closed","template":"","meta":{"_relevanssi_hide_post":"","_relevanssi_pin_for_all":"","_relevanssi_pin_keywords":"","_relevanssi_unpin_keywords":"","_relevanssi_related_keywords":"","_relevanssi_related_include_ids":"","_relevanssi_related_exclude_ids":"","_relevanssi_related_no_append":"","_relevanssi_related_not_related":"","_relevanssi_related_posts":"","_relevanssi_noindex_reason":""},"product_cat":[1727,1728,1729],"product_tag":[],"class_list":["post-46023","product","type-product","status-publish","has-post-thumbnail","hentry","product_cat-hiuskosmetiikka","product_cat-shampoot","product_cat-keune-care","tuotemerkki-keune-care","tuotemerkki-keune-haircosmetics"],"tuotemerkit":[{"term_id":26,"name":"Keune Care","slug":"keune-care","term_group":0,"term_taxonomy_id":26,"taxonomy":"tuotemerkki","description":"","parent":25,"count":150,"filter":"raw"},{"term_id":25,"name":"Keune Haircosmetics","slug":"keune-haircosmetics","term_group":0,"term_taxonomy_id":25,"taxonomy":"tuotemerkki","description":"","parent":0,"count":293,"filter":"raw"}],"acf":[],"yoast_head":"<!-- This site is optimized with the Yoast SEO plugin v23.3 - https:\/\/yoast.com\/wordpress\/plugins\/seo\/ -->\n<title>Care Perfect Clarity Shampoo -syv\u00e4puhdistava, 300ml - Kinnunen<\/title>\n<meta name=\"robots\" content=\"noindex, follow, max-snippet:-1, max-image-preview:large, max-video-preview:-1\" \/>\n<meta property=\"og:locale\" content=\"en_GB\" \/>\n<meta property=\"og:type\" content=\"article\" \/>\n<meta property=\"og:title\" content=\"Care Perfect Clarity Shampoo -syv\u00e4puhdistava, 300ml - Kinnunen\" \/>\n<meta property=\"og:description\" content=\"Puhdistaa tuotekertym\u00e4t, ylim\u00e4\u00e4r\u00e4isen \u00f6ljyn ja ymp\u00e4rist\u00f6n ep\u00e4puhtaudet hiuksista ja hiuspohjasta jo yhdell\u00e4 k\u00e4ytt\u00f6kerralla.\" \/>\n<meta property=\"og:url\" content=\"https:\/\/kinnunen.kotisivut.co\/en\/product\/care-perfect-clarity-shampoo-syvapuhdistava-300ml\/\" \/>\n<meta property=\"og:site_name\" content=\"Kinnunen\" \/>\n<meta property=\"article:modified_time\" content=\"2025-12-12T12:50:56+00:00\" \/>\n<meta property=\"og:image\" content=\"https:\/\/kinnunen.kotisivut.co\/wp-content\/uploads\/2025\/09\/21611-Keune-Care-Perfect-Clarity-Shampoo-300ml.jpeg\" \/>\n\t<meta property=\"og:image:width\" content=\"1990\" \/>\n\t<meta property=\"og:image:height\" content=\"1990\" \/>\n\t<meta property=\"og:image:type\" content=\"image\/jpeg\" \/>\n<meta name=\"twitter:card\" content=\"summary_large_image\" \/>\n<meta name=\"twitter:label1\" content=\"Estimated reading time\" \/>\n\t<meta name=\"twitter:data1\" content=\"1 minute\" \/>\n<script type=\"application\/ld+json\" class=\"yoast-schema-graph\">{\"@context\":\"https:\/\/schema.org\",\"@graph\":[{\"@type\":\"WebPage\",\"@id\":\"https:\/\/kinnunen.kotisivut.co\/tuote\/care-perfect-clarity-shampoo-syvapuhdistava-300ml\/\",\"url\":\"https:\/\/kinnunen.kotisivut.co\/tuote\/care-perfect-clarity-shampoo-syvapuhdistava-300ml\/\",\"name\":\"Care Perfect Clarity Shampoo -syv\u00e4puhdistava, 300ml - Kinnunen\",\"isPartOf\":{\"@id\":\"https:\/\/kinnunen.kotisivut.co\/#website\"},\"primaryImageOfPage\":{\"@id\":\"https:\/\/kinnunen.kotisivut.co\/tuote\/care-perfect-clarity-shampoo-syvapuhdistava-300ml\/#primaryimage\"},\"image\":{\"@id\":\"https:\/\/kinnunen.kotisivut.co\/tuote\/care-perfect-clarity-shampoo-syvapuhdistava-300ml\/#primaryimage\"},\"thumbnailUrl\":\"https:\/\/kinnunen.kotisivut.co\/wp-content\/uploads\/2025\/09\/21611-Keune-Care-Perfect-Clarity-Shampoo-300ml.jpeg\",\"datePublished\":\"2025-10-21T07:29:13+00:00\",\"dateModified\":\"2025-12-12T12:50:56+00:00\",\"breadcrumb\":{\"@id\":\"https:\/\/kinnunen.kotisivut.co\/tuote\/care-perfect-clarity-shampoo-syvapuhdistava-300ml\/#breadcrumb\"},\"inLanguage\":\"en-GB\",\"potentialAction\":[{\"@type\":\"ReadAction\",\"target\":[\"https:\/\/kinnunen.kotisivut.co\/tuote\/care-perfect-clarity-shampoo-syvapuhdistava-300ml\/\"]}]},{\"@type\":\"ImageObject\",\"inLanguage\":\"en-GB\",\"@id\":\"https:\/\/kinnunen.kotisivut.co\/tuote\/care-perfect-clarity-shampoo-syvapuhdistava-300ml\/#primaryimage\",\"url\":\"https:\/\/kinnunen.kotisivut.co\/wp-content\/uploads\/2025\/09\/21611-Keune-Care-Perfect-Clarity-Shampoo-300ml.jpeg\",\"contentUrl\":\"https:\/\/kinnunen.kotisivut.co\/wp-content\/uploads\/2025\/09\/21611-Keune-Care-Perfect-Clarity-Shampoo-300ml.jpeg\",\"width\":1990,\"height\":1990},{\"@type\":\"BreadcrumbList\",\"@id\":\"https:\/\/kinnunen.kotisivut.co\/tuote\/care-perfect-clarity-shampoo-syvapuhdistava-300ml\/#breadcrumb\",\"itemListElement\":[{\"@type\":\"ListItem\",\"position\":1,\"name\":\"Etusivu\",\"item\":\"https:\/\/kinnunen.kotisivut.co\/\"},{\"@type\":\"ListItem\",\"position\":2,\"name\":\"Kaikki tuotteet\",\"item\":\"https:\/\/kinnunen.kotisivut.co\/kauppa\/\"},{\"@type\":\"ListItem\",\"position\":3,\"name\":\"Hiuskosmetiikka\",\"item\":\"https:\/\/kinnunen.kotisivut.co\/tuote-osasto\/hiuskosmetiikka\/\"},{\"@type\":\"ListItem\",\"position\":4,\"name\":\"Care Perfect Clarity Shampoo -syv\u00e4puhdistava, 300ml\"}]},{\"@type\":\"WebSite\",\"@id\":\"https:\/\/kinnunen.kotisivut.co\/#website\",\"url\":\"https:\/\/kinnunen.kotisivut.co\/\",\"name\":\"Kinnunen\",\"description\":\"\",\"potentialAction\":[{\"@type\":\"SearchAction\",\"target\":{\"@type\":\"EntryPoint\",\"urlTemplate\":\"https:\/\/kinnunen.kotisivut.co\/?s={search_term_string}\"},\"query-input\":\"required name=search_term_string\"}],\"inLanguage\":\"en-GB\"}]}<\/script>\n<!-- \/ Yoast SEO plugin. -->","yoast_head_json":{"title":"Care Perfect Clarity Shampoo -syv\u00e4puhdistava, 300ml - Kinnunen","robots":{"index":"noindex","follow":"follow","max-snippet":"max-snippet:-1","max-image-preview":"max-image-preview:large","max-video-preview":"max-video-preview:-1"},"og_locale":"en_GB","og_type":"article","og_title":"Care Perfect Clarity Shampoo -syv\u00e4puhdistava, 300ml - Kinnunen","og_description":"Puhdistaa tuotekertym\u00e4t, ylim\u00e4\u00e4r\u00e4isen \u00f6ljyn ja ymp\u00e4rist\u00f6n ep\u00e4puhtaudet hiuksista ja hiuspohjasta jo yhdell\u00e4 k\u00e4ytt\u00f6kerralla.","og_url":"https:\/\/kinnunen.kotisivut.co\/en\/product\/care-perfect-clarity-shampoo-syvapuhdistava-300ml\/","og_site_name":"Kinnunen","article_modified_time":"2025-12-12T12:50:56+00:00","og_image":[{"width":1990,"height":1990,"url":"https:\/\/kinnunen.kotisivut.co\/wp-content\/uploads\/2025\/09\/21611-Keune-Care-Perfect-Clarity-Shampoo-300ml.jpeg","type":"image\/jpeg"}],"twitter_card":"summary_large_image","twitter_misc":{"Estimated reading time":"1 minute"},"schema":{"@context":"https:\/\/schema.org","@graph":[{"@type":"WebPage","@id":"https:\/\/kinnunen.kotisivut.co\/tuote\/care-perfect-clarity-shampoo-syvapuhdistava-300ml\/","url":"https:\/\/kinnunen.kotisivut.co\/tuote\/care-perfect-clarity-shampoo-syvapuhdistava-300ml\/","name":"Care Perfect Clarity Shampoo -syv\u00e4puhdistava, 300ml - Kinnunen","isPartOf":{"@id":"https:\/\/kinnunen.kotisivut.co\/#website"},"primaryImageOfPage":{"@id":"https:\/\/kinnunen.kotisivut.co\/tuote\/care-perfect-clarity-shampoo-syvapuhdistava-300ml\/#primaryimage"},"image":{"@id":"https:\/\/kinnunen.kotisivut.co\/tuote\/care-perfect-clarity-shampoo-syvapuhdistava-300ml\/#primaryimage"},"thumbnailUrl":"https:\/\/kinnunen.kotisivut.co\/wp-content\/uploads\/2025\/09\/21611-Keune-Care-Perfect-Clarity-Shampoo-300ml.jpeg","datePublished":"2025-10-21T07:29:13+00:00","dateModified":"2025-12-12T12:50:56+00:00","breadcrumb":{"@id":"https:\/\/kinnunen.kotisivut.co\/tuote\/care-perfect-clarity-shampoo-syvapuhdistava-300ml\/#breadcrumb"},"inLanguage":"en-GB","potentialAction":[{"@type":"ReadAction","target":["https:\/\/kinnunen.kotisivut.co\/tuote\/care-perfect-clarity-shampoo-syvapuhdistava-300ml\/"]}]},{"@type":"ImageObject","inLanguage":"en-GB","@id":"https:\/\/kinnunen.kotisivut.co\/tuote\/care-perfect-clarity-shampoo-syvapuhdistava-300ml\/#primaryimage","url":"https:\/\/kinnunen.kotisivut.co\/wp-content\/uploads\/2025\/09\/21611-Keune-Care-Perfect-Clarity-Shampoo-300ml.jpeg","contentUrl":"https:\/\/kinnunen.kotisivut.co\/wp-content\/uploads\/2025\/09\/21611-Keune-Care-Perfect-Clarity-Shampoo-300ml.jpeg","width":1990,"height":1990},{"@type":"BreadcrumbList","@id":"https:\/\/kinnunen.kotisivut.co\/tuote\/care-perfect-clarity-shampoo-syvapuhdistava-300ml\/#breadcrumb","itemListElement":[{"@type":"ListItem","position":1,"name":"Etusivu","item":"https:\/\/kinnunen.kotisivut.co\/"},{"@type":"ListItem","position":2,"name":"Kaikki tuotteet","item":"https:\/\/kinnunen.kotisivut.co\/kauppa\/"},{"@type":"ListItem","position":3,"name":"Hiuskosmetiikka","item":"https:\/\/kinnunen.kotisivut.co\/tuote-osasto\/hiuskosmetiikka\/"},{"@type":"ListItem","position":4,"name":"Care Perfect Clarity Shampoo -syv\u00e4puhdistava, 300ml"}]},{"@type":"WebSite","@id":"https:\/\/kinnunen.kotisivut.co\/#website","url":"https:\/\/kinnunen.kotisivut.co\/","name":"Kinnunen","description":"","potentialAction":[{"@type":"SearchAction","target":{"@type":"EntryPoint","urlTemplate":"https:\/\/kinnunen.kotisivut.co\/?s={search_term_string}"},"query-input":"required name=search_term_string"}],"inLanguage":"en-GB"}]}},"_links":{"self":[{"href":"https:\/\/kinnunen.kotisivut.co\/en\/wp-json\/wp\/v2\/product\/46023","targetHints":{"allow":["GET"]}}],"collection":[{"href":"https:\/\/kinnunen.kotisivut.co\/en\/wp-json\/wp\/v2\/product"}],"about":[{"href":"https:\/\/kinnunen.kotisivut.co\/en\/wp-json\/wp\/v2\/types\/product"}],"replies":[{"embeddable":true,"href":"https:\/\/kinnunen.kotisivut.co\/en\/wp-json\/wp\/v2\/comments?post=46023"}],"wp:featuredmedia":[{"embeddable":true,"href":"https:\/\/kinnunen.kotisivut.co\/en\/wp-json\/wp\/v2\/media\/45551"}],"wp:attachment":[{"href":"https:\/\/kinnunen.kotisivut.co\/en\/wp-json\/wp\/v2\/media?parent=46023"}],"wp:term":[{"taxonomy":"product_cat","embeddable":true,"href":"https:\/\/kinnunen.kotisivut.co\/en\/wp-json\/wp\/v2\/product_cat?post=46023"},{"taxonomy":"product_tag","embeddable":true,"href":"https:\/\/kinnunen.kotisivut.co\/en\/wp-json\/wp\/v2\/product_tag?post=46023"}],"curies":[{"name":"wp","href":"https:\/\/api.w.org\/{rel}","templated":true}]}}