

{"id":45984,"date":"2025-10-16T12:18:46","date_gmt":"2025-10-16T09:18:46","guid":{"rendered":"https:\/\/kinnunen.kotisivut.co\/?post_type=product&#038;p=45984"},"modified":"2025-12-08T09:05:07","modified_gmt":"2025-12-08T07:05:07","slug":"care-confident-curl-shampoo-kiharoille-hiuksille-80ml","status":"publish","type":"product","link":"https:\/\/kinnunen.kotisivut.co\/en\/product\/care-confident-curl-shampoo-kiharoille-hiuksille-80ml\/","title":{"rendered":"Care Confident Curl Shampoo for curly hair, 80ml"},"content":{"rendered":"<p>Confident Curl products are designed to highlight and shape wavy and curly hair while restoring the moisture and elasticity that this hair type needs.<\/p>\n<p>- Curlmax technology is scientifically designed to highlight and control curls. It forms a lightweight and flexible shield around each curl. It locks in moisture, minimises frizz and delivers long-lasting styling without stiffness - so your curls stay beautifully shaped and effortlessly manageable.<\/p>\n<p>- Amaranth extract is full of essential amino acids and nutrients that moisturise and strengthen curls. It helps improve hair elasticity, reduce breakage and increase shine - so your curls stay defined, soft and full.<\/p>","protected":false},"excerpt":{"rendered":"<p>Shampoo for wavy, curly or frizzy hair that needs to have a natural shape and texture. The softly foaming Confident Curl Curl Enhancing Shampoo gently cleanses hair without stripping away precious moisture, leaving curls highly moisturised and beautifully bouncy.<br \/>\nHair types: 2A - 4C<\/p>","protected":false},"featured_media":45531,"comment_status":"open","ping_status":"closed","template":"","meta":{"_relevanssi_hide_post":"","_relevanssi_pin_for_all":"","_relevanssi_pin_keywords":"","_relevanssi_unpin_keywords":"","_relevanssi_related_keywords":"","_relevanssi_related_include_ids":"","_relevanssi_related_exclude_ids":"","_relevanssi_related_no_append":"","_relevanssi_related_not_related":"","_relevanssi_related_posts":"","_relevanssi_noindex_reason":""},"product_cat":[1727,1728,1729],"product_tag":[],"class_list":["post-45984","product","type-product","status-publish","has-post-thumbnail","hentry","product_cat-hiuskosmetiikka","product_cat-shampoot","product_cat-keune-care","tuotemerkki-keune-care","tuotemerkki-keune-haircosmetics"],"tuotemerkit":[{"term_id":26,"name":"Keune Care","slug":"keune-care","term_group":0,"term_taxonomy_id":26,"taxonomy":"tuotemerkki","description":"","parent":25,"count":150,"filter":"raw"},{"term_id":25,"name":"Keune Haircosmetics","slug":"keune-haircosmetics","term_group":0,"term_taxonomy_id":25,"taxonomy":"tuotemerkki","description":"","parent":0,"count":293,"filter":"raw"}],"acf":[],"yoast_head":"<!-- This site is optimized with the Yoast SEO plugin v23.3 - https:\/\/yoast.com\/wordpress\/plugins\/seo\/ -->\n<title>Care Confident Curl Shampoo -kiharoille hiuksille, 80ml - Kinnunen<\/title>\n<meta name=\"robots\" content=\"noindex, follow, max-snippet:-1, max-image-preview:large, max-video-preview:-1\" \/>\n<meta property=\"og:locale\" content=\"en_GB\" \/>\n<meta property=\"og:type\" content=\"article\" \/>\n<meta property=\"og:title\" content=\"Care Confident Curl Shampoo -kiharoille hiuksille, 80ml - Kinnunen\" \/>\n<meta property=\"og:description\" content=\"Shampoo laineikkaille, kiharoille tai p\u00f6rr\u00f6isille hiuksille, joiden luonnollista muotoa ja rakennetta halutaan parantaa. Pehme\u00e4sti vaahtoava Confident Curl Curl Enhancing Shampoo puhdistaa hiukset hell\u00e4varaisesti, poistamatta arvokasta kosteutta, jolloin kiharat ovat eritt\u00e4in kosteutetut ja kauniin kimmoisat. Hiustyypit: 2A \u2014 4C\" \/>\n<meta property=\"og:url\" content=\"https:\/\/kinnunen.kotisivut.co\/en\/product\/care-confident-curl-shampoo-kiharoille-hiuksille-80ml\/\" \/>\n<meta property=\"og:site_name\" content=\"Kinnunen\" \/>\n<meta property=\"article:modified_time\" content=\"2025-12-08T07:05:07+00:00\" \/>\n<meta property=\"og:image\" content=\"https:\/\/kinnunen.kotisivut.co\/wp-content\/uploads\/2025\/09\/21588-Keune-Care-Confident-Curl-Shampoo-80ml.jpeg\" \/>\n\t<meta property=\"og:image:width\" content=\"1800\" \/>\n\t<meta property=\"og:image:height\" content=\"1800\" \/>\n\t<meta property=\"og:image:type\" content=\"image\/jpeg\" \/>\n<meta name=\"twitter:card\" content=\"summary_large_image\" \/>\n<meta name=\"twitter:label1\" content=\"Estimated reading time\" \/>\n\t<meta name=\"twitter:data1\" content=\"1 minute\" \/>\n<script type=\"application\/ld+json\" class=\"yoast-schema-graph\">{\"@context\":\"https:\/\/schema.org\",\"@graph\":[{\"@type\":\"WebPage\",\"@id\":\"https:\/\/kinnunen.kotisivut.co\/tuote\/care-confident-curl-shampoo-kiharoille-hiuksille-80ml\/\",\"url\":\"https:\/\/kinnunen.kotisivut.co\/tuote\/care-confident-curl-shampoo-kiharoille-hiuksille-80ml\/\",\"name\":\"Care Confident Curl Shampoo -kiharoille hiuksille, 80ml - Kinnunen\",\"isPartOf\":{\"@id\":\"https:\/\/kinnunen.kotisivut.co\/#website\"},\"primaryImageOfPage\":{\"@id\":\"https:\/\/kinnunen.kotisivut.co\/tuote\/care-confident-curl-shampoo-kiharoille-hiuksille-80ml\/#primaryimage\"},\"image\":{\"@id\":\"https:\/\/kinnunen.kotisivut.co\/tuote\/care-confident-curl-shampoo-kiharoille-hiuksille-80ml\/#primaryimage\"},\"thumbnailUrl\":\"https:\/\/kinnunen.kotisivut.co\/wp-content\/uploads\/2025\/09\/21588-Keune-Care-Confident-Curl-Shampoo-80ml.jpeg\",\"datePublished\":\"2025-10-16T09:18:46+00:00\",\"dateModified\":\"2025-12-08T07:05:07+00:00\",\"breadcrumb\":{\"@id\":\"https:\/\/kinnunen.kotisivut.co\/tuote\/care-confident-curl-shampoo-kiharoille-hiuksille-80ml\/#breadcrumb\"},\"inLanguage\":\"en-GB\",\"potentialAction\":[{\"@type\":\"ReadAction\",\"target\":[\"https:\/\/kinnunen.kotisivut.co\/tuote\/care-confident-curl-shampoo-kiharoille-hiuksille-80ml\/\"]}]},{\"@type\":\"ImageObject\",\"inLanguage\":\"en-GB\",\"@id\":\"https:\/\/kinnunen.kotisivut.co\/tuote\/care-confident-curl-shampoo-kiharoille-hiuksille-80ml\/#primaryimage\",\"url\":\"https:\/\/kinnunen.kotisivut.co\/wp-content\/uploads\/2025\/09\/21588-Keune-Care-Confident-Curl-Shampoo-80ml.jpeg\",\"contentUrl\":\"https:\/\/kinnunen.kotisivut.co\/wp-content\/uploads\/2025\/09\/21588-Keune-Care-Confident-Curl-Shampoo-80ml.jpeg\",\"width\":1800,\"height\":1800},{\"@type\":\"BreadcrumbList\",\"@id\":\"https:\/\/kinnunen.kotisivut.co\/tuote\/care-confident-curl-shampoo-kiharoille-hiuksille-80ml\/#breadcrumb\",\"itemListElement\":[{\"@type\":\"ListItem\",\"position\":1,\"name\":\"Etusivu\",\"item\":\"https:\/\/kinnunen.kotisivut.co\/\"},{\"@type\":\"ListItem\",\"position\":2,\"name\":\"Kaikki tuotteet\",\"item\":\"https:\/\/kinnunen.kotisivut.co\/kauppa\/\"},{\"@type\":\"ListItem\",\"position\":3,\"name\":\"Hiuskosmetiikka\",\"item\":\"https:\/\/kinnunen.kotisivut.co\/tuote-osasto\/hiuskosmetiikka\/\"},{\"@type\":\"ListItem\",\"position\":4,\"name\":\"Care Confident Curl Shampoo -kiharoille hiuksille, 80ml\"}]},{\"@type\":\"WebSite\",\"@id\":\"https:\/\/kinnunen.kotisivut.co\/#website\",\"url\":\"https:\/\/kinnunen.kotisivut.co\/\",\"name\":\"Kinnunen\",\"description\":\"\",\"potentialAction\":[{\"@type\":\"SearchAction\",\"target\":{\"@type\":\"EntryPoint\",\"urlTemplate\":\"https:\/\/kinnunen.kotisivut.co\/?s={search_term_string}\"},\"query-input\":\"required name=search_term_string\"}],\"inLanguage\":\"en-GB\"}]}<\/script>\n<!-- \/ Yoast SEO plugin. -->","yoast_head_json":{"title":"Care Confident Curl Shampoo -kiharoille hiuksille, 80ml - Kinnunen","robots":{"index":"noindex","follow":"follow","max-snippet":"max-snippet:-1","max-image-preview":"max-image-preview:large","max-video-preview":"max-video-preview:-1"},"og_locale":"en_GB","og_type":"article","og_title":"Care Confident Curl Shampoo -kiharoille hiuksille, 80ml - Kinnunen","og_description":"Shampoo laineikkaille, kiharoille tai p\u00f6rr\u00f6isille hiuksille, joiden luonnollista muotoa ja rakennetta halutaan parantaa. Pehme\u00e4sti vaahtoava Confident Curl Curl Enhancing Shampoo puhdistaa hiukset hell\u00e4varaisesti, poistamatta arvokasta kosteutta, jolloin kiharat ovat eritt\u00e4in kosteutetut ja kauniin kimmoisat. Hiustyypit: 2A \u2014 4C","og_url":"https:\/\/kinnunen.kotisivut.co\/en\/product\/care-confident-curl-shampoo-kiharoille-hiuksille-80ml\/","og_site_name":"Kinnunen","article_modified_time":"2025-12-08T07:05:07+00:00","og_image":[{"width":1800,"height":1800,"url":"https:\/\/kinnunen.kotisivut.co\/wp-content\/uploads\/2025\/09\/21588-Keune-Care-Confident-Curl-Shampoo-80ml.jpeg","type":"image\/jpeg"}],"twitter_card":"summary_large_image","twitter_misc":{"Estimated reading time":"1 minute"},"schema":{"@context":"https:\/\/schema.org","@graph":[{"@type":"WebPage","@id":"https:\/\/kinnunen.kotisivut.co\/tuote\/care-confident-curl-shampoo-kiharoille-hiuksille-80ml\/","url":"https:\/\/kinnunen.kotisivut.co\/tuote\/care-confident-curl-shampoo-kiharoille-hiuksille-80ml\/","name":"Care Confident Curl Shampoo -kiharoille hiuksille, 80ml - Kinnunen","isPartOf":{"@id":"https:\/\/kinnunen.kotisivut.co\/#website"},"primaryImageOfPage":{"@id":"https:\/\/kinnunen.kotisivut.co\/tuote\/care-confident-curl-shampoo-kiharoille-hiuksille-80ml\/#primaryimage"},"image":{"@id":"https:\/\/kinnunen.kotisivut.co\/tuote\/care-confident-curl-shampoo-kiharoille-hiuksille-80ml\/#primaryimage"},"thumbnailUrl":"https:\/\/kinnunen.kotisivut.co\/wp-content\/uploads\/2025\/09\/21588-Keune-Care-Confident-Curl-Shampoo-80ml.jpeg","datePublished":"2025-10-16T09:18:46+00:00","dateModified":"2025-12-08T07:05:07+00:00","breadcrumb":{"@id":"https:\/\/kinnunen.kotisivut.co\/tuote\/care-confident-curl-shampoo-kiharoille-hiuksille-80ml\/#breadcrumb"},"inLanguage":"en-GB","potentialAction":[{"@type":"ReadAction","target":["https:\/\/kinnunen.kotisivut.co\/tuote\/care-confident-curl-shampoo-kiharoille-hiuksille-80ml\/"]}]},{"@type":"ImageObject","inLanguage":"en-GB","@id":"https:\/\/kinnunen.kotisivut.co\/tuote\/care-confident-curl-shampoo-kiharoille-hiuksille-80ml\/#primaryimage","url":"https:\/\/kinnunen.kotisivut.co\/wp-content\/uploads\/2025\/09\/21588-Keune-Care-Confident-Curl-Shampoo-80ml.jpeg","contentUrl":"https:\/\/kinnunen.kotisivut.co\/wp-content\/uploads\/2025\/09\/21588-Keune-Care-Confident-Curl-Shampoo-80ml.jpeg","width":1800,"height":1800},{"@type":"BreadcrumbList","@id":"https:\/\/kinnunen.kotisivut.co\/tuote\/care-confident-curl-shampoo-kiharoille-hiuksille-80ml\/#breadcrumb","itemListElement":[{"@type":"ListItem","position":1,"name":"Etusivu","item":"https:\/\/kinnunen.kotisivut.co\/"},{"@type":"ListItem","position":2,"name":"Kaikki tuotteet","item":"https:\/\/kinnunen.kotisivut.co\/kauppa\/"},{"@type":"ListItem","position":3,"name":"Hiuskosmetiikka","item":"https:\/\/kinnunen.kotisivut.co\/tuote-osasto\/hiuskosmetiikka\/"},{"@type":"ListItem","position":4,"name":"Care Confident Curl Shampoo -kiharoille hiuksille, 80ml"}]},{"@type":"WebSite","@id":"https:\/\/kinnunen.kotisivut.co\/#website","url":"https:\/\/kinnunen.kotisivut.co\/","name":"Kinnunen","description":"","potentialAction":[{"@type":"SearchAction","target":{"@type":"EntryPoint","urlTemplate":"https:\/\/kinnunen.kotisivut.co\/?s={search_term_string}"},"query-input":"required name=search_term_string"}],"inLanguage":"en-GB"}]}},"_links":{"self":[{"href":"https:\/\/kinnunen.kotisivut.co\/en\/wp-json\/wp\/v2\/product\/45984","targetHints":{"allow":["GET"]}}],"collection":[{"href":"https:\/\/kinnunen.kotisivut.co\/en\/wp-json\/wp\/v2\/product"}],"about":[{"href":"https:\/\/kinnunen.kotisivut.co\/en\/wp-json\/wp\/v2\/types\/product"}],"replies":[{"embeddable":true,"href":"https:\/\/kinnunen.kotisivut.co\/en\/wp-json\/wp\/v2\/comments?post=45984"}],"wp:featuredmedia":[{"embeddable":true,"href":"https:\/\/kinnunen.kotisivut.co\/en\/wp-json\/wp\/v2\/media\/45531"}],"wp:attachment":[{"href":"https:\/\/kinnunen.kotisivut.co\/en\/wp-json\/wp\/v2\/media?parent=45984"}],"wp:term":[{"taxonomy":"product_cat","embeddable":true,"href":"https:\/\/kinnunen.kotisivut.co\/en\/wp-json\/wp\/v2\/product_cat?post=45984"},{"taxonomy":"product_tag","embeddable":true,"href":"https:\/\/kinnunen.kotisivut.co\/en\/wp-json\/wp\/v2\/product_tag?post=45984"}],"curies":[{"name":"wp","href":"https:\/\/api.w.org\/{rel}","templated":true}]}}