

{"id":45926,"date":"2025-10-10T15:00:22","date_gmt":"2025-10-10T12:00:22","guid":{"rendered":"https:\/\/kinnunen.kotisivut.co\/?post_type=product&#038;p=45926"},"modified":"2025-12-12T14:51:10","modified_gmt":"2025-12-12T12:51:10","slug":"care-absolute-volume-spray-tuuheuttava-150ml","status":"publish","type":"product","link":"https:\/\/kinnunen.kotisivut.co\/en\/product\/care-absolute-volume-spray-tuuheuttava-150ml\/","title":{"rendered":"Care Absolute Volume Spray -tuuheuttava, 150ml"},"content":{"rendered":"<p>Absolute Volume products are for fine, flat or limp hair in need of volume and lift. They provide volume from the roots, keeping hair light, soft and mobile. The perfect base for long-lasting styles.<\/p>\n<p>\u25fe Rice protein hydrolysate, rich in amino acids, strengthens and nourishes the hair from the inside, giving it volume and thickness. It strengthens every strand of hair, improving elasticity and resistance while making hair look more voluminous.<\/p>\n<p>\u25fe Lily extract is known for its deeply moisturising and soothing properties. This botanical power soap moisturizes your hair, leaving it soft, shiny and vibrant. It helps to smooth hair while providing a gentle lift for a fresh, luscious and long-lasting look.<\/p>","protected":false},"excerpt":{"rendered":"<p>Saavuta uusia korkeuksia t\u00e4ll\u00e4 tekstuuria antavalla hoidolla. Absolute Volume Lift and Grip Thermal Spray antaa rakennetta, kohotusta ja joustavaa pitoa, ja hiuksista tulee ihanan tuntuiset ja kest\u00e4v\u00e4t. Tuote sis\u00e4lt\u00e4\u00e4 l\u00e4mp\u00f6suojan jopa 230\u2103 asti.<\/p>","protected":false},"featured_media":45495,"comment_status":"open","ping_status":"closed","template":"","meta":{"_relevanssi_hide_post":"","_relevanssi_pin_for_all":"","_relevanssi_pin_keywords":"","_relevanssi_unpin_keywords":"","_relevanssi_related_keywords":"","_relevanssi_related_include_ids":"","_relevanssi_related_exclude_ids":"","_relevanssi_related_no_append":"","_relevanssi_related_not_related":"","_relevanssi_related_posts":"","_relevanssi_noindex_reason":""},"product_cat":[1727,1730,1731],"product_tag":[],"class_list":["post-45926","product","type-product","status-publish","has-post-thumbnail","hentry","product_cat-hiuskosmetiikka","product_cat-muut-hoitotuotteet-oljyt-ja-hiuspohjan-hoito","product_cat-keune-care-muut-hoitotuotteet-oljyt-ja-hiuspohjan-hoito","tuotemerkki-keune-care","tuotemerkki-keune-haircosmetics"],"tuotemerkit":[{"term_id":26,"name":"Keune Care","slug":"keune-care","term_group":0,"term_taxonomy_id":26,"taxonomy":"tuotemerkki","description":"","parent":25,"count":150,"filter":"raw"},{"term_id":25,"name":"Keune Haircosmetics","slug":"keune-haircosmetics","term_group":0,"term_taxonomy_id":25,"taxonomy":"tuotemerkki","description":"","parent":0,"count":293,"filter":"raw"}],"acf":[],"yoast_head":"<!-- This site is optimized with the Yoast SEO plugin v23.3 - https:\/\/yoast.com\/wordpress\/plugins\/seo\/ -->\n<title>Care Absolute Volume Spray -tuuheuttava, 150ml - Kinnunen<\/title>\n<meta name=\"robots\" content=\"noindex, follow, max-snippet:-1, max-image-preview:large, max-video-preview:-1\" \/>\n<meta property=\"og:locale\" content=\"en_GB\" \/>\n<meta property=\"og:type\" content=\"article\" \/>\n<meta property=\"og:title\" content=\"Care Absolute Volume Spray -tuuheuttava, 150ml - Kinnunen\" \/>\n<meta property=\"og:description\" content=\"Saavuta uusia korkeuksia t\u00e4ll\u00e4 tekstuuria antavalla hoidolla. Absolute Volume Lift and Grip Thermal Spray antaa rakennetta, kohotusta ja joustavaa pitoa, ja hiuksista tulee ihanan tuntuiset ja kest\u00e4v\u00e4t. Tuote sis\u00e4lt\u00e4\u00e4 l\u00e4mp\u00f6suojan jopa 230\u2103 asti.\" \/>\n<meta property=\"og:url\" content=\"https:\/\/kinnunen.kotisivut.co\/en\/product\/care-absolute-volume-spray-tuuheuttava-150ml\/\" \/>\n<meta property=\"og:site_name\" content=\"Kinnunen\" \/>\n<meta property=\"article:modified_time\" content=\"2025-12-12T12:51:10+00:00\" \/>\n<meta property=\"og:image\" content=\"https:\/\/kinnunen.kotisivut.co\/wp-content\/uploads\/2025\/09\/21538-Keune-Care-Absolute-Volume-Spray-150ml.jpeg\" \/>\n\t<meta property=\"og:image:width\" content=\"2000\" \/>\n\t<meta property=\"og:image:height\" content=\"2000\" \/>\n\t<meta property=\"og:image:type\" content=\"image\/jpeg\" \/>\n<meta name=\"twitter:card\" content=\"summary_large_image\" \/>\n<meta name=\"twitter:label1\" content=\"Estimated reading time\" \/>\n\t<meta name=\"twitter:data1\" content=\"1 minute\" \/>\n<script type=\"application\/ld+json\" class=\"yoast-schema-graph\">{\"@context\":\"https:\/\/schema.org\",\"@graph\":[{\"@type\":\"WebPage\",\"@id\":\"https:\/\/kinnunen.kotisivut.co\/tuote\/care-absolute-volume-spray-tuuheuttava-150ml\/\",\"url\":\"https:\/\/kinnunen.kotisivut.co\/tuote\/care-absolute-volume-spray-tuuheuttava-150ml\/\",\"name\":\"Care Absolute Volume Spray -tuuheuttava, 150ml - Kinnunen\",\"isPartOf\":{\"@id\":\"https:\/\/kinnunen.kotisivut.co\/#website\"},\"primaryImageOfPage\":{\"@id\":\"https:\/\/kinnunen.kotisivut.co\/tuote\/care-absolute-volume-spray-tuuheuttava-150ml\/#primaryimage\"},\"image\":{\"@id\":\"https:\/\/kinnunen.kotisivut.co\/tuote\/care-absolute-volume-spray-tuuheuttava-150ml\/#primaryimage\"},\"thumbnailUrl\":\"https:\/\/kinnunen.kotisivut.co\/wp-content\/uploads\/2025\/09\/21538-Keune-Care-Absolute-Volume-Spray-150ml.jpeg\",\"datePublished\":\"2025-10-10T12:00:22+00:00\",\"dateModified\":\"2025-12-12T12:51:10+00:00\",\"breadcrumb\":{\"@id\":\"https:\/\/kinnunen.kotisivut.co\/tuote\/care-absolute-volume-spray-tuuheuttava-150ml\/#breadcrumb\"},\"inLanguage\":\"en-GB\",\"potentialAction\":[{\"@type\":\"ReadAction\",\"target\":[\"https:\/\/kinnunen.kotisivut.co\/tuote\/care-absolute-volume-spray-tuuheuttava-150ml\/\"]}]},{\"@type\":\"ImageObject\",\"inLanguage\":\"en-GB\",\"@id\":\"https:\/\/kinnunen.kotisivut.co\/tuote\/care-absolute-volume-spray-tuuheuttava-150ml\/#primaryimage\",\"url\":\"https:\/\/kinnunen.kotisivut.co\/wp-content\/uploads\/2025\/09\/21538-Keune-Care-Absolute-Volume-Spray-150ml.jpeg\",\"contentUrl\":\"https:\/\/kinnunen.kotisivut.co\/wp-content\/uploads\/2025\/09\/21538-Keune-Care-Absolute-Volume-Spray-150ml.jpeg\",\"width\":2000,\"height\":2000},{\"@type\":\"BreadcrumbList\",\"@id\":\"https:\/\/kinnunen.kotisivut.co\/tuote\/care-absolute-volume-spray-tuuheuttava-150ml\/#breadcrumb\",\"itemListElement\":[{\"@type\":\"ListItem\",\"position\":1,\"name\":\"Etusivu\",\"item\":\"https:\/\/kinnunen.kotisivut.co\/\"},{\"@type\":\"ListItem\",\"position\":2,\"name\":\"Kaikki tuotteet\",\"item\":\"https:\/\/kinnunen.kotisivut.co\/kauppa\/\"},{\"@type\":\"ListItem\",\"position\":3,\"name\":\"Hiuskosmetiikka\",\"item\":\"https:\/\/kinnunen.kotisivut.co\/tuote-osasto\/hiuskosmetiikka\/\"},{\"@type\":\"ListItem\",\"position\":4,\"name\":\"Care Absolute Volume Spray -tuuheuttava, 150ml\"}]},{\"@type\":\"WebSite\",\"@id\":\"https:\/\/kinnunen.kotisivut.co\/#website\",\"url\":\"https:\/\/kinnunen.kotisivut.co\/\",\"name\":\"Kinnunen\",\"description\":\"\",\"potentialAction\":[{\"@type\":\"SearchAction\",\"target\":{\"@type\":\"EntryPoint\",\"urlTemplate\":\"https:\/\/kinnunen.kotisivut.co\/?s={search_term_string}\"},\"query-input\":\"required name=search_term_string\"}],\"inLanguage\":\"en-GB\"}]}<\/script>\n<!-- \/ Yoast SEO plugin. -->","yoast_head_json":{"title":"Care Absolute Volume Spray -tuuheuttava, 150ml - Kinnunen","robots":{"index":"noindex","follow":"follow","max-snippet":"max-snippet:-1","max-image-preview":"max-image-preview:large","max-video-preview":"max-video-preview:-1"},"og_locale":"en_GB","og_type":"article","og_title":"Care Absolute Volume Spray -tuuheuttava, 150ml - Kinnunen","og_description":"Saavuta uusia korkeuksia t\u00e4ll\u00e4 tekstuuria antavalla hoidolla. Absolute Volume Lift and Grip Thermal Spray antaa rakennetta, kohotusta ja joustavaa pitoa, ja hiuksista tulee ihanan tuntuiset ja kest\u00e4v\u00e4t. Tuote sis\u00e4lt\u00e4\u00e4 l\u00e4mp\u00f6suojan jopa 230\u2103 asti.","og_url":"https:\/\/kinnunen.kotisivut.co\/en\/product\/care-absolute-volume-spray-tuuheuttava-150ml\/","og_site_name":"Kinnunen","article_modified_time":"2025-12-12T12:51:10+00:00","og_image":[{"width":2000,"height":2000,"url":"https:\/\/kinnunen.kotisivut.co\/wp-content\/uploads\/2025\/09\/21538-Keune-Care-Absolute-Volume-Spray-150ml.jpeg","type":"image\/jpeg"}],"twitter_card":"summary_large_image","twitter_misc":{"Estimated reading time":"1 minute"},"schema":{"@context":"https:\/\/schema.org","@graph":[{"@type":"WebPage","@id":"https:\/\/kinnunen.kotisivut.co\/tuote\/care-absolute-volume-spray-tuuheuttava-150ml\/","url":"https:\/\/kinnunen.kotisivut.co\/tuote\/care-absolute-volume-spray-tuuheuttava-150ml\/","name":"Care Absolute Volume Spray -tuuheuttava, 150ml - Kinnunen","isPartOf":{"@id":"https:\/\/kinnunen.kotisivut.co\/#website"},"primaryImageOfPage":{"@id":"https:\/\/kinnunen.kotisivut.co\/tuote\/care-absolute-volume-spray-tuuheuttava-150ml\/#primaryimage"},"image":{"@id":"https:\/\/kinnunen.kotisivut.co\/tuote\/care-absolute-volume-spray-tuuheuttava-150ml\/#primaryimage"},"thumbnailUrl":"https:\/\/kinnunen.kotisivut.co\/wp-content\/uploads\/2025\/09\/21538-Keune-Care-Absolute-Volume-Spray-150ml.jpeg","datePublished":"2025-10-10T12:00:22+00:00","dateModified":"2025-12-12T12:51:10+00:00","breadcrumb":{"@id":"https:\/\/kinnunen.kotisivut.co\/tuote\/care-absolute-volume-spray-tuuheuttava-150ml\/#breadcrumb"},"inLanguage":"en-GB","potentialAction":[{"@type":"ReadAction","target":["https:\/\/kinnunen.kotisivut.co\/tuote\/care-absolute-volume-spray-tuuheuttava-150ml\/"]}]},{"@type":"ImageObject","inLanguage":"en-GB","@id":"https:\/\/kinnunen.kotisivut.co\/tuote\/care-absolute-volume-spray-tuuheuttava-150ml\/#primaryimage","url":"https:\/\/kinnunen.kotisivut.co\/wp-content\/uploads\/2025\/09\/21538-Keune-Care-Absolute-Volume-Spray-150ml.jpeg","contentUrl":"https:\/\/kinnunen.kotisivut.co\/wp-content\/uploads\/2025\/09\/21538-Keune-Care-Absolute-Volume-Spray-150ml.jpeg","width":2000,"height":2000},{"@type":"BreadcrumbList","@id":"https:\/\/kinnunen.kotisivut.co\/tuote\/care-absolute-volume-spray-tuuheuttava-150ml\/#breadcrumb","itemListElement":[{"@type":"ListItem","position":1,"name":"Etusivu","item":"https:\/\/kinnunen.kotisivut.co\/"},{"@type":"ListItem","position":2,"name":"Kaikki tuotteet","item":"https:\/\/kinnunen.kotisivut.co\/kauppa\/"},{"@type":"ListItem","position":3,"name":"Hiuskosmetiikka","item":"https:\/\/kinnunen.kotisivut.co\/tuote-osasto\/hiuskosmetiikka\/"},{"@type":"ListItem","position":4,"name":"Care Absolute Volume Spray -tuuheuttava, 150ml"}]},{"@type":"WebSite","@id":"https:\/\/kinnunen.kotisivut.co\/#website","url":"https:\/\/kinnunen.kotisivut.co\/","name":"Kinnunen","description":"","potentialAction":[{"@type":"SearchAction","target":{"@type":"EntryPoint","urlTemplate":"https:\/\/kinnunen.kotisivut.co\/?s={search_term_string}"},"query-input":"required name=search_term_string"}],"inLanguage":"en-GB"}]}},"_links":{"self":[{"href":"https:\/\/kinnunen.kotisivut.co\/en\/wp-json\/wp\/v2\/product\/45926","targetHints":{"allow":["GET"]}}],"collection":[{"href":"https:\/\/kinnunen.kotisivut.co\/en\/wp-json\/wp\/v2\/product"}],"about":[{"href":"https:\/\/kinnunen.kotisivut.co\/en\/wp-json\/wp\/v2\/types\/product"}],"replies":[{"embeddable":true,"href":"https:\/\/kinnunen.kotisivut.co\/en\/wp-json\/wp\/v2\/comments?post=45926"}],"wp:featuredmedia":[{"embeddable":true,"href":"https:\/\/kinnunen.kotisivut.co\/en\/wp-json\/wp\/v2\/media\/45495"}],"wp:attachment":[{"href":"https:\/\/kinnunen.kotisivut.co\/en\/wp-json\/wp\/v2\/media?parent=45926"}],"wp:term":[{"taxonomy":"product_cat","embeddable":true,"href":"https:\/\/kinnunen.kotisivut.co\/en\/wp-json\/wp\/v2\/product_cat?post=45926"},{"taxonomy":"product_tag","embeddable":true,"href":"https:\/\/kinnunen.kotisivut.co\/en\/wp-json\/wp\/v2\/product_tag?post=45926"}],"curies":[{"name":"wp","href":"https:\/\/api.w.org\/{rel}","templated":true}]}}