

{"id":45912,"date":"2025-10-10T13:42:19","date_gmt":"2025-10-10T10:42:19","guid":{"rendered":"https:\/\/kinnunen.kotisivut.co\/?post_type=product&#038;p=45912"},"modified":"2025-12-12T15:05:09","modified_gmt":"2025-12-12T13:05:09","slug":"care-velvet-smooth-silkening-polish-45ml","status":"publish","type":"product","link":"https:\/\/kinnunen.kotisivut.co\/en\/product\/care-velvet-smooth-silkening-polish-45ml\/","title":{"rendered":"Care Velvet Smooth Silkening Polish, 45ml"},"content":{"rendered":"<p>Velvet Smooth products are an anti-frizz solution that is suitable not only for frizzy hair, but also for coarse or undisciplined hair that lacks shine and manageability. They are designed to provide smoothness, shine and long-lasting moisture protection without flattening the hair.<\/p>\n<p>- Biomimetic lipids strengthen the hair's natural protective layer. These lipids mimic the structure of the hair's own protective layer, restoring moisture balance, strengthening the hair strands and creating a smooth, frizz-free surface. By replacing lost lipids, this technology smoothes hair, improves its durability and prevents frizz.<\/p>\n<p>- Tulip extract is a botanical powerhouse known for its moisturising and smoothing properties. It's packed with natural antioxidants and moisture-binding compounds that help control frizz, seal hair follicles and protect against humidity. By deeply nourishing every strand of hair, it ensures that hair stays silky and soft even in challenging weather conditions.<\/p>","protected":false},"excerpt":{"rendered":"<p>Tee t\u00e4ydellinen viimeistely Velvet Smooth Silkening Polishilla, joka kesytt\u00e4\u00e4 p\u00f6rr\u00f6isyyden, silottaa irtohiuksia ja j\u00e4tt\u00e4\u00e4 hiukset kiilt\u00e4v\u00e4n pehmeiksi. Se sulkee v\u00e4litt\u00f6m\u00e4sti suomukerroksen, lis\u00e4\u00e4 kiiltoa ja antaa pitk\u00e4kestoisen p\u00f6rr\u00f6isyyden hallinnan. Saat siistin ja tyylikk\u00e4\u00e4n lopputuloksen l\u00e4mm\u00f6ll\u00e4 tai ilman.<\/p>","protected":false},"featured_media":0,"comment_status":"open","ping_status":"closed","template":"","meta":{"_relevanssi_hide_post":"","_relevanssi_pin_for_all":"","_relevanssi_pin_keywords":"","_relevanssi_unpin_keywords":"","_relevanssi_related_keywords":"","_relevanssi_related_include_ids":"","_relevanssi_related_exclude_ids":"","_relevanssi_related_no_append":"","_relevanssi_related_not_related":"","_relevanssi_related_posts":"","_relevanssi_noindex_reason":""},"product_cat":[1727,1730,1731],"product_tag":[],"class_list":["post-45912","product","type-product","status-publish","hentry","product_cat-hiuskosmetiikka","product_cat-muut-hoitotuotteet-oljyt-ja-hiuspohjan-hoito","product_cat-keune-care-muut-hoitotuotteet-oljyt-ja-hiuspohjan-hoito","tuotemerkki-keune-care","tuotemerkki-keune-haircosmetics"],"tuotemerkit":[{"term_id":26,"name":"Keune Care","slug":"keune-care","term_group":0,"term_taxonomy_id":26,"taxonomy":"tuotemerkki","description":"","parent":25,"count":150,"filter":"raw"},{"term_id":25,"name":"Keune Haircosmetics","slug":"keune-haircosmetics","term_group":0,"term_taxonomy_id":25,"taxonomy":"tuotemerkki","description":"","parent":0,"count":293,"filter":"raw"}],"acf":[],"yoast_head":"<!-- This site is optimized with the Yoast SEO plugin v23.3 - https:\/\/yoast.com\/wordpress\/plugins\/seo\/ -->\n<title>Care Velvet Smooth Silkening Polish, 45ml - Kinnunen<\/title>\n<meta name=\"robots\" content=\"noindex, follow, max-snippet:-1, max-image-preview:large, max-video-preview:-1\" \/>\n<meta property=\"og:locale\" content=\"en_GB\" \/>\n<meta property=\"og:type\" content=\"article\" \/>\n<meta property=\"og:title\" content=\"Care Velvet Smooth Silkening Polish, 45ml - Kinnunen\" \/>\n<meta property=\"og:description\" content=\"Tee t\u00e4ydellinen viimeistely Velvet Smooth Silkening Polishilla, joka kesytt\u00e4\u00e4 p\u00f6rr\u00f6isyyden, silottaa irtohiuksia ja j\u00e4tt\u00e4\u00e4 hiukset kiilt\u00e4v\u00e4n pehmeiksi. Se sulkee v\u00e4litt\u00f6m\u00e4sti suomukerroksen, lis\u00e4\u00e4 kiiltoa ja antaa pitk\u00e4kestoisen p\u00f6rr\u00f6isyyden hallinnan. Saat siistin ja tyylikk\u00e4\u00e4n lopputuloksen l\u00e4mm\u00f6ll\u00e4 tai ilman.\" \/>\n<meta property=\"og:url\" content=\"https:\/\/kinnunen.kotisivut.co\/en\/product\/care-velvet-smooth-silkening-polish-45ml\/\" \/>\n<meta property=\"og:site_name\" content=\"Kinnunen\" \/>\n<meta property=\"article:modified_time\" content=\"2025-12-12T13:05:09+00:00\" \/>\n<meta name=\"twitter:card\" content=\"summary_large_image\" \/>\n<meta name=\"twitter:label1\" content=\"Estimated reading time\" \/>\n\t<meta name=\"twitter:data1\" content=\"1 minute\" \/>\n<script type=\"application\/ld+json\" class=\"yoast-schema-graph\">{\"@context\":\"https:\/\/schema.org\",\"@graph\":[{\"@type\":\"WebPage\",\"@id\":\"https:\/\/kinnunen.kotisivut.co\/tuote\/care-velvet-smooth-silkening-polish-45ml\/\",\"url\":\"https:\/\/kinnunen.kotisivut.co\/tuote\/care-velvet-smooth-silkening-polish-45ml\/\",\"name\":\"Care Velvet Smooth Silkening Polish, 45ml - Kinnunen\",\"isPartOf\":{\"@id\":\"https:\/\/kinnunen.kotisivut.co\/#website\"},\"datePublished\":\"2025-10-10T10:42:19+00:00\",\"dateModified\":\"2025-12-12T13:05:09+00:00\",\"breadcrumb\":{\"@id\":\"https:\/\/kinnunen.kotisivut.co\/tuote\/care-velvet-smooth-silkening-polish-45ml\/#breadcrumb\"},\"inLanguage\":\"en-GB\",\"potentialAction\":[{\"@type\":\"ReadAction\",\"target\":[\"https:\/\/kinnunen.kotisivut.co\/tuote\/care-velvet-smooth-silkening-polish-45ml\/\"]}]},{\"@type\":\"BreadcrumbList\",\"@id\":\"https:\/\/kinnunen.kotisivut.co\/tuote\/care-velvet-smooth-silkening-polish-45ml\/#breadcrumb\",\"itemListElement\":[{\"@type\":\"ListItem\",\"position\":1,\"name\":\"Etusivu\",\"item\":\"https:\/\/kinnunen.kotisivut.co\/\"},{\"@type\":\"ListItem\",\"position\":2,\"name\":\"Kaikki tuotteet\",\"item\":\"https:\/\/kinnunen.kotisivut.co\/kauppa\/\"},{\"@type\":\"ListItem\",\"position\":3,\"name\":\"Hiuskosmetiikka\",\"item\":\"https:\/\/kinnunen.kotisivut.co\/tuote-osasto\/hiuskosmetiikka\/\"},{\"@type\":\"ListItem\",\"position\":4,\"name\":\"Care Velvet Smooth Silkening Polish, 45ml\"}]},{\"@type\":\"WebSite\",\"@id\":\"https:\/\/kinnunen.kotisivut.co\/#website\",\"url\":\"https:\/\/kinnunen.kotisivut.co\/\",\"name\":\"Kinnunen\",\"description\":\"\",\"potentialAction\":[{\"@type\":\"SearchAction\",\"target\":{\"@type\":\"EntryPoint\",\"urlTemplate\":\"https:\/\/kinnunen.kotisivut.co\/?s={search_term_string}\"},\"query-input\":\"required name=search_term_string\"}],\"inLanguage\":\"en-GB\"}]}<\/script>\n<!-- \/ Yoast SEO plugin. -->","yoast_head_json":{"title":"Care Velvet Smooth Silkening Polish, 45ml - Kinnunen","robots":{"index":"noindex","follow":"follow","max-snippet":"max-snippet:-1","max-image-preview":"max-image-preview:large","max-video-preview":"max-video-preview:-1"},"og_locale":"en_GB","og_type":"article","og_title":"Care Velvet Smooth Silkening Polish, 45ml - Kinnunen","og_description":"Tee t\u00e4ydellinen viimeistely Velvet Smooth Silkening Polishilla, joka kesytt\u00e4\u00e4 p\u00f6rr\u00f6isyyden, silottaa irtohiuksia ja j\u00e4tt\u00e4\u00e4 hiukset kiilt\u00e4v\u00e4n pehmeiksi. Se sulkee v\u00e4litt\u00f6m\u00e4sti suomukerroksen, lis\u00e4\u00e4 kiiltoa ja antaa pitk\u00e4kestoisen p\u00f6rr\u00f6isyyden hallinnan. Saat siistin ja tyylikk\u00e4\u00e4n lopputuloksen l\u00e4mm\u00f6ll\u00e4 tai ilman.","og_url":"https:\/\/kinnunen.kotisivut.co\/en\/product\/care-velvet-smooth-silkening-polish-45ml\/","og_site_name":"Kinnunen","article_modified_time":"2025-12-12T13:05:09+00:00","twitter_card":"summary_large_image","twitter_misc":{"Estimated reading time":"1 minute"},"schema":{"@context":"https:\/\/schema.org","@graph":[{"@type":"WebPage","@id":"https:\/\/kinnunen.kotisivut.co\/tuote\/care-velvet-smooth-silkening-polish-45ml\/","url":"https:\/\/kinnunen.kotisivut.co\/tuote\/care-velvet-smooth-silkening-polish-45ml\/","name":"Care Velvet Smooth Silkening Polish, 45ml - Kinnunen","isPartOf":{"@id":"https:\/\/kinnunen.kotisivut.co\/#website"},"datePublished":"2025-10-10T10:42:19+00:00","dateModified":"2025-12-12T13:05:09+00:00","breadcrumb":{"@id":"https:\/\/kinnunen.kotisivut.co\/tuote\/care-velvet-smooth-silkening-polish-45ml\/#breadcrumb"},"inLanguage":"en-GB","potentialAction":[{"@type":"ReadAction","target":["https:\/\/kinnunen.kotisivut.co\/tuote\/care-velvet-smooth-silkening-polish-45ml\/"]}]},{"@type":"BreadcrumbList","@id":"https:\/\/kinnunen.kotisivut.co\/tuote\/care-velvet-smooth-silkening-polish-45ml\/#breadcrumb","itemListElement":[{"@type":"ListItem","position":1,"name":"Etusivu","item":"https:\/\/kinnunen.kotisivut.co\/"},{"@type":"ListItem","position":2,"name":"Kaikki tuotteet","item":"https:\/\/kinnunen.kotisivut.co\/kauppa\/"},{"@type":"ListItem","position":3,"name":"Hiuskosmetiikka","item":"https:\/\/kinnunen.kotisivut.co\/tuote-osasto\/hiuskosmetiikka\/"},{"@type":"ListItem","position":4,"name":"Care Velvet Smooth Silkening Polish, 45ml"}]},{"@type":"WebSite","@id":"https:\/\/kinnunen.kotisivut.co\/#website","url":"https:\/\/kinnunen.kotisivut.co\/","name":"Kinnunen","description":"","potentialAction":[{"@type":"SearchAction","target":{"@type":"EntryPoint","urlTemplate":"https:\/\/kinnunen.kotisivut.co\/?s={search_term_string}"},"query-input":"required name=search_term_string"}],"inLanguage":"en-GB"}]}},"_links":{"self":[{"href":"https:\/\/kinnunen.kotisivut.co\/en\/wp-json\/wp\/v2\/product\/45912","targetHints":{"allow":["GET"]}}],"collection":[{"href":"https:\/\/kinnunen.kotisivut.co\/en\/wp-json\/wp\/v2\/product"}],"about":[{"href":"https:\/\/kinnunen.kotisivut.co\/en\/wp-json\/wp\/v2\/types\/product"}],"replies":[{"embeddable":true,"href":"https:\/\/kinnunen.kotisivut.co\/en\/wp-json\/wp\/v2\/comments?post=45912"}],"wp:attachment":[{"href":"https:\/\/kinnunen.kotisivut.co\/en\/wp-json\/wp\/v2\/media?parent=45912"}],"wp:term":[{"taxonomy":"product_cat","embeddable":true,"href":"https:\/\/kinnunen.kotisivut.co\/en\/wp-json\/wp\/v2\/product_cat?post=45912"},{"taxonomy":"product_tag","embeddable":true,"href":"https:\/\/kinnunen.kotisivut.co\/en\/wp-json\/wp\/v2\/product_tag?post=45912"}],"curies":[{"name":"wp","href":"https:\/\/api.w.org\/{rel}","templated":true}]}}