

{"id":45903,"date":"2025-10-10T11:50:57","date_gmt":"2025-10-10T08:50:57","guid":{"rendered":"https:\/\/kinnunen.kotisivut.co\/?post_type=product&#038;p=45903"},"modified":"2025-12-12T15:17:18","modified_gmt":"2025-12-12T13:17:18","slug":"care-luminous-coat-supreme-cream-95ml","status":"publish","type":"product","link":"https:\/\/kinnunen.kotisivut.co\/en\/product\/care-luminous-coat-supreme-cream-95ml\/","title":{"rendered":"Care Luminous Coat Supreme Cream, 95ml"},"content":{"rendered":"<p>Saat pehmeimm\u00e4t ja kiilt\u00e4vimm\u00e4t hiukset t\u00e4ll\u00e4 syv\u00e4ravitsevalla Luminous Coat Supreme Creamilla, joka on kehitetty innovatiivisen Fiber Sealing -teknologian avulla, joka silottaa hiussuomuja suojaten ja hoitaen hiuksia.<\/p>\n<p>\u25fe Fiber Sealing -teknologia on erityinen silikonikopolymeeri, joka tunnetaan monitoimisista ominaisuuksistaan hiustenhoitotuotteissa. T\u00e4m\u00e4 ainesosa on suunniteltu antamaan sile\u00e4 ja ylellinen tunne samalla parantaen hiusten hallittavuutta. Sill\u00e4 on ainutlaatuinen kyky sitoutua hiusten vaurioituneisiin alueisiin muodostaen joustavan ja hengitt\u00e4v\u00e4n suojakerroksen.<\/p>\n<p>\u25fe Pantenoli, joka tunnetaan my\u00f6s nimell\u00e4 provitamiini B5, on tehokas kosteuttaja, joka tunkeutuu syv\u00e4lle hiukseen ja kosteuttaa tehokkaasti samalla parantaen hiusten kimmoisuutta ja vahvuutta. Se auttaa v\u00e4hent\u00e4m\u00e4\u00e4n kuivuutta, silottamaan hiusten pintaa ja lis\u00e4\u00e4m\u00e4\u00e4n luonnollista kiiltoa, tehden hiuksistasi helpommin k\u00e4sitelt\u00e4v\u00e4t, joustavat ja kest\u00e4v\u00e4mm\u00e4t.<\/p>\n<p>K\u00e4ytt\u00f6: Suihkuta kosteisiin hiuksiin ja f\u00f6\u00f6naa aktivoidaksesi tuote. Muotoile haluamallasi tavalla.<\/p>","protected":false},"excerpt":{"rendered":"<p>Luminous Coat Supreme Cream on suunniteltu syv\u00e4ravitsemaan, silottamaan, pehment\u00e4m\u00e4\u00e4n ja kesytt\u00e4m\u00e4\u00e4n kurittomia tai huokoisia hiuksia. Se sulkee hiussuomut, v\u00e4hent\u00e4\u00e4 p\u00f6rr\u00f6isyytt\u00e4 ja lis\u00e4\u00e4 kiiltoa, j\u00e4tt\u00e4en hiukset silkkisen pehmeiksi ja valoa heijastaviksi.<\/p>","protected":false},"featured_media":45512,"comment_status":"open","ping_status":"closed","template":"","meta":{"_relevanssi_hide_post":"","_relevanssi_pin_for_all":"","_relevanssi_pin_keywords":"","_relevanssi_unpin_keywords":"","_relevanssi_related_keywords":"","_relevanssi_related_include_ids":"","_relevanssi_related_exclude_ids":"","_relevanssi_related_no_append":"","_relevanssi_related_not_related":"","_relevanssi_related_posts":"","_relevanssi_noindex_reason":""},"product_cat":[1727,1730,1731],"product_tag":[],"class_list":["post-45903","product","type-product","status-publish","has-post-thumbnail","hentry","product_cat-hiuskosmetiikka","product_cat-muut-hoitotuotteet-oljyt-ja-hiuspohjan-hoito","product_cat-keune-care-muut-hoitotuotteet-oljyt-ja-hiuspohjan-hoito","tuotemerkki-keune-care","tuotemerkki-keune-haircosmetics"],"tuotemerkit":[{"term_id":26,"name":"Keune Care","slug":"keune-care","term_group":0,"term_taxonomy_id":26,"taxonomy":"tuotemerkki","description":"","parent":25,"count":150,"filter":"raw"},{"term_id":25,"name":"Keune Haircosmetics","slug":"keune-haircosmetics","term_group":0,"term_taxonomy_id":25,"taxonomy":"tuotemerkki","description":"","parent":0,"count":293,"filter":"raw"}],"acf":[],"yoast_head":"<!-- This site is optimized with the Yoast SEO plugin v23.3 - https:\/\/yoast.com\/wordpress\/plugins\/seo\/ -->\n<title>Care Luminous Coat Supreme Cream, 95ml - Kinnunen<\/title>\n<meta name=\"robots\" content=\"noindex, follow, max-snippet:-1, max-image-preview:large, max-video-preview:-1\" \/>\n<meta property=\"og:locale\" content=\"en_GB\" \/>\n<meta property=\"og:type\" content=\"article\" \/>\n<meta property=\"og:title\" content=\"Care Luminous Coat Supreme Cream, 95ml - Kinnunen\" \/>\n<meta property=\"og:description\" content=\"Luminous Coat Supreme Cream on suunniteltu syv\u00e4ravitsemaan, silottamaan, pehment\u00e4m\u00e4\u00e4n ja kesytt\u00e4m\u00e4\u00e4n kurittomia tai huokoisia hiuksia. Se sulkee hiussuomut, v\u00e4hent\u00e4\u00e4 p\u00f6rr\u00f6isyytt\u00e4 ja lis\u00e4\u00e4 kiiltoa, j\u00e4tt\u00e4en hiukset silkkisen pehmeiksi ja valoa heijastaviksi.\" \/>\n<meta property=\"og:url\" content=\"https:\/\/kinnunen.kotisivut.co\/en\/product\/care-luminous-coat-supreme-cream-95ml\/\" \/>\n<meta property=\"og:site_name\" content=\"Kinnunen\" \/>\n<meta property=\"article:modified_time\" content=\"2025-12-12T13:17:18+00:00\" \/>\n<meta property=\"og:image\" content=\"https:\/\/kinnunen.kotisivut.co\/wp-content\/uploads\/2025\/09\/21558-Keune-Care-Luminous-Coat-Supreme-Creme-95ml.jpeg\" \/>\n\t<meta property=\"og:image:width\" content=\"1800\" \/>\n\t<meta property=\"og:image:height\" content=\"1800\" \/>\n\t<meta property=\"og:image:type\" content=\"image\/jpeg\" \/>\n<meta name=\"twitter:card\" content=\"summary_large_image\" \/>\n<meta name=\"twitter:label1\" content=\"Estimated reading time\" \/>\n\t<meta name=\"twitter:data1\" content=\"1 minute\" \/>\n<script type=\"application\/ld+json\" class=\"yoast-schema-graph\">{\"@context\":\"https:\/\/schema.org\",\"@graph\":[{\"@type\":\"WebPage\",\"@id\":\"https:\/\/kinnunen.kotisivut.co\/tuote\/care-luminous-coat-supreme-cream-95ml\/\",\"url\":\"https:\/\/kinnunen.kotisivut.co\/tuote\/care-luminous-coat-supreme-cream-95ml\/\",\"name\":\"Care Luminous Coat Supreme Cream, 95ml - Kinnunen\",\"isPartOf\":{\"@id\":\"https:\/\/kinnunen.kotisivut.co\/#website\"},\"primaryImageOfPage\":{\"@id\":\"https:\/\/kinnunen.kotisivut.co\/tuote\/care-luminous-coat-supreme-cream-95ml\/#primaryimage\"},\"image\":{\"@id\":\"https:\/\/kinnunen.kotisivut.co\/tuote\/care-luminous-coat-supreme-cream-95ml\/#primaryimage\"},\"thumbnailUrl\":\"https:\/\/kinnunen.kotisivut.co\/wp-content\/uploads\/2025\/09\/21558-Keune-Care-Luminous-Coat-Supreme-Creme-95ml.jpeg\",\"datePublished\":\"2025-10-10T08:50:57+00:00\",\"dateModified\":\"2025-12-12T13:17:18+00:00\",\"breadcrumb\":{\"@id\":\"https:\/\/kinnunen.kotisivut.co\/tuote\/care-luminous-coat-supreme-cream-95ml\/#breadcrumb\"},\"inLanguage\":\"en-GB\",\"potentialAction\":[{\"@type\":\"ReadAction\",\"target\":[\"https:\/\/kinnunen.kotisivut.co\/tuote\/care-luminous-coat-supreme-cream-95ml\/\"]}]},{\"@type\":\"ImageObject\",\"inLanguage\":\"en-GB\",\"@id\":\"https:\/\/kinnunen.kotisivut.co\/tuote\/care-luminous-coat-supreme-cream-95ml\/#primaryimage\",\"url\":\"https:\/\/kinnunen.kotisivut.co\/wp-content\/uploads\/2025\/09\/21558-Keune-Care-Luminous-Coat-Supreme-Creme-95ml.jpeg\",\"contentUrl\":\"https:\/\/kinnunen.kotisivut.co\/wp-content\/uploads\/2025\/09\/21558-Keune-Care-Luminous-Coat-Supreme-Creme-95ml.jpeg\",\"width\":1800,\"height\":1800},{\"@type\":\"BreadcrumbList\",\"@id\":\"https:\/\/kinnunen.kotisivut.co\/tuote\/care-luminous-coat-supreme-cream-95ml\/#breadcrumb\",\"itemListElement\":[{\"@type\":\"ListItem\",\"position\":1,\"name\":\"Etusivu\",\"item\":\"https:\/\/kinnunen.kotisivut.co\/\"},{\"@type\":\"ListItem\",\"position\":2,\"name\":\"Kaikki tuotteet\",\"item\":\"https:\/\/kinnunen.kotisivut.co\/kauppa\/\"},{\"@type\":\"ListItem\",\"position\":3,\"name\":\"Hiuskosmetiikka\",\"item\":\"https:\/\/kinnunen.kotisivut.co\/tuote-osasto\/hiuskosmetiikka\/\"},{\"@type\":\"ListItem\",\"position\":4,\"name\":\"Care Luminous Coat Supreme Cream, 95ml\"}]},{\"@type\":\"WebSite\",\"@id\":\"https:\/\/kinnunen.kotisivut.co\/#website\",\"url\":\"https:\/\/kinnunen.kotisivut.co\/\",\"name\":\"Kinnunen\",\"description\":\"\",\"potentialAction\":[{\"@type\":\"SearchAction\",\"target\":{\"@type\":\"EntryPoint\",\"urlTemplate\":\"https:\/\/kinnunen.kotisivut.co\/?s={search_term_string}\"},\"query-input\":\"required name=search_term_string\"}],\"inLanguage\":\"en-GB\"}]}<\/script>\n<!-- \/ Yoast SEO plugin. -->","yoast_head_json":{"title":"Care Luminous Coat Supreme Cream, 95ml - Kinnunen","robots":{"index":"noindex","follow":"follow","max-snippet":"max-snippet:-1","max-image-preview":"max-image-preview:large","max-video-preview":"max-video-preview:-1"},"og_locale":"en_GB","og_type":"article","og_title":"Care Luminous Coat Supreme Cream, 95ml - Kinnunen","og_description":"Luminous Coat Supreme Cream on suunniteltu syv\u00e4ravitsemaan, silottamaan, pehment\u00e4m\u00e4\u00e4n ja kesytt\u00e4m\u00e4\u00e4n kurittomia tai huokoisia hiuksia. Se sulkee hiussuomut, v\u00e4hent\u00e4\u00e4 p\u00f6rr\u00f6isyytt\u00e4 ja lis\u00e4\u00e4 kiiltoa, j\u00e4tt\u00e4en hiukset silkkisen pehmeiksi ja valoa heijastaviksi.","og_url":"https:\/\/kinnunen.kotisivut.co\/en\/product\/care-luminous-coat-supreme-cream-95ml\/","og_site_name":"Kinnunen","article_modified_time":"2025-12-12T13:17:18+00:00","og_image":[{"width":1800,"height":1800,"url":"https:\/\/kinnunen.kotisivut.co\/wp-content\/uploads\/2025\/09\/21558-Keune-Care-Luminous-Coat-Supreme-Creme-95ml.jpeg","type":"image\/jpeg"}],"twitter_card":"summary_large_image","twitter_misc":{"Estimated reading time":"1 minute"},"schema":{"@context":"https:\/\/schema.org","@graph":[{"@type":"WebPage","@id":"https:\/\/kinnunen.kotisivut.co\/tuote\/care-luminous-coat-supreme-cream-95ml\/","url":"https:\/\/kinnunen.kotisivut.co\/tuote\/care-luminous-coat-supreme-cream-95ml\/","name":"Care Luminous Coat Supreme Cream, 95ml - Kinnunen","isPartOf":{"@id":"https:\/\/kinnunen.kotisivut.co\/#website"},"primaryImageOfPage":{"@id":"https:\/\/kinnunen.kotisivut.co\/tuote\/care-luminous-coat-supreme-cream-95ml\/#primaryimage"},"image":{"@id":"https:\/\/kinnunen.kotisivut.co\/tuote\/care-luminous-coat-supreme-cream-95ml\/#primaryimage"},"thumbnailUrl":"https:\/\/kinnunen.kotisivut.co\/wp-content\/uploads\/2025\/09\/21558-Keune-Care-Luminous-Coat-Supreme-Creme-95ml.jpeg","datePublished":"2025-10-10T08:50:57+00:00","dateModified":"2025-12-12T13:17:18+00:00","breadcrumb":{"@id":"https:\/\/kinnunen.kotisivut.co\/tuote\/care-luminous-coat-supreme-cream-95ml\/#breadcrumb"},"inLanguage":"en-GB","potentialAction":[{"@type":"ReadAction","target":["https:\/\/kinnunen.kotisivut.co\/tuote\/care-luminous-coat-supreme-cream-95ml\/"]}]},{"@type":"ImageObject","inLanguage":"en-GB","@id":"https:\/\/kinnunen.kotisivut.co\/tuote\/care-luminous-coat-supreme-cream-95ml\/#primaryimage","url":"https:\/\/kinnunen.kotisivut.co\/wp-content\/uploads\/2025\/09\/21558-Keune-Care-Luminous-Coat-Supreme-Creme-95ml.jpeg","contentUrl":"https:\/\/kinnunen.kotisivut.co\/wp-content\/uploads\/2025\/09\/21558-Keune-Care-Luminous-Coat-Supreme-Creme-95ml.jpeg","width":1800,"height":1800},{"@type":"BreadcrumbList","@id":"https:\/\/kinnunen.kotisivut.co\/tuote\/care-luminous-coat-supreme-cream-95ml\/#breadcrumb","itemListElement":[{"@type":"ListItem","position":1,"name":"Etusivu","item":"https:\/\/kinnunen.kotisivut.co\/"},{"@type":"ListItem","position":2,"name":"Kaikki tuotteet","item":"https:\/\/kinnunen.kotisivut.co\/kauppa\/"},{"@type":"ListItem","position":3,"name":"Hiuskosmetiikka","item":"https:\/\/kinnunen.kotisivut.co\/tuote-osasto\/hiuskosmetiikka\/"},{"@type":"ListItem","position":4,"name":"Care Luminous Coat Supreme Cream, 95ml"}]},{"@type":"WebSite","@id":"https:\/\/kinnunen.kotisivut.co\/#website","url":"https:\/\/kinnunen.kotisivut.co\/","name":"Kinnunen","description":"","potentialAction":[{"@type":"SearchAction","target":{"@type":"EntryPoint","urlTemplate":"https:\/\/kinnunen.kotisivut.co\/?s={search_term_string}"},"query-input":"required name=search_term_string"}],"inLanguage":"en-GB"}]}},"_links":{"self":[{"href":"https:\/\/kinnunen.kotisivut.co\/en\/wp-json\/wp\/v2\/product\/45903","targetHints":{"allow":["GET"]}}],"collection":[{"href":"https:\/\/kinnunen.kotisivut.co\/en\/wp-json\/wp\/v2\/product"}],"about":[{"href":"https:\/\/kinnunen.kotisivut.co\/en\/wp-json\/wp\/v2\/types\/product"}],"replies":[{"embeddable":true,"href":"https:\/\/kinnunen.kotisivut.co\/en\/wp-json\/wp\/v2\/comments?post=45903"}],"wp:featuredmedia":[{"embeddable":true,"href":"https:\/\/kinnunen.kotisivut.co\/en\/wp-json\/wp\/v2\/media\/45512"}],"wp:attachment":[{"href":"https:\/\/kinnunen.kotisivut.co\/en\/wp-json\/wp\/v2\/media?parent=45903"}],"wp:term":[{"taxonomy":"product_cat","embeddable":true,"href":"https:\/\/kinnunen.kotisivut.co\/en\/wp-json\/wp\/v2\/product_cat?post=45903"},{"taxonomy":"product_tag","embeddable":true,"href":"https:\/\/kinnunen.kotisivut.co\/en\/wp-json\/wp\/v2\/product_tag?post=45903"}],"curies":[{"name":"wp","href":"https:\/\/api.w.org\/{rel}","templated":true}]}}