

{"id":45895,"date":"2025-10-10T10:44:13","date_gmt":"2025-10-10T07:44:13","guid":{"rendered":"https:\/\/kinnunen.kotisivut.co\/?post_type=product&#038;p=45895"},"modified":"2025-12-12T12:12:28","modified_gmt":"2025-12-12T10:12:28","slug":"care-radiant-gloss-shampoo-kiillottomille-hiuksille-300ml","status":"publish","type":"product","link":"https:\/\/kinnunen.kotisivut.co\/en\/product\/care-radiant-gloss-shampoo-kiillottomille-hiuksille-300ml\/","title":{"rendered":"Care Radiant Gloss Shampoo for unpolished hair, 300ml"},"content":{"rendered":"<p>Unprecedented shine with Radiant Gloss Illuminating Shampoo. This luxurious formula is designed to gently cleanse and enhance hair's natural shine. It removes impurities, smooths the surface of the hair cuticle and restores hair clarity for a mirror-like shine without flattening the hair.<\/p>\n<p>- Packed with essential fatty acids and antioxidants, the microalgae oil nourishes hair fibre, smoothes hair strands and improves light reflection. It helps tame frizz and frizz while providing weightless moisture and a smooth, finished finish.<\/p>\n<p>- Known for its moisturising and revitalising properties, orchid extract helps to boost hydration, improve softness and enhance natural shine. It breathes new life into lifeless hair, leaving it silky shiny and mega-radiant.<\/p>","protected":false},"excerpt":{"rendered":"<p>Radiant Gloss Shampoo transforms lifeless and tired hair into silky, light-reflecting hair. It deeply moisturizes, smooths strands and enhances shine for a glass hair effect without flattening hair.<\/p>","protected":false},"featured_media":45467,"comment_status":"open","ping_status":"closed","template":"","meta":{"_relevanssi_hide_post":"","_relevanssi_pin_for_all":"","_relevanssi_pin_keywords":"","_relevanssi_unpin_keywords":"","_relevanssi_related_keywords":"","_relevanssi_related_include_ids":"","_relevanssi_related_exclude_ids":"","_relevanssi_related_no_append":"","_relevanssi_related_not_related":"","_relevanssi_related_posts":"","_relevanssi_noindex_reason":""},"product_cat":[1727,1728,1729],"product_tag":[],"class_list":["post-45895","product","type-product","status-publish","has-post-thumbnail","hentry","product_cat-hiuskosmetiikka","product_cat-shampoot","product_cat-keune-care","tuotemerkki-keune-care","tuotemerkki-keune-haircosmetics"],"tuotemerkit":[{"term_id":26,"name":"Keune Care","slug":"keune-care","term_group":0,"term_taxonomy_id":26,"taxonomy":"tuotemerkki","description":"","parent":25,"count":150,"filter":"raw"},{"term_id":25,"name":"Keune Haircosmetics","slug":"keune-haircosmetics","term_group":0,"term_taxonomy_id":25,"taxonomy":"tuotemerkki","description":"","parent":0,"count":293,"filter":"raw"}],"acf":[],"yoast_head":"<!-- This site is optimized with the Yoast SEO plugin v23.3 - https:\/\/yoast.com\/wordpress\/plugins\/seo\/ -->\n<title>Care Radiant Gloss Shampoo -kiillottomille hiuksille, 300ml - Kinnunen<\/title>\n<meta name=\"robots\" content=\"noindex, follow, max-snippet:-1, max-image-preview:large, max-video-preview:-1\" \/>\n<meta property=\"og:locale\" content=\"en_GB\" \/>\n<meta property=\"og:type\" content=\"article\" \/>\n<meta property=\"og:title\" content=\"Care Radiant Gloss Shampoo -kiillottomille hiuksille, 300ml - Kinnunen\" \/>\n<meta property=\"og:description\" content=\"Radiant Gloss shampoo muuttaa elottomat ja v\u00e4syneet hiukset silkkisiksi ja valoa heijastaviksi. Se kosteuttaa syv\u00e4lt\u00e4, silottaa hiussuomuja ja vahvistaa kiiltoa lasihiusefektin aikaansaamiksesi latistamatta hiuksia.\" \/>\n<meta property=\"og:url\" content=\"https:\/\/kinnunen.kotisivut.co\/en\/product\/care-radiant-gloss-shampoo-kiillottomille-hiuksille-300ml\/\" \/>\n<meta property=\"og:site_name\" content=\"Kinnunen\" \/>\n<meta property=\"article:modified_time\" content=\"2025-12-12T10:12:28+00:00\" \/>\n<meta property=\"og:image\" content=\"https:\/\/kinnunen.kotisivut.co\/wp-content\/uploads\/2025\/09\/21507-Keune-Care-Radiant-Gloss-Shampoo-300ml.jpeg\" \/>\n\t<meta property=\"og:image:width\" content=\"2000\" \/>\n\t<meta property=\"og:image:height\" content=\"2000\" \/>\n\t<meta property=\"og:image:type\" content=\"image\/jpeg\" \/>\n<meta name=\"twitter:card\" content=\"summary_large_image\" \/>\n<meta name=\"twitter:label1\" content=\"Estimated reading time\" \/>\n\t<meta name=\"twitter:data1\" content=\"1 minute\" \/>\n<script type=\"application\/ld+json\" class=\"yoast-schema-graph\">{\"@context\":\"https:\/\/schema.org\",\"@graph\":[{\"@type\":\"WebPage\",\"@id\":\"https:\/\/kinnunen.kotisivut.co\/tuote\/care-radiant-gloss-shampoo-kiillottomille-hiuksille-300ml\/\",\"url\":\"https:\/\/kinnunen.kotisivut.co\/tuote\/care-radiant-gloss-shampoo-kiillottomille-hiuksille-300ml\/\",\"name\":\"Care Radiant Gloss Shampoo -kiillottomille hiuksille, 300ml - Kinnunen\",\"isPartOf\":{\"@id\":\"https:\/\/kinnunen.kotisivut.co\/#website\"},\"primaryImageOfPage\":{\"@id\":\"https:\/\/kinnunen.kotisivut.co\/tuote\/care-radiant-gloss-shampoo-kiillottomille-hiuksille-300ml\/#primaryimage\"},\"image\":{\"@id\":\"https:\/\/kinnunen.kotisivut.co\/tuote\/care-radiant-gloss-shampoo-kiillottomille-hiuksille-300ml\/#primaryimage\"},\"thumbnailUrl\":\"https:\/\/kinnunen.kotisivut.co\/wp-content\/uploads\/2025\/09\/21507-Keune-Care-Radiant-Gloss-Shampoo-300ml.jpeg\",\"datePublished\":\"2025-10-10T07:44:13+00:00\",\"dateModified\":\"2025-12-12T10:12:28+00:00\",\"breadcrumb\":{\"@id\":\"https:\/\/kinnunen.kotisivut.co\/tuote\/care-radiant-gloss-shampoo-kiillottomille-hiuksille-300ml\/#breadcrumb\"},\"inLanguage\":\"en-GB\",\"potentialAction\":[{\"@type\":\"ReadAction\",\"target\":[\"https:\/\/kinnunen.kotisivut.co\/tuote\/care-radiant-gloss-shampoo-kiillottomille-hiuksille-300ml\/\"]}]},{\"@type\":\"ImageObject\",\"inLanguage\":\"en-GB\",\"@id\":\"https:\/\/kinnunen.kotisivut.co\/tuote\/care-radiant-gloss-shampoo-kiillottomille-hiuksille-300ml\/#primaryimage\",\"url\":\"https:\/\/kinnunen.kotisivut.co\/wp-content\/uploads\/2025\/09\/21507-Keune-Care-Radiant-Gloss-Shampoo-300ml.jpeg\",\"contentUrl\":\"https:\/\/kinnunen.kotisivut.co\/wp-content\/uploads\/2025\/09\/21507-Keune-Care-Radiant-Gloss-Shampoo-300ml.jpeg\",\"width\":2000,\"height\":2000},{\"@type\":\"BreadcrumbList\",\"@id\":\"https:\/\/kinnunen.kotisivut.co\/tuote\/care-radiant-gloss-shampoo-kiillottomille-hiuksille-300ml\/#breadcrumb\",\"itemListElement\":[{\"@type\":\"ListItem\",\"position\":1,\"name\":\"Etusivu\",\"item\":\"https:\/\/kinnunen.kotisivut.co\/\"},{\"@type\":\"ListItem\",\"position\":2,\"name\":\"Kaikki tuotteet\",\"item\":\"https:\/\/kinnunen.kotisivut.co\/kauppa\/\"},{\"@type\":\"ListItem\",\"position\":3,\"name\":\"Hiuskosmetiikka\",\"item\":\"https:\/\/kinnunen.kotisivut.co\/tuote-osasto\/hiuskosmetiikka\/\"},{\"@type\":\"ListItem\",\"position\":4,\"name\":\"Care Radiant Gloss Shampoo -kiillottomille hiuksille, 300ml\"}]},{\"@type\":\"WebSite\",\"@id\":\"https:\/\/kinnunen.kotisivut.co\/#website\",\"url\":\"https:\/\/kinnunen.kotisivut.co\/\",\"name\":\"Kinnunen\",\"description\":\"\",\"potentialAction\":[{\"@type\":\"SearchAction\",\"target\":{\"@type\":\"EntryPoint\",\"urlTemplate\":\"https:\/\/kinnunen.kotisivut.co\/?s={search_term_string}\"},\"query-input\":\"required name=search_term_string\"}],\"inLanguage\":\"en-GB\"}]}<\/script>\n<!-- \/ Yoast SEO plugin. -->","yoast_head_json":{"title":"Care Radiant Gloss Shampoo -kiillottomille hiuksille, 300ml - Kinnunen","robots":{"index":"noindex","follow":"follow","max-snippet":"max-snippet:-1","max-image-preview":"max-image-preview:large","max-video-preview":"max-video-preview:-1"},"og_locale":"en_GB","og_type":"article","og_title":"Care Radiant Gloss Shampoo -kiillottomille hiuksille, 300ml - Kinnunen","og_description":"Radiant Gloss shampoo muuttaa elottomat ja v\u00e4syneet hiukset silkkisiksi ja valoa heijastaviksi. Se kosteuttaa syv\u00e4lt\u00e4, silottaa hiussuomuja ja vahvistaa kiiltoa lasihiusefektin aikaansaamiksesi latistamatta hiuksia.","og_url":"https:\/\/kinnunen.kotisivut.co\/en\/product\/care-radiant-gloss-shampoo-kiillottomille-hiuksille-300ml\/","og_site_name":"Kinnunen","article_modified_time":"2025-12-12T10:12:28+00:00","og_image":[{"width":2000,"height":2000,"url":"https:\/\/kinnunen.kotisivut.co\/wp-content\/uploads\/2025\/09\/21507-Keune-Care-Radiant-Gloss-Shampoo-300ml.jpeg","type":"image\/jpeg"}],"twitter_card":"summary_large_image","twitter_misc":{"Estimated reading time":"1 minute"},"schema":{"@context":"https:\/\/schema.org","@graph":[{"@type":"WebPage","@id":"https:\/\/kinnunen.kotisivut.co\/tuote\/care-radiant-gloss-shampoo-kiillottomille-hiuksille-300ml\/","url":"https:\/\/kinnunen.kotisivut.co\/tuote\/care-radiant-gloss-shampoo-kiillottomille-hiuksille-300ml\/","name":"Care Radiant Gloss Shampoo -kiillottomille hiuksille, 300ml - Kinnunen","isPartOf":{"@id":"https:\/\/kinnunen.kotisivut.co\/#website"},"primaryImageOfPage":{"@id":"https:\/\/kinnunen.kotisivut.co\/tuote\/care-radiant-gloss-shampoo-kiillottomille-hiuksille-300ml\/#primaryimage"},"image":{"@id":"https:\/\/kinnunen.kotisivut.co\/tuote\/care-radiant-gloss-shampoo-kiillottomille-hiuksille-300ml\/#primaryimage"},"thumbnailUrl":"https:\/\/kinnunen.kotisivut.co\/wp-content\/uploads\/2025\/09\/21507-Keune-Care-Radiant-Gloss-Shampoo-300ml.jpeg","datePublished":"2025-10-10T07:44:13+00:00","dateModified":"2025-12-12T10:12:28+00:00","breadcrumb":{"@id":"https:\/\/kinnunen.kotisivut.co\/tuote\/care-radiant-gloss-shampoo-kiillottomille-hiuksille-300ml\/#breadcrumb"},"inLanguage":"en-GB","potentialAction":[{"@type":"ReadAction","target":["https:\/\/kinnunen.kotisivut.co\/tuote\/care-radiant-gloss-shampoo-kiillottomille-hiuksille-300ml\/"]}]},{"@type":"ImageObject","inLanguage":"en-GB","@id":"https:\/\/kinnunen.kotisivut.co\/tuote\/care-radiant-gloss-shampoo-kiillottomille-hiuksille-300ml\/#primaryimage","url":"https:\/\/kinnunen.kotisivut.co\/wp-content\/uploads\/2025\/09\/21507-Keune-Care-Radiant-Gloss-Shampoo-300ml.jpeg","contentUrl":"https:\/\/kinnunen.kotisivut.co\/wp-content\/uploads\/2025\/09\/21507-Keune-Care-Radiant-Gloss-Shampoo-300ml.jpeg","width":2000,"height":2000},{"@type":"BreadcrumbList","@id":"https:\/\/kinnunen.kotisivut.co\/tuote\/care-radiant-gloss-shampoo-kiillottomille-hiuksille-300ml\/#breadcrumb","itemListElement":[{"@type":"ListItem","position":1,"name":"Etusivu","item":"https:\/\/kinnunen.kotisivut.co\/"},{"@type":"ListItem","position":2,"name":"Kaikki tuotteet","item":"https:\/\/kinnunen.kotisivut.co\/kauppa\/"},{"@type":"ListItem","position":3,"name":"Hiuskosmetiikka","item":"https:\/\/kinnunen.kotisivut.co\/tuote-osasto\/hiuskosmetiikka\/"},{"@type":"ListItem","position":4,"name":"Care Radiant Gloss Shampoo -kiillottomille hiuksille, 300ml"}]},{"@type":"WebSite","@id":"https:\/\/kinnunen.kotisivut.co\/#website","url":"https:\/\/kinnunen.kotisivut.co\/","name":"Kinnunen","description":"","potentialAction":[{"@type":"SearchAction","target":{"@type":"EntryPoint","urlTemplate":"https:\/\/kinnunen.kotisivut.co\/?s={search_term_string}"},"query-input":"required name=search_term_string"}],"inLanguage":"en-GB"}]}},"_links":{"self":[{"href":"https:\/\/kinnunen.kotisivut.co\/en\/wp-json\/wp\/v2\/product\/45895","targetHints":{"allow":["GET"]}}],"collection":[{"href":"https:\/\/kinnunen.kotisivut.co\/en\/wp-json\/wp\/v2\/product"}],"about":[{"href":"https:\/\/kinnunen.kotisivut.co\/en\/wp-json\/wp\/v2\/types\/product"}],"replies":[{"embeddable":true,"href":"https:\/\/kinnunen.kotisivut.co\/en\/wp-json\/wp\/v2\/comments?post=45895"}],"wp:featuredmedia":[{"embeddable":true,"href":"https:\/\/kinnunen.kotisivut.co\/en\/wp-json\/wp\/v2\/media\/45467"}],"wp:attachment":[{"href":"https:\/\/kinnunen.kotisivut.co\/en\/wp-json\/wp\/v2\/media?parent=45895"}],"wp:term":[{"taxonomy":"product_cat","embeddable":true,"href":"https:\/\/kinnunen.kotisivut.co\/en\/wp-json\/wp\/v2\/product_cat?post=45895"},{"taxonomy":"product_tag","embeddable":true,"href":"https:\/\/kinnunen.kotisivut.co\/en\/wp-json\/wp\/v2\/product_tag?post=45895"}],"curies":[{"name":"wp","href":"https:\/\/api.w.org\/{rel}","templated":true}]}}