

{"id":45893,"date":"2025-10-10T10:42:49","date_gmt":"2025-10-10T07:42:49","guid":{"rendered":"https:\/\/kinnunen.kotisivut.co\/?post_type=product&#038;p=45893"},"modified":"2025-12-12T14:51:15","modified_gmt":"2025-12-12T12:51:15","slug":"care-radiant-gloss-illume-infusion-kiillottomille-hiuksille-100ml","status":"publish","type":"product","link":"https:\/\/kinnunen.kotisivut.co\/en\/product\/care-radiant-gloss-illume-infusion-kiillottomille-hiuksille-100ml\/","title":{"rendered":"Care Radiant Gloss Illume Infusion -kiillottomille hiuksille, 100ml"},"content":{"rendered":"<p>Radiant Gloss Illume Infusion on kevyt ja silkkinen hoito\u00f6ljy, joka antaa hiuksille kiiltoa, silottaa p\u00f6rr\u00f6isyytt\u00e4 ja antaa s\u00e4teilev\u00e4n, valoa heijastavan lopputuloksen. Ravitsevilla ainesosilla t\u00e4ydennettyn\u00e4 se lis\u00e4\u00e4 v\u00e4litt\u00f6m\u00e4sti kirkkautta ja pit\u00e4\u00e4 hiukset pehmein\u00e4, silein\u00e4 ja kiilt\u00e4vin\u00e4.<\/p>\n<p>- Packed with essential fatty acids and antioxidants, the microalgae oil nourishes hair fibre, smoothes hair strands and improves light reflection. It helps tame frizz and frizz while providing weightless moisture and a smooth, finished finish.<\/p>\n<p>- Known for its moisturising and revitalising properties, orchid extract helps to boost hydration, improve softness and enhance natural shine. It breathes new life into lifeless hair, leaving it silky shiny and mega-radiant.<\/p>","protected":false},"excerpt":{"rendered":"<p>Radiant Gloss hoitotuotteet muuttaa elottomat ja v\u00e4syneet hiukset silkkisiksi ja valoa heijastaviksi. Ne kosteuttaa syv\u00e4lt\u00e4, silottaa hiussuomuja ja vahvistaa kiiltoa lasihiusefektin aikaansaamiksesi latistamatta hiuksia.<\/p>","protected":false},"featured_media":45554,"comment_status":"open","ping_status":"closed","template":"","meta":{"_relevanssi_hide_post":"","_relevanssi_pin_for_all":"","_relevanssi_pin_keywords":"","_relevanssi_unpin_keywords":"","_relevanssi_related_keywords":"","_relevanssi_related_include_ids":"","_relevanssi_related_exclude_ids":"","_relevanssi_related_no_append":"","_relevanssi_related_not_related":"","_relevanssi_related_posts":"","_relevanssi_noindex_reason":""},"product_cat":[1727,1730,1731],"product_tag":[],"class_list":["post-45893","product","type-product","status-publish","has-post-thumbnail","hentry","product_cat-hiuskosmetiikka","product_cat-muut-hoitotuotteet-oljyt-ja-hiuspohjan-hoito","product_cat-keune-care-muut-hoitotuotteet-oljyt-ja-hiuspohjan-hoito","tuotemerkki-keune-care","tuotemerkki-keune-haircosmetics"],"tuotemerkit":[{"term_id":26,"name":"Keune Care","slug":"keune-care","term_group":0,"term_taxonomy_id":26,"taxonomy":"tuotemerkki","description":"","parent":25,"count":150,"filter":"raw"},{"term_id":25,"name":"Keune Haircosmetics","slug":"keune-haircosmetics","term_group":0,"term_taxonomy_id":25,"taxonomy":"tuotemerkki","description":"","parent":0,"count":293,"filter":"raw"}],"acf":[],"yoast_head":"<!-- This site is optimized with the Yoast SEO plugin v23.3 - https:\/\/yoast.com\/wordpress\/plugins\/seo\/ -->\n<title>Care Radiant Gloss Illume Infusion -kiillottomille hiuksille, 100ml - Kinnunen<\/title>\n<meta name=\"robots\" content=\"noindex, follow, max-snippet:-1, max-image-preview:large, max-video-preview:-1\" \/>\n<meta property=\"og:locale\" content=\"en_GB\" \/>\n<meta property=\"og:type\" content=\"article\" \/>\n<meta property=\"og:title\" content=\"Care Radiant Gloss Illume Infusion -kiillottomille hiuksille, 100ml - Kinnunen\" \/>\n<meta property=\"og:description\" content=\"Radiant Gloss hoitotuotteet muuttaa elottomat ja v\u00e4syneet hiukset silkkisiksi ja valoa heijastaviksi. Ne kosteuttaa syv\u00e4lt\u00e4, silottaa hiussuomuja ja vahvistaa kiiltoa lasihiusefektin aikaansaamiksesi latistamatta hiuksia.\" \/>\n<meta property=\"og:url\" content=\"https:\/\/kinnunen.kotisivut.co\/en\/product\/care-radiant-gloss-illume-infusion-kiillottomille-hiuksille-100ml\/\" \/>\n<meta property=\"og:site_name\" content=\"Kinnunen\" \/>\n<meta property=\"article:modified_time\" content=\"2025-12-12T12:51:15+00:00\" \/>\n<meta property=\"og:image\" content=\"https:\/\/kinnunen.kotisivut.co\/wp-content\/uploads\/2025\/09\/21614-Keune-Care-Radiant-Gloss-Illume-Infusion-100ml.jpeg\" \/>\n\t<meta property=\"og:image:width\" content=\"1800\" \/>\n\t<meta property=\"og:image:height\" content=\"1800\" \/>\n\t<meta property=\"og:image:type\" content=\"image\/jpeg\" \/>\n<meta name=\"twitter:card\" content=\"summary_large_image\" \/>\n<meta name=\"twitter:label1\" content=\"Estimated reading time\" \/>\n\t<meta name=\"twitter:data1\" content=\"1 minute\" \/>\n<script type=\"application\/ld+json\" class=\"yoast-schema-graph\">{\"@context\":\"https:\/\/schema.org\",\"@graph\":[{\"@type\":\"WebPage\",\"@id\":\"https:\/\/kinnunen.kotisivut.co\/tuote\/care-radiant-gloss-illume-infusion-kiillottomille-hiuksille-100ml\/\",\"url\":\"https:\/\/kinnunen.kotisivut.co\/tuote\/care-radiant-gloss-illume-infusion-kiillottomille-hiuksille-100ml\/\",\"name\":\"Care Radiant Gloss Illume Infusion -kiillottomille hiuksille, 100ml - Kinnunen\",\"isPartOf\":{\"@id\":\"https:\/\/kinnunen.kotisivut.co\/#website\"},\"primaryImageOfPage\":{\"@id\":\"https:\/\/kinnunen.kotisivut.co\/tuote\/care-radiant-gloss-illume-infusion-kiillottomille-hiuksille-100ml\/#primaryimage\"},\"image\":{\"@id\":\"https:\/\/kinnunen.kotisivut.co\/tuote\/care-radiant-gloss-illume-infusion-kiillottomille-hiuksille-100ml\/#primaryimage\"},\"thumbnailUrl\":\"https:\/\/kinnunen.kotisivut.co\/wp-content\/uploads\/2025\/09\/21614-Keune-Care-Radiant-Gloss-Illume-Infusion-100ml.jpeg\",\"datePublished\":\"2025-10-10T07:42:49+00:00\",\"dateModified\":\"2025-12-12T12:51:15+00:00\",\"breadcrumb\":{\"@id\":\"https:\/\/kinnunen.kotisivut.co\/tuote\/care-radiant-gloss-illume-infusion-kiillottomille-hiuksille-100ml\/#breadcrumb\"},\"inLanguage\":\"en-GB\",\"potentialAction\":[{\"@type\":\"ReadAction\",\"target\":[\"https:\/\/kinnunen.kotisivut.co\/tuote\/care-radiant-gloss-illume-infusion-kiillottomille-hiuksille-100ml\/\"]}]},{\"@type\":\"ImageObject\",\"inLanguage\":\"en-GB\",\"@id\":\"https:\/\/kinnunen.kotisivut.co\/tuote\/care-radiant-gloss-illume-infusion-kiillottomille-hiuksille-100ml\/#primaryimage\",\"url\":\"https:\/\/kinnunen.kotisivut.co\/wp-content\/uploads\/2025\/09\/21614-Keune-Care-Radiant-Gloss-Illume-Infusion-100ml.jpeg\",\"contentUrl\":\"https:\/\/kinnunen.kotisivut.co\/wp-content\/uploads\/2025\/09\/21614-Keune-Care-Radiant-Gloss-Illume-Infusion-100ml.jpeg\",\"width\":1800,\"height\":1800},{\"@type\":\"BreadcrumbList\",\"@id\":\"https:\/\/kinnunen.kotisivut.co\/tuote\/care-radiant-gloss-illume-infusion-kiillottomille-hiuksille-100ml\/#breadcrumb\",\"itemListElement\":[{\"@type\":\"ListItem\",\"position\":1,\"name\":\"Etusivu\",\"item\":\"https:\/\/kinnunen.kotisivut.co\/\"},{\"@type\":\"ListItem\",\"position\":2,\"name\":\"Kaikki tuotteet\",\"item\":\"https:\/\/kinnunen.kotisivut.co\/kauppa\/\"},{\"@type\":\"ListItem\",\"position\":3,\"name\":\"Hiuskosmetiikka\",\"item\":\"https:\/\/kinnunen.kotisivut.co\/tuote-osasto\/hiuskosmetiikka\/\"},{\"@type\":\"ListItem\",\"position\":4,\"name\":\"Care Radiant Gloss Illume Infusion -kiillottomille hiuksille, 100ml\"}]},{\"@type\":\"WebSite\",\"@id\":\"https:\/\/kinnunen.kotisivut.co\/#website\",\"url\":\"https:\/\/kinnunen.kotisivut.co\/\",\"name\":\"Kinnunen\",\"description\":\"\",\"potentialAction\":[{\"@type\":\"SearchAction\",\"target\":{\"@type\":\"EntryPoint\",\"urlTemplate\":\"https:\/\/kinnunen.kotisivut.co\/?s={search_term_string}\"},\"query-input\":\"required name=search_term_string\"}],\"inLanguage\":\"en-GB\"}]}<\/script>\n<!-- \/ Yoast SEO plugin. -->","yoast_head_json":{"title":"Care Radiant Gloss Illume Infusion -kiillottomille hiuksille, 100ml - Kinnunen","robots":{"index":"noindex","follow":"follow","max-snippet":"max-snippet:-1","max-image-preview":"max-image-preview:large","max-video-preview":"max-video-preview:-1"},"og_locale":"en_GB","og_type":"article","og_title":"Care Radiant Gloss Illume Infusion -kiillottomille hiuksille, 100ml - Kinnunen","og_description":"Radiant Gloss hoitotuotteet muuttaa elottomat ja v\u00e4syneet hiukset silkkisiksi ja valoa heijastaviksi. Ne kosteuttaa syv\u00e4lt\u00e4, silottaa hiussuomuja ja vahvistaa kiiltoa lasihiusefektin aikaansaamiksesi latistamatta hiuksia.","og_url":"https:\/\/kinnunen.kotisivut.co\/en\/product\/care-radiant-gloss-illume-infusion-kiillottomille-hiuksille-100ml\/","og_site_name":"Kinnunen","article_modified_time":"2025-12-12T12:51:15+00:00","og_image":[{"width":1800,"height":1800,"url":"https:\/\/kinnunen.kotisivut.co\/wp-content\/uploads\/2025\/09\/21614-Keune-Care-Radiant-Gloss-Illume-Infusion-100ml.jpeg","type":"image\/jpeg"}],"twitter_card":"summary_large_image","twitter_misc":{"Estimated reading time":"1 minute"},"schema":{"@context":"https:\/\/schema.org","@graph":[{"@type":"WebPage","@id":"https:\/\/kinnunen.kotisivut.co\/tuote\/care-radiant-gloss-illume-infusion-kiillottomille-hiuksille-100ml\/","url":"https:\/\/kinnunen.kotisivut.co\/tuote\/care-radiant-gloss-illume-infusion-kiillottomille-hiuksille-100ml\/","name":"Care Radiant Gloss Illume Infusion -kiillottomille hiuksille, 100ml - Kinnunen","isPartOf":{"@id":"https:\/\/kinnunen.kotisivut.co\/#website"},"primaryImageOfPage":{"@id":"https:\/\/kinnunen.kotisivut.co\/tuote\/care-radiant-gloss-illume-infusion-kiillottomille-hiuksille-100ml\/#primaryimage"},"image":{"@id":"https:\/\/kinnunen.kotisivut.co\/tuote\/care-radiant-gloss-illume-infusion-kiillottomille-hiuksille-100ml\/#primaryimage"},"thumbnailUrl":"https:\/\/kinnunen.kotisivut.co\/wp-content\/uploads\/2025\/09\/21614-Keune-Care-Radiant-Gloss-Illume-Infusion-100ml.jpeg","datePublished":"2025-10-10T07:42:49+00:00","dateModified":"2025-12-12T12:51:15+00:00","breadcrumb":{"@id":"https:\/\/kinnunen.kotisivut.co\/tuote\/care-radiant-gloss-illume-infusion-kiillottomille-hiuksille-100ml\/#breadcrumb"},"inLanguage":"en-GB","potentialAction":[{"@type":"ReadAction","target":["https:\/\/kinnunen.kotisivut.co\/tuote\/care-radiant-gloss-illume-infusion-kiillottomille-hiuksille-100ml\/"]}]},{"@type":"ImageObject","inLanguage":"en-GB","@id":"https:\/\/kinnunen.kotisivut.co\/tuote\/care-radiant-gloss-illume-infusion-kiillottomille-hiuksille-100ml\/#primaryimage","url":"https:\/\/kinnunen.kotisivut.co\/wp-content\/uploads\/2025\/09\/21614-Keune-Care-Radiant-Gloss-Illume-Infusion-100ml.jpeg","contentUrl":"https:\/\/kinnunen.kotisivut.co\/wp-content\/uploads\/2025\/09\/21614-Keune-Care-Radiant-Gloss-Illume-Infusion-100ml.jpeg","width":1800,"height":1800},{"@type":"BreadcrumbList","@id":"https:\/\/kinnunen.kotisivut.co\/tuote\/care-radiant-gloss-illume-infusion-kiillottomille-hiuksille-100ml\/#breadcrumb","itemListElement":[{"@type":"ListItem","position":1,"name":"Etusivu","item":"https:\/\/kinnunen.kotisivut.co\/"},{"@type":"ListItem","position":2,"name":"Kaikki tuotteet","item":"https:\/\/kinnunen.kotisivut.co\/kauppa\/"},{"@type":"ListItem","position":3,"name":"Hiuskosmetiikka","item":"https:\/\/kinnunen.kotisivut.co\/tuote-osasto\/hiuskosmetiikka\/"},{"@type":"ListItem","position":4,"name":"Care Radiant Gloss Illume Infusion -kiillottomille hiuksille, 100ml"}]},{"@type":"WebSite","@id":"https:\/\/kinnunen.kotisivut.co\/#website","url":"https:\/\/kinnunen.kotisivut.co\/","name":"Kinnunen","description":"","potentialAction":[{"@type":"SearchAction","target":{"@type":"EntryPoint","urlTemplate":"https:\/\/kinnunen.kotisivut.co\/?s={search_term_string}"},"query-input":"required name=search_term_string"}],"inLanguage":"en-GB"}]}},"_links":{"self":[{"href":"https:\/\/kinnunen.kotisivut.co\/en\/wp-json\/wp\/v2\/product\/45893","targetHints":{"allow":["GET"]}}],"collection":[{"href":"https:\/\/kinnunen.kotisivut.co\/en\/wp-json\/wp\/v2\/product"}],"about":[{"href":"https:\/\/kinnunen.kotisivut.co\/en\/wp-json\/wp\/v2\/types\/product"}],"replies":[{"embeddable":true,"href":"https:\/\/kinnunen.kotisivut.co\/en\/wp-json\/wp\/v2\/comments?post=45893"}],"wp:featuredmedia":[{"embeddable":true,"href":"https:\/\/kinnunen.kotisivut.co\/en\/wp-json\/wp\/v2\/media\/45554"}],"wp:attachment":[{"href":"https:\/\/kinnunen.kotisivut.co\/en\/wp-json\/wp\/v2\/media?parent=45893"}],"wp:term":[{"taxonomy":"product_cat","embeddable":true,"href":"https:\/\/kinnunen.kotisivut.co\/en\/wp-json\/wp\/v2\/product_cat?post=45893"},{"taxonomy":"product_tag","embeddable":true,"href":"https:\/\/kinnunen.kotisivut.co\/en\/wp-json\/wp\/v2\/product_tag?post=45893"}],"curies":[{"name":"wp","href":"https:\/\/api.w.org\/{rel}","templated":true}]}}