

{"id":45880,"date":"2025-10-10T09:33:20","date_gmt":"2025-10-10T06:33:20","guid":{"rendered":"https:\/\/kinnunen.kotisivut.co\/?post_type=product&#038;p=45880"},"modified":"2025-12-12T10:07:07","modified_gmt":"2025-12-12T08:07:07","slug":"care-vital-nutrition-power-plump-kuivat-ja-hauraat-hiukset-45ml","status":"publish","type":"product","link":"https:\/\/kinnunen.kotisivut.co\/en\/product\/care-vital-nutrition-power-plump-kuivat-ja-hauraat-hiukset-45ml\/","title":{"rendered":"Care Vital Nutrition Power Plump -kuivat ja hauraat hiukset, 45ml"},"content":{"rendered":"<p>Hoida hiuksia Vital Nutrition Power Plump -tuotteella, ravitsevalla ja hiuksiin j\u00e4tett\u00e4v\u00e4ll\u00e4 geelivoiteella, joka on suunniteltu t\u00e4ytt\u00e4m\u00e4\u00e4n hiuskuitujen aukot, lukitsemaan kosteuden hiuksiin ja silottamaan suomukerrosta. T\u00e4m\u00e4 edistynyt koostumus sopii t\u00e4ydellisesti kuiville, vaurioituneille tai kemiallisesti k\u00e4sitellyille hiuksille. Se tasoittaa huokoisuutta tehden hiuksista kest\u00e4v\u00e4mm\u00e4t, helpommin k\u00e4sitelt\u00e4v\u00e4t ja n\u00e4kyv\u00e4sti terveemm\u00e4t.<\/p>\n<p>\u25fe Ceramides are the building blocks of healthy hair, locking in moisture and strengthening the hair's natural protective layer. Biomimetic ceramides mimic the structure of the hair's own lipids, improving elasticity, smoothing the rough protective layer and locking in moisture to make hair softer and healthier.<\/p>\n<p>\u25fe Known as the \"Eternal Flower\", immortelle is packed with antioxidants and essential nutrients that help protect hair from environmental stressors while promoting durability and shine. It revitalises hair, leaving it soft, shiny and vibrant.<\/p>","protected":false},"excerpt":{"rendered":"<p>Hiuksiin j\u00e4tett\u00e4v\u00e4 hoitovoide kuiville, vaurioituneille tai hauraille hiuksille, jotka tarvitsevat hoitoa. Vital Nutrition tuotteiden sis\u00e4lt\u00e4m\u00e4t ainesosat palauttaa t\u00e4rke\u00e4t lipidit, lukitsee kosteuden ja vahvistaa hiuksia sis\u00e4lt\u00e4p\u00e4in.<\/p>","protected":false},"featured_media":45511,"comment_status":"open","ping_status":"closed","template":"","meta":{"_relevanssi_hide_post":"","_relevanssi_pin_for_all":"","_relevanssi_pin_keywords":"","_relevanssi_unpin_keywords":"","_relevanssi_related_keywords":"","_relevanssi_related_include_ids":"","_relevanssi_related_exclude_ids":"","_relevanssi_related_no_append":"","_relevanssi_related_not_related":"","_relevanssi_related_posts":"","_relevanssi_noindex_reason":""},"product_cat":[1727,1730,1731],"product_tag":[],"class_list":["post-45880","product","type-product","status-publish","has-post-thumbnail","hentry","product_cat-hiuskosmetiikka","product_cat-muut-hoitotuotteet-oljyt-ja-hiuspohjan-hoito","product_cat-keune-care-muut-hoitotuotteet-oljyt-ja-hiuspohjan-hoito","tuotemerkki-keune-care","tuotemerkki-keune-haircosmetics"],"tuotemerkit":[{"term_id":26,"name":"Keune Care","slug":"keune-care","term_group":0,"term_taxonomy_id":26,"taxonomy":"tuotemerkki","description":"","parent":25,"count":150,"filter":"raw"},{"term_id":25,"name":"Keune Haircosmetics","slug":"keune-haircosmetics","term_group":0,"term_taxonomy_id":25,"taxonomy":"tuotemerkki","description":"","parent":0,"count":293,"filter":"raw"}],"acf":[],"yoast_head":"<!-- This site is optimized with the Yoast SEO plugin v23.3 - https:\/\/yoast.com\/wordpress\/plugins\/seo\/ -->\n<title>Care Vital Nutrition Power Plump -kuivat ja hauraat hiukset, 45ml - Kinnunen<\/title>\n<meta name=\"robots\" content=\"noindex, follow, max-snippet:-1, max-image-preview:large, max-video-preview:-1\" \/>\n<meta property=\"og:locale\" content=\"en_GB\" \/>\n<meta property=\"og:type\" content=\"article\" \/>\n<meta property=\"og:title\" content=\"Care Vital Nutrition Power Plump -kuivat ja hauraat hiukset, 45ml - Kinnunen\" \/>\n<meta property=\"og:description\" content=\"Hiuksiin j\u00e4tett\u00e4v\u00e4 hoitovoide kuiville, vaurioituneille tai hauraille hiuksille, jotka tarvitsevat hoitoa. Vital Nutrition tuotteiden sis\u00e4lt\u00e4m\u00e4t ainesosat palauttaa t\u00e4rke\u00e4t lipidit, lukitsee kosteuden ja vahvistaa hiuksia sis\u00e4lt\u00e4p\u00e4in.\" \/>\n<meta property=\"og:url\" content=\"https:\/\/kinnunen.kotisivut.co\/en\/product\/care-vital-nutrition-power-plump-kuivat-ja-hauraat-hiukset-45ml\/\" \/>\n<meta property=\"og:site_name\" content=\"Kinnunen\" \/>\n<meta property=\"article:modified_time\" content=\"2025-12-12T08:07:07+00:00\" \/>\n<meta property=\"og:image\" content=\"https:\/\/kinnunen.kotisivut.co\/wp-content\/uploads\/2025\/09\/21557-Keune-Care-Vital-Nutrition-Power-Plump-45ml.jpeg\" \/>\n\t<meta property=\"og:image:width\" content=\"1500\" \/>\n\t<meta property=\"og:image:height\" content=\"1500\" \/>\n\t<meta property=\"og:image:type\" content=\"image\/jpeg\" \/>\n<meta name=\"twitter:card\" content=\"summary_large_image\" \/>\n<meta name=\"twitter:label1\" content=\"Estimated reading time\" \/>\n\t<meta name=\"twitter:data1\" content=\"1 minute\" \/>\n<script type=\"application\/ld+json\" class=\"yoast-schema-graph\">{\"@context\":\"https:\/\/schema.org\",\"@graph\":[{\"@type\":\"WebPage\",\"@id\":\"https:\/\/kinnunen.kotisivut.co\/tuote\/care-vital-nutrition-power-plump-kuivat-ja-hauraat-hiukset-45ml\/\",\"url\":\"https:\/\/kinnunen.kotisivut.co\/tuote\/care-vital-nutrition-power-plump-kuivat-ja-hauraat-hiukset-45ml\/\",\"name\":\"Care Vital Nutrition Power Plump -kuivat ja hauraat hiukset, 45ml - Kinnunen\",\"isPartOf\":{\"@id\":\"https:\/\/kinnunen.kotisivut.co\/#website\"},\"primaryImageOfPage\":{\"@id\":\"https:\/\/kinnunen.kotisivut.co\/tuote\/care-vital-nutrition-power-plump-kuivat-ja-hauraat-hiukset-45ml\/#primaryimage\"},\"image\":{\"@id\":\"https:\/\/kinnunen.kotisivut.co\/tuote\/care-vital-nutrition-power-plump-kuivat-ja-hauraat-hiukset-45ml\/#primaryimage\"},\"thumbnailUrl\":\"https:\/\/kinnunen.kotisivut.co\/wp-content\/uploads\/2025\/09\/21557-Keune-Care-Vital-Nutrition-Power-Plump-45ml.jpeg\",\"datePublished\":\"2025-10-10T06:33:20+00:00\",\"dateModified\":\"2025-12-12T08:07:07+00:00\",\"breadcrumb\":{\"@id\":\"https:\/\/kinnunen.kotisivut.co\/tuote\/care-vital-nutrition-power-plump-kuivat-ja-hauraat-hiukset-45ml\/#breadcrumb\"},\"inLanguage\":\"en-GB\",\"potentialAction\":[{\"@type\":\"ReadAction\",\"target\":[\"https:\/\/kinnunen.kotisivut.co\/tuote\/care-vital-nutrition-power-plump-kuivat-ja-hauraat-hiukset-45ml\/\"]}]},{\"@type\":\"ImageObject\",\"inLanguage\":\"en-GB\",\"@id\":\"https:\/\/kinnunen.kotisivut.co\/tuote\/care-vital-nutrition-power-plump-kuivat-ja-hauraat-hiukset-45ml\/#primaryimage\",\"url\":\"https:\/\/kinnunen.kotisivut.co\/wp-content\/uploads\/2025\/09\/21557-Keune-Care-Vital-Nutrition-Power-Plump-45ml.jpeg\",\"contentUrl\":\"https:\/\/kinnunen.kotisivut.co\/wp-content\/uploads\/2025\/09\/21557-Keune-Care-Vital-Nutrition-Power-Plump-45ml.jpeg\",\"width\":1500,\"height\":1500},{\"@type\":\"BreadcrumbList\",\"@id\":\"https:\/\/kinnunen.kotisivut.co\/tuote\/care-vital-nutrition-power-plump-kuivat-ja-hauraat-hiukset-45ml\/#breadcrumb\",\"itemListElement\":[{\"@type\":\"ListItem\",\"position\":1,\"name\":\"Etusivu\",\"item\":\"https:\/\/kinnunen.kotisivut.co\/\"},{\"@type\":\"ListItem\",\"position\":2,\"name\":\"Kaikki tuotteet\",\"item\":\"https:\/\/kinnunen.kotisivut.co\/kauppa\/\"},{\"@type\":\"ListItem\",\"position\":3,\"name\":\"Hiuskosmetiikka\",\"item\":\"https:\/\/kinnunen.kotisivut.co\/tuote-osasto\/hiuskosmetiikka\/\"},{\"@type\":\"ListItem\",\"position\":4,\"name\":\"Care Vital Nutrition Power Plump -kuivat ja hauraat hiukset, 45ml\"}]},{\"@type\":\"WebSite\",\"@id\":\"https:\/\/kinnunen.kotisivut.co\/#website\",\"url\":\"https:\/\/kinnunen.kotisivut.co\/\",\"name\":\"Kinnunen\",\"description\":\"\",\"potentialAction\":[{\"@type\":\"SearchAction\",\"target\":{\"@type\":\"EntryPoint\",\"urlTemplate\":\"https:\/\/kinnunen.kotisivut.co\/?s={search_term_string}\"},\"query-input\":\"required name=search_term_string\"}],\"inLanguage\":\"en-GB\"}]}<\/script>\n<!-- \/ Yoast SEO plugin. -->","yoast_head_json":{"title":"Care Vital Nutrition Power Plump -kuivat ja hauraat hiukset, 45ml - Kinnunen","robots":{"index":"noindex","follow":"follow","max-snippet":"max-snippet:-1","max-image-preview":"max-image-preview:large","max-video-preview":"max-video-preview:-1"},"og_locale":"en_GB","og_type":"article","og_title":"Care Vital Nutrition Power Plump -kuivat ja hauraat hiukset, 45ml - Kinnunen","og_description":"Hiuksiin j\u00e4tett\u00e4v\u00e4 hoitovoide kuiville, vaurioituneille tai hauraille hiuksille, jotka tarvitsevat hoitoa. Vital Nutrition tuotteiden sis\u00e4lt\u00e4m\u00e4t ainesosat palauttaa t\u00e4rke\u00e4t lipidit, lukitsee kosteuden ja vahvistaa hiuksia sis\u00e4lt\u00e4p\u00e4in.","og_url":"https:\/\/kinnunen.kotisivut.co\/en\/product\/care-vital-nutrition-power-plump-kuivat-ja-hauraat-hiukset-45ml\/","og_site_name":"Kinnunen","article_modified_time":"2025-12-12T08:07:07+00:00","og_image":[{"width":1500,"height":1500,"url":"https:\/\/kinnunen.kotisivut.co\/wp-content\/uploads\/2025\/09\/21557-Keune-Care-Vital-Nutrition-Power-Plump-45ml.jpeg","type":"image\/jpeg"}],"twitter_card":"summary_large_image","twitter_misc":{"Estimated reading time":"1 minute"},"schema":{"@context":"https:\/\/schema.org","@graph":[{"@type":"WebPage","@id":"https:\/\/kinnunen.kotisivut.co\/tuote\/care-vital-nutrition-power-plump-kuivat-ja-hauraat-hiukset-45ml\/","url":"https:\/\/kinnunen.kotisivut.co\/tuote\/care-vital-nutrition-power-plump-kuivat-ja-hauraat-hiukset-45ml\/","name":"Care Vital Nutrition Power Plump -kuivat ja hauraat hiukset, 45ml - Kinnunen","isPartOf":{"@id":"https:\/\/kinnunen.kotisivut.co\/#website"},"primaryImageOfPage":{"@id":"https:\/\/kinnunen.kotisivut.co\/tuote\/care-vital-nutrition-power-plump-kuivat-ja-hauraat-hiukset-45ml\/#primaryimage"},"image":{"@id":"https:\/\/kinnunen.kotisivut.co\/tuote\/care-vital-nutrition-power-plump-kuivat-ja-hauraat-hiukset-45ml\/#primaryimage"},"thumbnailUrl":"https:\/\/kinnunen.kotisivut.co\/wp-content\/uploads\/2025\/09\/21557-Keune-Care-Vital-Nutrition-Power-Plump-45ml.jpeg","datePublished":"2025-10-10T06:33:20+00:00","dateModified":"2025-12-12T08:07:07+00:00","breadcrumb":{"@id":"https:\/\/kinnunen.kotisivut.co\/tuote\/care-vital-nutrition-power-plump-kuivat-ja-hauraat-hiukset-45ml\/#breadcrumb"},"inLanguage":"en-GB","potentialAction":[{"@type":"ReadAction","target":["https:\/\/kinnunen.kotisivut.co\/tuote\/care-vital-nutrition-power-plump-kuivat-ja-hauraat-hiukset-45ml\/"]}]},{"@type":"ImageObject","inLanguage":"en-GB","@id":"https:\/\/kinnunen.kotisivut.co\/tuote\/care-vital-nutrition-power-plump-kuivat-ja-hauraat-hiukset-45ml\/#primaryimage","url":"https:\/\/kinnunen.kotisivut.co\/wp-content\/uploads\/2025\/09\/21557-Keune-Care-Vital-Nutrition-Power-Plump-45ml.jpeg","contentUrl":"https:\/\/kinnunen.kotisivut.co\/wp-content\/uploads\/2025\/09\/21557-Keune-Care-Vital-Nutrition-Power-Plump-45ml.jpeg","width":1500,"height":1500},{"@type":"BreadcrumbList","@id":"https:\/\/kinnunen.kotisivut.co\/tuote\/care-vital-nutrition-power-plump-kuivat-ja-hauraat-hiukset-45ml\/#breadcrumb","itemListElement":[{"@type":"ListItem","position":1,"name":"Etusivu","item":"https:\/\/kinnunen.kotisivut.co\/"},{"@type":"ListItem","position":2,"name":"Kaikki tuotteet","item":"https:\/\/kinnunen.kotisivut.co\/kauppa\/"},{"@type":"ListItem","position":3,"name":"Hiuskosmetiikka","item":"https:\/\/kinnunen.kotisivut.co\/tuote-osasto\/hiuskosmetiikka\/"},{"@type":"ListItem","position":4,"name":"Care Vital Nutrition Power Plump -kuivat ja hauraat hiukset, 45ml"}]},{"@type":"WebSite","@id":"https:\/\/kinnunen.kotisivut.co\/#website","url":"https:\/\/kinnunen.kotisivut.co\/","name":"Kinnunen","description":"","potentialAction":[{"@type":"SearchAction","target":{"@type":"EntryPoint","urlTemplate":"https:\/\/kinnunen.kotisivut.co\/?s={search_term_string}"},"query-input":"required name=search_term_string"}],"inLanguage":"en-GB"}]}},"_links":{"self":[{"href":"https:\/\/kinnunen.kotisivut.co\/en\/wp-json\/wp\/v2\/product\/45880","targetHints":{"allow":["GET"]}}],"collection":[{"href":"https:\/\/kinnunen.kotisivut.co\/en\/wp-json\/wp\/v2\/product"}],"about":[{"href":"https:\/\/kinnunen.kotisivut.co\/en\/wp-json\/wp\/v2\/types\/product"}],"replies":[{"embeddable":true,"href":"https:\/\/kinnunen.kotisivut.co\/en\/wp-json\/wp\/v2\/comments?post=45880"}],"wp:featuredmedia":[{"embeddable":true,"href":"https:\/\/kinnunen.kotisivut.co\/en\/wp-json\/wp\/v2\/media\/45511"}],"wp:attachment":[{"href":"https:\/\/kinnunen.kotisivut.co\/en\/wp-json\/wp\/v2\/media?parent=45880"}],"wp:term":[{"taxonomy":"product_cat","embeddable":true,"href":"https:\/\/kinnunen.kotisivut.co\/en\/wp-json\/wp\/v2\/product_cat?post=45880"},{"taxonomy":"product_tag","embeddable":true,"href":"https:\/\/kinnunen.kotisivut.co\/en\/wp-json\/wp\/v2\/product_tag?post=45880"}],"curies":[{"name":"wp","href":"https:\/\/api.w.org\/{rel}","templated":true}]}}