

{"id":45744,"date":"2025-09-29T10:44:12","date_gmt":"2025-09-29T07:44:12","guid":{"rendered":"https:\/\/kinnunen.kotisivut.co\/?post_type=product&#038;p=45744"},"modified":"2025-12-12T15:03:53","modified_gmt":"2025-12-12T13:03:53","slug":"care-vital-nutrition-shampoo-kuivat-ja-hauraat-hiukset-1000ml","status":"publish","type":"product","link":"https:\/\/kinnunen.kotisivut.co\/en\/product\/care-vital-nutrition-shampoo-kuivat-ja-hauraat-hiukset-1000ml\/","title":{"rendered":"Care Vital Nutrition Shampoo -dry and brittle hair, 1000ml"},"content":{"rendered":"<p>Pamper your hair with Vital Nutrition Nourishing Shampoo, designed to gently cleanse while moisturising and restoring softness. Ideal for dry or brittle hair, this rich yet lightweight formula leaves your hair strong, silky and beautifully nourished.<\/p>\n<p>\u25fe Ceramides are the building blocks of healthy hair, locking in moisture and strengthening the hair's natural protective layer. Biomimetic ceramides mimic the structure of the hair's own lipids, improving elasticity, smoothing the rough protective layer and locking in moisture to make hair softer and healthier.<\/p>\n<p>\u25fe Known as the \"Eternal Flower\", immortelle is packed with antioxidants and essential nutrients that help protect hair from environmental stressors while promoting durability and shine. It revitalises hair, leaving it soft, shiny and vibrant.<\/p>","protected":false},"excerpt":{"rendered":"<p>Shampoo for dry, damaged or brittle hair in need of care. Vital Nutrition products contain ingredients that restore essential lipids, lock in moisture and strengthen hair from the inside out.<\/p>","protected":false},"featured_media":45475,"comment_status":"open","ping_status":"closed","template":"","meta":{"_relevanssi_hide_post":"","_relevanssi_pin_for_all":"","_relevanssi_pin_keywords":"","_relevanssi_unpin_keywords":"","_relevanssi_related_keywords":"","_relevanssi_related_include_ids":"","_relevanssi_related_exclude_ids":"","_relevanssi_related_no_append":"","_relevanssi_related_not_related":"","_relevanssi_related_posts":"","_relevanssi_noindex_reason":""},"product_cat":[1727,1728,1729],"product_tag":[],"class_list":["post-45744","product","type-product","status-publish","has-post-thumbnail","hentry","product_cat-hiuskosmetiikka","product_cat-shampoot","product_cat-keune-care","tuotemerkki-keune-care","tuotemerkki-keune-haircosmetics"],"tuotemerkit":[{"term_id":26,"name":"Keune Care","slug":"keune-care","term_group":0,"term_taxonomy_id":26,"taxonomy":"tuotemerkki","description":"","parent":25,"count":150,"filter":"raw"},{"term_id":25,"name":"Keune Haircosmetics","slug":"keune-haircosmetics","term_group":0,"term_taxonomy_id":25,"taxonomy":"tuotemerkki","description":"","parent":0,"count":293,"filter":"raw"}],"acf":[],"yoast_head":"<!-- This site is optimized with the Yoast SEO plugin v23.3 - https:\/\/yoast.com\/wordpress\/plugins\/seo\/ -->\n<title>Care Vital Nutrition Shampoo -kuivat ja hauraat hiukset, 1000ml - Kinnunen<\/title>\n<meta name=\"robots\" content=\"noindex, follow, max-snippet:-1, max-image-preview:large, max-video-preview:-1\" \/>\n<meta property=\"og:locale\" content=\"en_GB\" \/>\n<meta property=\"og:type\" content=\"article\" \/>\n<meta property=\"og:title\" content=\"Care Vital Nutrition Shampoo -kuivat ja hauraat hiukset, 1000ml - Kinnunen\" \/>\n<meta property=\"og:description\" content=\"Shampoo kuiville, vaurioituneille tai hauraille hiuksille, jotka tarvitsevat hoitoa. Vital Nutrition tuotteiden sis\u00e4lt\u00e4m\u00e4t ainesosat palauttaa t\u00e4rke\u00e4t lipidit, lukitsee kosteuden ja vahvistaa hiuksia sis\u00e4lt\u00e4p\u00e4in.\" \/>\n<meta property=\"og:url\" content=\"https:\/\/kinnunen.kotisivut.co\/en\/product\/care-vital-nutrition-shampoo-kuivat-ja-hauraat-hiukset-1000ml\/\" \/>\n<meta property=\"og:site_name\" content=\"Kinnunen\" \/>\n<meta property=\"article:modified_time\" content=\"2025-12-12T13:03:53+00:00\" \/>\n<meta property=\"og:image\" content=\"https:\/\/kinnunen.kotisivut.co\/wp-content\/uploads\/2025\/09\/21516-Keune-Care-Vital-Nutrition-Shampoo-1000ml-small.jpg\" \/>\n\t<meta property=\"og:image:width\" content=\"1181\" \/>\n\t<meta property=\"og:image:height\" content=\"1181\" \/>\n\t<meta property=\"og:image:type\" content=\"image\/jpeg\" \/>\n<meta name=\"twitter:card\" content=\"summary_large_image\" \/>\n<meta name=\"twitter:label1\" content=\"Estimated reading time\" \/>\n\t<meta name=\"twitter:data1\" content=\"1 minute\" \/>\n<script type=\"application\/ld+json\" class=\"yoast-schema-graph\">{\"@context\":\"https:\/\/schema.org\",\"@graph\":[{\"@type\":\"WebPage\",\"@id\":\"https:\/\/kinnunen.kotisivut.co\/tuote\/care-vital-nutrition-shampoo-kuivat-ja-hauraat-hiukset-1000ml\/\",\"url\":\"https:\/\/kinnunen.kotisivut.co\/tuote\/care-vital-nutrition-shampoo-kuivat-ja-hauraat-hiukset-1000ml\/\",\"name\":\"Care Vital Nutrition Shampoo -kuivat ja hauraat hiukset, 1000ml - Kinnunen\",\"isPartOf\":{\"@id\":\"https:\/\/kinnunen.kotisivut.co\/#website\"},\"primaryImageOfPage\":{\"@id\":\"https:\/\/kinnunen.kotisivut.co\/tuote\/care-vital-nutrition-shampoo-kuivat-ja-hauraat-hiukset-1000ml\/#primaryimage\"},\"image\":{\"@id\":\"https:\/\/kinnunen.kotisivut.co\/tuote\/care-vital-nutrition-shampoo-kuivat-ja-hauraat-hiukset-1000ml\/#primaryimage\"},\"thumbnailUrl\":\"https:\/\/kinnunen.kotisivut.co\/wp-content\/uploads\/2025\/09\/21516-Keune-Care-Vital-Nutrition-Shampoo-1000ml-small.jpg\",\"datePublished\":\"2025-09-29T07:44:12+00:00\",\"dateModified\":\"2025-12-12T13:03:53+00:00\",\"breadcrumb\":{\"@id\":\"https:\/\/kinnunen.kotisivut.co\/tuote\/care-vital-nutrition-shampoo-kuivat-ja-hauraat-hiukset-1000ml\/#breadcrumb\"},\"inLanguage\":\"en-GB\",\"potentialAction\":[{\"@type\":\"ReadAction\",\"target\":[\"https:\/\/kinnunen.kotisivut.co\/tuote\/care-vital-nutrition-shampoo-kuivat-ja-hauraat-hiukset-1000ml\/\"]}]},{\"@type\":\"ImageObject\",\"inLanguage\":\"en-GB\",\"@id\":\"https:\/\/kinnunen.kotisivut.co\/tuote\/care-vital-nutrition-shampoo-kuivat-ja-hauraat-hiukset-1000ml\/#primaryimage\",\"url\":\"https:\/\/kinnunen.kotisivut.co\/wp-content\/uploads\/2025\/09\/21516-Keune-Care-Vital-Nutrition-Shampoo-1000ml-small.jpg\",\"contentUrl\":\"https:\/\/kinnunen.kotisivut.co\/wp-content\/uploads\/2025\/09\/21516-Keune-Care-Vital-Nutrition-Shampoo-1000ml-small.jpg\",\"width\":1181,\"height\":1181},{\"@type\":\"BreadcrumbList\",\"@id\":\"https:\/\/kinnunen.kotisivut.co\/tuote\/care-vital-nutrition-shampoo-kuivat-ja-hauraat-hiukset-1000ml\/#breadcrumb\",\"itemListElement\":[{\"@type\":\"ListItem\",\"position\":1,\"name\":\"Etusivu\",\"item\":\"https:\/\/kinnunen.kotisivut.co\/\"},{\"@type\":\"ListItem\",\"position\":2,\"name\":\"Kaikki tuotteet\",\"item\":\"https:\/\/kinnunen.kotisivut.co\/kauppa\/\"},{\"@type\":\"ListItem\",\"position\":3,\"name\":\"Hiuskosmetiikka\",\"item\":\"https:\/\/kinnunen.kotisivut.co\/tuote-osasto\/hiuskosmetiikka\/\"},{\"@type\":\"ListItem\",\"position\":4,\"name\":\"Care Vital Nutrition Shampoo -kuivat ja hauraat hiukset, 1000ml\"}]},{\"@type\":\"WebSite\",\"@id\":\"https:\/\/kinnunen.kotisivut.co\/#website\",\"url\":\"https:\/\/kinnunen.kotisivut.co\/\",\"name\":\"Kinnunen\",\"description\":\"\",\"potentialAction\":[{\"@type\":\"SearchAction\",\"target\":{\"@type\":\"EntryPoint\",\"urlTemplate\":\"https:\/\/kinnunen.kotisivut.co\/?s={search_term_string}\"},\"query-input\":\"required name=search_term_string\"}],\"inLanguage\":\"en-GB\"}]}<\/script>\n<!-- \/ Yoast SEO plugin. -->","yoast_head_json":{"title":"Care Vital Nutrition Shampoo -kuivat ja hauraat hiukset, 1000ml - Kinnunen","robots":{"index":"noindex","follow":"follow","max-snippet":"max-snippet:-1","max-image-preview":"max-image-preview:large","max-video-preview":"max-video-preview:-1"},"og_locale":"en_GB","og_type":"article","og_title":"Care Vital Nutrition Shampoo -kuivat ja hauraat hiukset, 1000ml - Kinnunen","og_description":"Shampoo kuiville, vaurioituneille tai hauraille hiuksille, jotka tarvitsevat hoitoa. Vital Nutrition tuotteiden sis\u00e4lt\u00e4m\u00e4t ainesosat palauttaa t\u00e4rke\u00e4t lipidit, lukitsee kosteuden ja vahvistaa hiuksia sis\u00e4lt\u00e4p\u00e4in.","og_url":"https:\/\/kinnunen.kotisivut.co\/en\/product\/care-vital-nutrition-shampoo-kuivat-ja-hauraat-hiukset-1000ml\/","og_site_name":"Kinnunen","article_modified_time":"2025-12-12T13:03:53+00:00","og_image":[{"width":1181,"height":1181,"url":"https:\/\/kinnunen.kotisivut.co\/wp-content\/uploads\/2025\/09\/21516-Keune-Care-Vital-Nutrition-Shampoo-1000ml-small.jpg","type":"image\/jpeg"}],"twitter_card":"summary_large_image","twitter_misc":{"Estimated reading time":"1 minute"},"schema":{"@context":"https:\/\/schema.org","@graph":[{"@type":"WebPage","@id":"https:\/\/kinnunen.kotisivut.co\/tuote\/care-vital-nutrition-shampoo-kuivat-ja-hauraat-hiukset-1000ml\/","url":"https:\/\/kinnunen.kotisivut.co\/tuote\/care-vital-nutrition-shampoo-kuivat-ja-hauraat-hiukset-1000ml\/","name":"Care Vital Nutrition Shampoo -kuivat ja hauraat hiukset, 1000ml - Kinnunen","isPartOf":{"@id":"https:\/\/kinnunen.kotisivut.co\/#website"},"primaryImageOfPage":{"@id":"https:\/\/kinnunen.kotisivut.co\/tuote\/care-vital-nutrition-shampoo-kuivat-ja-hauraat-hiukset-1000ml\/#primaryimage"},"image":{"@id":"https:\/\/kinnunen.kotisivut.co\/tuote\/care-vital-nutrition-shampoo-kuivat-ja-hauraat-hiukset-1000ml\/#primaryimage"},"thumbnailUrl":"https:\/\/kinnunen.kotisivut.co\/wp-content\/uploads\/2025\/09\/21516-Keune-Care-Vital-Nutrition-Shampoo-1000ml-small.jpg","datePublished":"2025-09-29T07:44:12+00:00","dateModified":"2025-12-12T13:03:53+00:00","breadcrumb":{"@id":"https:\/\/kinnunen.kotisivut.co\/tuote\/care-vital-nutrition-shampoo-kuivat-ja-hauraat-hiukset-1000ml\/#breadcrumb"},"inLanguage":"en-GB","potentialAction":[{"@type":"ReadAction","target":["https:\/\/kinnunen.kotisivut.co\/tuote\/care-vital-nutrition-shampoo-kuivat-ja-hauraat-hiukset-1000ml\/"]}]},{"@type":"ImageObject","inLanguage":"en-GB","@id":"https:\/\/kinnunen.kotisivut.co\/tuote\/care-vital-nutrition-shampoo-kuivat-ja-hauraat-hiukset-1000ml\/#primaryimage","url":"https:\/\/kinnunen.kotisivut.co\/wp-content\/uploads\/2025\/09\/21516-Keune-Care-Vital-Nutrition-Shampoo-1000ml-small.jpg","contentUrl":"https:\/\/kinnunen.kotisivut.co\/wp-content\/uploads\/2025\/09\/21516-Keune-Care-Vital-Nutrition-Shampoo-1000ml-small.jpg","width":1181,"height":1181},{"@type":"BreadcrumbList","@id":"https:\/\/kinnunen.kotisivut.co\/tuote\/care-vital-nutrition-shampoo-kuivat-ja-hauraat-hiukset-1000ml\/#breadcrumb","itemListElement":[{"@type":"ListItem","position":1,"name":"Etusivu","item":"https:\/\/kinnunen.kotisivut.co\/"},{"@type":"ListItem","position":2,"name":"Kaikki tuotteet","item":"https:\/\/kinnunen.kotisivut.co\/kauppa\/"},{"@type":"ListItem","position":3,"name":"Hiuskosmetiikka","item":"https:\/\/kinnunen.kotisivut.co\/tuote-osasto\/hiuskosmetiikka\/"},{"@type":"ListItem","position":4,"name":"Care Vital Nutrition Shampoo -kuivat ja hauraat hiukset, 1000ml"}]},{"@type":"WebSite","@id":"https:\/\/kinnunen.kotisivut.co\/#website","url":"https:\/\/kinnunen.kotisivut.co\/","name":"Kinnunen","description":"","potentialAction":[{"@type":"SearchAction","target":{"@type":"EntryPoint","urlTemplate":"https:\/\/kinnunen.kotisivut.co\/?s={search_term_string}"},"query-input":"required name=search_term_string"}],"inLanguage":"en-GB"}]}},"_links":{"self":[{"href":"https:\/\/kinnunen.kotisivut.co\/en\/wp-json\/wp\/v2\/product\/45744","targetHints":{"allow":["GET"]}}],"collection":[{"href":"https:\/\/kinnunen.kotisivut.co\/en\/wp-json\/wp\/v2\/product"}],"about":[{"href":"https:\/\/kinnunen.kotisivut.co\/en\/wp-json\/wp\/v2\/types\/product"}],"replies":[{"embeddable":true,"href":"https:\/\/kinnunen.kotisivut.co\/en\/wp-json\/wp\/v2\/comments?post=45744"}],"wp:featuredmedia":[{"embeddable":true,"href":"https:\/\/kinnunen.kotisivut.co\/en\/wp-json\/wp\/v2\/media\/45475"}],"wp:attachment":[{"href":"https:\/\/kinnunen.kotisivut.co\/en\/wp-json\/wp\/v2\/media?parent=45744"}],"wp:term":[{"taxonomy":"product_cat","embeddable":true,"href":"https:\/\/kinnunen.kotisivut.co\/en\/wp-json\/wp\/v2\/product_cat?post=45744"},{"taxonomy":"product_tag","embeddable":true,"href":"https:\/\/kinnunen.kotisivut.co\/en\/wp-json\/wp\/v2\/product_tag?post=45744"}],"curies":[{"name":"wp","href":"https:\/\/api.w.org\/{rel}","templated":true}]}}