

{"id":45718,"date":"2025-09-26T10:54:33","date_gmt":"2025-09-26T07:54:33","guid":{"rendered":"https:\/\/kinnunen.kotisivut.co\/?post_type=product&#038;p=45718"},"modified":"2025-12-12T15:49:14","modified_gmt":"2025-12-12T13:49:14","slug":"care-silver-savior-shampoo-viilean-savyisille-hiuksille-1000ml","status":"publish","type":"product","link":"https:\/\/kinnunen.kotisivut.co\/en\/product\/care-silver-savior-shampoo-viilean-savyisille-hiuksille-1000ml\/","title":{"rendered":"Care Silver Savior Shampoo for silver hair, 1000ml"},"content":{"rendered":"<p>Neutralise brassy tones and enhance shine with Silver Savior Silver Shampoo, expertly formulated to cleanse and repair the golden and warm undertones of cool blonde, silver and platinum hair. Enriched with violet pigments and nourishing ingredients, the shampoo leaves hair clean, cool-toned and glowing - without dryness or tanginess.<\/p>\n<p>- Bleached, cool-toned hair is often brittle and prone to breakage. Bond Fuser technology works at the molecular level to strengthen the hair's internal structure, repair damage and restore strength, leaving hair strong and supple.<\/p>\n<p>- Naturally rich in colour-correcting pigments, violet flower extract helps combat yellow and brassy tones, leaving silver and blonde hair bright, cool and naturally toned. It also moisturises hair, keeping it soft and manageable.<\/p>","protected":false},"excerpt":{"rendered":"<p>Shampoo for cool blonde, silver or platinum hair that wants to maintain its cool colour for longer while strengthening the hair.<\/p>","protected":false},"featured_media":45515,"comment_status":"open","ping_status":"closed","template":"","meta":{"_relevanssi_hide_post":"","_relevanssi_pin_for_all":"","_relevanssi_pin_keywords":"","_relevanssi_unpin_keywords":"","_relevanssi_related_keywords":"","_relevanssi_related_include_ids":"","_relevanssi_related_exclude_ids":"","_relevanssi_related_no_append":"","_relevanssi_related_not_related":"","_relevanssi_related_posts":"","_relevanssi_noindex_reason":""},"product_cat":[1727,1728,1729],"product_tag":[2386],"class_list":["post-45718","product","type-product","status-publish","has-post-thumbnail","hentry","product_cat-hiuskosmetiikka","product_cat-shampoot","product_cat-keune-care","product_tag-hopeashampoo","tuotemerkki-keune-care","tuotemerkki-keune-haircosmetics"],"tuotemerkit":[{"term_id":26,"name":"Keune Care","slug":"keune-care","term_group":0,"term_taxonomy_id":26,"taxonomy":"tuotemerkki","description":"","parent":25,"count":150,"filter":"raw"},{"term_id":25,"name":"Keune Haircosmetics","slug":"keune-haircosmetics","term_group":0,"term_taxonomy_id":25,"taxonomy":"tuotemerkki","description":"","parent":0,"count":293,"filter":"raw"}],"acf":[],"yoast_head":"<!-- This site is optimized with the Yoast SEO plugin v23.3 - https:\/\/yoast.com\/wordpress\/plugins\/seo\/ -->\n<title>Care Silver Savior Shampoo -viile\u00e4n s\u00e4vyisille hiuksille, 1000ml - Kinnunen<\/title>\n<meta name=\"robots\" content=\"noindex, follow, max-snippet:-1, max-image-preview:large, max-video-preview:-1\" \/>\n<meta property=\"og:locale\" content=\"en_GB\" \/>\n<meta property=\"og:type\" content=\"article\" \/>\n<meta property=\"og:title\" content=\"Care Silver Savior Shampoo -viile\u00e4n s\u00e4vyisille hiuksille, 1000ml - Kinnunen\" \/>\n<meta property=\"og:description\" content=\"Shampoo viile\u00e4n vaaleille, hopeanv\u00e4risille tai platinanv\u00e4risille hiuksille, jotka haluavat s\u00e4ilytt\u00e4\u00e4 viile\u00e4n hiusv\u00e4rins\u00e4 pidemp\u00e4\u00e4n samalla vahvistaen hiusta.\" \/>\n<meta property=\"og:url\" content=\"https:\/\/kinnunen.kotisivut.co\/en\/product\/care-silver-savior-shampoo-viilean-savyisille-hiuksille-1000ml\/\" \/>\n<meta property=\"og:site_name\" content=\"Kinnunen\" \/>\n<meta property=\"article:modified_time\" content=\"2025-12-12T13:49:14+00:00\" \/>\n<meta property=\"og:image\" content=\"https:\/\/kinnunen.kotisivut.co\/wp-content\/uploads\/2025\/09\/21561-Keune-Care-Silver-Savior-Shampoo-1000ml-small.jpg\" \/>\n\t<meta property=\"og:image:width\" content=\"1181\" \/>\n\t<meta property=\"og:image:height\" content=\"1181\" \/>\n\t<meta property=\"og:image:type\" content=\"image\/jpeg\" \/>\n<meta name=\"twitter:card\" content=\"summary_large_image\" \/>\n<meta name=\"twitter:label1\" content=\"Estimated reading time\" \/>\n\t<meta name=\"twitter:data1\" content=\"1 minute\" \/>\n<script type=\"application\/ld+json\" class=\"yoast-schema-graph\">{\"@context\":\"https:\/\/schema.org\",\"@graph\":[{\"@type\":\"WebPage\",\"@id\":\"https:\/\/kinnunen.kotisivut.co\/tuote\/care-silver-savior-shampoo-viilean-savyisille-hiuksille-1000ml\/\",\"url\":\"https:\/\/kinnunen.kotisivut.co\/tuote\/care-silver-savior-shampoo-viilean-savyisille-hiuksille-1000ml\/\",\"name\":\"Care Silver Savior Shampoo -viile\u00e4n s\u00e4vyisille hiuksille, 1000ml - Kinnunen\",\"isPartOf\":{\"@id\":\"https:\/\/kinnunen.kotisivut.co\/#website\"},\"primaryImageOfPage\":{\"@id\":\"https:\/\/kinnunen.kotisivut.co\/tuote\/care-silver-savior-shampoo-viilean-savyisille-hiuksille-1000ml\/#primaryimage\"},\"image\":{\"@id\":\"https:\/\/kinnunen.kotisivut.co\/tuote\/care-silver-savior-shampoo-viilean-savyisille-hiuksille-1000ml\/#primaryimage\"},\"thumbnailUrl\":\"https:\/\/kinnunen.kotisivut.co\/wp-content\/uploads\/2025\/09\/21561-Keune-Care-Silver-Savior-Shampoo-1000ml-small.jpg\",\"datePublished\":\"2025-09-26T07:54:33+00:00\",\"dateModified\":\"2025-12-12T13:49:14+00:00\",\"breadcrumb\":{\"@id\":\"https:\/\/kinnunen.kotisivut.co\/tuote\/care-silver-savior-shampoo-viilean-savyisille-hiuksille-1000ml\/#breadcrumb\"},\"inLanguage\":\"en-GB\",\"potentialAction\":[{\"@type\":\"ReadAction\",\"target\":[\"https:\/\/kinnunen.kotisivut.co\/tuote\/care-silver-savior-shampoo-viilean-savyisille-hiuksille-1000ml\/\"]}]},{\"@type\":\"ImageObject\",\"inLanguage\":\"en-GB\",\"@id\":\"https:\/\/kinnunen.kotisivut.co\/tuote\/care-silver-savior-shampoo-viilean-savyisille-hiuksille-1000ml\/#primaryimage\",\"url\":\"https:\/\/kinnunen.kotisivut.co\/wp-content\/uploads\/2025\/09\/21561-Keune-Care-Silver-Savior-Shampoo-1000ml-small.jpg\",\"contentUrl\":\"https:\/\/kinnunen.kotisivut.co\/wp-content\/uploads\/2025\/09\/21561-Keune-Care-Silver-Savior-Shampoo-1000ml-small.jpg\",\"width\":1181,\"height\":1181},{\"@type\":\"BreadcrumbList\",\"@id\":\"https:\/\/kinnunen.kotisivut.co\/tuote\/care-silver-savior-shampoo-viilean-savyisille-hiuksille-1000ml\/#breadcrumb\",\"itemListElement\":[{\"@type\":\"ListItem\",\"position\":1,\"name\":\"Etusivu\",\"item\":\"https:\/\/kinnunen.kotisivut.co\/\"},{\"@type\":\"ListItem\",\"position\":2,\"name\":\"Kaikki tuotteet\",\"item\":\"https:\/\/kinnunen.kotisivut.co\/kauppa\/\"},{\"@type\":\"ListItem\",\"position\":3,\"name\":\"Hiuskosmetiikka\",\"item\":\"https:\/\/kinnunen.kotisivut.co\/tuote-osasto\/hiuskosmetiikka\/\"},{\"@type\":\"ListItem\",\"position\":4,\"name\":\"Care Silver Savior Shampoo -viile\u00e4n s\u00e4vyisille hiuksille, 1000ml\"}]},{\"@type\":\"WebSite\",\"@id\":\"https:\/\/kinnunen.kotisivut.co\/#website\",\"url\":\"https:\/\/kinnunen.kotisivut.co\/\",\"name\":\"Kinnunen\",\"description\":\"\",\"potentialAction\":[{\"@type\":\"SearchAction\",\"target\":{\"@type\":\"EntryPoint\",\"urlTemplate\":\"https:\/\/kinnunen.kotisivut.co\/?s={search_term_string}\"},\"query-input\":\"required name=search_term_string\"}],\"inLanguage\":\"en-GB\"}]}<\/script>\n<!-- \/ Yoast SEO plugin. -->","yoast_head_json":{"title":"Care Silver Savior Shampoo -viile\u00e4n s\u00e4vyisille hiuksille, 1000ml - Kinnunen","robots":{"index":"noindex","follow":"follow","max-snippet":"max-snippet:-1","max-image-preview":"max-image-preview:large","max-video-preview":"max-video-preview:-1"},"og_locale":"en_GB","og_type":"article","og_title":"Care Silver Savior Shampoo -viile\u00e4n s\u00e4vyisille hiuksille, 1000ml - Kinnunen","og_description":"Shampoo viile\u00e4n vaaleille, hopeanv\u00e4risille tai platinanv\u00e4risille hiuksille, jotka haluavat s\u00e4ilytt\u00e4\u00e4 viile\u00e4n hiusv\u00e4rins\u00e4 pidemp\u00e4\u00e4n samalla vahvistaen hiusta.","og_url":"https:\/\/kinnunen.kotisivut.co\/en\/product\/care-silver-savior-shampoo-viilean-savyisille-hiuksille-1000ml\/","og_site_name":"Kinnunen","article_modified_time":"2025-12-12T13:49:14+00:00","og_image":[{"width":1181,"height":1181,"url":"https:\/\/kinnunen.kotisivut.co\/wp-content\/uploads\/2025\/09\/21561-Keune-Care-Silver-Savior-Shampoo-1000ml-small.jpg","type":"image\/jpeg"}],"twitter_card":"summary_large_image","twitter_misc":{"Estimated reading time":"1 minute"},"schema":{"@context":"https:\/\/schema.org","@graph":[{"@type":"WebPage","@id":"https:\/\/kinnunen.kotisivut.co\/tuote\/care-silver-savior-shampoo-viilean-savyisille-hiuksille-1000ml\/","url":"https:\/\/kinnunen.kotisivut.co\/tuote\/care-silver-savior-shampoo-viilean-savyisille-hiuksille-1000ml\/","name":"Care Silver Savior Shampoo -viile\u00e4n s\u00e4vyisille hiuksille, 1000ml - Kinnunen","isPartOf":{"@id":"https:\/\/kinnunen.kotisivut.co\/#website"},"primaryImageOfPage":{"@id":"https:\/\/kinnunen.kotisivut.co\/tuote\/care-silver-savior-shampoo-viilean-savyisille-hiuksille-1000ml\/#primaryimage"},"image":{"@id":"https:\/\/kinnunen.kotisivut.co\/tuote\/care-silver-savior-shampoo-viilean-savyisille-hiuksille-1000ml\/#primaryimage"},"thumbnailUrl":"https:\/\/kinnunen.kotisivut.co\/wp-content\/uploads\/2025\/09\/21561-Keune-Care-Silver-Savior-Shampoo-1000ml-small.jpg","datePublished":"2025-09-26T07:54:33+00:00","dateModified":"2025-12-12T13:49:14+00:00","breadcrumb":{"@id":"https:\/\/kinnunen.kotisivut.co\/tuote\/care-silver-savior-shampoo-viilean-savyisille-hiuksille-1000ml\/#breadcrumb"},"inLanguage":"en-GB","potentialAction":[{"@type":"ReadAction","target":["https:\/\/kinnunen.kotisivut.co\/tuote\/care-silver-savior-shampoo-viilean-savyisille-hiuksille-1000ml\/"]}]},{"@type":"ImageObject","inLanguage":"en-GB","@id":"https:\/\/kinnunen.kotisivut.co\/tuote\/care-silver-savior-shampoo-viilean-savyisille-hiuksille-1000ml\/#primaryimage","url":"https:\/\/kinnunen.kotisivut.co\/wp-content\/uploads\/2025\/09\/21561-Keune-Care-Silver-Savior-Shampoo-1000ml-small.jpg","contentUrl":"https:\/\/kinnunen.kotisivut.co\/wp-content\/uploads\/2025\/09\/21561-Keune-Care-Silver-Savior-Shampoo-1000ml-small.jpg","width":1181,"height":1181},{"@type":"BreadcrumbList","@id":"https:\/\/kinnunen.kotisivut.co\/tuote\/care-silver-savior-shampoo-viilean-savyisille-hiuksille-1000ml\/#breadcrumb","itemListElement":[{"@type":"ListItem","position":1,"name":"Etusivu","item":"https:\/\/kinnunen.kotisivut.co\/"},{"@type":"ListItem","position":2,"name":"Kaikki tuotteet","item":"https:\/\/kinnunen.kotisivut.co\/kauppa\/"},{"@type":"ListItem","position":3,"name":"Hiuskosmetiikka","item":"https:\/\/kinnunen.kotisivut.co\/tuote-osasto\/hiuskosmetiikka\/"},{"@type":"ListItem","position":4,"name":"Care Silver Savior Shampoo -viile\u00e4n s\u00e4vyisille hiuksille, 1000ml"}]},{"@type":"WebSite","@id":"https:\/\/kinnunen.kotisivut.co\/#website","url":"https:\/\/kinnunen.kotisivut.co\/","name":"Kinnunen","description":"","potentialAction":[{"@type":"SearchAction","target":{"@type":"EntryPoint","urlTemplate":"https:\/\/kinnunen.kotisivut.co\/?s={search_term_string}"},"query-input":"required name=search_term_string"}],"inLanguage":"en-GB"}]}},"_links":{"self":[{"href":"https:\/\/kinnunen.kotisivut.co\/en\/wp-json\/wp\/v2\/product\/45718","targetHints":{"allow":["GET"]}}],"collection":[{"href":"https:\/\/kinnunen.kotisivut.co\/en\/wp-json\/wp\/v2\/product"}],"about":[{"href":"https:\/\/kinnunen.kotisivut.co\/en\/wp-json\/wp\/v2\/types\/product"}],"replies":[{"embeddable":true,"href":"https:\/\/kinnunen.kotisivut.co\/en\/wp-json\/wp\/v2\/comments?post=45718"}],"wp:featuredmedia":[{"embeddable":true,"href":"https:\/\/kinnunen.kotisivut.co\/en\/wp-json\/wp\/v2\/media\/45515"}],"wp:attachment":[{"href":"https:\/\/kinnunen.kotisivut.co\/en\/wp-json\/wp\/v2\/media?parent=45718"}],"wp:term":[{"taxonomy":"product_cat","embeddable":true,"href":"https:\/\/kinnunen.kotisivut.co\/en\/wp-json\/wp\/v2\/product_cat?post=45718"},{"taxonomy":"product_tag","embeddable":true,"href":"https:\/\/kinnunen.kotisivut.co\/en\/wp-json\/wp\/v2\/product_tag?post=45718"}],"curies":[{"name":"wp","href":"https:\/\/api.w.org\/{rel}","templated":true}]}}