

{"id":45592,"date":"2025-09-22T09:19:12","date_gmt":"2025-09-22T06:19:12","guid":{"rendered":"https:\/\/kinnunen.kotisivut.co\/?post_type=product&#038;p=45592"},"modified":"2025-11-19T09:54:30","modified_gmt":"2025-11-19T07:54:30","slug":"glowwa-online-koulutus","status":"publish","type":"product","link":"https:\/\/kinnunen.kotisivut.co\/en\/product\/glowwa-online-koulutus\/","title":{"rendered":"Glowwa Online Training"},"content":{"rendered":"<p data-start=\"413\" data-end=\"784\">Join the free online training and deepen your knowledge of Glowwa products! This free online training is aimed at Glowwa retailers (or those who are considering adding Glowwa products to their ranges).<br \/>\nDuring the training we will go through the effects of Glowwa, its ingredients and practical tips for selling the products and customer service. After the training, you will know how Glowwa products work, how they benefit the customer, how to present the product comprehensively and how to answer customer questions.<\/p>\n<p data-start=\"413\" data-end=\"784\">The training is delivered via Teams, so you can participate from anywhere in Finland.<\/p>\n<p data-start=\"413\" data-end=\"784\">Schedule, 9.00-11.00 a.m.<br \/>\nPlace: Microsoft Teams. You will receive a Teams meeting link in your email when you sign up for the training.<br \/>\nPrice: free of charge<\/p>\n<ul data-start=\"1047\" data-end=\"1246\"><\/ul>","protected":false},"excerpt":{"rendered":"<p>Tule mukaan veloituksettomaan online-koulutukseen ja syvenn\u00e4 osaamistasi Glowwa-tuotteista! T\u00e4m\u00e4 maksuton online-koulutus on suunnattu Glowwa j\u00e4lleenmyyjille (tai niille, jotka suunnittelevat Glowwa-tuotteiden&hellip;<\/p>","protected":false},"featured_media":44368,"comment_status":"closed","ping_status":"closed","template":"","meta":{"_relevanssi_hide_post":"","_relevanssi_pin_for_all":"","_relevanssi_pin_keywords":"","_relevanssi_unpin_keywords":"","_relevanssi_related_keywords":"","_relevanssi_related_include_ids":"","_relevanssi_related_exclude_ids":"","_relevanssi_related_no_append":"","_relevanssi_related_not_related":"","_relevanssi_related_posts":"","_relevanssi_noindex_reason":""},"product_cat":[1992],"product_tag":[],"class_list":["post-45592","product","type-product","status-publish","has-post-thumbnail","hentry","product_cat-koulutukset"],"tuotemerkit":[],"acf":[],"yoast_head":"<!-- This site is optimized with the Yoast SEO plugin v23.3 - https:\/\/yoast.com\/wordpress\/plugins\/seo\/ -->\n<title>Glowwa Online -koulutus - Kinnunen<\/title>\n<meta name=\"description\" content=\"Tule mukaan veloituksettomaan online-koulutukseen ja syvenn\u00e4 osaamistasi Glowwa-tuotteista! T\u00e4m\u00e4 maksuton online-koulutus on suunnattu Glowwa j\u00e4lleenmyyjille\" \/>\n<meta name=\"robots\" content=\"noindex, follow, max-snippet:-1, max-image-preview:large, max-video-preview:-1\" \/>\n<meta property=\"og:locale\" content=\"en_GB\" \/>\n<meta property=\"og:type\" content=\"article\" \/>\n<meta property=\"og:title\" content=\"Glowwa Online -koulutus - Kinnunen\" \/>\n<meta property=\"og:description\" content=\"Tule mukaan veloituksettomaan online-koulutukseen ja syvenn\u00e4 osaamistasi Glowwa-tuotteista! T\u00e4m\u00e4 maksuton online-koulutus on suunnattu Glowwa j\u00e4lleenmyyjille\" \/>\n<meta property=\"og:url\" content=\"https:\/\/kinnunen.kotisivut.co\/en\/product\/glowwa-online-koulutus\/\" \/>\n<meta property=\"og:site_name\" content=\"Kinnunen\" \/>\n<meta property=\"article:modified_time\" content=\"2025-11-19T07:54:30+00:00\" \/>\n<meta property=\"og:image\" content=\"https:\/\/kinnunen.kotisivut.co\/wp-content\/uploads\/2025\/05\/glowwa-hair-food-visual.jpg\" \/>\n\t<meta property=\"og:image:width\" content=\"1200\" \/>\n\t<meta property=\"og:image:height\" content=\"1200\" \/>\n\t<meta property=\"og:image:type\" content=\"image\/jpeg\" \/>\n<meta name=\"twitter:card\" content=\"summary_large_image\" \/>\n<script type=\"application\/ld+json\" class=\"yoast-schema-graph\">{\"@context\":\"https:\/\/schema.org\",\"@graph\":[{\"@type\":\"WebPage\",\"@id\":\"https:\/\/kinnunen.kotisivut.co\/tuote\/glowwa-online-koulutus\/\",\"url\":\"https:\/\/kinnunen.kotisivut.co\/tuote\/glowwa-online-koulutus\/\",\"name\":\"Glowwa Online -koulutus - Kinnunen\",\"isPartOf\":{\"@id\":\"https:\/\/kinnunen.kotisivut.co\/#website\"},\"primaryImageOfPage\":{\"@id\":\"https:\/\/kinnunen.kotisivut.co\/tuote\/glowwa-online-koulutus\/#primaryimage\"},\"image\":{\"@id\":\"https:\/\/kinnunen.kotisivut.co\/tuote\/glowwa-online-koulutus\/#primaryimage\"},\"thumbnailUrl\":\"https:\/\/kinnunen.kotisivut.co\/wp-content\/uploads\/2025\/05\/glowwa-hair-food-visual.jpg\",\"datePublished\":\"2025-09-22T06:19:12+00:00\",\"dateModified\":\"2025-11-19T07:54:30+00:00\",\"description\":\"Tule mukaan veloituksettomaan online-koulutukseen ja syvenn\u00e4 osaamistasi Glowwa-tuotteista! T\u00e4m\u00e4 maksuton online-koulutus on suunnattu Glowwa j\u00e4lleenmyyjille\",\"breadcrumb\":{\"@id\":\"https:\/\/kinnunen.kotisivut.co\/tuote\/glowwa-online-koulutus\/#breadcrumb\"},\"inLanguage\":\"en-GB\",\"potentialAction\":[{\"@type\":\"ReadAction\",\"target\":[\"https:\/\/kinnunen.kotisivut.co\/tuote\/glowwa-online-koulutus\/\"]}]},{\"@type\":\"ImageObject\",\"inLanguage\":\"en-GB\",\"@id\":\"https:\/\/kinnunen.kotisivut.co\/tuote\/glowwa-online-koulutus\/#primaryimage\",\"url\":\"https:\/\/kinnunen.kotisivut.co\/wp-content\/uploads\/2025\/05\/glowwa-hair-food-visual.jpg\",\"contentUrl\":\"https:\/\/kinnunen.kotisivut.co\/wp-content\/uploads\/2025\/05\/glowwa-hair-food-visual.jpg\",\"width\":1200,\"height\":1200,\"caption\":\"visuaalinen kuva glowwa tuotteista.\"},{\"@type\":\"BreadcrumbList\",\"@id\":\"https:\/\/kinnunen.kotisivut.co\/tuote\/glowwa-online-koulutus\/#breadcrumb\",\"itemListElement\":[{\"@type\":\"ListItem\",\"position\":1,\"name\":\"Etusivu\",\"item\":\"https:\/\/kinnunen.kotisivut.co\/\"},{\"@type\":\"ListItem\",\"position\":2,\"name\":\"Kaikki tuotteet\",\"item\":\"https:\/\/kinnunen.kotisivut.co\/kauppa\/\"},{\"@type\":\"ListItem\",\"position\":3,\"name\":\"Koulutukset\",\"item\":\"https:\/\/kinnunen.kotisivut.co\/tuote-osasto\/koulutukset\/\"},{\"@type\":\"ListItem\",\"position\":4,\"name\":\"Glowwa Online -koulutus\"}]},{\"@type\":\"WebSite\",\"@id\":\"https:\/\/kinnunen.kotisivut.co\/#website\",\"url\":\"https:\/\/kinnunen.kotisivut.co\/\",\"name\":\"Kinnunen\",\"description\":\"\",\"potentialAction\":[{\"@type\":\"SearchAction\",\"target\":{\"@type\":\"EntryPoint\",\"urlTemplate\":\"https:\/\/kinnunen.kotisivut.co\/?s={search_term_string}\"},\"query-input\":\"required name=search_term_string\"}],\"inLanguage\":\"en-GB\"}]}<\/script>\n<!-- \/ Yoast SEO plugin. -->","yoast_head_json":{"title":"Glowwa Online -koulutus - Kinnunen","description":"Tule mukaan veloituksettomaan online-koulutukseen ja syvenn\u00e4 osaamistasi Glowwa-tuotteista! T\u00e4m\u00e4 maksuton online-koulutus on suunnattu Glowwa j\u00e4lleenmyyjille","robots":{"index":"noindex","follow":"follow","max-snippet":"max-snippet:-1","max-image-preview":"max-image-preview:large","max-video-preview":"max-video-preview:-1"},"og_locale":"en_GB","og_type":"article","og_title":"Glowwa Online -koulutus - Kinnunen","og_description":"Tule mukaan veloituksettomaan online-koulutukseen ja syvenn\u00e4 osaamistasi Glowwa-tuotteista! T\u00e4m\u00e4 maksuton online-koulutus on suunnattu Glowwa j\u00e4lleenmyyjille","og_url":"https:\/\/kinnunen.kotisivut.co\/en\/product\/glowwa-online-koulutus\/","og_site_name":"Kinnunen","article_modified_time":"2025-11-19T07:54:30+00:00","og_image":[{"width":1200,"height":1200,"url":"https:\/\/kinnunen.kotisivut.co\/wp-content\/uploads\/2025\/05\/glowwa-hair-food-visual.jpg","type":"image\/jpeg"}],"twitter_card":"summary_large_image","schema":{"@context":"https:\/\/schema.org","@graph":[{"@type":"WebPage","@id":"https:\/\/kinnunen.kotisivut.co\/tuote\/glowwa-online-koulutus\/","url":"https:\/\/kinnunen.kotisivut.co\/tuote\/glowwa-online-koulutus\/","name":"Glowwa Online -koulutus - Kinnunen","isPartOf":{"@id":"https:\/\/kinnunen.kotisivut.co\/#website"},"primaryImageOfPage":{"@id":"https:\/\/kinnunen.kotisivut.co\/tuote\/glowwa-online-koulutus\/#primaryimage"},"image":{"@id":"https:\/\/kinnunen.kotisivut.co\/tuote\/glowwa-online-koulutus\/#primaryimage"},"thumbnailUrl":"https:\/\/kinnunen.kotisivut.co\/wp-content\/uploads\/2025\/05\/glowwa-hair-food-visual.jpg","datePublished":"2025-09-22T06:19:12+00:00","dateModified":"2025-11-19T07:54:30+00:00","description":"Tule mukaan veloituksettomaan online-koulutukseen ja syvenn\u00e4 osaamistasi Glowwa-tuotteista! T\u00e4m\u00e4 maksuton online-koulutus on suunnattu Glowwa j\u00e4lleenmyyjille","breadcrumb":{"@id":"https:\/\/kinnunen.kotisivut.co\/tuote\/glowwa-online-koulutus\/#breadcrumb"},"inLanguage":"en-GB","potentialAction":[{"@type":"ReadAction","target":["https:\/\/kinnunen.kotisivut.co\/tuote\/glowwa-online-koulutus\/"]}]},{"@type":"ImageObject","inLanguage":"en-GB","@id":"https:\/\/kinnunen.kotisivut.co\/tuote\/glowwa-online-koulutus\/#primaryimage","url":"https:\/\/kinnunen.kotisivut.co\/wp-content\/uploads\/2025\/05\/glowwa-hair-food-visual.jpg","contentUrl":"https:\/\/kinnunen.kotisivut.co\/wp-content\/uploads\/2025\/05\/glowwa-hair-food-visual.jpg","width":1200,"height":1200,"caption":"visuaalinen kuva glowwa tuotteista."},{"@type":"BreadcrumbList","@id":"https:\/\/kinnunen.kotisivut.co\/tuote\/glowwa-online-koulutus\/#breadcrumb","itemListElement":[{"@type":"ListItem","position":1,"name":"Etusivu","item":"https:\/\/kinnunen.kotisivut.co\/"},{"@type":"ListItem","position":2,"name":"Kaikki tuotteet","item":"https:\/\/kinnunen.kotisivut.co\/kauppa\/"},{"@type":"ListItem","position":3,"name":"Koulutukset","item":"https:\/\/kinnunen.kotisivut.co\/tuote-osasto\/koulutukset\/"},{"@type":"ListItem","position":4,"name":"Glowwa Online -koulutus"}]},{"@type":"WebSite","@id":"https:\/\/kinnunen.kotisivut.co\/#website","url":"https:\/\/kinnunen.kotisivut.co\/","name":"Kinnunen","description":"","potentialAction":[{"@type":"SearchAction","target":{"@type":"EntryPoint","urlTemplate":"https:\/\/kinnunen.kotisivut.co\/?s={search_term_string}"},"query-input":"required name=search_term_string"}],"inLanguage":"en-GB"}]}},"_links":{"self":[{"href":"https:\/\/kinnunen.kotisivut.co\/en\/wp-json\/wp\/v2\/product\/45592","targetHints":{"allow":["GET"]}}],"collection":[{"href":"https:\/\/kinnunen.kotisivut.co\/en\/wp-json\/wp\/v2\/product"}],"about":[{"href":"https:\/\/kinnunen.kotisivut.co\/en\/wp-json\/wp\/v2\/types\/product"}],"replies":[{"embeddable":true,"href":"https:\/\/kinnunen.kotisivut.co\/en\/wp-json\/wp\/v2\/comments?post=45592"}],"wp:featuredmedia":[{"embeddable":true,"href":"https:\/\/kinnunen.kotisivut.co\/en\/wp-json\/wp\/v2\/media\/44368"}],"wp:attachment":[{"href":"https:\/\/kinnunen.kotisivut.co\/en\/wp-json\/wp\/v2\/media?parent=45592"}],"wp:term":[{"taxonomy":"product_cat","embeddable":true,"href":"https:\/\/kinnunen.kotisivut.co\/en\/wp-json\/wp\/v2\/product_cat?post=45592"},{"taxonomy":"product_tag","embeddable":true,"href":"https:\/\/kinnunen.kotisivut.co\/en\/wp-json\/wp\/v2\/product_tag?post=45592"}],"curies":[{"name":"wp","href":"https:\/\/api.w.org\/{rel}","templated":true}]}}