

{"id":45560,"date":"2025-09-17T15:55:12","date_gmt":"2025-09-17T12:55:12","guid":{"rendered":"https:\/\/kinnunen.kotisivut.co\/?post_type=product&#038;p=45560"},"modified":"2025-12-29T00:03:11","modified_gmt":"2025-12-28T22:03:11","slug":"babylisspro-drying-wand","status":"publish","type":"product","link":"https:\/\/kinnunen.kotisivut.co\/en\/product\/babylisspro-drying-wand\/","title":{"rendered":"BaBylissPro Drying Wand"},"content":{"rendered":"<p data-start=\"576\" data-end=\"909\">The BaBylissPRO Drying Wand is the first ever hairdryer specifically designed to be an extension of the hairdresser's hand. Patented air technology, a high-speed digital motor and an ergonomic wand-like design make it the perfect tool for the hair professional who values speed, control and comfort.<\/p>\n<p data-start=\"911\" data-end=\"1189\"><strong data-start=\"911\" data-end=\"946\">Efficiency without compromise<\/strong><br data-start=\"946\" data-end=\"949\" \/>The Drying Wand's 1600 W digital motor delivers a blowing speed of up to 181 km\/h (airflow: 56.3 m\u00b3\/h), which dries hair quickly and precisely. Patented air control streamlines the airflow for maximum efficiency and control.<\/p>\n<p data-start=\"1191\" data-end=\"1227\"><strong data-start=\"1191\" data-end=\"1225\">Complete design control<\/strong><\/p>\n<ul data-start=\"1228\" data-end=\"1466\">\n<li data-start=\"1228\" data-end=\"1307\">\n<p data-start=\"1230\" data-end=\"1307\">3 speed settings (50 000-95 000 rpm) and 3 temperatures (79 \u00b0C, 95 \u00b0C, 114 \u00b0C)<\/p>\n<\/li>\n<li data-start=\"1308\" data-end=\"1352\">\n<p data-start=\"1310\" data-end=\"1352\">Lockable cold air button for finishing<\/p>\n<\/li>\n<li data-start=\"1353\" data-end=\"1410\">\n<p data-start=\"1355\" data-end=\"1410\">Ion technology reduces frizz and increases shine<\/p>\n<\/li>\n<li data-start=\"1411\" data-end=\"1466\">\n<p data-start=\"1413\" data-end=\"1466\">Intelligent memory function retains last settings<\/p>\n<\/li>\n<\/ul>\n<p data-start=\"1468\" data-end=\"1514\"><strong data-start=\"1468\" data-end=\"1512\">Versatile accessories for all styles<\/strong><\/p>\n<ul data-start=\"1515\" data-end=\"1757\">\n<li data-start=\"1515\" data-end=\"1569\">\n<p data-start=\"1517\" data-end=\"1569\">Central nozzle for general drying and styling<\/p>\n<\/li>\n<li data-start=\"1515\" data-end=\"1569\">\n<p data-start=\"1517\" data-end=\"1569\">Ultra thin medium nozzle for long and thick hair<\/p>\n<\/li>\n<li data-start=\"1635\" data-end=\"1698\">\n<p data-start=\"1637\" data-end=\"1698\">Comb-shaped nozzle for managing curly and wavy hair<\/p>\n<\/li>\n<li data-start=\"1699\" data-end=\"1757\">\n<p data-start=\"1701\" data-end=\"1757\">Diffuser that highlights curls without frizz<\/p>\n<\/li>\n<\/ul>\n<p data-start=\"1759\" data-end=\"2165\"><strong data-start=\"1759\" data-end=\"1808\">Lightweight, durable and designed for the professional<\/strong><br data-start=\"1808\" data-end=\"1811\" \/>Weighing only 400g and with a balanced, rod-like shape, it reduces the risk of strain injuries and is perfect for all-day use. The long-life digital motor lasts up to 5 000 hours and the 2.8m rotating cord gives you the freedom to work. A magnetic removable filter and cleaning reminder ensure easy maintenance and long life.<\/p>\n<p data-start=\"2167\" data-end=\"2343\"><strong data-start=\"2167\" data-end=\"2202\">A practical storage solution<\/strong><br data-start=\"2202\" data-end=\"2205\" \/>The Drying Wand comes in a stylish premium packaging and includes a stand to keep all the accessories neatly organised.<\/p>","protected":false},"excerpt":{"rendered":"<p>The BaBylissPRO Drying Wand takes hair drying to a new level. Designed for professionals, it combines a 1600W digital motor, patented air technology and an ergonomic wand-like design.<\/p>","protected":false},"featured_media":45566,"comment_status":"open","ping_status":"closed","template":"","meta":{"_relevanssi_hide_post":"","_relevanssi_pin_for_all":"","_relevanssi_pin_keywords":"","_relevanssi_unpin_keywords":"","_relevanssi_related_keywords":"","_relevanssi_related_include_ids":"","_relevanssi_related_exclude_ids":"","_relevanssi_related_no_append":"","_relevanssi_related_not_related":"","_relevanssi_related_posts":"","_relevanssi_noindex_reason":""},"product_cat":[1774,1778],"product_tag":[],"class_list":["post-45560","product","type-product","status-publish","has-post-thumbnail","hentry","product_cat-koneet-ja-laitteet","product_cat-foonit","tuotemerkki-babylisspro"],"tuotemerkit":[{"term_id":161,"name":"BabylissPro","slug":"babylisspro","term_group":0,"term_taxonomy_id":161,"taxonomy":"tuotemerkki","description":"","parent":0,"count":12,"filter":"raw"}],"acf":[],"yoast_head":"<!-- This site is optimized with the Yoast SEO plugin v23.3 - https:\/\/yoast.com\/wordpress\/plugins\/seo\/ -->\n<title>BaBylissPRO Drying Wand \u2013 ammattilaisf\u00f6\u00f6ni kampaajille | - Kinnunen<\/title>\n<meta name=\"description\" content=\"BaBylissPRO Drying Wand \u2013 kevyt ja ergonominen f\u00f6\u00f6ni ammattilaisille, joka tarjoaa nopean kuivauksen, tarkan hallinnan ja sile\u00e4t, kiilt\u00e4v\u00e4t lopputulokset.\" \/>\n<meta name=\"robots\" content=\"noindex, follow, max-snippet:-1, max-image-preview:large, max-video-preview:-1\" \/>\n<meta property=\"og:locale\" content=\"en_GB\" \/>\n<meta property=\"og:type\" content=\"article\" \/>\n<meta property=\"og:title\" content=\"BaBylissPRO Drying Wand \u2013 ammattilaisf\u00f6\u00f6ni kampaajille | - Kinnunen\" \/>\n<meta property=\"og:description\" content=\"BaBylissPRO Drying Wand \u2013 kevyt ja ergonominen f\u00f6\u00f6ni ammattilaisille, joka tarjoaa nopean kuivauksen, tarkan hallinnan ja sile\u00e4t, kiilt\u00e4v\u00e4t lopputulokset.\" \/>\n<meta property=\"og:url\" content=\"https:\/\/kinnunen.kotisivut.co\/en\/product\/babylisspro-drying-wand\/\" \/>\n<meta property=\"og:site_name\" content=\"Kinnunen\" \/>\n<meta property=\"article:modified_time\" content=\"2025-12-28T22:03:11+00:00\" \/>\n<meta property=\"og:image\" content=\"https:\/\/kinnunen.kotisivut.co\/wp-content\/uploads\/2025\/09\/BaBylissPRO-Drying-Wand-BAB6680E-6.jpg\" \/>\n\t<meta property=\"og:image:width\" content=\"875\" \/>\n\t<meta property=\"og:image:height\" content=\"875\" \/>\n\t<meta property=\"og:image:type\" content=\"image\/jpeg\" \/>\n<meta name=\"twitter:card\" content=\"summary_large_image\" \/>\n<meta name=\"twitter:label1\" content=\"Estimated reading time\" \/>\n\t<meta name=\"twitter:data1\" content=\"1 minute\" \/>\n<script type=\"application\/ld+json\" class=\"yoast-schema-graph\">{\"@context\":\"https:\/\/schema.org\",\"@graph\":[{\"@type\":\"WebPage\",\"@id\":\"https:\/\/kinnunen.kotisivut.co\/tuote\/babylisspro-drying-wand\/\",\"url\":\"https:\/\/kinnunen.kotisivut.co\/tuote\/babylisspro-drying-wand\/\",\"name\":\"BaBylissPRO Drying Wand \u2013 ammattilaisf\u00f6\u00f6ni kampaajille | - Kinnunen\",\"isPartOf\":{\"@id\":\"https:\/\/kinnunen.kotisivut.co\/#website\"},\"primaryImageOfPage\":{\"@id\":\"https:\/\/kinnunen.kotisivut.co\/tuote\/babylisspro-drying-wand\/#primaryimage\"},\"image\":{\"@id\":\"https:\/\/kinnunen.kotisivut.co\/tuote\/babylisspro-drying-wand\/#primaryimage\"},\"thumbnailUrl\":\"https:\/\/kinnunen.kotisivut.co\/wp-content\/uploads\/2025\/09\/BaBylissPRO-Drying-Wand-BAB6680E-6.jpg\",\"datePublished\":\"2025-09-17T12:55:12+00:00\",\"dateModified\":\"2025-12-28T22:03:11+00:00\",\"description\":\"BaBylissPRO Drying Wand \u2013 kevyt ja ergonominen f\u00f6\u00f6ni ammattilaisille, joka tarjoaa nopean kuivauksen, tarkan hallinnan ja sile\u00e4t, kiilt\u00e4v\u00e4t lopputulokset.\",\"breadcrumb\":{\"@id\":\"https:\/\/kinnunen.kotisivut.co\/tuote\/babylisspro-drying-wand\/#breadcrumb\"},\"inLanguage\":\"en-GB\",\"potentialAction\":[{\"@type\":\"ReadAction\",\"target\":[\"https:\/\/kinnunen.kotisivut.co\/tuote\/babylisspro-drying-wand\/\"]}]},{\"@type\":\"ImageObject\",\"inLanguage\":\"en-GB\",\"@id\":\"https:\/\/kinnunen.kotisivut.co\/tuote\/babylisspro-drying-wand\/#primaryimage\",\"url\":\"https:\/\/kinnunen.kotisivut.co\/wp-content\/uploads\/2025\/09\/BaBylissPRO-Drying-Wand-BAB6680E-6.jpg\",\"contentUrl\":\"https:\/\/kinnunen.kotisivut.co\/wp-content\/uploads\/2025\/09\/BaBylissPRO-Drying-Wand-BAB6680E-6.jpg\",\"width\":875,\"height\":875},{\"@type\":\"BreadcrumbList\",\"@id\":\"https:\/\/kinnunen.kotisivut.co\/tuote\/babylisspro-drying-wand\/#breadcrumb\",\"itemListElement\":[{\"@type\":\"ListItem\",\"position\":1,\"name\":\"Etusivu\",\"item\":\"https:\/\/kinnunen.kotisivut.co\/\"},{\"@type\":\"ListItem\",\"position\":2,\"name\":\"Kaikki tuotteet\",\"item\":\"https:\/\/kinnunen.kotisivut.co\/kauppa\/\"},{\"@type\":\"ListItem\",\"position\":3,\"name\":\"Koneet ja s\u00e4hk\u00f6laitteet\",\"item\":\"https:\/\/kinnunen.kotisivut.co\/tuote-osasto\/koneet-ja-laitteet\/\"},{\"@type\":\"ListItem\",\"position\":4,\"name\":\"BaBylissPro Drying Wand\"}]},{\"@type\":\"WebSite\",\"@id\":\"https:\/\/kinnunen.kotisivut.co\/#website\",\"url\":\"https:\/\/kinnunen.kotisivut.co\/\",\"name\":\"Kinnunen\",\"description\":\"\",\"potentialAction\":[{\"@type\":\"SearchAction\",\"target\":{\"@type\":\"EntryPoint\",\"urlTemplate\":\"https:\/\/kinnunen.kotisivut.co\/?s={search_term_string}\"},\"query-input\":\"required name=search_term_string\"}],\"inLanguage\":\"en-GB\"}]}<\/script>\n<!-- \/ Yoast SEO plugin. -->","yoast_head_json":{"title":"BaBylissPRO Drying Wand \u2013 ammattilaisf\u00f6\u00f6ni kampaajille | - Kinnunen","description":"BaBylissPRO Drying Wand \u2013 kevyt ja ergonominen f\u00f6\u00f6ni ammattilaisille, joka tarjoaa nopean kuivauksen, tarkan hallinnan ja sile\u00e4t, kiilt\u00e4v\u00e4t lopputulokset.","robots":{"index":"noindex","follow":"follow","max-snippet":"max-snippet:-1","max-image-preview":"max-image-preview:large","max-video-preview":"max-video-preview:-1"},"og_locale":"en_GB","og_type":"article","og_title":"BaBylissPRO Drying Wand \u2013 ammattilaisf\u00f6\u00f6ni kampaajille | - Kinnunen","og_description":"BaBylissPRO Drying Wand \u2013 kevyt ja ergonominen f\u00f6\u00f6ni ammattilaisille, joka tarjoaa nopean kuivauksen, tarkan hallinnan ja sile\u00e4t, kiilt\u00e4v\u00e4t lopputulokset.","og_url":"https:\/\/kinnunen.kotisivut.co\/en\/product\/babylisspro-drying-wand\/","og_site_name":"Kinnunen","article_modified_time":"2025-12-28T22:03:11+00:00","og_image":[{"width":875,"height":875,"url":"https:\/\/kinnunen.kotisivut.co\/wp-content\/uploads\/2025\/09\/BaBylissPRO-Drying-Wand-BAB6680E-6.jpg","type":"image\/jpeg"}],"twitter_card":"summary_large_image","twitter_misc":{"Estimated reading time":"1 minute"},"schema":{"@context":"https:\/\/schema.org","@graph":[{"@type":"WebPage","@id":"https:\/\/kinnunen.kotisivut.co\/tuote\/babylisspro-drying-wand\/","url":"https:\/\/kinnunen.kotisivut.co\/tuote\/babylisspro-drying-wand\/","name":"BaBylissPRO Drying Wand \u2013 ammattilaisf\u00f6\u00f6ni kampaajille | - Kinnunen","isPartOf":{"@id":"https:\/\/kinnunen.kotisivut.co\/#website"},"primaryImageOfPage":{"@id":"https:\/\/kinnunen.kotisivut.co\/tuote\/babylisspro-drying-wand\/#primaryimage"},"image":{"@id":"https:\/\/kinnunen.kotisivut.co\/tuote\/babylisspro-drying-wand\/#primaryimage"},"thumbnailUrl":"https:\/\/kinnunen.kotisivut.co\/wp-content\/uploads\/2025\/09\/BaBylissPRO-Drying-Wand-BAB6680E-6.jpg","datePublished":"2025-09-17T12:55:12+00:00","dateModified":"2025-12-28T22:03:11+00:00","description":"BaBylissPRO Drying Wand \u2013 kevyt ja ergonominen f\u00f6\u00f6ni ammattilaisille, joka tarjoaa nopean kuivauksen, tarkan hallinnan ja sile\u00e4t, kiilt\u00e4v\u00e4t lopputulokset.","breadcrumb":{"@id":"https:\/\/kinnunen.kotisivut.co\/tuote\/babylisspro-drying-wand\/#breadcrumb"},"inLanguage":"en-GB","potentialAction":[{"@type":"ReadAction","target":["https:\/\/kinnunen.kotisivut.co\/tuote\/babylisspro-drying-wand\/"]}]},{"@type":"ImageObject","inLanguage":"en-GB","@id":"https:\/\/kinnunen.kotisivut.co\/tuote\/babylisspro-drying-wand\/#primaryimage","url":"https:\/\/kinnunen.kotisivut.co\/wp-content\/uploads\/2025\/09\/BaBylissPRO-Drying-Wand-BAB6680E-6.jpg","contentUrl":"https:\/\/kinnunen.kotisivut.co\/wp-content\/uploads\/2025\/09\/BaBylissPRO-Drying-Wand-BAB6680E-6.jpg","width":875,"height":875},{"@type":"BreadcrumbList","@id":"https:\/\/kinnunen.kotisivut.co\/tuote\/babylisspro-drying-wand\/#breadcrumb","itemListElement":[{"@type":"ListItem","position":1,"name":"Etusivu","item":"https:\/\/kinnunen.kotisivut.co\/"},{"@type":"ListItem","position":2,"name":"Kaikki tuotteet","item":"https:\/\/kinnunen.kotisivut.co\/kauppa\/"},{"@type":"ListItem","position":3,"name":"Koneet ja s\u00e4hk\u00f6laitteet","item":"https:\/\/kinnunen.kotisivut.co\/tuote-osasto\/koneet-ja-laitteet\/"},{"@type":"ListItem","position":4,"name":"BaBylissPro Drying Wand"}]},{"@type":"WebSite","@id":"https:\/\/kinnunen.kotisivut.co\/#website","url":"https:\/\/kinnunen.kotisivut.co\/","name":"Kinnunen","description":"","potentialAction":[{"@type":"SearchAction","target":{"@type":"EntryPoint","urlTemplate":"https:\/\/kinnunen.kotisivut.co\/?s={search_term_string}"},"query-input":"required name=search_term_string"}],"inLanguage":"en-GB"}]}},"_links":{"self":[{"href":"https:\/\/kinnunen.kotisivut.co\/en\/wp-json\/wp\/v2\/product\/45560","targetHints":{"allow":["GET"]}}],"collection":[{"href":"https:\/\/kinnunen.kotisivut.co\/en\/wp-json\/wp\/v2\/product"}],"about":[{"href":"https:\/\/kinnunen.kotisivut.co\/en\/wp-json\/wp\/v2\/types\/product"}],"replies":[{"embeddable":true,"href":"https:\/\/kinnunen.kotisivut.co\/en\/wp-json\/wp\/v2\/comments?post=45560"}],"wp:featuredmedia":[{"embeddable":true,"href":"https:\/\/kinnunen.kotisivut.co\/en\/wp-json\/wp\/v2\/media\/45566"}],"wp:attachment":[{"href":"https:\/\/kinnunen.kotisivut.co\/en\/wp-json\/wp\/v2\/media?parent=45560"}],"wp:term":[{"taxonomy":"product_cat","embeddable":true,"href":"https:\/\/kinnunen.kotisivut.co\/en\/wp-json\/wp\/v2\/product_cat?post=45560"},{"taxonomy":"product_tag","embeddable":true,"href":"https:\/\/kinnunen.kotisivut.co\/en\/wp-json\/wp\/v2\/product_tag?post=45560"}],"curies":[{"name":"wp","href":"https:\/\/api.w.org\/{rel}","templated":true}]}}