

{"id":45459,"date":"2025-09-17T12:49:27","date_gmt":"2025-09-17T09:49:27","guid":{"rendered":"https:\/\/kinnunen.kotisivut.co\/?post_type=product&#038;p=45459"},"modified":"2025-12-12T16:03:55","modified_gmt":"2025-12-12T14:03:55","slug":"care-scalp-sensitive-serum-rauhoittava-seerumi-50ml","status":"publish","type":"product","link":"https:\/\/kinnunen.kotisivut.co\/en\/product\/care-scalp-sensitive-serum-rauhoittava-seerumi-50ml\/","title":{"rendered":"Care Scalp Sensitive Serum - soothing serum, 50ml"},"content":{"rendered":"<p>Fragrance-free and made without harmful ingredients, the serum provides immediate relief from scalp irritation and itching, as well as long-lasting comfort. Helps to strengthen the scalp's natural protective layer and support scalp health.<\/p>\n<p>Can also be used before technical treatments to protect the scalp and after technical treatments to soothe and soften the scalp.<\/p>","protected":false},"excerpt":{"rendered":"<p>Soothing Serum soothes and protects the scalp, with a lightweight, fast-absorbing formula designed to calm irritation, reduce redness and restore balance to even the most delicate scalp.<\/p>","protected":false},"featured_media":45521,"comment_status":"open","ping_status":"closed","template":"","meta":{"_relevanssi_hide_post":"","_relevanssi_pin_for_all":"","_relevanssi_pin_keywords":"","_relevanssi_unpin_keywords":"","_relevanssi_related_keywords":"","_relevanssi_related_include_ids":"","_relevanssi_related_exclude_ids":"","_relevanssi_related_no_append":"","_relevanssi_related_not_related":"","_relevanssi_related_posts":"","_relevanssi_noindex_reason":""},"product_cat":[1727,1730,1731],"product_tag":[],"class_list":["post-45459","product","type-product","status-publish","has-post-thumbnail","hentry","product_cat-hiuskosmetiikka","product_cat-muut-hoitotuotteet-oljyt-ja-hiuspohjan-hoito","product_cat-keune-care-muut-hoitotuotteet-oljyt-ja-hiuspohjan-hoito","tuotemerkki-keune-care","tuotemerkki-keune-haircosmetics"],"tuotemerkit":[{"term_id":26,"name":"Keune Care","slug":"keune-care","term_group":0,"term_taxonomy_id":26,"taxonomy":"tuotemerkki","description":"","parent":25,"count":150,"filter":"raw"},{"term_id":25,"name":"Keune Haircosmetics","slug":"keune-haircosmetics","term_group":0,"term_taxonomy_id":25,"taxonomy":"tuotemerkki","description":"","parent":0,"count":293,"filter":"raw"}],"acf":[],"yoast_head":"<!-- This site is optimized with the Yoast SEO plugin v23.3 - https:\/\/yoast.com\/wordpress\/plugins\/seo\/ -->\n<title>Care Scalp Sensitive Serum -rauhoittava seerumi, 50ml - Kinnunen<\/title>\n<meta name=\"robots\" content=\"noindex, follow, max-snippet:-1, max-image-preview:large, max-video-preview:-1\" \/>\n<meta property=\"og:locale\" content=\"en_GB\" \/>\n<meta property=\"og:type\" content=\"article\" \/>\n<meta property=\"og:title\" content=\"Care Scalp Sensitive Serum -rauhoittava seerumi, 50ml - Kinnunen\" \/>\n<meta property=\"og:description\" content=\"Soothing Serum rauhoittaa ja suojaa hiuspohjaa, kevyell\u00e4 ja nopeasti imeytyv\u00e4ll\u00e4 koostumuksella, joka on suunniteltu rauhoittamaan \u00e4rsytyst\u00e4, v\u00e4hent\u00e4m\u00e4\u00e4n punoitusta ja palauttamaan tasapainon jopa herkimm\u00e4lle hiuspohjalle.\" \/>\n<meta property=\"og:url\" content=\"https:\/\/kinnunen.kotisivut.co\/en\/product\/care-scalp-sensitive-serum-rauhoittava-seerumi-50ml\/\" \/>\n<meta property=\"og:site_name\" content=\"Kinnunen\" \/>\n<meta property=\"article:modified_time\" content=\"2025-12-12T14:03:55+00:00\" \/>\n<meta property=\"og:image\" content=\"https:\/\/kinnunen.kotisivut.co\/wp-content\/uploads\/2025\/09\/21570-Keune-Care-Scalp-Sensitive-Serum-50ml.jpeg\" \/>\n\t<meta property=\"og:image:width\" content=\"1200\" \/>\n\t<meta property=\"og:image:height\" content=\"1200\" \/>\n\t<meta property=\"og:image:type\" content=\"image\/jpeg\" \/>\n<meta name=\"twitter:card\" content=\"summary_large_image\" \/>\n<script type=\"application\/ld+json\" class=\"yoast-schema-graph\">{\"@context\":\"https:\/\/schema.org\",\"@graph\":[{\"@type\":\"WebPage\",\"@id\":\"https:\/\/kinnunen.kotisivut.co\/tuote\/care-scalp-sensitive-serum-rauhoittava-seerumi-50ml\/\",\"url\":\"https:\/\/kinnunen.kotisivut.co\/tuote\/care-scalp-sensitive-serum-rauhoittava-seerumi-50ml\/\",\"name\":\"Care Scalp Sensitive Serum -rauhoittava seerumi, 50ml - Kinnunen\",\"isPartOf\":{\"@id\":\"https:\/\/kinnunen.kotisivut.co\/#website\"},\"primaryImageOfPage\":{\"@id\":\"https:\/\/kinnunen.kotisivut.co\/tuote\/care-scalp-sensitive-serum-rauhoittava-seerumi-50ml\/#primaryimage\"},\"image\":{\"@id\":\"https:\/\/kinnunen.kotisivut.co\/tuote\/care-scalp-sensitive-serum-rauhoittava-seerumi-50ml\/#primaryimage\"},\"thumbnailUrl\":\"https:\/\/kinnunen.kotisivut.co\/wp-content\/uploads\/2025\/09\/21570-Keune-Care-Scalp-Sensitive-Serum-50ml.jpeg\",\"datePublished\":\"2025-09-17T09:49:27+00:00\",\"dateModified\":\"2025-12-12T14:03:55+00:00\",\"breadcrumb\":{\"@id\":\"https:\/\/kinnunen.kotisivut.co\/tuote\/care-scalp-sensitive-serum-rauhoittava-seerumi-50ml\/#breadcrumb\"},\"inLanguage\":\"en-GB\",\"potentialAction\":[{\"@type\":\"ReadAction\",\"target\":[\"https:\/\/kinnunen.kotisivut.co\/tuote\/care-scalp-sensitive-serum-rauhoittava-seerumi-50ml\/\"]}]},{\"@type\":\"ImageObject\",\"inLanguage\":\"en-GB\",\"@id\":\"https:\/\/kinnunen.kotisivut.co\/tuote\/care-scalp-sensitive-serum-rauhoittava-seerumi-50ml\/#primaryimage\",\"url\":\"https:\/\/kinnunen.kotisivut.co\/wp-content\/uploads\/2025\/09\/21570-Keune-Care-Scalp-Sensitive-Serum-50ml.jpeg\",\"contentUrl\":\"https:\/\/kinnunen.kotisivut.co\/wp-content\/uploads\/2025\/09\/21570-Keune-Care-Scalp-Sensitive-Serum-50ml.jpeg\",\"width\":1200,\"height\":1200},{\"@type\":\"BreadcrumbList\",\"@id\":\"https:\/\/kinnunen.kotisivut.co\/tuote\/care-scalp-sensitive-serum-rauhoittava-seerumi-50ml\/#breadcrumb\",\"itemListElement\":[{\"@type\":\"ListItem\",\"position\":1,\"name\":\"Etusivu\",\"item\":\"https:\/\/kinnunen.kotisivut.co\/\"},{\"@type\":\"ListItem\",\"position\":2,\"name\":\"Kaikki tuotteet\",\"item\":\"https:\/\/kinnunen.kotisivut.co\/kauppa\/\"},{\"@type\":\"ListItem\",\"position\":3,\"name\":\"Hiuskosmetiikka\",\"item\":\"https:\/\/kinnunen.kotisivut.co\/tuote-osasto\/hiuskosmetiikka\/\"},{\"@type\":\"ListItem\",\"position\":4,\"name\":\"Care Scalp Sensitive Serum -rauhoittava seerumi, 50ml\"}]},{\"@type\":\"WebSite\",\"@id\":\"https:\/\/kinnunen.kotisivut.co\/#website\",\"url\":\"https:\/\/kinnunen.kotisivut.co\/\",\"name\":\"Kinnunen\",\"description\":\"\",\"potentialAction\":[{\"@type\":\"SearchAction\",\"target\":{\"@type\":\"EntryPoint\",\"urlTemplate\":\"https:\/\/kinnunen.kotisivut.co\/?s={search_term_string}\"},\"query-input\":\"required name=search_term_string\"}],\"inLanguage\":\"en-GB\"}]}<\/script>\n<!-- \/ Yoast SEO plugin. -->","yoast_head_json":{"title":"Care Scalp Sensitive Serum -rauhoittava seerumi, 50ml - Kinnunen","robots":{"index":"noindex","follow":"follow","max-snippet":"max-snippet:-1","max-image-preview":"max-image-preview:large","max-video-preview":"max-video-preview:-1"},"og_locale":"en_GB","og_type":"article","og_title":"Care Scalp Sensitive Serum -rauhoittava seerumi, 50ml - Kinnunen","og_description":"Soothing Serum rauhoittaa ja suojaa hiuspohjaa, kevyell\u00e4 ja nopeasti imeytyv\u00e4ll\u00e4 koostumuksella, joka on suunniteltu rauhoittamaan \u00e4rsytyst\u00e4, v\u00e4hent\u00e4m\u00e4\u00e4n punoitusta ja palauttamaan tasapainon jopa herkimm\u00e4lle hiuspohjalle.","og_url":"https:\/\/kinnunen.kotisivut.co\/en\/product\/care-scalp-sensitive-serum-rauhoittava-seerumi-50ml\/","og_site_name":"Kinnunen","article_modified_time":"2025-12-12T14:03:55+00:00","og_image":[{"width":1200,"height":1200,"url":"https:\/\/kinnunen.kotisivut.co\/wp-content\/uploads\/2025\/09\/21570-Keune-Care-Scalp-Sensitive-Serum-50ml.jpeg","type":"image\/jpeg"}],"twitter_card":"summary_large_image","schema":{"@context":"https:\/\/schema.org","@graph":[{"@type":"WebPage","@id":"https:\/\/kinnunen.kotisivut.co\/tuote\/care-scalp-sensitive-serum-rauhoittava-seerumi-50ml\/","url":"https:\/\/kinnunen.kotisivut.co\/tuote\/care-scalp-sensitive-serum-rauhoittava-seerumi-50ml\/","name":"Care Scalp Sensitive Serum -rauhoittava seerumi, 50ml - Kinnunen","isPartOf":{"@id":"https:\/\/kinnunen.kotisivut.co\/#website"},"primaryImageOfPage":{"@id":"https:\/\/kinnunen.kotisivut.co\/tuote\/care-scalp-sensitive-serum-rauhoittava-seerumi-50ml\/#primaryimage"},"image":{"@id":"https:\/\/kinnunen.kotisivut.co\/tuote\/care-scalp-sensitive-serum-rauhoittava-seerumi-50ml\/#primaryimage"},"thumbnailUrl":"https:\/\/kinnunen.kotisivut.co\/wp-content\/uploads\/2025\/09\/21570-Keune-Care-Scalp-Sensitive-Serum-50ml.jpeg","datePublished":"2025-09-17T09:49:27+00:00","dateModified":"2025-12-12T14:03:55+00:00","breadcrumb":{"@id":"https:\/\/kinnunen.kotisivut.co\/tuote\/care-scalp-sensitive-serum-rauhoittava-seerumi-50ml\/#breadcrumb"},"inLanguage":"en-GB","potentialAction":[{"@type":"ReadAction","target":["https:\/\/kinnunen.kotisivut.co\/tuote\/care-scalp-sensitive-serum-rauhoittava-seerumi-50ml\/"]}]},{"@type":"ImageObject","inLanguage":"en-GB","@id":"https:\/\/kinnunen.kotisivut.co\/tuote\/care-scalp-sensitive-serum-rauhoittava-seerumi-50ml\/#primaryimage","url":"https:\/\/kinnunen.kotisivut.co\/wp-content\/uploads\/2025\/09\/21570-Keune-Care-Scalp-Sensitive-Serum-50ml.jpeg","contentUrl":"https:\/\/kinnunen.kotisivut.co\/wp-content\/uploads\/2025\/09\/21570-Keune-Care-Scalp-Sensitive-Serum-50ml.jpeg","width":1200,"height":1200},{"@type":"BreadcrumbList","@id":"https:\/\/kinnunen.kotisivut.co\/tuote\/care-scalp-sensitive-serum-rauhoittava-seerumi-50ml\/#breadcrumb","itemListElement":[{"@type":"ListItem","position":1,"name":"Etusivu","item":"https:\/\/kinnunen.kotisivut.co\/"},{"@type":"ListItem","position":2,"name":"Kaikki tuotteet","item":"https:\/\/kinnunen.kotisivut.co\/kauppa\/"},{"@type":"ListItem","position":3,"name":"Hiuskosmetiikka","item":"https:\/\/kinnunen.kotisivut.co\/tuote-osasto\/hiuskosmetiikka\/"},{"@type":"ListItem","position":4,"name":"Care Scalp Sensitive Serum -rauhoittava seerumi, 50ml"}]},{"@type":"WebSite","@id":"https:\/\/kinnunen.kotisivut.co\/#website","url":"https:\/\/kinnunen.kotisivut.co\/","name":"Kinnunen","description":"","potentialAction":[{"@type":"SearchAction","target":{"@type":"EntryPoint","urlTemplate":"https:\/\/kinnunen.kotisivut.co\/?s={search_term_string}"},"query-input":"required name=search_term_string"}],"inLanguage":"en-GB"}]}},"_links":{"self":[{"href":"https:\/\/kinnunen.kotisivut.co\/en\/wp-json\/wp\/v2\/product\/45459","targetHints":{"allow":["GET"]}}],"collection":[{"href":"https:\/\/kinnunen.kotisivut.co\/en\/wp-json\/wp\/v2\/product"}],"about":[{"href":"https:\/\/kinnunen.kotisivut.co\/en\/wp-json\/wp\/v2\/types\/product"}],"replies":[{"embeddable":true,"href":"https:\/\/kinnunen.kotisivut.co\/en\/wp-json\/wp\/v2\/comments?post=45459"}],"wp:featuredmedia":[{"embeddable":true,"href":"https:\/\/kinnunen.kotisivut.co\/en\/wp-json\/wp\/v2\/media\/45521"}],"wp:attachment":[{"href":"https:\/\/kinnunen.kotisivut.co\/en\/wp-json\/wp\/v2\/media?parent=45459"}],"wp:term":[{"taxonomy":"product_cat","embeddable":true,"href":"https:\/\/kinnunen.kotisivut.co\/en\/wp-json\/wp\/v2\/product_cat?post=45459"},{"taxonomy":"product_tag","embeddable":true,"href":"https:\/\/kinnunen.kotisivut.co\/en\/wp-json\/wp\/v2\/product_tag?post=45459"}],"curies":[{"name":"wp","href":"https:\/\/api.w.org\/{rel}","templated":true}]}}