

{"id":44026,"date":"2025-04-30T13:05:49","date_gmt":"2025-04-30T10:05:49","guid":{"rendered":"https:\/\/kinnunen.kotisivut.co\/?post_type=product&#038;p=44026"},"modified":"2025-12-11T13:04:13","modified_gmt":"2025-12-11T11:04:13","slug":"gamma-plasma-hiustenkuivaaja-active-oxygen-ionisoiva","status":"publish","type":"product","link":"https:\/\/kinnunen.kotisivut.co\/en\/product\/gamma-plasma-hiustenkuivaaja-active-oxygen-ionisoiva\/","title":{"rendered":"Gamma+ Plasma hairdryer - Active Oxygen &amp; Ionising"},"content":{"rendered":"<p>GammaPlus Plasma is the only hairdryer on the market that combines Active Oxygen generator and ionising technology - a unique combination that takes blow drying to a whole new level.<\/p>\n<p>Active Oxygen Generator<br \/>\nThe built-in UV lamp activates oxygen and converts it into active oxygen, which effectively locks the colour into the hair and closes the hair follicles. The result is a shinier, longer-lasting and healthier-looking finish - especially for coloured hair.<\/p>\n<p>Antibacterial and protective effect<br \/>\nActive oxygen also oxidizes and destroys bacterial capsules, promoting scalp health and metabolism. At the same time, it protects the hair's internal structure with every use.<\/p>\n<p>Ionising property<br \/>\nChoose smoothness or volume depending on the situation:<br \/>\n- Ionic feature on top - smooth, shiny finish without frizz.<br \/>\n- Ionic feature off - adds texture and richness to your blow-dry.<\/p>\n<p>Scientifically proven results: the testing of the properties has been carried out by Biometrical s.r.l - Biomedical Centre for Dermatology and Trichology.<\/p>\n<p>GammaPlus Plasma is the perfect choice for the professional who wants to combine technology, manageability and styling with top results.<\/p>\n<p>- Weight 460 g<br \/>\n- Length 190 mm<br \/>\n- Air flow 25 litres\/s, 90 m3\/h<br \/>\n- Air pressure 25 mbar<br \/>\n- Noise level 70 dB<br \/>\n- 1700 - 2000 W<br \/>\n- Long 3 m cable<br \/>\n- Warranty 12 months<\/p>","protected":false},"excerpt":{"rendered":"<p>GAMMAPLUS PLASMA - the smart hairdryer for the professional.<br data-start=\"191\" data-end=\"194\" \/>The only hairdryer on the market with <em data-start=\"239\" data-end=\"254\">Active Oxygen<\/em> -generator: helps lock in hair colour, closes hair follicles and protects hair structure. The ionic function allows for a smooth or volumizing finish - the choice is yours.<\/p>","protected":false},"featured_media":44027,"comment_status":"closed","ping_status":"closed","template":"","meta":{"_relevanssi_hide_post":"","_relevanssi_pin_for_all":"","_relevanssi_pin_keywords":"","_relevanssi_unpin_keywords":"","_relevanssi_related_keywords":"","_relevanssi_related_include_ids":"","_relevanssi_related_exclude_ids":"","_relevanssi_related_no_append":"","_relevanssi_related_not_related":"","_relevanssi_related_posts":"","_relevanssi_noindex_reason":""},"product_cat":[1774,1778],"product_tag":[2340,2341,2339],"class_list":["post-44026","product","type-product","status-publish","has-post-thumbnail","hentry","product_cat-koneet-ja-laitteet","product_cat-foonit","product_tag-aktiivinen-happi","product_tag-fooni-varjatyille-hiuksille","product_tag-ionisoiva","tuotemerkki-gamma"],"tuotemerkit":[{"term_id":2059,"name":"Gamma+","slug":"gamma","term_group":0,"term_taxonomy_id":2059,"taxonomy":"tuotemerkki","description":"","parent":0,"count":14,"filter":"raw"}],"acf":[],"yoast_head":"<!-- This site is optimized with the Yoast SEO plugin v23.3 - https:\/\/yoast.com\/wordpress\/plugins\/seo\/ -->\n<title>Gamma+ Plasma -hiustenkuivaaja - Active Oxygen &amp; Ionisoiva - Kinnunen<\/title>\n<meta name=\"robots\" content=\"noindex, follow, max-snippet:-1, max-image-preview:large, max-video-preview:-1\" \/>\n<meta property=\"og:locale\" content=\"en_GB\" \/>\n<meta property=\"og:type\" content=\"article\" \/>\n<meta property=\"og:title\" content=\"Gamma+ Plasma -hiustenkuivaaja - Active Oxygen &amp; Ionisoiva - Kinnunen\" \/>\n<meta property=\"og:description\" content=\"GAMMAPLUS PLASMA \u2013 \u00e4lyk\u00e4s f\u00f6\u00f6ni ammattilaiselle.Markkinoiden ainoa hiustenkuivaaja, jossa on Active Oxygen -generaattori: auttaa lukitsemaan hiusv\u00e4rin, sulkee hiussuomut ja suojaa hiuksen rakennetta. Ionitoiminto mahdollistaa sile\u00e4n tai volyymisen lopputuloksen \u2013 valinta on sinun.\" \/>\n<meta property=\"og:url\" content=\"https:\/\/kinnunen.kotisivut.co\/en\/product\/gamma-plasma-hiustenkuivaaja-active-oxygen-ionisoiva\/\" \/>\n<meta property=\"og:site_name\" content=\"Kinnunen\" \/>\n<meta property=\"article:modified_time\" content=\"2025-12-11T11:04:13+00:00\" \/>\n<meta property=\"og:image\" content=\"https:\/\/kinnunen.kotisivut.co\/wp-content\/uploads\/2025\/04\/gammaplus-plasma-hiustenkuivaaja-PAPLASMABAC269.jpg\" \/>\n\t<meta property=\"og:image:width\" content=\"1000\" \/>\n\t<meta property=\"og:image:height\" content=\"1000\" \/>\n\t<meta property=\"og:image:type\" content=\"image\/jpeg\" \/>\n<meta name=\"twitter:card\" content=\"summary_large_image\" \/>\n<meta name=\"twitter:label1\" content=\"Estimated reading time\" \/>\n\t<meta name=\"twitter:data1\" content=\"1 minute\" \/>\n<script type=\"application\/ld+json\" class=\"yoast-schema-graph\">{\"@context\":\"https:\/\/schema.org\",\"@graph\":[{\"@type\":\"WebPage\",\"@id\":\"https:\/\/kinnunen.kotisivut.co\/tuote\/gamma-plasma-hiustenkuivaaja-active-oxygen-ionisoiva\/\",\"url\":\"https:\/\/kinnunen.kotisivut.co\/tuote\/gamma-plasma-hiustenkuivaaja-active-oxygen-ionisoiva\/\",\"name\":\"Gamma+ Plasma -hiustenkuivaaja - Active Oxygen & Ionisoiva - Kinnunen\",\"isPartOf\":{\"@id\":\"https:\/\/kinnunen.kotisivut.co\/#website\"},\"primaryImageOfPage\":{\"@id\":\"https:\/\/kinnunen.kotisivut.co\/tuote\/gamma-plasma-hiustenkuivaaja-active-oxygen-ionisoiva\/#primaryimage\"},\"image\":{\"@id\":\"https:\/\/kinnunen.kotisivut.co\/tuote\/gamma-plasma-hiustenkuivaaja-active-oxygen-ionisoiva\/#primaryimage\"},\"thumbnailUrl\":\"https:\/\/kinnunen.kotisivut.co\/wp-content\/uploads\/2025\/04\/gammaplus-plasma-hiustenkuivaaja-PAPLASMABAC269.jpg\",\"datePublished\":\"2025-04-30T10:05:49+00:00\",\"dateModified\":\"2025-12-11T11:04:13+00:00\",\"breadcrumb\":{\"@id\":\"https:\/\/kinnunen.kotisivut.co\/tuote\/gamma-plasma-hiustenkuivaaja-active-oxygen-ionisoiva\/#breadcrumb\"},\"inLanguage\":\"en-GB\",\"potentialAction\":[{\"@type\":\"ReadAction\",\"target\":[\"https:\/\/kinnunen.kotisivut.co\/tuote\/gamma-plasma-hiustenkuivaaja-active-oxygen-ionisoiva\/\"]}]},{\"@type\":\"ImageObject\",\"inLanguage\":\"en-GB\",\"@id\":\"https:\/\/kinnunen.kotisivut.co\/tuote\/gamma-plasma-hiustenkuivaaja-active-oxygen-ionisoiva\/#primaryimage\",\"url\":\"https:\/\/kinnunen.kotisivut.co\/wp-content\/uploads\/2025\/04\/gammaplus-plasma-hiustenkuivaaja-PAPLASMABAC269.jpg\",\"contentUrl\":\"https:\/\/kinnunen.kotisivut.co\/wp-content\/uploads\/2025\/04\/gammaplus-plasma-hiustenkuivaaja-PAPLASMABAC269.jpg\",\"width\":1000,\"height\":1000,\"caption\":\"Gammaplus plasma hiustenkuivaaja.\"},{\"@type\":\"BreadcrumbList\",\"@id\":\"https:\/\/kinnunen.kotisivut.co\/tuote\/gamma-plasma-hiustenkuivaaja-active-oxygen-ionisoiva\/#breadcrumb\",\"itemListElement\":[{\"@type\":\"ListItem\",\"position\":1,\"name\":\"Etusivu\",\"item\":\"https:\/\/kinnunen.kotisivut.co\/\"},{\"@type\":\"ListItem\",\"position\":2,\"name\":\"Kaikki tuotteet\",\"item\":\"https:\/\/kinnunen.kotisivut.co\/kauppa\/\"},{\"@type\":\"ListItem\",\"position\":3,\"name\":\"Koneet ja s\u00e4hk\u00f6laitteet\",\"item\":\"https:\/\/kinnunen.kotisivut.co\/tuote-osasto\/koneet-ja-laitteet\/\"},{\"@type\":\"ListItem\",\"position\":4,\"name\":\"Gamma+ Plasma -hiustenkuivaaja &#8211; Active Oxygen &#038; Ionisoiva\"}]},{\"@type\":\"WebSite\",\"@id\":\"https:\/\/kinnunen.kotisivut.co\/#website\",\"url\":\"https:\/\/kinnunen.kotisivut.co\/\",\"name\":\"Kinnunen\",\"description\":\"\",\"potentialAction\":[{\"@type\":\"SearchAction\",\"target\":{\"@type\":\"EntryPoint\",\"urlTemplate\":\"https:\/\/kinnunen.kotisivut.co\/?s={search_term_string}\"},\"query-input\":\"required name=search_term_string\"}],\"inLanguage\":\"en-GB\"}]}<\/script>\n<!-- \/ Yoast SEO plugin. -->","yoast_head_json":{"title":"Gamma+ Plasma -hiustenkuivaaja - Active Oxygen & Ionisoiva - Kinnunen","robots":{"index":"noindex","follow":"follow","max-snippet":"max-snippet:-1","max-image-preview":"max-image-preview:large","max-video-preview":"max-video-preview:-1"},"og_locale":"en_GB","og_type":"article","og_title":"Gamma+ Plasma -hiustenkuivaaja - Active Oxygen & Ionisoiva - Kinnunen","og_description":"GAMMAPLUS PLASMA \u2013 \u00e4lyk\u00e4s f\u00f6\u00f6ni ammattilaiselle.Markkinoiden ainoa hiustenkuivaaja, jossa on Active Oxygen -generaattori: auttaa lukitsemaan hiusv\u00e4rin, sulkee hiussuomut ja suojaa hiuksen rakennetta. Ionitoiminto mahdollistaa sile\u00e4n tai volyymisen lopputuloksen \u2013 valinta on sinun.","og_url":"https:\/\/kinnunen.kotisivut.co\/en\/product\/gamma-plasma-hiustenkuivaaja-active-oxygen-ionisoiva\/","og_site_name":"Kinnunen","article_modified_time":"2025-12-11T11:04:13+00:00","og_image":[{"width":1000,"height":1000,"url":"https:\/\/kinnunen.kotisivut.co\/wp-content\/uploads\/2025\/04\/gammaplus-plasma-hiustenkuivaaja-PAPLASMABAC269.jpg","type":"image\/jpeg"}],"twitter_card":"summary_large_image","twitter_misc":{"Estimated reading time":"1 minute"},"schema":{"@context":"https:\/\/schema.org","@graph":[{"@type":"WebPage","@id":"https:\/\/kinnunen.kotisivut.co\/tuote\/gamma-plasma-hiustenkuivaaja-active-oxygen-ionisoiva\/","url":"https:\/\/kinnunen.kotisivut.co\/tuote\/gamma-plasma-hiustenkuivaaja-active-oxygen-ionisoiva\/","name":"Gamma+ Plasma -hiustenkuivaaja - Active Oxygen & Ionisoiva - Kinnunen","isPartOf":{"@id":"https:\/\/kinnunen.kotisivut.co\/#website"},"primaryImageOfPage":{"@id":"https:\/\/kinnunen.kotisivut.co\/tuote\/gamma-plasma-hiustenkuivaaja-active-oxygen-ionisoiva\/#primaryimage"},"image":{"@id":"https:\/\/kinnunen.kotisivut.co\/tuote\/gamma-plasma-hiustenkuivaaja-active-oxygen-ionisoiva\/#primaryimage"},"thumbnailUrl":"https:\/\/kinnunen.kotisivut.co\/wp-content\/uploads\/2025\/04\/gammaplus-plasma-hiustenkuivaaja-PAPLASMABAC269.jpg","datePublished":"2025-04-30T10:05:49+00:00","dateModified":"2025-12-11T11:04:13+00:00","breadcrumb":{"@id":"https:\/\/kinnunen.kotisivut.co\/tuote\/gamma-plasma-hiustenkuivaaja-active-oxygen-ionisoiva\/#breadcrumb"},"inLanguage":"en-GB","potentialAction":[{"@type":"ReadAction","target":["https:\/\/kinnunen.kotisivut.co\/tuote\/gamma-plasma-hiustenkuivaaja-active-oxygen-ionisoiva\/"]}]},{"@type":"ImageObject","inLanguage":"en-GB","@id":"https:\/\/kinnunen.kotisivut.co\/tuote\/gamma-plasma-hiustenkuivaaja-active-oxygen-ionisoiva\/#primaryimage","url":"https:\/\/kinnunen.kotisivut.co\/wp-content\/uploads\/2025\/04\/gammaplus-plasma-hiustenkuivaaja-PAPLASMABAC269.jpg","contentUrl":"https:\/\/kinnunen.kotisivut.co\/wp-content\/uploads\/2025\/04\/gammaplus-plasma-hiustenkuivaaja-PAPLASMABAC269.jpg","width":1000,"height":1000,"caption":"Gammaplus plasma hiustenkuivaaja."},{"@type":"BreadcrumbList","@id":"https:\/\/kinnunen.kotisivut.co\/tuote\/gamma-plasma-hiustenkuivaaja-active-oxygen-ionisoiva\/#breadcrumb","itemListElement":[{"@type":"ListItem","position":1,"name":"Etusivu","item":"https:\/\/kinnunen.kotisivut.co\/"},{"@type":"ListItem","position":2,"name":"Kaikki tuotteet","item":"https:\/\/kinnunen.kotisivut.co\/kauppa\/"},{"@type":"ListItem","position":3,"name":"Koneet ja s\u00e4hk\u00f6laitteet","item":"https:\/\/kinnunen.kotisivut.co\/tuote-osasto\/koneet-ja-laitteet\/"},{"@type":"ListItem","position":4,"name":"Gamma+ Plasma -hiustenkuivaaja &#8211; Active Oxygen &#038; Ionisoiva"}]},{"@type":"WebSite","@id":"https:\/\/kinnunen.kotisivut.co\/#website","url":"https:\/\/kinnunen.kotisivut.co\/","name":"Kinnunen","description":"","potentialAction":[{"@type":"SearchAction","target":{"@type":"EntryPoint","urlTemplate":"https:\/\/kinnunen.kotisivut.co\/?s={search_term_string}"},"query-input":"required name=search_term_string"}],"inLanguage":"en-GB"}]}},"_links":{"self":[{"href":"https:\/\/kinnunen.kotisivut.co\/en\/wp-json\/wp\/v2\/product\/44026","targetHints":{"allow":["GET"]}}],"collection":[{"href":"https:\/\/kinnunen.kotisivut.co\/en\/wp-json\/wp\/v2\/product"}],"about":[{"href":"https:\/\/kinnunen.kotisivut.co\/en\/wp-json\/wp\/v2\/types\/product"}],"replies":[{"embeddable":true,"href":"https:\/\/kinnunen.kotisivut.co\/en\/wp-json\/wp\/v2\/comments?post=44026"}],"wp:featuredmedia":[{"embeddable":true,"href":"https:\/\/kinnunen.kotisivut.co\/en\/wp-json\/wp\/v2\/media\/44027"}],"wp:attachment":[{"href":"https:\/\/kinnunen.kotisivut.co\/en\/wp-json\/wp\/v2\/media?parent=44026"}],"wp:term":[{"taxonomy":"product_cat","embeddable":true,"href":"https:\/\/kinnunen.kotisivut.co\/en\/wp-json\/wp\/v2\/product_cat?post=44026"},{"taxonomy":"product_tag","embeddable":true,"href":"https:\/\/kinnunen.kotisivut.co\/en\/wp-json\/wp\/v2\/product_tag?post=44026"}],"curies":[{"name":"wp","href":"https:\/\/api.w.org\/{rel}","templated":true}]}}