

{"id":41153,"date":"2024-10-08T08:58:55","date_gmt":"2024-10-08T05:58:55","guid":{"rendered":"https:\/\/kinnunen.kotisivut.co\/?post_type=product&#038;p=41153"},"modified":"2025-09-29T14:34:47","modified_gmt":"2025-09-29T11:34:47","slug":"hcfbeauty-hiuspinni-ovaali","status":"publish","type":"product","link":"https:\/\/kinnunen.kotisivut.co\/en\/product\/hcfbeauty-hiuspinni-ovaali\/","title":{"rendered":"HCFBeauty Hairpin, oval"},"content":{"rendered":"","protected":false},"excerpt":{"rendered":"<p>Decorative hairpins. Package contains 2 pins.<br \/>\nAvailable in 5 different colours, hairpin colour gold. Length 7,6 cm, width 2,4 cm.<\/p>","protected":false},"featured_media":41099,"comment_status":"closed","ping_status":"closed","template":"","meta":{"_relevanssi_hide_post":"","_relevanssi_pin_for_all":"","_relevanssi_pin_keywords":"","_relevanssi_unpin_keywords":"","_relevanssi_related_keywords":"","_relevanssi_related_include_ids":"","_relevanssi_related_exclude_ids":"","_relevanssi_related_no_append":"","_relevanssi_related_not_related":"","_relevanssi_related_posts":"","_relevanssi_noindex_reason":""},"product_cat":[1762,1822,1825,1823],"product_tag":[],"class_list":["post-41153","product","type-product","status-publish","has-post-thumbnail","hentry","product_cat-tarvikkeet","product_cat-kampaustarvikkeet","product_cat-oheistuotteet-kampaustarvikkeet","product_cat-pinnit-ja-hengettomat","pa_vari-koralli","pa_vari-lila","pa_vari-sininen","pa_vari-vaalea-lila","pa_vari-vihrea","tuotemerkki-hcf-beauty"],"tuotemerkit":[{"term_id":2293,"name":"HCF Beauty","slug":"hcf-beauty","term_group":0,"term_taxonomy_id":2293,"taxonomy":"tuotemerkki","description":"","parent":157,"count":24,"filter":"raw"}],"acf":[],"yoast_head":"<!-- This site is optimized with the Yoast SEO plugin v23.3 - https:\/\/yoast.com\/wordpress\/plugins\/seo\/ -->\n<title>HCFBeauty Hiuspinni, ovaali - Kinnunen<\/title>\n<meta name=\"robots\" content=\"noindex, follow, max-snippet:-1, max-image-preview:large, max-video-preview:-1\" \/>\n<meta property=\"og:locale\" content=\"en_GB\" \/>\n<meta property=\"og:type\" content=\"article\" \/>\n<meta property=\"og:title\" content=\"HCFBeauty Hiuspinni, ovaali - Kinnunen\" \/>\n<meta property=\"og:description\" content=\"Koristeelliset hiuspinnit. Paketissa 2kpl pinnej\u00e4. Saatavilla 5 eri v\u00e4ri\u00e4, hiuspinnin v\u00e4ri kulta. Pituus 7,6 cm, leveys 2,4 cm.\" \/>\n<meta property=\"og:url\" content=\"https:\/\/kinnunen.kotisivut.co\/en\/product\/hcfbeauty-hiuspinni-ovaali\/\" \/>\n<meta property=\"og:site_name\" content=\"Kinnunen\" \/>\n<meta property=\"article:modified_time\" content=\"2025-09-29T11:34:47+00:00\" \/>\n<meta property=\"og:image\" content=\"https:\/\/kinnunen.kotisivut.co\/wp-content\/uploads\/2024\/10\/750017-750021_1000x1000px.jpg\" \/>\n\t<meta property=\"og:image:width\" content=\"1000\" \/>\n\t<meta property=\"og:image:height\" content=\"1000\" \/>\n\t<meta property=\"og:image:type\" content=\"image\/jpeg\" \/>\n<meta name=\"twitter:card\" content=\"summary_large_image\" \/>\n<script type=\"application\/ld+json\" class=\"yoast-schema-graph\">{\"@context\":\"https:\/\/schema.org\",\"@graph\":[{\"@type\":\"WebPage\",\"@id\":\"https:\/\/kinnunen.kotisivut.co\/tuote\/hcfbeauty-hiuspinni-ovaali\/\",\"url\":\"https:\/\/kinnunen.kotisivut.co\/tuote\/hcfbeauty-hiuspinni-ovaali\/\",\"name\":\"HCFBeauty Hiuspinni, ovaali - Kinnunen\",\"isPartOf\":{\"@id\":\"https:\/\/kinnunen.kotisivut.co\/#website\"},\"primaryImageOfPage\":{\"@id\":\"https:\/\/kinnunen.kotisivut.co\/tuote\/hcfbeauty-hiuspinni-ovaali\/#primaryimage\"},\"image\":{\"@id\":\"https:\/\/kinnunen.kotisivut.co\/tuote\/hcfbeauty-hiuspinni-ovaali\/#primaryimage\"},\"thumbnailUrl\":\"https:\/\/kinnunen.kotisivut.co\/wp-content\/uploads\/2024\/10\/750017-750021_1000x1000px.jpg\",\"datePublished\":\"2024-10-08T05:58:55+00:00\",\"dateModified\":\"2025-09-29T11:34:47+00:00\",\"breadcrumb\":{\"@id\":\"https:\/\/kinnunen.kotisivut.co\/tuote\/hcfbeauty-hiuspinni-ovaali\/#breadcrumb\"},\"inLanguage\":\"en-GB\",\"potentialAction\":[{\"@type\":\"ReadAction\",\"target\":[\"https:\/\/kinnunen.kotisivut.co\/tuote\/hcfbeauty-hiuspinni-ovaali\/\"]}]},{\"@type\":\"ImageObject\",\"inLanguage\":\"en-GB\",\"@id\":\"https:\/\/kinnunen.kotisivut.co\/tuote\/hcfbeauty-hiuspinni-ovaali\/#primaryimage\",\"url\":\"https:\/\/kinnunen.kotisivut.co\/wp-content\/uploads\/2024\/10\/750017-750021_1000x1000px.jpg\",\"contentUrl\":\"https:\/\/kinnunen.kotisivut.co\/wp-content\/uploads\/2024\/10\/750017-750021_1000x1000px.jpg\",\"width\":1000,\"height\":1000},{\"@type\":\"BreadcrumbList\",\"@id\":\"https:\/\/kinnunen.kotisivut.co\/tuote\/hcfbeauty-hiuspinni-ovaali\/#breadcrumb\",\"itemListElement\":[{\"@type\":\"ListItem\",\"position\":1,\"name\":\"Etusivu\",\"item\":\"https:\/\/kinnunen.kotisivut.co\/\"},{\"@type\":\"ListItem\",\"position\":2,\"name\":\"Kaikki tuotteet\",\"item\":\"https:\/\/kinnunen.kotisivut.co\/kauppa\/\"},{\"@type\":\"ListItem\",\"position\":3,\"name\":\"Tarvikkeet\",\"item\":\"https:\/\/kinnunen.kotisivut.co\/tuote-osasto\/tarvikkeet\/\"},{\"@type\":\"ListItem\",\"position\":4,\"name\":\"HCFBeauty Hiuspinni, ovaali\"}]},{\"@type\":\"WebSite\",\"@id\":\"https:\/\/kinnunen.kotisivut.co\/#website\",\"url\":\"https:\/\/kinnunen.kotisivut.co\/\",\"name\":\"Kinnunen\",\"description\":\"\",\"potentialAction\":[{\"@type\":\"SearchAction\",\"target\":{\"@type\":\"EntryPoint\",\"urlTemplate\":\"https:\/\/kinnunen.kotisivut.co\/?s={search_term_string}\"},\"query-input\":\"required name=search_term_string\"}],\"inLanguage\":\"en-GB\"}]}<\/script>\n<!-- \/ Yoast SEO plugin. -->","yoast_head_json":{"title":"HCFBeauty Hiuspinni, ovaali - Kinnunen","robots":{"index":"noindex","follow":"follow","max-snippet":"max-snippet:-1","max-image-preview":"max-image-preview:large","max-video-preview":"max-video-preview:-1"},"og_locale":"en_GB","og_type":"article","og_title":"HCFBeauty Hiuspinni, ovaali - Kinnunen","og_description":"Koristeelliset hiuspinnit. Paketissa 2kpl pinnej\u00e4. Saatavilla 5 eri v\u00e4ri\u00e4, hiuspinnin v\u00e4ri kulta. Pituus 7,6 cm, leveys 2,4 cm.","og_url":"https:\/\/kinnunen.kotisivut.co\/en\/product\/hcfbeauty-hiuspinni-ovaali\/","og_site_name":"Kinnunen","article_modified_time":"2025-09-29T11:34:47+00:00","og_image":[{"width":1000,"height":1000,"url":"https:\/\/kinnunen.kotisivut.co\/wp-content\/uploads\/2024\/10\/750017-750021_1000x1000px.jpg","type":"image\/jpeg"}],"twitter_card":"summary_large_image","schema":{"@context":"https:\/\/schema.org","@graph":[{"@type":"WebPage","@id":"https:\/\/kinnunen.kotisivut.co\/tuote\/hcfbeauty-hiuspinni-ovaali\/","url":"https:\/\/kinnunen.kotisivut.co\/tuote\/hcfbeauty-hiuspinni-ovaali\/","name":"HCFBeauty Hiuspinni, ovaali - Kinnunen","isPartOf":{"@id":"https:\/\/kinnunen.kotisivut.co\/#website"},"primaryImageOfPage":{"@id":"https:\/\/kinnunen.kotisivut.co\/tuote\/hcfbeauty-hiuspinni-ovaali\/#primaryimage"},"image":{"@id":"https:\/\/kinnunen.kotisivut.co\/tuote\/hcfbeauty-hiuspinni-ovaali\/#primaryimage"},"thumbnailUrl":"https:\/\/kinnunen.kotisivut.co\/wp-content\/uploads\/2024\/10\/750017-750021_1000x1000px.jpg","datePublished":"2024-10-08T05:58:55+00:00","dateModified":"2025-09-29T11:34:47+00:00","breadcrumb":{"@id":"https:\/\/kinnunen.kotisivut.co\/tuote\/hcfbeauty-hiuspinni-ovaali\/#breadcrumb"},"inLanguage":"en-GB","potentialAction":[{"@type":"ReadAction","target":["https:\/\/kinnunen.kotisivut.co\/tuote\/hcfbeauty-hiuspinni-ovaali\/"]}]},{"@type":"ImageObject","inLanguage":"en-GB","@id":"https:\/\/kinnunen.kotisivut.co\/tuote\/hcfbeauty-hiuspinni-ovaali\/#primaryimage","url":"https:\/\/kinnunen.kotisivut.co\/wp-content\/uploads\/2024\/10\/750017-750021_1000x1000px.jpg","contentUrl":"https:\/\/kinnunen.kotisivut.co\/wp-content\/uploads\/2024\/10\/750017-750021_1000x1000px.jpg","width":1000,"height":1000},{"@type":"BreadcrumbList","@id":"https:\/\/kinnunen.kotisivut.co\/tuote\/hcfbeauty-hiuspinni-ovaali\/#breadcrumb","itemListElement":[{"@type":"ListItem","position":1,"name":"Etusivu","item":"https:\/\/kinnunen.kotisivut.co\/"},{"@type":"ListItem","position":2,"name":"Kaikki tuotteet","item":"https:\/\/kinnunen.kotisivut.co\/kauppa\/"},{"@type":"ListItem","position":3,"name":"Tarvikkeet","item":"https:\/\/kinnunen.kotisivut.co\/tuote-osasto\/tarvikkeet\/"},{"@type":"ListItem","position":4,"name":"HCFBeauty Hiuspinni, ovaali"}]},{"@type":"WebSite","@id":"https:\/\/kinnunen.kotisivut.co\/#website","url":"https:\/\/kinnunen.kotisivut.co\/","name":"Kinnunen","description":"","potentialAction":[{"@type":"SearchAction","target":{"@type":"EntryPoint","urlTemplate":"https:\/\/kinnunen.kotisivut.co\/?s={search_term_string}"},"query-input":"required name=search_term_string"}],"inLanguage":"en-GB"}]}},"_links":{"self":[{"href":"https:\/\/kinnunen.kotisivut.co\/en\/wp-json\/wp\/v2\/product\/41153","targetHints":{"allow":["GET"]}}],"collection":[{"href":"https:\/\/kinnunen.kotisivut.co\/en\/wp-json\/wp\/v2\/product"}],"about":[{"href":"https:\/\/kinnunen.kotisivut.co\/en\/wp-json\/wp\/v2\/types\/product"}],"replies":[{"embeddable":true,"href":"https:\/\/kinnunen.kotisivut.co\/en\/wp-json\/wp\/v2\/comments?post=41153"}],"wp:featuredmedia":[{"embeddable":true,"href":"https:\/\/kinnunen.kotisivut.co\/en\/wp-json\/wp\/v2\/media\/41099"}],"wp:attachment":[{"href":"https:\/\/kinnunen.kotisivut.co\/en\/wp-json\/wp\/v2\/media?parent=41153"}],"wp:term":[{"taxonomy":"product_cat","embeddable":true,"href":"https:\/\/kinnunen.kotisivut.co\/en\/wp-json\/wp\/v2\/product_cat?post=41153"},{"taxonomy":"product_tag","embeddable":true,"href":"https:\/\/kinnunen.kotisivut.co\/en\/wp-json\/wp\/v2\/product_tag?post=41153"}],"curies":[{"name":"wp","href":"https:\/\/api.w.org\/{rel}","templated":true}]}}