

{"id":39026,"date":"2024-08-20T12:19:43","date_gmt":"2024-08-20T09:19:43","guid":{"rendered":"https:\/\/kinnunen.kotisivut.co\/?post_type=product&#038;p=39026"},"modified":"2025-12-12T16:41:56","modified_gmt":"2025-12-12T14:41:56","slug":"keune-climate-control-kosteussuojasuihke-200-ml","status":"publish","type":"product","link":"https:\/\/kinnunen.kotisivut.co\/en\/product\/keune-climate-control-kosteussuojasuihke-200-ml\/","title":{"rendered":"Keune Climate Control moisturising spray, 200 ml"},"content":{"rendered":"","protected":false},"excerpt":{"rendered":"<p>The spray protects hair from frizz with up to 90 % moisture protection.<br \/>\nTemperature protection 230\u00b0C. Pitch 0, gloss 1.<\/p>\n<p>Use: Spray as the last product after styling from a distance of 30 cm.<\/p>","protected":false},"featured_media":38999,"comment_status":"closed","ping_status":"closed","template":"","meta":{"_relevanssi_hide_post":"","_relevanssi_pin_for_all":"","_relevanssi_pin_keywords":"","_relevanssi_unpin_keywords":"","_relevanssi_related_keywords":"","_relevanssi_related_include_ids":"","_relevanssi_related_exclude_ids":"","_relevanssi_related_no_append":"","_relevanssi_related_not_related":"","_relevanssi_related_posts":"","_relevanssi_noindex_reason":""},"product_cat":[1727,1732,2292],"product_tag":[],"class_list":["post-39026","product","type-product","status-publish","has-post-thumbnail","hentry","product_cat-hiuskosmetiikka","product_cat-muotoilu-ja-viimeistelytuotteet","product_cat-uudistettu-style","tuotemerkki-keune-haircosmetics","tuotemerkki-keune-style"],"tuotemerkit":[{"term_id":25,"name":"Keune Haircosmetics","slug":"keune-haircosmetics","term_group":0,"term_taxonomy_id":25,"taxonomy":"tuotemerkki","description":"","parent":0,"count":293,"filter":"raw"},{"term_id":70,"name":"Keune Style","slug":"keune-style","term_group":0,"term_taxonomy_id":70,"taxonomy":"tuotemerkki","description":"","parent":25,"count":40,"filter":"raw"}],"acf":[],"yoast_head":"<!-- This site is optimized with the Yoast SEO plugin v23.3 - https:\/\/yoast.com\/wordpress\/plugins\/seo\/ -->\n<title>Keune Climate Control -kosteussuojasuihke, 200 ml - Kinnunen<\/title>\n<meta name=\"robots\" content=\"noindex, follow, max-snippet:-1, max-image-preview:large, max-video-preview:-1\" \/>\n<meta property=\"og:locale\" content=\"en_GB\" \/>\n<meta property=\"og:type\" content=\"article\" \/>\n<meta property=\"og:title\" content=\"Keune Climate Control -kosteussuojasuihke, 200 ml - Kinnunen\" \/>\n<meta property=\"og:description\" content=\"Suihke suojaa hiuksia p\u00f6rr\u00f6isyydelt\u00e4 jopa 90 % kosteussuojalla. L\u00e4mp\u00f6suoja 230\u00b0C. Pito 0, kiilto 1.  K\u00e4ytt\u00f6: Suihkuta viimeisen\u00e4 tuotteena muotoilun j\u00e4lkeen 30 cm et\u00e4isyydelt\u00e4.\" \/>\n<meta property=\"og:url\" content=\"https:\/\/kinnunen.kotisivut.co\/en\/product\/keune-climate-control-kosteussuojasuihke-200-ml\/\" \/>\n<meta property=\"og:site_name\" content=\"Kinnunen\" \/>\n<meta property=\"article:modified_time\" content=\"2025-12-12T14:41:56+00:00\" \/>\n<meta property=\"og:image\" content=\"https:\/\/kinnunen.kotisivut.co\/wp-content\/uploads\/2024\/08\/Keune_Style_Climate_Control_27465.jpg\" \/>\n\t<meta property=\"og:image:width\" content=\"1000\" \/>\n\t<meta property=\"og:image:height\" content=\"1000\" \/>\n\t<meta property=\"og:image:type\" content=\"image\/jpeg\" \/>\n<meta name=\"twitter:card\" content=\"summary_large_image\" \/>\n<script type=\"application\/ld+json\" class=\"yoast-schema-graph\">{\"@context\":\"https:\/\/schema.org\",\"@graph\":[{\"@type\":\"WebPage\",\"@id\":\"https:\/\/kinnunen.kotisivut.co\/tuote\/keune-climate-control-kosteussuojasuihke-200-ml\/\",\"url\":\"https:\/\/kinnunen.kotisivut.co\/tuote\/keune-climate-control-kosteussuojasuihke-200-ml\/\",\"name\":\"Keune Climate Control -kosteussuojasuihke, 200 ml - Kinnunen\",\"isPartOf\":{\"@id\":\"https:\/\/kinnunen.kotisivut.co\/#website\"},\"primaryImageOfPage\":{\"@id\":\"https:\/\/kinnunen.kotisivut.co\/tuote\/keune-climate-control-kosteussuojasuihke-200-ml\/#primaryimage\"},\"image\":{\"@id\":\"https:\/\/kinnunen.kotisivut.co\/tuote\/keune-climate-control-kosteussuojasuihke-200-ml\/#primaryimage\"},\"thumbnailUrl\":\"https:\/\/kinnunen.kotisivut.co\/wp-content\/uploads\/2024\/08\/Keune_Style_Climate_Control_27465.jpg\",\"datePublished\":\"2024-08-20T09:19:43+00:00\",\"dateModified\":\"2025-12-12T14:41:56+00:00\",\"breadcrumb\":{\"@id\":\"https:\/\/kinnunen.kotisivut.co\/tuote\/keune-climate-control-kosteussuojasuihke-200-ml\/#breadcrumb\"},\"inLanguage\":\"en-GB\",\"potentialAction\":[{\"@type\":\"ReadAction\",\"target\":[\"https:\/\/kinnunen.kotisivut.co\/tuote\/keune-climate-control-kosteussuojasuihke-200-ml\/\"]}]},{\"@type\":\"ImageObject\",\"inLanguage\":\"en-GB\",\"@id\":\"https:\/\/kinnunen.kotisivut.co\/tuote\/keune-climate-control-kosteussuojasuihke-200-ml\/#primaryimage\",\"url\":\"https:\/\/kinnunen.kotisivut.co\/wp-content\/uploads\/2024\/08\/Keune_Style_Climate_Control_27465.jpg\",\"contentUrl\":\"https:\/\/kinnunen.kotisivut.co\/wp-content\/uploads\/2024\/08\/Keune_Style_Climate_Control_27465.jpg\",\"width\":1000,\"height\":1000},{\"@type\":\"BreadcrumbList\",\"@id\":\"https:\/\/kinnunen.kotisivut.co\/tuote\/keune-climate-control-kosteussuojasuihke-200-ml\/#breadcrumb\",\"itemListElement\":[{\"@type\":\"ListItem\",\"position\":1,\"name\":\"Etusivu\",\"item\":\"https:\/\/kinnunen.kotisivut.co\/\"},{\"@type\":\"ListItem\",\"position\":2,\"name\":\"Kaikki tuotteet\",\"item\":\"https:\/\/kinnunen.kotisivut.co\/kauppa\/\"},{\"@type\":\"ListItem\",\"position\":3,\"name\":\"Hiuskosmetiikka\",\"item\":\"https:\/\/kinnunen.kotisivut.co\/tuote-osasto\/hiuskosmetiikka\/\"},{\"@type\":\"ListItem\",\"position\":4,\"name\":\"Keune Climate Control -kosteussuojasuihke, 200 ml\"}]},{\"@type\":\"WebSite\",\"@id\":\"https:\/\/kinnunen.kotisivut.co\/#website\",\"url\":\"https:\/\/kinnunen.kotisivut.co\/\",\"name\":\"Kinnunen\",\"description\":\"\",\"potentialAction\":[{\"@type\":\"SearchAction\",\"target\":{\"@type\":\"EntryPoint\",\"urlTemplate\":\"https:\/\/kinnunen.kotisivut.co\/?s={search_term_string}\"},\"query-input\":\"required name=search_term_string\"}],\"inLanguage\":\"en-GB\"}]}<\/script>\n<!-- \/ Yoast SEO plugin. -->","yoast_head_json":{"title":"Keune Climate Control -kosteussuojasuihke, 200 ml - Kinnunen","robots":{"index":"noindex","follow":"follow","max-snippet":"max-snippet:-1","max-image-preview":"max-image-preview:large","max-video-preview":"max-video-preview:-1"},"og_locale":"en_GB","og_type":"article","og_title":"Keune Climate Control -kosteussuojasuihke, 200 ml - Kinnunen","og_description":"Suihke suojaa hiuksia p\u00f6rr\u00f6isyydelt\u00e4 jopa 90 % kosteussuojalla. L\u00e4mp\u00f6suoja 230\u00b0C. Pito 0, kiilto 1.  K\u00e4ytt\u00f6: Suihkuta viimeisen\u00e4 tuotteena muotoilun j\u00e4lkeen 30 cm et\u00e4isyydelt\u00e4.","og_url":"https:\/\/kinnunen.kotisivut.co\/en\/product\/keune-climate-control-kosteussuojasuihke-200-ml\/","og_site_name":"Kinnunen","article_modified_time":"2025-12-12T14:41:56+00:00","og_image":[{"width":1000,"height":1000,"url":"https:\/\/kinnunen.kotisivut.co\/wp-content\/uploads\/2024\/08\/Keune_Style_Climate_Control_27465.jpg","type":"image\/jpeg"}],"twitter_card":"summary_large_image","schema":{"@context":"https:\/\/schema.org","@graph":[{"@type":"WebPage","@id":"https:\/\/kinnunen.kotisivut.co\/tuote\/keune-climate-control-kosteussuojasuihke-200-ml\/","url":"https:\/\/kinnunen.kotisivut.co\/tuote\/keune-climate-control-kosteussuojasuihke-200-ml\/","name":"Keune Climate Control -kosteussuojasuihke, 200 ml - Kinnunen","isPartOf":{"@id":"https:\/\/kinnunen.kotisivut.co\/#website"},"primaryImageOfPage":{"@id":"https:\/\/kinnunen.kotisivut.co\/tuote\/keune-climate-control-kosteussuojasuihke-200-ml\/#primaryimage"},"image":{"@id":"https:\/\/kinnunen.kotisivut.co\/tuote\/keune-climate-control-kosteussuojasuihke-200-ml\/#primaryimage"},"thumbnailUrl":"https:\/\/kinnunen.kotisivut.co\/wp-content\/uploads\/2024\/08\/Keune_Style_Climate_Control_27465.jpg","datePublished":"2024-08-20T09:19:43+00:00","dateModified":"2025-12-12T14:41:56+00:00","breadcrumb":{"@id":"https:\/\/kinnunen.kotisivut.co\/tuote\/keune-climate-control-kosteussuojasuihke-200-ml\/#breadcrumb"},"inLanguage":"en-GB","potentialAction":[{"@type":"ReadAction","target":["https:\/\/kinnunen.kotisivut.co\/tuote\/keune-climate-control-kosteussuojasuihke-200-ml\/"]}]},{"@type":"ImageObject","inLanguage":"en-GB","@id":"https:\/\/kinnunen.kotisivut.co\/tuote\/keune-climate-control-kosteussuojasuihke-200-ml\/#primaryimage","url":"https:\/\/kinnunen.kotisivut.co\/wp-content\/uploads\/2024\/08\/Keune_Style_Climate_Control_27465.jpg","contentUrl":"https:\/\/kinnunen.kotisivut.co\/wp-content\/uploads\/2024\/08\/Keune_Style_Climate_Control_27465.jpg","width":1000,"height":1000},{"@type":"BreadcrumbList","@id":"https:\/\/kinnunen.kotisivut.co\/tuote\/keune-climate-control-kosteussuojasuihke-200-ml\/#breadcrumb","itemListElement":[{"@type":"ListItem","position":1,"name":"Etusivu","item":"https:\/\/kinnunen.kotisivut.co\/"},{"@type":"ListItem","position":2,"name":"Kaikki tuotteet","item":"https:\/\/kinnunen.kotisivut.co\/kauppa\/"},{"@type":"ListItem","position":3,"name":"Hiuskosmetiikka","item":"https:\/\/kinnunen.kotisivut.co\/tuote-osasto\/hiuskosmetiikka\/"},{"@type":"ListItem","position":4,"name":"Keune Climate Control -kosteussuojasuihke, 200 ml"}]},{"@type":"WebSite","@id":"https:\/\/kinnunen.kotisivut.co\/#website","url":"https:\/\/kinnunen.kotisivut.co\/","name":"Kinnunen","description":"","potentialAction":[{"@type":"SearchAction","target":{"@type":"EntryPoint","urlTemplate":"https:\/\/kinnunen.kotisivut.co\/?s={search_term_string}"},"query-input":"required name=search_term_string"}],"inLanguage":"en-GB"}]}},"_links":{"self":[{"href":"https:\/\/kinnunen.kotisivut.co\/en\/wp-json\/wp\/v2\/product\/39026","targetHints":{"allow":["GET"]}}],"collection":[{"href":"https:\/\/kinnunen.kotisivut.co\/en\/wp-json\/wp\/v2\/product"}],"about":[{"href":"https:\/\/kinnunen.kotisivut.co\/en\/wp-json\/wp\/v2\/types\/product"}],"replies":[{"embeddable":true,"href":"https:\/\/kinnunen.kotisivut.co\/en\/wp-json\/wp\/v2\/comments?post=39026"}],"wp:featuredmedia":[{"embeddable":true,"href":"https:\/\/kinnunen.kotisivut.co\/en\/wp-json\/wp\/v2\/media\/38999"}],"wp:attachment":[{"href":"https:\/\/kinnunen.kotisivut.co\/en\/wp-json\/wp\/v2\/media?parent=39026"}],"wp:term":[{"taxonomy":"product_cat","embeddable":true,"href":"https:\/\/kinnunen.kotisivut.co\/en\/wp-json\/wp\/v2\/product_cat?post=39026"},{"taxonomy":"product_tag","embeddable":true,"href":"https:\/\/kinnunen.kotisivut.co\/en\/wp-json\/wp\/v2\/product_tag?post=39026"}],"curies":[{"name":"wp","href":"https:\/\/api.w.org\/{rel}","templated":true}]}}