

{"id":36931,"date":"2024-05-06T08:56:41","date_gmt":"2024-05-06T05:56:41","guid":{"rendered":"https:\/\/kinnunen.kotisivut.co\/?post_type=product&#038;p=36931"},"modified":"2025-12-05T15:45:10","modified_gmt":"2025-12-05T13:45:10","slug":"varikas-kukkakuviollinen-hiuspanta","status":"publish","type":"product","link":"https:\/\/kinnunen.kotisivut.co\/en\/product\/varikas-kukkakuviollinen-hiuspanta\/","title":{"rendered":"Colourful flower pattern hairband"},"content":{"rendered":"","protected":false},"excerpt":{"rendered":"<p>Wide, floral patterned satin hairband with a knot trim. Metallic collar covered with satin fabric. Width of the collar (metal) approx. 1 cm, width of the fabric approx. 7cm.<\/p>","protected":false},"featured_media":36433,"comment_status":"closed","ping_status":"closed","template":"","meta":{"_relevanssi_hide_post":"","_relevanssi_pin_for_all":"","_relevanssi_pin_keywords":"","_relevanssi_unpin_keywords":"","_relevanssi_related_keywords":"","_relevanssi_related_include_ids":"","_relevanssi_related_exclude_ids":"","_relevanssi_related_no_append":"","_relevanssi_related_not_related":"","_relevanssi_related_posts":"","_relevanssi_noindex_reason":""},"product_cat":[1762,1822,1825],"product_tag":[],"class_list":["post-36931","product","type-product","status-publish","has-post-thumbnail","hentry","product_cat-tarvikkeet","product_cat-kampaustarvikkeet","product_cat-oheistuotteet-kampaustarvikkeet","pa_vari-keltainen","pa_vari-roosa","pa_vari-vihrea","pa_vari-violetti","tuotemerkki-girardi"],"tuotemerkit":[{"term_id":2034,"name":"Girardi","slug":"girardi","term_group":0,"term_taxonomy_id":2034,"taxonomy":"tuotemerkki","description":"","parent":0,"count":10,"filter":"raw"}],"acf":[],"yoast_head":"<!-- This site is optimized with the Yoast SEO plugin v23.3 - https:\/\/yoast.com\/wordpress\/plugins\/seo\/ -->\n<title>V\u00e4rik\u00e4s kukkakuviollinen hiuspanta - Kinnunen<\/title>\n<meta name=\"robots\" content=\"noindex, follow, max-snippet:-1, max-image-preview:large, max-video-preview:-1\" \/>\n<meta property=\"og:locale\" content=\"en_GB\" \/>\n<meta property=\"og:type\" content=\"article\" \/>\n<meta property=\"og:title\" content=\"V\u00e4rik\u00e4s kukkakuviollinen hiuspanta - Kinnunen\" \/>\n<meta property=\"og:description\" content=\"Leve\u00e4, kukkakuvioitu satiininen hiuspanta, jossa solmukoriste. Metallipanta, joka p\u00e4\u00e4llystetty satiinikankaalla. Pannan leveys (metalli) n. 1 cm, kankaan leveys n. 7cm.\" \/>\n<meta property=\"og:url\" content=\"https:\/\/kinnunen.kotisivut.co\/en\/product\/varikas-kukkakuviollinen-hiuspanta\/\" \/>\n<meta property=\"og:site_name\" content=\"Kinnunen\" \/>\n<meta property=\"article:modified_time\" content=\"2025-12-05T13:45:10+00:00\" \/>\n<meta property=\"og:image\" content=\"https:\/\/kinnunen.kotisivut.co\/wp-content\/uploads\/2024\/04\/Hiuspanta_kukkakuvio_F070758_group.jpg\" \/>\n\t<meta property=\"og:image:width\" content=\"1500\" \/>\n\t<meta property=\"og:image:height\" content=\"1500\" \/>\n\t<meta property=\"og:image:type\" content=\"image\/jpeg\" \/>\n<meta name=\"twitter:card\" content=\"summary_large_image\" \/>\n<script type=\"application\/ld+json\" class=\"yoast-schema-graph\">{\"@context\":\"https:\/\/schema.org\",\"@graph\":[{\"@type\":\"WebPage\",\"@id\":\"https:\/\/kinnunen.kotisivut.co\/tuote\/varikas-kukkakuviollinen-hiuspanta\/\",\"url\":\"https:\/\/kinnunen.kotisivut.co\/tuote\/varikas-kukkakuviollinen-hiuspanta\/\",\"name\":\"V\u00e4rik\u00e4s kukkakuviollinen hiuspanta - Kinnunen\",\"isPartOf\":{\"@id\":\"https:\/\/kinnunen.kotisivut.co\/#website\"},\"primaryImageOfPage\":{\"@id\":\"https:\/\/kinnunen.kotisivut.co\/tuote\/varikas-kukkakuviollinen-hiuspanta\/#primaryimage\"},\"image\":{\"@id\":\"https:\/\/kinnunen.kotisivut.co\/tuote\/varikas-kukkakuviollinen-hiuspanta\/#primaryimage\"},\"thumbnailUrl\":\"https:\/\/kinnunen.kotisivut.co\/wp-content\/uploads\/2024\/04\/Hiuspanta_kukkakuvio_F070758_group.jpg\",\"datePublished\":\"2024-05-06T05:56:41+00:00\",\"dateModified\":\"2025-12-05T13:45:10+00:00\",\"breadcrumb\":{\"@id\":\"https:\/\/kinnunen.kotisivut.co\/tuote\/varikas-kukkakuviollinen-hiuspanta\/#breadcrumb\"},\"inLanguage\":\"en-GB\",\"potentialAction\":[{\"@type\":\"ReadAction\",\"target\":[\"https:\/\/kinnunen.kotisivut.co\/tuote\/varikas-kukkakuviollinen-hiuspanta\/\"]}]},{\"@type\":\"ImageObject\",\"inLanguage\":\"en-GB\",\"@id\":\"https:\/\/kinnunen.kotisivut.co\/tuote\/varikas-kukkakuviollinen-hiuspanta\/#primaryimage\",\"url\":\"https:\/\/kinnunen.kotisivut.co\/wp-content\/uploads\/2024\/04\/Hiuspanta_kukkakuvio_F070758_group.jpg\",\"contentUrl\":\"https:\/\/kinnunen.kotisivut.co\/wp-content\/uploads\/2024\/04\/Hiuspanta_kukkakuvio_F070758_group.jpg\",\"width\":1500,\"height\":1500,\"caption\":\"xr:d:DAF8BQwaGZ8:105,j:2955911564384697407,t:24040908\"},{\"@type\":\"BreadcrumbList\",\"@id\":\"https:\/\/kinnunen.kotisivut.co\/tuote\/varikas-kukkakuviollinen-hiuspanta\/#breadcrumb\",\"itemListElement\":[{\"@type\":\"ListItem\",\"position\":1,\"name\":\"Etusivu\",\"item\":\"https:\/\/kinnunen.kotisivut.co\/\"},{\"@type\":\"ListItem\",\"position\":2,\"name\":\"Kaikki tuotteet\",\"item\":\"https:\/\/kinnunen.kotisivut.co\/kauppa\/\"},{\"@type\":\"ListItem\",\"position\":3,\"name\":\"Tarvikkeet\",\"item\":\"https:\/\/kinnunen.kotisivut.co\/tuote-osasto\/tarvikkeet\/\"},{\"@type\":\"ListItem\",\"position\":4,\"name\":\"V\u00e4rik\u00e4s kukkakuviollinen hiuspanta\"}]},{\"@type\":\"WebSite\",\"@id\":\"https:\/\/kinnunen.kotisivut.co\/#website\",\"url\":\"https:\/\/kinnunen.kotisivut.co\/\",\"name\":\"Kinnunen\",\"description\":\"\",\"potentialAction\":[{\"@type\":\"SearchAction\",\"target\":{\"@type\":\"EntryPoint\",\"urlTemplate\":\"https:\/\/kinnunen.kotisivut.co\/?s={search_term_string}\"},\"query-input\":\"required name=search_term_string\"}],\"inLanguage\":\"en-GB\"}]}<\/script>\n<!-- \/ Yoast SEO plugin. -->","yoast_head_json":{"title":"V\u00e4rik\u00e4s kukkakuviollinen hiuspanta - Kinnunen","robots":{"index":"noindex","follow":"follow","max-snippet":"max-snippet:-1","max-image-preview":"max-image-preview:large","max-video-preview":"max-video-preview:-1"},"og_locale":"en_GB","og_type":"article","og_title":"V\u00e4rik\u00e4s kukkakuviollinen hiuspanta - Kinnunen","og_description":"Leve\u00e4, kukkakuvioitu satiininen hiuspanta, jossa solmukoriste. Metallipanta, joka p\u00e4\u00e4llystetty satiinikankaalla. Pannan leveys (metalli) n. 1 cm, kankaan leveys n. 7cm.","og_url":"https:\/\/kinnunen.kotisivut.co\/en\/product\/varikas-kukkakuviollinen-hiuspanta\/","og_site_name":"Kinnunen","article_modified_time":"2025-12-05T13:45:10+00:00","og_image":[{"width":1500,"height":1500,"url":"https:\/\/kinnunen.kotisivut.co\/wp-content\/uploads\/2024\/04\/Hiuspanta_kukkakuvio_F070758_group.jpg","type":"image\/jpeg"}],"twitter_card":"summary_large_image","schema":{"@context":"https:\/\/schema.org","@graph":[{"@type":"WebPage","@id":"https:\/\/kinnunen.kotisivut.co\/tuote\/varikas-kukkakuviollinen-hiuspanta\/","url":"https:\/\/kinnunen.kotisivut.co\/tuote\/varikas-kukkakuviollinen-hiuspanta\/","name":"V\u00e4rik\u00e4s kukkakuviollinen hiuspanta - Kinnunen","isPartOf":{"@id":"https:\/\/kinnunen.kotisivut.co\/#website"},"primaryImageOfPage":{"@id":"https:\/\/kinnunen.kotisivut.co\/tuote\/varikas-kukkakuviollinen-hiuspanta\/#primaryimage"},"image":{"@id":"https:\/\/kinnunen.kotisivut.co\/tuote\/varikas-kukkakuviollinen-hiuspanta\/#primaryimage"},"thumbnailUrl":"https:\/\/kinnunen.kotisivut.co\/wp-content\/uploads\/2024\/04\/Hiuspanta_kukkakuvio_F070758_group.jpg","datePublished":"2024-05-06T05:56:41+00:00","dateModified":"2025-12-05T13:45:10+00:00","breadcrumb":{"@id":"https:\/\/kinnunen.kotisivut.co\/tuote\/varikas-kukkakuviollinen-hiuspanta\/#breadcrumb"},"inLanguage":"en-GB","potentialAction":[{"@type":"ReadAction","target":["https:\/\/kinnunen.kotisivut.co\/tuote\/varikas-kukkakuviollinen-hiuspanta\/"]}]},{"@type":"ImageObject","inLanguage":"en-GB","@id":"https:\/\/kinnunen.kotisivut.co\/tuote\/varikas-kukkakuviollinen-hiuspanta\/#primaryimage","url":"https:\/\/kinnunen.kotisivut.co\/wp-content\/uploads\/2024\/04\/Hiuspanta_kukkakuvio_F070758_group.jpg","contentUrl":"https:\/\/kinnunen.kotisivut.co\/wp-content\/uploads\/2024\/04\/Hiuspanta_kukkakuvio_F070758_group.jpg","width":1500,"height":1500,"caption":"xr:d:DAF8BQwaGZ8:105,j:2955911564384697407,t:24040908"},{"@type":"BreadcrumbList","@id":"https:\/\/kinnunen.kotisivut.co\/tuote\/varikas-kukkakuviollinen-hiuspanta\/#breadcrumb","itemListElement":[{"@type":"ListItem","position":1,"name":"Etusivu","item":"https:\/\/kinnunen.kotisivut.co\/"},{"@type":"ListItem","position":2,"name":"Kaikki tuotteet","item":"https:\/\/kinnunen.kotisivut.co\/kauppa\/"},{"@type":"ListItem","position":3,"name":"Tarvikkeet","item":"https:\/\/kinnunen.kotisivut.co\/tuote-osasto\/tarvikkeet\/"},{"@type":"ListItem","position":4,"name":"V\u00e4rik\u00e4s kukkakuviollinen hiuspanta"}]},{"@type":"WebSite","@id":"https:\/\/kinnunen.kotisivut.co\/#website","url":"https:\/\/kinnunen.kotisivut.co\/","name":"Kinnunen","description":"","potentialAction":[{"@type":"SearchAction","target":{"@type":"EntryPoint","urlTemplate":"https:\/\/kinnunen.kotisivut.co\/?s={search_term_string}"},"query-input":"required name=search_term_string"}],"inLanguage":"en-GB"}]}},"_links":{"self":[{"href":"https:\/\/kinnunen.kotisivut.co\/en\/wp-json\/wp\/v2\/product\/36931","targetHints":{"allow":["GET"]}}],"collection":[{"href":"https:\/\/kinnunen.kotisivut.co\/en\/wp-json\/wp\/v2\/product"}],"about":[{"href":"https:\/\/kinnunen.kotisivut.co\/en\/wp-json\/wp\/v2\/types\/product"}],"replies":[{"embeddable":true,"href":"https:\/\/kinnunen.kotisivut.co\/en\/wp-json\/wp\/v2\/comments?post=36931"}],"wp:featuredmedia":[{"embeddable":true,"href":"https:\/\/kinnunen.kotisivut.co\/en\/wp-json\/wp\/v2\/media\/36433"}],"wp:attachment":[{"href":"https:\/\/kinnunen.kotisivut.co\/en\/wp-json\/wp\/v2\/media?parent=36931"}],"wp:term":[{"taxonomy":"product_cat","embeddable":true,"href":"https:\/\/kinnunen.kotisivut.co\/en\/wp-json\/wp\/v2\/product_cat?post=36931"},{"taxonomy":"product_tag","embeddable":true,"href":"https:\/\/kinnunen.kotisivut.co\/en\/wp-json\/wp\/v2\/product_tag?post=36931"}],"curies":[{"name":"wp","href":"https:\/\/api.w.org\/{rel}","templated":true}]}}