

{"id":36586,"date":"2024-04-25T10:14:55","date_gmt":"2024-04-25T07:14:55","guid":{"rendered":"https:\/\/kinnunen.kotisivut.co\/?post_type=product&#038;p=36586"},"modified":"2024-05-29T16:02:03","modified_gmt":"2024-05-29T13:02:03","slug":"natwash-super-relax-pesupaikka","status":"publish","type":"product","link":"https:\/\/kinnunen.kotisivut.co\/en\/product\/natwash-super-relax-pesupaikka\/","title":{"rendered":"Natwash Super Relax washing place"},"content":{"rendered":"<p>A stylish Natwash washbasin with standard features including a tilting white basin, almost reclining seat, your choice of wood finish and a basic finish (around 20 options). Made in Italy. Material and manufacturing defects guaranteed.<\/p>\n<p>Dimensions: height 91 cm, width 79 cm and depth 120 cm.<\/p>\n<p>CUSTOM-MADE PRODUCT: DELIVERY TIME 5 - 8 WEEKS<\/p>\n<p>Available accessories<br \/>\n- Thermostatic mixer<br \/>\n- aquastop<br \/>\n- Rubber neck support<br \/>\n- Black pool<\/p>","protected":false},"excerpt":{"rendered":"<p>Tyylik\u00e4s Natwash-pesupaikka, jonka vakiovarusteeseen kuuluu kallistuva valkoinen allas, l\u00e4hes makuuasentoon s\u00e4\u00e4dett\u00e4v\u00e4 istuinosa, valitsemasi puuviimeistely sek\u00e4 peruskuosi (vaihtoehtoja noin 20 kpl).&hellip;<\/p>","protected":false},"featured_media":36607,"comment_status":"open","ping_status":"closed","template":"","meta":{"_relevanssi_hide_post":"","_relevanssi_pin_for_all":"","_relevanssi_pin_keywords":"","_relevanssi_unpin_keywords":"","_relevanssi_related_keywords":"","_relevanssi_related_include_ids":"","_relevanssi_related_exclude_ids":"","_relevanssi_related_no_append":"","_relevanssi_related_not_related":"","_relevanssi_related_posts":"","_relevanssi_noindex_reason":""},"product_cat":[1838,1840],"product_tag":[],"class_list":["post-36586","product","type-product","status-publish","has-post-thumbnail","hentry","product_cat-kalusteet","product_cat-pesupaikat","tuotemerkki-agv-diffusion"],"tuotemerkit":[{"term_id":309,"name":"AGV Diffusion","slug":"agv-diffusion","term_group":0,"term_taxonomy_id":309,"taxonomy":"tuotemerkki","description":"","parent":0,"count":48,"filter":"raw"}],"acf":[],"yoast_head":"<!-- This site is optimized with the Yoast SEO plugin v23.3 - https:\/\/yoast.com\/wordpress\/plugins\/seo\/ -->\n<title>Natwash Super Relax -pesupaikka - Kinnunen<\/title>\n<meta name=\"description\" content=\"L\u00e4hes makuuasentoon s\u00e4\u00e4dett\u00e4v\u00e4 pesupaikka antaa asiakkaallesi \u00e4\u00e4rimm\u00e4isen miellytt\u00e4v\u00e4n palvelukokemuksen.\" \/>\n<meta name=\"robots\" content=\"noindex, follow, max-snippet:-1, max-image-preview:large, max-video-preview:-1\" \/>\n<meta property=\"og:locale\" content=\"en_GB\" \/>\n<meta property=\"og:type\" content=\"article\" \/>\n<meta property=\"og:title\" content=\"Natwash Super Relax -pesupaikka - Kinnunen\" \/>\n<meta property=\"og:description\" content=\"L\u00e4hes makuuasentoon s\u00e4\u00e4dett\u00e4v\u00e4 pesupaikka antaa asiakkaallesi \u00e4\u00e4rimm\u00e4isen miellytt\u00e4v\u00e4n palvelukokemuksen.\" \/>\n<meta property=\"og:url\" content=\"https:\/\/kinnunen.kotisivut.co\/en\/product\/natwash-super-relax-pesupaikka\/\" \/>\n<meta property=\"og:site_name\" content=\"Kinnunen\" \/>\n<meta property=\"article:modified_time\" content=\"2024-05-29T13:02:03+00:00\" \/>\n<meta property=\"og:image\" content=\"https:\/\/kinnunen.kotisivut.co\/wp-content\/uploads\/2024\/04\/Lavaggio-Natwash-2.jpg\" \/>\n\t<meta property=\"og:image:width\" content=\"1000\" \/>\n\t<meta property=\"og:image:height\" content=\"1000\" \/>\n\t<meta property=\"og:image:type\" content=\"image\/jpeg\" \/>\n<meta name=\"twitter:card\" content=\"summary_large_image\" \/>\n<script type=\"application\/ld+json\" class=\"yoast-schema-graph\">{\"@context\":\"https:\/\/schema.org\",\"@graph\":[{\"@type\":\"WebPage\",\"@id\":\"https:\/\/kinnunen.kotisivut.co\/tuote\/natwash-super-relax-pesupaikka\/\",\"url\":\"https:\/\/kinnunen.kotisivut.co\/tuote\/natwash-super-relax-pesupaikka\/\",\"name\":\"Natwash Super Relax -pesupaikka - Kinnunen\",\"isPartOf\":{\"@id\":\"https:\/\/kinnunen.kotisivut.co\/#website\"},\"primaryImageOfPage\":{\"@id\":\"https:\/\/kinnunen.kotisivut.co\/tuote\/natwash-super-relax-pesupaikka\/#primaryimage\"},\"image\":{\"@id\":\"https:\/\/kinnunen.kotisivut.co\/tuote\/natwash-super-relax-pesupaikka\/#primaryimage\"},\"thumbnailUrl\":\"https:\/\/kinnunen.kotisivut.co\/wp-content\/uploads\/2024\/04\/Lavaggio-Natwash-2.jpg\",\"datePublished\":\"2024-04-25T07:14:55+00:00\",\"dateModified\":\"2024-05-29T13:02:03+00:00\",\"description\":\"L\u00e4hes makuuasentoon s\u00e4\u00e4dett\u00e4v\u00e4 pesupaikka antaa asiakkaallesi \u00e4\u00e4rimm\u00e4isen miellytt\u00e4v\u00e4n palvelukokemuksen.\",\"breadcrumb\":{\"@id\":\"https:\/\/kinnunen.kotisivut.co\/tuote\/natwash-super-relax-pesupaikka\/#breadcrumb\"},\"inLanguage\":\"en-GB\",\"potentialAction\":[{\"@type\":\"ReadAction\",\"target\":[\"https:\/\/kinnunen.kotisivut.co\/tuote\/natwash-super-relax-pesupaikka\/\"]}]},{\"@type\":\"ImageObject\",\"inLanguage\":\"en-GB\",\"@id\":\"https:\/\/kinnunen.kotisivut.co\/tuote\/natwash-super-relax-pesupaikka\/#primaryimage\",\"url\":\"https:\/\/kinnunen.kotisivut.co\/wp-content\/uploads\/2024\/04\/Lavaggio-Natwash-2.jpg\",\"contentUrl\":\"https:\/\/kinnunen.kotisivut.co\/wp-content\/uploads\/2024\/04\/Lavaggio-Natwash-2.jpg\",\"width\":1000,\"height\":1000},{\"@type\":\"BreadcrumbList\",\"@id\":\"https:\/\/kinnunen.kotisivut.co\/tuote\/natwash-super-relax-pesupaikka\/#breadcrumb\",\"itemListElement\":[{\"@type\":\"ListItem\",\"position\":1,\"name\":\"Etusivu\",\"item\":\"https:\/\/kinnunen.kotisivut.co\/\"},{\"@type\":\"ListItem\",\"position\":2,\"name\":\"Kaikki tuotteet\",\"item\":\"https:\/\/kinnunen.kotisivut.co\/kauppa\/\"},{\"@type\":\"ListItem\",\"position\":3,\"name\":\"Kalusteet\",\"item\":\"https:\/\/kinnunen.kotisivut.co\/tuote-osasto\/kalusteet\/\"},{\"@type\":\"ListItem\",\"position\":4,\"name\":\"Natwash Super Relax -pesupaikka\"}]},{\"@type\":\"WebSite\",\"@id\":\"https:\/\/kinnunen.kotisivut.co\/#website\",\"url\":\"https:\/\/kinnunen.kotisivut.co\/\",\"name\":\"Kinnunen\",\"description\":\"\",\"potentialAction\":[{\"@type\":\"SearchAction\",\"target\":{\"@type\":\"EntryPoint\",\"urlTemplate\":\"https:\/\/kinnunen.kotisivut.co\/?s={search_term_string}\"},\"query-input\":\"required name=search_term_string\"}],\"inLanguage\":\"en-GB\"}]}<\/script>\n<!-- \/ Yoast SEO plugin. -->","yoast_head_json":{"title":"Natwash Super Relax -pesupaikka - Kinnunen","description":"L\u00e4hes makuuasentoon s\u00e4\u00e4dett\u00e4v\u00e4 pesupaikka antaa asiakkaallesi \u00e4\u00e4rimm\u00e4isen miellytt\u00e4v\u00e4n palvelukokemuksen.","robots":{"index":"noindex","follow":"follow","max-snippet":"max-snippet:-1","max-image-preview":"max-image-preview:large","max-video-preview":"max-video-preview:-1"},"og_locale":"en_GB","og_type":"article","og_title":"Natwash Super Relax -pesupaikka - Kinnunen","og_description":"L\u00e4hes makuuasentoon s\u00e4\u00e4dett\u00e4v\u00e4 pesupaikka antaa asiakkaallesi \u00e4\u00e4rimm\u00e4isen miellytt\u00e4v\u00e4n palvelukokemuksen.","og_url":"https:\/\/kinnunen.kotisivut.co\/en\/product\/natwash-super-relax-pesupaikka\/","og_site_name":"Kinnunen","article_modified_time":"2024-05-29T13:02:03+00:00","og_image":[{"width":1000,"height":1000,"url":"https:\/\/kinnunen.kotisivut.co\/wp-content\/uploads\/2024\/04\/Lavaggio-Natwash-2.jpg","type":"image\/jpeg"}],"twitter_card":"summary_large_image","schema":{"@context":"https:\/\/schema.org","@graph":[{"@type":"WebPage","@id":"https:\/\/kinnunen.kotisivut.co\/tuote\/natwash-super-relax-pesupaikka\/","url":"https:\/\/kinnunen.kotisivut.co\/tuote\/natwash-super-relax-pesupaikka\/","name":"Natwash Super Relax -pesupaikka - Kinnunen","isPartOf":{"@id":"https:\/\/kinnunen.kotisivut.co\/#website"},"primaryImageOfPage":{"@id":"https:\/\/kinnunen.kotisivut.co\/tuote\/natwash-super-relax-pesupaikka\/#primaryimage"},"image":{"@id":"https:\/\/kinnunen.kotisivut.co\/tuote\/natwash-super-relax-pesupaikka\/#primaryimage"},"thumbnailUrl":"https:\/\/kinnunen.kotisivut.co\/wp-content\/uploads\/2024\/04\/Lavaggio-Natwash-2.jpg","datePublished":"2024-04-25T07:14:55+00:00","dateModified":"2024-05-29T13:02:03+00:00","description":"L\u00e4hes makuuasentoon s\u00e4\u00e4dett\u00e4v\u00e4 pesupaikka antaa asiakkaallesi \u00e4\u00e4rimm\u00e4isen miellytt\u00e4v\u00e4n palvelukokemuksen.","breadcrumb":{"@id":"https:\/\/kinnunen.kotisivut.co\/tuote\/natwash-super-relax-pesupaikka\/#breadcrumb"},"inLanguage":"en-GB","potentialAction":[{"@type":"ReadAction","target":["https:\/\/kinnunen.kotisivut.co\/tuote\/natwash-super-relax-pesupaikka\/"]}]},{"@type":"ImageObject","inLanguage":"en-GB","@id":"https:\/\/kinnunen.kotisivut.co\/tuote\/natwash-super-relax-pesupaikka\/#primaryimage","url":"https:\/\/kinnunen.kotisivut.co\/wp-content\/uploads\/2024\/04\/Lavaggio-Natwash-2.jpg","contentUrl":"https:\/\/kinnunen.kotisivut.co\/wp-content\/uploads\/2024\/04\/Lavaggio-Natwash-2.jpg","width":1000,"height":1000},{"@type":"BreadcrumbList","@id":"https:\/\/kinnunen.kotisivut.co\/tuote\/natwash-super-relax-pesupaikka\/#breadcrumb","itemListElement":[{"@type":"ListItem","position":1,"name":"Etusivu","item":"https:\/\/kinnunen.kotisivut.co\/"},{"@type":"ListItem","position":2,"name":"Kaikki tuotteet","item":"https:\/\/kinnunen.kotisivut.co\/kauppa\/"},{"@type":"ListItem","position":3,"name":"Kalusteet","item":"https:\/\/kinnunen.kotisivut.co\/tuote-osasto\/kalusteet\/"},{"@type":"ListItem","position":4,"name":"Natwash Super Relax -pesupaikka"}]},{"@type":"WebSite","@id":"https:\/\/kinnunen.kotisivut.co\/#website","url":"https:\/\/kinnunen.kotisivut.co\/","name":"Kinnunen","description":"","potentialAction":[{"@type":"SearchAction","target":{"@type":"EntryPoint","urlTemplate":"https:\/\/kinnunen.kotisivut.co\/?s={search_term_string}"},"query-input":"required name=search_term_string"}],"inLanguage":"en-GB"}]}},"_links":{"self":[{"href":"https:\/\/kinnunen.kotisivut.co\/en\/wp-json\/wp\/v2\/product\/36586","targetHints":{"allow":["GET"]}}],"collection":[{"href":"https:\/\/kinnunen.kotisivut.co\/en\/wp-json\/wp\/v2\/product"}],"about":[{"href":"https:\/\/kinnunen.kotisivut.co\/en\/wp-json\/wp\/v2\/types\/product"}],"replies":[{"embeddable":true,"href":"https:\/\/kinnunen.kotisivut.co\/en\/wp-json\/wp\/v2\/comments?post=36586"}],"wp:featuredmedia":[{"embeddable":true,"href":"https:\/\/kinnunen.kotisivut.co\/en\/wp-json\/wp\/v2\/media\/36607"}],"wp:attachment":[{"href":"https:\/\/kinnunen.kotisivut.co\/en\/wp-json\/wp\/v2\/media?parent=36586"}],"wp:term":[{"taxonomy":"product_cat","embeddable":true,"href":"https:\/\/kinnunen.kotisivut.co\/en\/wp-json\/wp\/v2\/product_cat?post=36586"},{"taxonomy":"product_tag","embeddable":true,"href":"https:\/\/kinnunen.kotisivut.co\/en\/wp-json\/wp\/v2\/product_tag?post=36586"}],"curies":[{"name":"wp","href":"https:\/\/api.w.org\/{rel}","templated":true}]}}