

{"id":36579,"date":"2024-04-25T10:14:54","date_gmt":"2024-04-25T07:14:54","guid":{"rendered":"https:\/\/kinnunen.kotisivut.co\/?post_type=product&#038;p=36579"},"modified":"2024-05-29T16:02:38","modified_gmt":"2024-05-29T13:02:38","slug":"dea-kampaamotuoli","status":"publish","type":"product","link":"https:\/\/kinnunen.kotisivut.co\/en\/product\/dea-kampaamotuoli\/","title":{"rendered":"Dea -combing chair"},"content":{"rendered":"","protected":false},"excerpt":{"rendered":"<p>Timeless salon chair with stylish metal handles. The price includes your choice of basic hairstyle (approx. 20 options). Country of manufacture: Italy. Made in Italy.<\/p>\n<p>Dimensions: width 63 cm, depth 60cm and seat height adjustment 44 - 58 cm.<br \/>\nThe height of the seat is measured at the junction of the seat and the backrest.<\/p>\n<p><strong>MADE-TO-ORDER PRODUCT, DELIVERY TIME 5 - 8 WEEKS<\/strong><\/p>\n<p>Available accessories:<br \/>\n- Chromed footrest<br \/>\n- Special size or combination of two designs<\/p>","protected":false},"featured_media":36623,"comment_status":"open","ping_status":"closed","template":"","meta":{"_relevanssi_hide_post":"","_relevanssi_pin_for_all":"","_relevanssi_pin_keywords":"","_relevanssi_unpin_keywords":"","_relevanssi_related_keywords":"","_relevanssi_related_include_ids":"","_relevanssi_related_exclude_ids":"","_relevanssi_related_no_append":"","_relevanssi_related_not_related":"","_relevanssi_related_posts":"","_relevanssi_noindex_reason":""},"product_cat":[1838,1841],"product_tag":[],"class_list":["post-36579","product","type-product","status-publish","has-post-thumbnail","hentry","product_cat-kalusteet","product_cat-kampaamotuolit","pa_malli-b53-alumiininen-tahtijalka-lukittava-hydraulinen-pumppu","pa_malli-b83-muovinen-tahtijalka-lukittava-hydraulinen-pumppu","pa_malli-p09-neliojalka-matta-lukittava-hydraulinen-pumppu","pa_malli-p10-kiekkojalka-kiiltava-lukittava-hydraulinen-pumppu","pa_malli-p14-kiekkojalka-matta-lukittava-hydraulinen-pumppu","tuotemerkki-agv-diffusion"],"tuotemerkit":[{"term_id":309,"name":"AGV Diffusion","slug":"agv-diffusion","term_group":0,"term_taxonomy_id":309,"taxonomy":"tuotemerkki","description":"","parent":0,"count":48,"filter":"raw"}],"acf":[],"yoast_head":"<!-- This site is optimized with the Yoast SEO plugin v23.3 - https:\/\/yoast.com\/wordpress\/plugins\/seo\/ -->\n<title>Dea -kampaamotuoli - Kinnunen<\/title>\n<meta name=\"robots\" content=\"noindex, follow, max-snippet:-1, max-image-preview:large, max-video-preview:-1\" \/>\n<meta property=\"og:locale\" content=\"en_GB\" \/>\n<meta property=\"og:type\" content=\"article\" \/>\n<meta property=\"og:title\" content=\"Dea -kampaamotuoli - Kinnunen\" \/>\n<meta property=\"og:description\" content=\"Ajaton kampaamotuoli, jossa on tyylikk\u00e4\u00e4t metalliset k\u00e4densijat. Hintaan sis\u00e4ltyy valitsemasi peruskuosi (n. 20 vaihtoehtoa). Valmistusmaa: Italia. Valmistusvirhe ja materiaalitakuu.  Mitat: Leveys 63 cm, syvyys 60cm ja istuinkorkeuden s\u00e4\u00e4t\u00f6 44 - 58 cm. Istuimen korkeus mitataan istuimen sek\u00e4 selk\u00e4nojan yhtym\u00e4kohdasta.  TILAUSTUOTE, TOIMITUSAIKA 5 - 8 VIIKKOA  Saatavilla olevat lis\u00e4varusteet: - Kromattu jalkatuki - Erikoiskuosi tai kahden kuosin yhdistelm\u00e4\" \/>\n<meta property=\"og:url\" content=\"https:\/\/kinnunen.kotisivut.co\/en\/product\/dea-kampaamotuoli\/\" \/>\n<meta property=\"og:site_name\" content=\"Kinnunen\" \/>\n<meta property=\"article:modified_time\" content=\"2024-05-29T13:02:38+00:00\" \/>\n<meta property=\"og:image\" content=\"https:\/\/kinnunen.kotisivut.co\/wp-content\/uploads\/2024\/04\/Poltrona_DEA_01.jpg\" \/>\n\t<meta property=\"og:image:width\" content=\"1000\" \/>\n\t<meta property=\"og:image:height\" content=\"1000\" \/>\n\t<meta property=\"og:image:type\" content=\"image\/jpeg\" \/>\n<meta name=\"twitter:card\" content=\"summary_large_image\" \/>\n<script type=\"application\/ld+json\" class=\"yoast-schema-graph\">{\"@context\":\"https:\/\/schema.org\",\"@graph\":[{\"@type\":\"WebPage\",\"@id\":\"https:\/\/kinnunen.kotisivut.co\/tuote\/dea-kampaamotuoli\/\",\"url\":\"https:\/\/kinnunen.kotisivut.co\/tuote\/dea-kampaamotuoli\/\",\"name\":\"Dea -kampaamotuoli - Kinnunen\",\"isPartOf\":{\"@id\":\"https:\/\/kinnunen.kotisivut.co\/#website\"},\"primaryImageOfPage\":{\"@id\":\"https:\/\/kinnunen.kotisivut.co\/tuote\/dea-kampaamotuoli\/#primaryimage\"},\"image\":{\"@id\":\"https:\/\/kinnunen.kotisivut.co\/tuote\/dea-kampaamotuoli\/#primaryimage\"},\"thumbnailUrl\":\"https:\/\/kinnunen.kotisivut.co\/wp-content\/uploads\/2024\/04\/Poltrona_DEA_01.jpg\",\"datePublished\":\"2024-04-25T07:14:54+00:00\",\"dateModified\":\"2024-05-29T13:02:38+00:00\",\"breadcrumb\":{\"@id\":\"https:\/\/kinnunen.kotisivut.co\/tuote\/dea-kampaamotuoli\/#breadcrumb\"},\"inLanguage\":\"en-GB\",\"potentialAction\":[{\"@type\":\"ReadAction\",\"target\":[\"https:\/\/kinnunen.kotisivut.co\/tuote\/dea-kampaamotuoli\/\"]}]},{\"@type\":\"ImageObject\",\"inLanguage\":\"en-GB\",\"@id\":\"https:\/\/kinnunen.kotisivut.co\/tuote\/dea-kampaamotuoli\/#primaryimage\",\"url\":\"https:\/\/kinnunen.kotisivut.co\/wp-content\/uploads\/2024\/04\/Poltrona_DEA_01.jpg\",\"contentUrl\":\"https:\/\/kinnunen.kotisivut.co\/wp-content\/uploads\/2024\/04\/Poltrona_DEA_01.jpg\",\"width\":1000,\"height\":1000},{\"@type\":\"BreadcrumbList\",\"@id\":\"https:\/\/kinnunen.kotisivut.co\/tuote\/dea-kampaamotuoli\/#breadcrumb\",\"itemListElement\":[{\"@type\":\"ListItem\",\"position\":1,\"name\":\"Etusivu\",\"item\":\"https:\/\/kinnunen.kotisivut.co\/\"},{\"@type\":\"ListItem\",\"position\":2,\"name\":\"Kaikki tuotteet\",\"item\":\"https:\/\/kinnunen.kotisivut.co\/kauppa\/\"},{\"@type\":\"ListItem\",\"position\":3,\"name\":\"Kalusteet\",\"item\":\"https:\/\/kinnunen.kotisivut.co\/tuote-osasto\/kalusteet\/\"},{\"@type\":\"ListItem\",\"position\":4,\"name\":\"Dea -kampaamotuoli\"}]},{\"@type\":\"WebSite\",\"@id\":\"https:\/\/kinnunen.kotisivut.co\/#website\",\"url\":\"https:\/\/kinnunen.kotisivut.co\/\",\"name\":\"Kinnunen\",\"description\":\"\",\"potentialAction\":[{\"@type\":\"SearchAction\",\"target\":{\"@type\":\"EntryPoint\",\"urlTemplate\":\"https:\/\/kinnunen.kotisivut.co\/?s={search_term_string}\"},\"query-input\":\"required name=search_term_string\"}],\"inLanguage\":\"en-GB\"}]}<\/script>\n<!-- \/ Yoast SEO plugin. -->","yoast_head_json":{"title":"Dea -kampaamotuoli - Kinnunen","robots":{"index":"noindex","follow":"follow","max-snippet":"max-snippet:-1","max-image-preview":"max-image-preview:large","max-video-preview":"max-video-preview:-1"},"og_locale":"en_GB","og_type":"article","og_title":"Dea -kampaamotuoli - Kinnunen","og_description":"Ajaton kampaamotuoli, jossa on tyylikk\u00e4\u00e4t metalliset k\u00e4densijat. Hintaan sis\u00e4ltyy valitsemasi peruskuosi (n. 20 vaihtoehtoa). Valmistusmaa: Italia. Valmistusvirhe ja materiaalitakuu.  Mitat: Leveys 63 cm, syvyys 60cm ja istuinkorkeuden s\u00e4\u00e4t\u00f6 44 - 58 cm. Istuimen korkeus mitataan istuimen sek\u00e4 selk\u00e4nojan yhtym\u00e4kohdasta.  TILAUSTUOTE, TOIMITUSAIKA 5 - 8 VIIKKOA  Saatavilla olevat lis\u00e4varusteet: - Kromattu jalkatuki - Erikoiskuosi tai kahden kuosin yhdistelm\u00e4","og_url":"https:\/\/kinnunen.kotisivut.co\/en\/product\/dea-kampaamotuoli\/","og_site_name":"Kinnunen","article_modified_time":"2024-05-29T13:02:38+00:00","og_image":[{"width":1000,"height":1000,"url":"https:\/\/kinnunen.kotisivut.co\/wp-content\/uploads\/2024\/04\/Poltrona_DEA_01.jpg","type":"image\/jpeg"}],"twitter_card":"summary_large_image","schema":{"@context":"https:\/\/schema.org","@graph":[{"@type":"WebPage","@id":"https:\/\/kinnunen.kotisivut.co\/tuote\/dea-kampaamotuoli\/","url":"https:\/\/kinnunen.kotisivut.co\/tuote\/dea-kampaamotuoli\/","name":"Dea -kampaamotuoli - Kinnunen","isPartOf":{"@id":"https:\/\/kinnunen.kotisivut.co\/#website"},"primaryImageOfPage":{"@id":"https:\/\/kinnunen.kotisivut.co\/tuote\/dea-kampaamotuoli\/#primaryimage"},"image":{"@id":"https:\/\/kinnunen.kotisivut.co\/tuote\/dea-kampaamotuoli\/#primaryimage"},"thumbnailUrl":"https:\/\/kinnunen.kotisivut.co\/wp-content\/uploads\/2024\/04\/Poltrona_DEA_01.jpg","datePublished":"2024-04-25T07:14:54+00:00","dateModified":"2024-05-29T13:02:38+00:00","breadcrumb":{"@id":"https:\/\/kinnunen.kotisivut.co\/tuote\/dea-kampaamotuoli\/#breadcrumb"},"inLanguage":"en-GB","potentialAction":[{"@type":"ReadAction","target":["https:\/\/kinnunen.kotisivut.co\/tuote\/dea-kampaamotuoli\/"]}]},{"@type":"ImageObject","inLanguage":"en-GB","@id":"https:\/\/kinnunen.kotisivut.co\/tuote\/dea-kampaamotuoli\/#primaryimage","url":"https:\/\/kinnunen.kotisivut.co\/wp-content\/uploads\/2024\/04\/Poltrona_DEA_01.jpg","contentUrl":"https:\/\/kinnunen.kotisivut.co\/wp-content\/uploads\/2024\/04\/Poltrona_DEA_01.jpg","width":1000,"height":1000},{"@type":"BreadcrumbList","@id":"https:\/\/kinnunen.kotisivut.co\/tuote\/dea-kampaamotuoli\/#breadcrumb","itemListElement":[{"@type":"ListItem","position":1,"name":"Etusivu","item":"https:\/\/kinnunen.kotisivut.co\/"},{"@type":"ListItem","position":2,"name":"Kaikki tuotteet","item":"https:\/\/kinnunen.kotisivut.co\/kauppa\/"},{"@type":"ListItem","position":3,"name":"Kalusteet","item":"https:\/\/kinnunen.kotisivut.co\/tuote-osasto\/kalusteet\/"},{"@type":"ListItem","position":4,"name":"Dea -kampaamotuoli"}]},{"@type":"WebSite","@id":"https:\/\/kinnunen.kotisivut.co\/#website","url":"https:\/\/kinnunen.kotisivut.co\/","name":"Kinnunen","description":"","potentialAction":[{"@type":"SearchAction","target":{"@type":"EntryPoint","urlTemplate":"https:\/\/kinnunen.kotisivut.co\/?s={search_term_string}"},"query-input":"required name=search_term_string"}],"inLanguage":"en-GB"}]}},"_links":{"self":[{"href":"https:\/\/kinnunen.kotisivut.co\/en\/wp-json\/wp\/v2\/product\/36579","targetHints":{"allow":["GET"]}}],"collection":[{"href":"https:\/\/kinnunen.kotisivut.co\/en\/wp-json\/wp\/v2\/product"}],"about":[{"href":"https:\/\/kinnunen.kotisivut.co\/en\/wp-json\/wp\/v2\/types\/product"}],"replies":[{"embeddable":true,"href":"https:\/\/kinnunen.kotisivut.co\/en\/wp-json\/wp\/v2\/comments?post=36579"}],"wp:featuredmedia":[{"embeddable":true,"href":"https:\/\/kinnunen.kotisivut.co\/en\/wp-json\/wp\/v2\/media\/36623"}],"wp:attachment":[{"href":"https:\/\/kinnunen.kotisivut.co\/en\/wp-json\/wp\/v2\/media?parent=36579"}],"wp:term":[{"taxonomy":"product_cat","embeddable":true,"href":"https:\/\/kinnunen.kotisivut.co\/en\/wp-json\/wp\/v2\/product_cat?post=36579"},{"taxonomy":"product_tag","embeddable":true,"href":"https:\/\/kinnunen.kotisivut.co\/en\/wp-json\/wp\/v2\/product_tag?post=36579"}],"curies":[{"name":"wp","href":"https:\/\/api.w.org\/{rel}","templated":true}]}}