

{"id":36570,"date":"2024-04-25T10:14:52","date_gmt":"2024-04-25T07:14:52","guid":{"rendered":"https:\/\/kinnunen.kotisivut.co\/?post_type=product&#038;p=36570"},"modified":"2024-05-29T16:02:53","modified_gmt":"2024-05-29T13:02:53","slug":"vivian-kampaamotuoli","status":"publish","type":"product","link":"https:\/\/kinnunen.kotisivut.co\/en\/product\/vivian-kampaamotuoli\/","title":{"rendered":"Vivian salon chair"},"content":{"rendered":"","protected":false},"excerpt":{"rendered":"<p>A timeless salon chair for which you choose from a wide range of patterns. The handles of the chair are padded. Made in Italy. Material and manufacturing defects guaranteed.<\/p>\n<p>Dimensions: width 60 cm, depth 60 cm, seat height adjustment 44 - 59 cm.<br \/>\nNote! The seat height is measured at the point where the seat meets the backrest.<\/p>\n<p><strong>SUBSCRIPTION, delivery time 5 - 8 weeks.<\/strong><\/p>\n<p>Available accessories:<br \/>\n- Chrome footrest<br \/>\n- Special size or combination of two designs<br \/>\n- Matte black or gold foot (P14 disc foot only)<\/p>","protected":false},"featured_media":36629,"comment_status":"open","ping_status":"closed","template":"","meta":{"_relevanssi_hide_post":"","_relevanssi_pin_for_all":"","_relevanssi_pin_keywords":"","_relevanssi_unpin_keywords":"","_relevanssi_related_keywords":"","_relevanssi_related_include_ids":"","_relevanssi_related_exclude_ids":"","_relevanssi_related_no_append":"","_relevanssi_related_not_related":"","_relevanssi_related_posts":"","_relevanssi_noindex_reason":""},"product_cat":[1838,1841],"product_tag":[],"class_list":["post-36570","product","type-product","status-publish","has-post-thumbnail","hentry","product_cat-kalusteet","product_cat-kampaamotuolit","pa_malli-b53-alumiininen-tahtijalka-lukittava-hydraulinen-pumppu","pa_malli-b83-muovinen-tahtijalka-lukittava-hydraulinen-pumppu","pa_malli-p09-neliojalka-matta-lukittava-hydraulinen-pumppu","pa_malli-p10-kiekkojalka-kiiltava-lukittava-hydraulinen-pumppu","pa_malli-p14-kiekkojalka-matta-lukittava-hydraulinen-pumppu","tuotemerkki-agv-diffusion"],"tuotemerkit":[{"term_id":309,"name":"AGV Diffusion","slug":"agv-diffusion","term_group":0,"term_taxonomy_id":309,"taxonomy":"tuotemerkki","description":"","parent":0,"count":48,"filter":"raw"}],"acf":[],"yoast_head":"<!-- This site is optimized with the Yoast SEO plugin v23.3 - https:\/\/yoast.com\/wordpress\/plugins\/seo\/ -->\n<title>Vivian-kampaamotuoli - Kinnunen<\/title>\n<meta name=\"robots\" content=\"noindex, follow, max-snippet:-1, max-image-preview:large, max-video-preview:-1\" \/>\n<meta property=\"og:locale\" content=\"en_GB\" \/>\n<meta property=\"og:type\" content=\"article\" \/>\n<meta property=\"og:title\" content=\"Vivian-kampaamotuoli - Kinnunen\" \/>\n<meta property=\"og:description\" content=\"Ajaton kampaamotuoli, johon valitset kuosin laajasta valikoimasta. Tuolin k\u00e4densijoissa pehmusteet. Valmistusmaa Italia. Materiaali- ja valmistusvirhetakuu.  Mitat: Leveys 60 cm, syvyys 60 cm, istuinkorkeuden s\u00e4\u00e4t\u00f6 44 - 59 cm. Huom! Istuinkorkeus mitataan istuimen ja selk\u00e4nojan yhtym\u00e4kohdasta.  TILAUSTUOTE, toimitusaika 5 - 8 viikkoa.  Saatavilla olevat lis\u00e4varusteet: - Krominen jalkatuki - Erikoiskuosi tai kahden kuosin yhdistelm\u00e4 - Matta musta tai kultainen jalka (Vain P14 kiekkojalka)\" \/>\n<meta property=\"og:url\" content=\"https:\/\/kinnunen.kotisivut.co\/en\/product\/vivian-kampaamotuoli\/\" \/>\n<meta property=\"og:site_name\" content=\"Kinnunen\" \/>\n<meta property=\"article:modified_time\" content=\"2024-05-29T13:02:53+00:00\" \/>\n<meta property=\"og:image\" content=\"https:\/\/kinnunen.kotisivut.co\/wp-content\/uploads\/2024\/04\/Poltrona_VIVIAN_02.jpg\" \/>\n\t<meta property=\"og:image:width\" content=\"1000\" \/>\n\t<meta property=\"og:image:height\" content=\"1000\" \/>\n\t<meta property=\"og:image:type\" content=\"image\/jpeg\" \/>\n<meta name=\"twitter:card\" content=\"summary_large_image\" \/>\n<script type=\"application\/ld+json\" class=\"yoast-schema-graph\">{\"@context\":\"https:\/\/schema.org\",\"@graph\":[{\"@type\":\"WebPage\",\"@id\":\"https:\/\/kinnunen.kotisivut.co\/tuote\/vivian-kampaamotuoli\/\",\"url\":\"https:\/\/kinnunen.kotisivut.co\/tuote\/vivian-kampaamotuoli\/\",\"name\":\"Vivian-kampaamotuoli - Kinnunen\",\"isPartOf\":{\"@id\":\"https:\/\/kinnunen.kotisivut.co\/#website\"},\"primaryImageOfPage\":{\"@id\":\"https:\/\/kinnunen.kotisivut.co\/tuote\/vivian-kampaamotuoli\/#primaryimage\"},\"image\":{\"@id\":\"https:\/\/kinnunen.kotisivut.co\/tuote\/vivian-kampaamotuoli\/#primaryimage\"},\"thumbnailUrl\":\"https:\/\/kinnunen.kotisivut.co\/wp-content\/uploads\/2024\/04\/Poltrona_VIVIAN_02.jpg\",\"datePublished\":\"2024-04-25T07:14:52+00:00\",\"dateModified\":\"2024-05-29T13:02:53+00:00\",\"breadcrumb\":{\"@id\":\"https:\/\/kinnunen.kotisivut.co\/tuote\/vivian-kampaamotuoli\/#breadcrumb\"},\"inLanguage\":\"en-GB\",\"potentialAction\":[{\"@type\":\"ReadAction\",\"target\":[\"https:\/\/kinnunen.kotisivut.co\/tuote\/vivian-kampaamotuoli\/\"]}]},{\"@type\":\"ImageObject\",\"inLanguage\":\"en-GB\",\"@id\":\"https:\/\/kinnunen.kotisivut.co\/tuote\/vivian-kampaamotuoli\/#primaryimage\",\"url\":\"https:\/\/kinnunen.kotisivut.co\/wp-content\/uploads\/2024\/04\/Poltrona_VIVIAN_02.jpg\",\"contentUrl\":\"https:\/\/kinnunen.kotisivut.co\/wp-content\/uploads\/2024\/04\/Poltrona_VIVIAN_02.jpg\",\"width\":1000,\"height\":1000},{\"@type\":\"BreadcrumbList\",\"@id\":\"https:\/\/kinnunen.kotisivut.co\/tuote\/vivian-kampaamotuoli\/#breadcrumb\",\"itemListElement\":[{\"@type\":\"ListItem\",\"position\":1,\"name\":\"Etusivu\",\"item\":\"https:\/\/kinnunen.kotisivut.co\/\"},{\"@type\":\"ListItem\",\"position\":2,\"name\":\"Kaikki tuotteet\",\"item\":\"https:\/\/kinnunen.kotisivut.co\/kauppa\/\"},{\"@type\":\"ListItem\",\"position\":3,\"name\":\"Kalusteet\",\"item\":\"https:\/\/kinnunen.kotisivut.co\/tuote-osasto\/kalusteet\/\"},{\"@type\":\"ListItem\",\"position\":4,\"name\":\"Vivian-kampaamotuoli\"}]},{\"@type\":\"WebSite\",\"@id\":\"https:\/\/kinnunen.kotisivut.co\/#website\",\"url\":\"https:\/\/kinnunen.kotisivut.co\/\",\"name\":\"Kinnunen\",\"description\":\"\",\"potentialAction\":[{\"@type\":\"SearchAction\",\"target\":{\"@type\":\"EntryPoint\",\"urlTemplate\":\"https:\/\/kinnunen.kotisivut.co\/?s={search_term_string}\"},\"query-input\":\"required name=search_term_string\"}],\"inLanguage\":\"en-GB\"}]}<\/script>\n<!-- \/ Yoast SEO plugin. -->","yoast_head_json":{"title":"Vivian-kampaamotuoli - Kinnunen","robots":{"index":"noindex","follow":"follow","max-snippet":"max-snippet:-1","max-image-preview":"max-image-preview:large","max-video-preview":"max-video-preview:-1"},"og_locale":"en_GB","og_type":"article","og_title":"Vivian-kampaamotuoli - Kinnunen","og_description":"Ajaton kampaamotuoli, johon valitset kuosin laajasta valikoimasta. Tuolin k\u00e4densijoissa pehmusteet. Valmistusmaa Italia. Materiaali- ja valmistusvirhetakuu.  Mitat: Leveys 60 cm, syvyys 60 cm, istuinkorkeuden s\u00e4\u00e4t\u00f6 44 - 59 cm. Huom! Istuinkorkeus mitataan istuimen ja selk\u00e4nojan yhtym\u00e4kohdasta.  TILAUSTUOTE, toimitusaika 5 - 8 viikkoa.  Saatavilla olevat lis\u00e4varusteet: - Krominen jalkatuki - Erikoiskuosi tai kahden kuosin yhdistelm\u00e4 - Matta musta tai kultainen jalka (Vain P14 kiekkojalka)","og_url":"https:\/\/kinnunen.kotisivut.co\/en\/product\/vivian-kampaamotuoli\/","og_site_name":"Kinnunen","article_modified_time":"2024-05-29T13:02:53+00:00","og_image":[{"width":1000,"height":1000,"url":"https:\/\/kinnunen.kotisivut.co\/wp-content\/uploads\/2024\/04\/Poltrona_VIVIAN_02.jpg","type":"image\/jpeg"}],"twitter_card":"summary_large_image","schema":{"@context":"https:\/\/schema.org","@graph":[{"@type":"WebPage","@id":"https:\/\/kinnunen.kotisivut.co\/tuote\/vivian-kampaamotuoli\/","url":"https:\/\/kinnunen.kotisivut.co\/tuote\/vivian-kampaamotuoli\/","name":"Vivian-kampaamotuoli - Kinnunen","isPartOf":{"@id":"https:\/\/kinnunen.kotisivut.co\/#website"},"primaryImageOfPage":{"@id":"https:\/\/kinnunen.kotisivut.co\/tuote\/vivian-kampaamotuoli\/#primaryimage"},"image":{"@id":"https:\/\/kinnunen.kotisivut.co\/tuote\/vivian-kampaamotuoli\/#primaryimage"},"thumbnailUrl":"https:\/\/kinnunen.kotisivut.co\/wp-content\/uploads\/2024\/04\/Poltrona_VIVIAN_02.jpg","datePublished":"2024-04-25T07:14:52+00:00","dateModified":"2024-05-29T13:02:53+00:00","breadcrumb":{"@id":"https:\/\/kinnunen.kotisivut.co\/tuote\/vivian-kampaamotuoli\/#breadcrumb"},"inLanguage":"en-GB","potentialAction":[{"@type":"ReadAction","target":["https:\/\/kinnunen.kotisivut.co\/tuote\/vivian-kampaamotuoli\/"]}]},{"@type":"ImageObject","inLanguage":"en-GB","@id":"https:\/\/kinnunen.kotisivut.co\/tuote\/vivian-kampaamotuoli\/#primaryimage","url":"https:\/\/kinnunen.kotisivut.co\/wp-content\/uploads\/2024\/04\/Poltrona_VIVIAN_02.jpg","contentUrl":"https:\/\/kinnunen.kotisivut.co\/wp-content\/uploads\/2024\/04\/Poltrona_VIVIAN_02.jpg","width":1000,"height":1000},{"@type":"BreadcrumbList","@id":"https:\/\/kinnunen.kotisivut.co\/tuote\/vivian-kampaamotuoli\/#breadcrumb","itemListElement":[{"@type":"ListItem","position":1,"name":"Etusivu","item":"https:\/\/kinnunen.kotisivut.co\/"},{"@type":"ListItem","position":2,"name":"Kaikki tuotteet","item":"https:\/\/kinnunen.kotisivut.co\/kauppa\/"},{"@type":"ListItem","position":3,"name":"Kalusteet","item":"https:\/\/kinnunen.kotisivut.co\/tuote-osasto\/kalusteet\/"},{"@type":"ListItem","position":4,"name":"Vivian-kampaamotuoli"}]},{"@type":"WebSite","@id":"https:\/\/kinnunen.kotisivut.co\/#website","url":"https:\/\/kinnunen.kotisivut.co\/","name":"Kinnunen","description":"","potentialAction":[{"@type":"SearchAction","target":{"@type":"EntryPoint","urlTemplate":"https:\/\/kinnunen.kotisivut.co\/?s={search_term_string}"},"query-input":"required name=search_term_string"}],"inLanguage":"en-GB"}]}},"_links":{"self":[{"href":"https:\/\/kinnunen.kotisivut.co\/en\/wp-json\/wp\/v2\/product\/36570","targetHints":{"allow":["GET"]}}],"collection":[{"href":"https:\/\/kinnunen.kotisivut.co\/en\/wp-json\/wp\/v2\/product"}],"about":[{"href":"https:\/\/kinnunen.kotisivut.co\/en\/wp-json\/wp\/v2\/types\/product"}],"replies":[{"embeddable":true,"href":"https:\/\/kinnunen.kotisivut.co\/en\/wp-json\/wp\/v2\/comments?post=36570"}],"wp:featuredmedia":[{"embeddable":true,"href":"https:\/\/kinnunen.kotisivut.co\/en\/wp-json\/wp\/v2\/media\/36629"}],"wp:attachment":[{"href":"https:\/\/kinnunen.kotisivut.co\/en\/wp-json\/wp\/v2\/media?parent=36570"}],"wp:term":[{"taxonomy":"product_cat","embeddable":true,"href":"https:\/\/kinnunen.kotisivut.co\/en\/wp-json\/wp\/v2\/product_cat?post=36570"},{"taxonomy":"product_tag","embeddable":true,"href":"https:\/\/kinnunen.kotisivut.co\/en\/wp-json\/wp\/v2\/product_tag?post=36570"}],"curies":[{"name":"wp","href":"https:\/\/api.w.org\/{rel}","templated":true}]}}