

{"id":35344,"date":"2024-03-20T10:52:53","date_gmt":"2024-03-20T08:52:53","guid":{"rendered":"https:\/\/kinnunen.kotisivut.co\/?post_type=product&#038;p=35344"},"modified":"2025-11-19T11:36:33","modified_gmt":"2025-11-19T09:36:33","slug":"y-s-park-339-sininen","status":"publish","type":"product","link":"https:\/\/kinnunen.kotisivut.co\/en\/product\/y-s-park-339-sininen\/","title":{"rendered":"Y.S.Park 339 cutting comb, blue"},"content":{"rendered":"","protected":false},"excerpt":{"rendered":"<p>The first branded cutting comb from the Y.S.Park brand. This comb is specially designed for cutting short and medium length hair. The comb is well flattened, which gives confidence and helps you work faster. The comb has a sectioning spike, holes every 1 cm to facilitate the definition of proportions and a normal and dense spike spacing. Y.S. Park combs are made of durable superplastic, a flexible but tough material. The combs can withstand temperatures up to 220 degrees and are dirt and chemical resistant. Length 180 mm. Made in Japan.<\/p>","protected":false},"featured_media":35340,"comment_status":"closed","ping_status":"closed","template":"","meta":{"_relevanssi_hide_post":"","_relevanssi_pin_for_all":"","_relevanssi_pin_keywords":"","_relevanssi_unpin_keywords":"","_relevanssi_related_keywords":"","_relevanssi_related_include_ids":"","_relevanssi_related_exclude_ids":"","_relevanssi_related_no_append":"","_relevanssi_related_not_related":"","_relevanssi_related_posts":"","_relevanssi_noindex_reason":""},"product_cat":[1790,1795],"product_tag":[],"class_list":["post-35344","product","type-product","status-publish","has-post-thumbnail","hentry","product_cat-harjat-ja-kammat","product_cat-leikkauskamat","tuotemerkki-y-s-park"],"tuotemerkit":[{"term_id":193,"name":"Y.S.Park","slug":"y-s-park","term_group":0,"term_taxonomy_id":193,"taxonomy":"tuotemerkki","description":"","parent":0,"count":61,"filter":"raw"}],"acf":[],"yoast_head":"<!-- This site is optimized with the Yoast SEO plugin v23.3 - https:\/\/yoast.com\/wordpress\/plugins\/seo\/ -->\n<title>Y.S.Park 339 leikkauskampa, sininen - Kinnunen<\/title>\n<meta name=\"robots\" content=\"noindex, follow, max-snippet:-1, max-image-preview:large, max-video-preview:-1\" \/>\n<meta property=\"og:locale\" content=\"en_GB\" \/>\n<meta property=\"og:type\" content=\"article\" \/>\n<meta property=\"og:title\" content=\"Y.S.Park 339 leikkauskampa, sininen - Kinnunen\" \/>\n<meta property=\"og:description\" content=\"Y.S.Park- tuotemerkin ensimm\u00e4inen br\u00e4nd\u00e4tty leikkauskampa. T\u00e4m\u00e4 kampa on suunniteltu erityisesti lyhyiden sek\u00e4 puolipitkien hiusten leikkaamiseen. Kampa on hyvin tasapanoitettu, jonka tuo itsevarmuutta sek\u00e4 auttaa ty\u00f6skentelem\u00e4\u00e4n nopeammin. Kammassa on osiointipiikki, rei\u00e4t 1 cm v\u00e4lein helpottamaan mittasuhteiden hahmotusta sek\u00e4 normaali ja tihe\u00e4 piikkien v\u00e4litys. Y.S. Park kammat ovat valmistettu kest\u00e4v\u00e4st\u00e4 supermuovista, joka on taipuisa mutta kova materiaali. Kammat kest\u00e4v\u00e4t jopa 220 astetta sek\u00e4 ne hylkiv\u00e4t likaa ja kemikaaleja. Pituus 180 mm. Valmistettu Japanissa.\" \/>\n<meta property=\"og:url\" content=\"https:\/\/kinnunen.kotisivut.co\/en\/product\/y-s-park-339-sininen\/\" \/>\n<meta property=\"og:site_name\" content=\"Kinnunen\" \/>\n<meta property=\"article:modified_time\" content=\"2025-11-19T09:36:33+00:00\" \/>\n<meta property=\"og:image\" content=\"https:\/\/kinnunen.kotisivut.co\/wp-content\/uploads\/2024\/03\/Y.S.Park_339_YS339BLUE.jpg\" \/>\n\t<meta property=\"og:image:width\" content=\"1500\" \/>\n\t<meta property=\"og:image:height\" content=\"1500\" \/>\n\t<meta property=\"og:image:type\" content=\"image\/jpeg\" \/>\n<meta name=\"twitter:card\" content=\"summary_large_image\" \/>\n<script type=\"application\/ld+json\" class=\"yoast-schema-graph\">{\"@context\":\"https:\/\/schema.org\",\"@graph\":[{\"@type\":\"WebPage\",\"@id\":\"https:\/\/kinnunen.kotisivut.co\/tuote\/y-s-park-339-sininen\/\",\"url\":\"https:\/\/kinnunen.kotisivut.co\/tuote\/y-s-park-339-sininen\/\",\"name\":\"Y.S.Park 339 leikkauskampa, sininen - Kinnunen\",\"isPartOf\":{\"@id\":\"https:\/\/kinnunen.kotisivut.co\/#website\"},\"primaryImageOfPage\":{\"@id\":\"https:\/\/kinnunen.kotisivut.co\/tuote\/y-s-park-339-sininen\/#primaryimage\"},\"image\":{\"@id\":\"https:\/\/kinnunen.kotisivut.co\/tuote\/y-s-park-339-sininen\/#primaryimage\"},\"thumbnailUrl\":\"https:\/\/kinnunen.kotisivut.co\/wp-content\/uploads\/2024\/03\/Y.S.Park_339_YS339BLUE.jpg\",\"datePublished\":\"2024-03-20T08:52:53+00:00\",\"dateModified\":\"2025-11-19T09:36:33+00:00\",\"breadcrumb\":{\"@id\":\"https:\/\/kinnunen.kotisivut.co\/tuote\/y-s-park-339-sininen\/#breadcrumb\"},\"inLanguage\":\"en-GB\",\"potentialAction\":[{\"@type\":\"ReadAction\",\"target\":[\"https:\/\/kinnunen.kotisivut.co\/tuote\/y-s-park-339-sininen\/\"]}]},{\"@type\":\"ImageObject\",\"inLanguage\":\"en-GB\",\"@id\":\"https:\/\/kinnunen.kotisivut.co\/tuote\/y-s-park-339-sininen\/#primaryimage\",\"url\":\"https:\/\/kinnunen.kotisivut.co\/wp-content\/uploads\/2024\/03\/Y.S.Park_339_YS339BLUE.jpg\",\"contentUrl\":\"https:\/\/kinnunen.kotisivut.co\/wp-content\/uploads\/2024\/03\/Y.S.Park_339_YS339BLUE.jpg\",\"width\":1500,\"height\":1500},{\"@type\":\"BreadcrumbList\",\"@id\":\"https:\/\/kinnunen.kotisivut.co\/tuote\/y-s-park-339-sininen\/#breadcrumb\",\"itemListElement\":[{\"@type\":\"ListItem\",\"position\":1,\"name\":\"Etusivu\",\"item\":\"https:\/\/kinnunen.kotisivut.co\/\"},{\"@type\":\"ListItem\",\"position\":2,\"name\":\"Kaikki tuotteet\",\"item\":\"https:\/\/kinnunen.kotisivut.co\/kauppa\/\"},{\"@type\":\"ListItem\",\"position\":3,\"name\":\"Tarvikkeet\",\"item\":\"https:\/\/kinnunen.kotisivut.co\/tuote-osasto\/tarvikkeet\/\"},{\"@type\":\"ListItem\",\"position\":4,\"name\":\"Harjat ja kammat\",\"item\":\"https:\/\/kinnunen.kotisivut.co\/tuote-osasto\/tarvikkeet\/harjat-ja-kammat\/\"},{\"@type\":\"ListItem\",\"position\":5,\"name\":\"Y.S.Park 339 leikkauskampa, sininen\"}]},{\"@type\":\"WebSite\",\"@id\":\"https:\/\/kinnunen.kotisivut.co\/#website\",\"url\":\"https:\/\/kinnunen.kotisivut.co\/\",\"name\":\"Kinnunen\",\"description\":\"\",\"potentialAction\":[{\"@type\":\"SearchAction\",\"target\":{\"@type\":\"EntryPoint\",\"urlTemplate\":\"https:\/\/kinnunen.kotisivut.co\/?s={search_term_string}\"},\"query-input\":\"required name=search_term_string\"}],\"inLanguage\":\"en-GB\"}]}<\/script>\n<!-- \/ Yoast SEO plugin. -->","yoast_head_json":{"title":"Y.S.Park 339 leikkauskampa, sininen - Kinnunen","robots":{"index":"noindex","follow":"follow","max-snippet":"max-snippet:-1","max-image-preview":"max-image-preview:large","max-video-preview":"max-video-preview:-1"},"og_locale":"en_GB","og_type":"article","og_title":"Y.S.Park 339 leikkauskampa, sininen - Kinnunen","og_description":"Y.S.Park- tuotemerkin ensimm\u00e4inen br\u00e4nd\u00e4tty leikkauskampa. T\u00e4m\u00e4 kampa on suunniteltu erityisesti lyhyiden sek\u00e4 puolipitkien hiusten leikkaamiseen. Kampa on hyvin tasapanoitettu, jonka tuo itsevarmuutta sek\u00e4 auttaa ty\u00f6skentelem\u00e4\u00e4n nopeammin. Kammassa on osiointipiikki, rei\u00e4t 1 cm v\u00e4lein helpottamaan mittasuhteiden hahmotusta sek\u00e4 normaali ja tihe\u00e4 piikkien v\u00e4litys. Y.S. Park kammat ovat valmistettu kest\u00e4v\u00e4st\u00e4 supermuovista, joka on taipuisa mutta kova materiaali. Kammat kest\u00e4v\u00e4t jopa 220 astetta sek\u00e4 ne hylkiv\u00e4t likaa ja kemikaaleja. Pituus 180 mm. Valmistettu Japanissa.","og_url":"https:\/\/kinnunen.kotisivut.co\/en\/product\/y-s-park-339-sininen\/","og_site_name":"Kinnunen","article_modified_time":"2025-11-19T09:36:33+00:00","og_image":[{"width":1500,"height":1500,"url":"https:\/\/kinnunen.kotisivut.co\/wp-content\/uploads\/2024\/03\/Y.S.Park_339_YS339BLUE.jpg","type":"image\/jpeg"}],"twitter_card":"summary_large_image","schema":{"@context":"https:\/\/schema.org","@graph":[{"@type":"WebPage","@id":"https:\/\/kinnunen.kotisivut.co\/tuote\/y-s-park-339-sininen\/","url":"https:\/\/kinnunen.kotisivut.co\/tuote\/y-s-park-339-sininen\/","name":"Y.S.Park 339 leikkauskampa, sininen - Kinnunen","isPartOf":{"@id":"https:\/\/kinnunen.kotisivut.co\/#website"},"primaryImageOfPage":{"@id":"https:\/\/kinnunen.kotisivut.co\/tuote\/y-s-park-339-sininen\/#primaryimage"},"image":{"@id":"https:\/\/kinnunen.kotisivut.co\/tuote\/y-s-park-339-sininen\/#primaryimage"},"thumbnailUrl":"https:\/\/kinnunen.kotisivut.co\/wp-content\/uploads\/2024\/03\/Y.S.Park_339_YS339BLUE.jpg","datePublished":"2024-03-20T08:52:53+00:00","dateModified":"2025-11-19T09:36:33+00:00","breadcrumb":{"@id":"https:\/\/kinnunen.kotisivut.co\/tuote\/y-s-park-339-sininen\/#breadcrumb"},"inLanguage":"en-GB","potentialAction":[{"@type":"ReadAction","target":["https:\/\/kinnunen.kotisivut.co\/tuote\/y-s-park-339-sininen\/"]}]},{"@type":"ImageObject","inLanguage":"en-GB","@id":"https:\/\/kinnunen.kotisivut.co\/tuote\/y-s-park-339-sininen\/#primaryimage","url":"https:\/\/kinnunen.kotisivut.co\/wp-content\/uploads\/2024\/03\/Y.S.Park_339_YS339BLUE.jpg","contentUrl":"https:\/\/kinnunen.kotisivut.co\/wp-content\/uploads\/2024\/03\/Y.S.Park_339_YS339BLUE.jpg","width":1500,"height":1500},{"@type":"BreadcrumbList","@id":"https:\/\/kinnunen.kotisivut.co\/tuote\/y-s-park-339-sininen\/#breadcrumb","itemListElement":[{"@type":"ListItem","position":1,"name":"Etusivu","item":"https:\/\/kinnunen.kotisivut.co\/"},{"@type":"ListItem","position":2,"name":"Kaikki tuotteet","item":"https:\/\/kinnunen.kotisivut.co\/kauppa\/"},{"@type":"ListItem","position":3,"name":"Tarvikkeet","item":"https:\/\/kinnunen.kotisivut.co\/tuote-osasto\/tarvikkeet\/"},{"@type":"ListItem","position":4,"name":"Harjat ja kammat","item":"https:\/\/kinnunen.kotisivut.co\/tuote-osasto\/tarvikkeet\/harjat-ja-kammat\/"},{"@type":"ListItem","position":5,"name":"Y.S.Park 339 leikkauskampa, sininen"}]},{"@type":"WebSite","@id":"https:\/\/kinnunen.kotisivut.co\/#website","url":"https:\/\/kinnunen.kotisivut.co\/","name":"Kinnunen","description":"","potentialAction":[{"@type":"SearchAction","target":{"@type":"EntryPoint","urlTemplate":"https:\/\/kinnunen.kotisivut.co\/?s={search_term_string}"},"query-input":"required name=search_term_string"}],"inLanguage":"en-GB"}]}},"_links":{"self":[{"href":"https:\/\/kinnunen.kotisivut.co\/en\/wp-json\/wp\/v2\/product\/35344","targetHints":{"allow":["GET"]}}],"collection":[{"href":"https:\/\/kinnunen.kotisivut.co\/en\/wp-json\/wp\/v2\/product"}],"about":[{"href":"https:\/\/kinnunen.kotisivut.co\/en\/wp-json\/wp\/v2\/types\/product"}],"replies":[{"embeddable":true,"href":"https:\/\/kinnunen.kotisivut.co\/en\/wp-json\/wp\/v2\/comments?post=35344"}],"wp:featuredmedia":[{"embeddable":true,"href":"https:\/\/kinnunen.kotisivut.co\/en\/wp-json\/wp\/v2\/media\/35340"}],"wp:attachment":[{"href":"https:\/\/kinnunen.kotisivut.co\/en\/wp-json\/wp\/v2\/media?parent=35344"}],"wp:term":[{"taxonomy":"product_cat","embeddable":true,"href":"https:\/\/kinnunen.kotisivut.co\/en\/wp-json\/wp\/v2\/product_cat?post=35344"},{"taxonomy":"product_tag","embeddable":true,"href":"https:\/\/kinnunen.kotisivut.co\/en\/wp-json\/wp\/v2\/product_tag?post=35344"}],"curies":[{"name":"wp","href":"https:\/\/api.w.org\/{rel}","templated":true}]}}