

{"id":34937,"date":"2024-02-19T08:56:11","date_gmt":"2024-02-19T06:56:11","guid":{"rendered":"https:\/\/kinnunen.kotisivut.co\/?post_type=product&#038;p=34937"},"modified":"2025-11-13T11:56:29","modified_gmt":"2025-11-13T09:56:29","slug":"expert-care-styling-mousse","status":"publish","type":"product","link":"https:\/\/kinnunen.kotisivut.co\/en\/product\/expert-care-styling-mousse\/","title":{"rendered":"Expert Care Styling Mousse"},"content":{"rendered":"","protected":false},"excerpt":{"rendered":"<p>Styling foam for all wigs. Gives hold without sticking to the hair. Rub a small amount of product into your hands and style the wig as desired. Use on dry hair.<\/p>\n<p>&nbsp;<\/p>","protected":false},"featured_media":34939,"comment_status":"closed","ping_status":"closed","template":"","meta":{"_relevanssi_hide_post":"","_relevanssi_pin_for_all":"","_relevanssi_pin_keywords":"","_relevanssi_unpin_keywords":"","_relevanssi_related_keywords":"","_relevanssi_related_include_ids":"","_relevanssi_related_exclude_ids":"","_relevanssi_related_no_append":"","_relevanssi_related_not_related":"","_relevanssi_related_posts":"","_relevanssi_noindex_reason":""},"product_cat":[1770,1771],"product_tag":[],"class_list":["post-34937","product","type-product","status-publish","has-post-thumbnail","hentry","product_cat-peruukkituotteet","product_cat-peruukkien-hoitotuotteet","tuotemerkki-ellen-wille","tuotemerkki-expert-care"],"tuotemerkit":[{"term_id":147,"name":"Ellen Wille","slug":"ellen-wille","term_group":0,"term_taxonomy_id":147,"taxonomy":"tuotemerkki","description":"","parent":0,"count":13,"filter":"raw"},{"term_id":148,"name":"Expert Care","slug":"expert-care","term_group":0,"term_taxonomy_id":148,"taxonomy":"tuotemerkki","description":"","parent":147,"count":9,"filter":"raw"}],"acf":[],"yoast_head":"<!-- This site is optimized with the Yoast SEO plugin v23.3 - https:\/\/yoast.com\/wordpress\/plugins\/seo\/ -->\n<title>Expert Care Styling Mousse - Kinnunen<\/title>\n<meta name=\"robots\" content=\"noindex, follow, max-snippet:-1, max-image-preview:large, max-video-preview:-1\" \/>\n<meta property=\"og:locale\" content=\"en_GB\" \/>\n<meta property=\"og:type\" content=\"article\" \/>\n<meta property=\"og:title\" content=\"Expert Care Styling Mousse - Kinnunen\" \/>\n<meta property=\"og:description\" content=\"Muotoiluvaahto kaikille peruukeille. Antaa pitoa hiusta tahmaamatta. Hiero pieni m\u00e4\u00e4r\u00e4 tuotetta k\u00e4siin ja muotoile peruukki haluamallasi tavalla. K\u00e4yt\u00e4 kuivaan hiukseen.  &nbsp;\" \/>\n<meta property=\"og:url\" content=\"https:\/\/kinnunen.kotisivut.co\/en\/product\/expert-care-styling-mousse\/\" \/>\n<meta property=\"og:site_name\" content=\"Kinnunen\" \/>\n<meta property=\"article:modified_time\" content=\"2025-11-13T09:56:29+00:00\" \/>\n<meta property=\"og:image\" content=\"https:\/\/kinnunen.kotisivut.co\/wp-content\/uploads\/2024\/02\/Ellen_Wille_Expert_Care_Styling_mousse_22119.jpg\" \/>\n\t<meta property=\"og:image:width\" content=\"1500\" \/>\n\t<meta property=\"og:image:height\" content=\"1500\" \/>\n\t<meta property=\"og:image:type\" content=\"image\/jpeg\" \/>\n<meta name=\"twitter:card\" content=\"summary_large_image\" \/>\n<script type=\"application\/ld+json\" class=\"yoast-schema-graph\">{\"@context\":\"https:\/\/schema.org\",\"@graph\":[{\"@type\":\"WebPage\",\"@id\":\"https:\/\/kinnunen.kotisivut.co\/tuote\/expert-care-styling-mousse\/\",\"url\":\"https:\/\/kinnunen.kotisivut.co\/tuote\/expert-care-styling-mousse\/\",\"name\":\"Expert Care Styling Mousse - Kinnunen\",\"isPartOf\":{\"@id\":\"https:\/\/kinnunen.kotisivut.co\/#website\"},\"primaryImageOfPage\":{\"@id\":\"https:\/\/kinnunen.kotisivut.co\/tuote\/expert-care-styling-mousse\/#primaryimage\"},\"image\":{\"@id\":\"https:\/\/kinnunen.kotisivut.co\/tuote\/expert-care-styling-mousse\/#primaryimage\"},\"thumbnailUrl\":\"https:\/\/kinnunen.kotisivut.co\/wp-content\/uploads\/2024\/02\/Ellen_Wille_Expert_Care_Styling_mousse_22119.jpg\",\"datePublished\":\"2024-02-19T06:56:11+00:00\",\"dateModified\":\"2025-11-13T09:56:29+00:00\",\"breadcrumb\":{\"@id\":\"https:\/\/kinnunen.kotisivut.co\/tuote\/expert-care-styling-mousse\/#breadcrumb\"},\"inLanguage\":\"en-GB\",\"potentialAction\":[{\"@type\":\"ReadAction\",\"target\":[\"https:\/\/kinnunen.kotisivut.co\/tuote\/expert-care-styling-mousse\/\"]}]},{\"@type\":\"ImageObject\",\"inLanguage\":\"en-GB\",\"@id\":\"https:\/\/kinnunen.kotisivut.co\/tuote\/expert-care-styling-mousse\/#primaryimage\",\"url\":\"https:\/\/kinnunen.kotisivut.co\/wp-content\/uploads\/2024\/02\/Ellen_Wille_Expert_Care_Styling_mousse_22119.jpg\",\"contentUrl\":\"https:\/\/kinnunen.kotisivut.co\/wp-content\/uploads\/2024\/02\/Ellen_Wille_Expert_Care_Styling_mousse_22119.jpg\",\"width\":1500,\"height\":1500},{\"@type\":\"BreadcrumbList\",\"@id\":\"https:\/\/kinnunen.kotisivut.co\/tuote\/expert-care-styling-mousse\/#breadcrumb\",\"itemListElement\":[{\"@type\":\"ListItem\",\"position\":1,\"name\":\"Etusivu\",\"item\":\"https:\/\/kinnunen.kotisivut.co\/\"},{\"@type\":\"ListItem\",\"position\":2,\"name\":\"Kaikki tuotteet\",\"item\":\"https:\/\/kinnunen.kotisivut.co\/kauppa\/\"},{\"@type\":\"ListItem\",\"position\":3,\"name\":\"Peruukkituotteet\",\"item\":\"https:\/\/kinnunen.kotisivut.co\/tuote-osasto\/peruukkituotteet\/\"},{\"@type\":\"ListItem\",\"position\":4,\"name\":\"Expert Care Styling Mousse\"}]},{\"@type\":\"WebSite\",\"@id\":\"https:\/\/kinnunen.kotisivut.co\/#website\",\"url\":\"https:\/\/kinnunen.kotisivut.co\/\",\"name\":\"Kinnunen\",\"description\":\"\",\"potentialAction\":[{\"@type\":\"SearchAction\",\"target\":{\"@type\":\"EntryPoint\",\"urlTemplate\":\"https:\/\/kinnunen.kotisivut.co\/?s={search_term_string}\"},\"query-input\":\"required name=search_term_string\"}],\"inLanguage\":\"en-GB\"}]}<\/script>\n<!-- \/ Yoast SEO plugin. -->","yoast_head_json":{"title":"Expert Care Styling Mousse - Kinnunen","robots":{"index":"noindex","follow":"follow","max-snippet":"max-snippet:-1","max-image-preview":"max-image-preview:large","max-video-preview":"max-video-preview:-1"},"og_locale":"en_GB","og_type":"article","og_title":"Expert Care Styling Mousse - Kinnunen","og_description":"Muotoiluvaahto kaikille peruukeille. Antaa pitoa hiusta tahmaamatta. Hiero pieni m\u00e4\u00e4r\u00e4 tuotetta k\u00e4siin ja muotoile peruukki haluamallasi tavalla. K\u00e4yt\u00e4 kuivaan hiukseen.  &nbsp;","og_url":"https:\/\/kinnunen.kotisivut.co\/en\/product\/expert-care-styling-mousse\/","og_site_name":"Kinnunen","article_modified_time":"2025-11-13T09:56:29+00:00","og_image":[{"width":1500,"height":1500,"url":"https:\/\/kinnunen.kotisivut.co\/wp-content\/uploads\/2024\/02\/Ellen_Wille_Expert_Care_Styling_mousse_22119.jpg","type":"image\/jpeg"}],"twitter_card":"summary_large_image","schema":{"@context":"https:\/\/schema.org","@graph":[{"@type":"WebPage","@id":"https:\/\/kinnunen.kotisivut.co\/tuote\/expert-care-styling-mousse\/","url":"https:\/\/kinnunen.kotisivut.co\/tuote\/expert-care-styling-mousse\/","name":"Expert Care Styling Mousse - Kinnunen","isPartOf":{"@id":"https:\/\/kinnunen.kotisivut.co\/#website"},"primaryImageOfPage":{"@id":"https:\/\/kinnunen.kotisivut.co\/tuote\/expert-care-styling-mousse\/#primaryimage"},"image":{"@id":"https:\/\/kinnunen.kotisivut.co\/tuote\/expert-care-styling-mousse\/#primaryimage"},"thumbnailUrl":"https:\/\/kinnunen.kotisivut.co\/wp-content\/uploads\/2024\/02\/Ellen_Wille_Expert_Care_Styling_mousse_22119.jpg","datePublished":"2024-02-19T06:56:11+00:00","dateModified":"2025-11-13T09:56:29+00:00","breadcrumb":{"@id":"https:\/\/kinnunen.kotisivut.co\/tuote\/expert-care-styling-mousse\/#breadcrumb"},"inLanguage":"en-GB","potentialAction":[{"@type":"ReadAction","target":["https:\/\/kinnunen.kotisivut.co\/tuote\/expert-care-styling-mousse\/"]}]},{"@type":"ImageObject","inLanguage":"en-GB","@id":"https:\/\/kinnunen.kotisivut.co\/tuote\/expert-care-styling-mousse\/#primaryimage","url":"https:\/\/kinnunen.kotisivut.co\/wp-content\/uploads\/2024\/02\/Ellen_Wille_Expert_Care_Styling_mousse_22119.jpg","contentUrl":"https:\/\/kinnunen.kotisivut.co\/wp-content\/uploads\/2024\/02\/Ellen_Wille_Expert_Care_Styling_mousse_22119.jpg","width":1500,"height":1500},{"@type":"BreadcrumbList","@id":"https:\/\/kinnunen.kotisivut.co\/tuote\/expert-care-styling-mousse\/#breadcrumb","itemListElement":[{"@type":"ListItem","position":1,"name":"Etusivu","item":"https:\/\/kinnunen.kotisivut.co\/"},{"@type":"ListItem","position":2,"name":"Kaikki tuotteet","item":"https:\/\/kinnunen.kotisivut.co\/kauppa\/"},{"@type":"ListItem","position":3,"name":"Peruukkituotteet","item":"https:\/\/kinnunen.kotisivut.co\/tuote-osasto\/peruukkituotteet\/"},{"@type":"ListItem","position":4,"name":"Expert Care Styling Mousse"}]},{"@type":"WebSite","@id":"https:\/\/kinnunen.kotisivut.co\/#website","url":"https:\/\/kinnunen.kotisivut.co\/","name":"Kinnunen","description":"","potentialAction":[{"@type":"SearchAction","target":{"@type":"EntryPoint","urlTemplate":"https:\/\/kinnunen.kotisivut.co\/?s={search_term_string}"},"query-input":"required name=search_term_string"}],"inLanguage":"en-GB"}]}},"_links":{"self":[{"href":"https:\/\/kinnunen.kotisivut.co\/en\/wp-json\/wp\/v2\/product\/34937","targetHints":{"allow":["GET"]}}],"collection":[{"href":"https:\/\/kinnunen.kotisivut.co\/en\/wp-json\/wp\/v2\/product"}],"about":[{"href":"https:\/\/kinnunen.kotisivut.co\/en\/wp-json\/wp\/v2\/types\/product"}],"replies":[{"embeddable":true,"href":"https:\/\/kinnunen.kotisivut.co\/en\/wp-json\/wp\/v2\/comments?post=34937"}],"wp:featuredmedia":[{"embeddable":true,"href":"https:\/\/kinnunen.kotisivut.co\/en\/wp-json\/wp\/v2\/media\/34939"}],"wp:attachment":[{"href":"https:\/\/kinnunen.kotisivut.co\/en\/wp-json\/wp\/v2\/media?parent=34937"}],"wp:term":[{"taxonomy":"product_cat","embeddable":true,"href":"https:\/\/kinnunen.kotisivut.co\/en\/wp-json\/wp\/v2\/product_cat?post=34937"},{"taxonomy":"product_tag","embeddable":true,"href":"https:\/\/kinnunen.kotisivut.co\/en\/wp-json\/wp\/v2\/product_tag?post=34937"}],"curies":[{"name":"wp","href":"https:\/\/api.w.org\/{rel}","templated":true}]}}