

{"id":34871,"date":"2024-02-13T13:36:47","date_gmt":"2024-02-13T11:36:47","guid":{"rendered":"https:\/\/kinnunen.kotisivut.co\/?post_type=product&#038;p=34871"},"modified":"2025-06-24T13:11:37","modified_gmt":"2025-06-24T10:11:37","slug":"nouveau-beauty-disinfectant-wipes-100kpl","status":"publish","type":"product","link":"https:\/\/kinnunen.kotisivut.co\/en\/product\/nouveau-beauty-disinfectant-wipes-100kpl\/","title":{"rendered":"Nouveau Beauty Disinfectant Wipes, 100pcs"},"content":{"rendered":"<p>The lightly scented disinfectant wipes are suitable for cleaning tools and surfaces.<\/p>\n<p>Remove the lid and make a hole in the plastic film. Insert a towel through the hole in the lid and place the lid in place. Wipe the tools to be disinfected until they are completely wet and allow the disinfectant to work for 60 seconds. Protect against multiple viruses such as MRSA.<\/p>\n<p>These towels have been tested according to EN 14885, EN 14476, EN 14348, EN 13727, EN 13624.<\/p>","protected":false},"excerpt":{"rendered":"<p>Kevyesti tuoksuvat desinfiointipyyhkeet soveltuvat ty\u00f6v\u00e4lineiden sek\u00e4 pintojen puhdistamiseen. Poista kansi ja tee reik\u00e4 muovikalvoon. Sy\u00f6t\u00e4 pyyhe kannen rei\u00e4n l\u00e4pi ja&hellip;<\/p>","protected":false},"featured_media":34865,"comment_status":"closed","ping_status":"closed","template":"","meta":{"_relevanssi_hide_post":"","_relevanssi_pin_for_all":"","_relevanssi_pin_keywords":"","_relevanssi_unpin_keywords":"","_relevanssi_related_keywords":"","_relevanssi_related_include_ids":"","_relevanssi_related_exclude_ids":"","_relevanssi_related_no_append":"","_relevanssi_related_not_related":"","_relevanssi_related_posts":"","_relevanssi_noindex_reason":""},"product_cat":[1832,1852,1856],"product_tag":[],"class_list":["post-34871","product","type-product","status-publish","has-post-thumbnail","hentry","product_cat-desinfiointi-ja-puhtaanapito","product_cat-ripset-ja-kulmat","product_cat-liimat-ja-puhdistus","tuotemerkki-nouveau-lashes"],"tuotemerkit":[{"term_id":323,"name":"Nouveau Lashes","slug":"nouveau-lashes","term_group":0,"term_taxonomy_id":323,"taxonomy":"tuotemerkki","description":"","parent":0,"count":79,"filter":"raw"}],"acf":[],"yoast_head":"<!-- This site is optimized with the Yoast SEO plugin v23.3 - https:\/\/yoast.com\/wordpress\/plugins\/seo\/ -->\n<title>Nouveau Beauty Disinfectant Wipes, 100kpl - Kinnunen<\/title>\n<meta name=\"robots\" content=\"noindex, follow, max-snippet:-1, max-image-preview:large, max-video-preview:-1\" \/>\n<meta property=\"og:locale\" content=\"en_GB\" \/>\n<meta property=\"og:type\" content=\"article\" \/>\n<meta property=\"og:title\" content=\"Nouveau Beauty Disinfectant Wipes, 100kpl - Kinnunen\" \/>\n<meta property=\"og:description\" content=\"Kevyesti tuoksuvat desinfiointipyyhkeet soveltuvat ty\u00f6v\u00e4lineiden sek\u00e4 pintojen puhdistamiseen. Poista kansi ja tee reik\u00e4 muovikalvoon. Sy\u00f6t\u00e4 pyyhe kannen rei\u00e4n l\u00e4pi ja&hellip;\" \/>\n<meta property=\"og:url\" content=\"https:\/\/kinnunen.kotisivut.co\/en\/product\/nouveau-beauty-disinfectant-wipes-100kpl\/\" \/>\n<meta property=\"og:site_name\" content=\"Kinnunen\" \/>\n<meta property=\"article:modified_time\" content=\"2025-06-24T10:11:37+00:00\" \/>\n<meta property=\"og:image\" content=\"https:\/\/kinnunen.kotisivut.co\/wp-content\/uploads\/2024\/02\/nbdiswipe_disinfectant_wipes_NBDISWIPE.jpg\" \/>\n\t<meta property=\"og:image:width\" content=\"1200\" \/>\n\t<meta property=\"og:image:height\" content=\"1200\" \/>\n\t<meta property=\"og:image:type\" content=\"image\/jpeg\" \/>\n<meta name=\"twitter:card\" content=\"summary_large_image\" \/>\n<script type=\"application\/ld+json\" class=\"yoast-schema-graph\">{\"@context\":\"https:\/\/schema.org\",\"@graph\":[{\"@type\":\"WebPage\",\"@id\":\"https:\/\/kinnunen.kotisivut.co\/tuote\/nouveau-beauty-disinfectant-wipes-100kpl\/\",\"url\":\"https:\/\/kinnunen.kotisivut.co\/tuote\/nouveau-beauty-disinfectant-wipes-100kpl\/\",\"name\":\"Nouveau Beauty Disinfectant Wipes, 100kpl - Kinnunen\",\"isPartOf\":{\"@id\":\"https:\/\/kinnunen.kotisivut.co\/#website\"},\"primaryImageOfPage\":{\"@id\":\"https:\/\/kinnunen.kotisivut.co\/tuote\/nouveau-beauty-disinfectant-wipes-100kpl\/#primaryimage\"},\"image\":{\"@id\":\"https:\/\/kinnunen.kotisivut.co\/tuote\/nouveau-beauty-disinfectant-wipes-100kpl\/#primaryimage\"},\"thumbnailUrl\":\"https:\/\/kinnunen.kotisivut.co\/wp-content\/uploads\/2024\/02\/nbdiswipe_disinfectant_wipes_NBDISWIPE.jpg\",\"datePublished\":\"2024-02-13T11:36:47+00:00\",\"dateModified\":\"2025-06-24T10:11:37+00:00\",\"breadcrumb\":{\"@id\":\"https:\/\/kinnunen.kotisivut.co\/tuote\/nouveau-beauty-disinfectant-wipes-100kpl\/#breadcrumb\"},\"inLanguage\":\"en-GB\",\"potentialAction\":[{\"@type\":\"ReadAction\",\"target\":[\"https:\/\/kinnunen.kotisivut.co\/tuote\/nouveau-beauty-disinfectant-wipes-100kpl\/\"]}]},{\"@type\":\"ImageObject\",\"inLanguage\":\"en-GB\",\"@id\":\"https:\/\/kinnunen.kotisivut.co\/tuote\/nouveau-beauty-disinfectant-wipes-100kpl\/#primaryimage\",\"url\":\"https:\/\/kinnunen.kotisivut.co\/wp-content\/uploads\/2024\/02\/nbdiswipe_disinfectant_wipes_NBDISWIPE.jpg\",\"contentUrl\":\"https:\/\/kinnunen.kotisivut.co\/wp-content\/uploads\/2024\/02\/nbdiswipe_disinfectant_wipes_NBDISWIPE.jpg\",\"width\":1200,\"height\":1200},{\"@type\":\"BreadcrumbList\",\"@id\":\"https:\/\/kinnunen.kotisivut.co\/tuote\/nouveau-beauty-disinfectant-wipes-100kpl\/#breadcrumb\",\"itemListElement\":[{\"@type\":\"ListItem\",\"position\":1,\"name\":\"Etusivu\",\"item\":\"https:\/\/kinnunen.kotisivut.co\/\"},{\"@type\":\"ListItem\",\"position\":2,\"name\":\"Kaikki tuotteet\",\"item\":\"https:\/\/kinnunen.kotisivut.co\/kauppa\/\"},{\"@type\":\"ListItem\",\"position\":3,\"name\":\"Tarvikkeet\",\"item\":\"https:\/\/kinnunen.kotisivut.co\/tuote-osasto\/tarvikkeet\/\"},{\"@type\":\"ListItem\",\"position\":4,\"name\":\"Desinfiointi, siivous ja hygienia\",\"item\":\"https:\/\/kinnunen.kotisivut.co\/tuote-osasto\/tarvikkeet\/desinfiointi-ja-puhtaanapito\/\"},{\"@type\":\"ListItem\",\"position\":5,\"name\":\"Nouveau Beauty Disinfectant Wipes, 100kpl\"}]},{\"@type\":\"WebSite\",\"@id\":\"https:\/\/kinnunen.kotisivut.co\/#website\",\"url\":\"https:\/\/kinnunen.kotisivut.co\/\",\"name\":\"Kinnunen\",\"description\":\"\",\"potentialAction\":[{\"@type\":\"SearchAction\",\"target\":{\"@type\":\"EntryPoint\",\"urlTemplate\":\"https:\/\/kinnunen.kotisivut.co\/?s={search_term_string}\"},\"query-input\":\"required name=search_term_string\"}],\"inLanguage\":\"en-GB\"}]}<\/script>\n<!-- \/ Yoast SEO plugin. -->","yoast_head_json":{"title":"Nouveau Beauty Disinfectant Wipes, 100kpl - Kinnunen","robots":{"index":"noindex","follow":"follow","max-snippet":"max-snippet:-1","max-image-preview":"max-image-preview:large","max-video-preview":"max-video-preview:-1"},"og_locale":"en_GB","og_type":"article","og_title":"Nouveau Beauty Disinfectant Wipes, 100kpl - Kinnunen","og_description":"Kevyesti tuoksuvat desinfiointipyyhkeet soveltuvat ty\u00f6v\u00e4lineiden sek\u00e4 pintojen puhdistamiseen. Poista kansi ja tee reik\u00e4 muovikalvoon. Sy\u00f6t\u00e4 pyyhe kannen rei\u00e4n l\u00e4pi ja&hellip;","og_url":"https:\/\/kinnunen.kotisivut.co\/en\/product\/nouveau-beauty-disinfectant-wipes-100kpl\/","og_site_name":"Kinnunen","article_modified_time":"2025-06-24T10:11:37+00:00","og_image":[{"width":1200,"height":1200,"url":"https:\/\/kinnunen.kotisivut.co\/wp-content\/uploads\/2024\/02\/nbdiswipe_disinfectant_wipes_NBDISWIPE.jpg","type":"image\/jpeg"}],"twitter_card":"summary_large_image","schema":{"@context":"https:\/\/schema.org","@graph":[{"@type":"WebPage","@id":"https:\/\/kinnunen.kotisivut.co\/tuote\/nouveau-beauty-disinfectant-wipes-100kpl\/","url":"https:\/\/kinnunen.kotisivut.co\/tuote\/nouveau-beauty-disinfectant-wipes-100kpl\/","name":"Nouveau Beauty Disinfectant Wipes, 100kpl - Kinnunen","isPartOf":{"@id":"https:\/\/kinnunen.kotisivut.co\/#website"},"primaryImageOfPage":{"@id":"https:\/\/kinnunen.kotisivut.co\/tuote\/nouveau-beauty-disinfectant-wipes-100kpl\/#primaryimage"},"image":{"@id":"https:\/\/kinnunen.kotisivut.co\/tuote\/nouveau-beauty-disinfectant-wipes-100kpl\/#primaryimage"},"thumbnailUrl":"https:\/\/kinnunen.kotisivut.co\/wp-content\/uploads\/2024\/02\/nbdiswipe_disinfectant_wipes_NBDISWIPE.jpg","datePublished":"2024-02-13T11:36:47+00:00","dateModified":"2025-06-24T10:11:37+00:00","breadcrumb":{"@id":"https:\/\/kinnunen.kotisivut.co\/tuote\/nouveau-beauty-disinfectant-wipes-100kpl\/#breadcrumb"},"inLanguage":"en-GB","potentialAction":[{"@type":"ReadAction","target":["https:\/\/kinnunen.kotisivut.co\/tuote\/nouveau-beauty-disinfectant-wipes-100kpl\/"]}]},{"@type":"ImageObject","inLanguage":"en-GB","@id":"https:\/\/kinnunen.kotisivut.co\/tuote\/nouveau-beauty-disinfectant-wipes-100kpl\/#primaryimage","url":"https:\/\/kinnunen.kotisivut.co\/wp-content\/uploads\/2024\/02\/nbdiswipe_disinfectant_wipes_NBDISWIPE.jpg","contentUrl":"https:\/\/kinnunen.kotisivut.co\/wp-content\/uploads\/2024\/02\/nbdiswipe_disinfectant_wipes_NBDISWIPE.jpg","width":1200,"height":1200},{"@type":"BreadcrumbList","@id":"https:\/\/kinnunen.kotisivut.co\/tuote\/nouveau-beauty-disinfectant-wipes-100kpl\/#breadcrumb","itemListElement":[{"@type":"ListItem","position":1,"name":"Etusivu","item":"https:\/\/kinnunen.kotisivut.co\/"},{"@type":"ListItem","position":2,"name":"Kaikki tuotteet","item":"https:\/\/kinnunen.kotisivut.co\/kauppa\/"},{"@type":"ListItem","position":3,"name":"Tarvikkeet","item":"https:\/\/kinnunen.kotisivut.co\/tuote-osasto\/tarvikkeet\/"},{"@type":"ListItem","position":4,"name":"Desinfiointi, siivous ja hygienia","item":"https:\/\/kinnunen.kotisivut.co\/tuote-osasto\/tarvikkeet\/desinfiointi-ja-puhtaanapito\/"},{"@type":"ListItem","position":5,"name":"Nouveau Beauty Disinfectant Wipes, 100kpl"}]},{"@type":"WebSite","@id":"https:\/\/kinnunen.kotisivut.co\/#website","url":"https:\/\/kinnunen.kotisivut.co\/","name":"Kinnunen","description":"","potentialAction":[{"@type":"SearchAction","target":{"@type":"EntryPoint","urlTemplate":"https:\/\/kinnunen.kotisivut.co\/?s={search_term_string}"},"query-input":"required name=search_term_string"}],"inLanguage":"en-GB"}]}},"_links":{"self":[{"href":"https:\/\/kinnunen.kotisivut.co\/en\/wp-json\/wp\/v2\/product\/34871","targetHints":{"allow":["GET"]}}],"collection":[{"href":"https:\/\/kinnunen.kotisivut.co\/en\/wp-json\/wp\/v2\/product"}],"about":[{"href":"https:\/\/kinnunen.kotisivut.co\/en\/wp-json\/wp\/v2\/types\/product"}],"replies":[{"embeddable":true,"href":"https:\/\/kinnunen.kotisivut.co\/en\/wp-json\/wp\/v2\/comments?post=34871"}],"wp:featuredmedia":[{"embeddable":true,"href":"https:\/\/kinnunen.kotisivut.co\/en\/wp-json\/wp\/v2\/media\/34865"}],"wp:attachment":[{"href":"https:\/\/kinnunen.kotisivut.co\/en\/wp-json\/wp\/v2\/media?parent=34871"}],"wp:term":[{"taxonomy":"product_cat","embeddable":true,"href":"https:\/\/kinnunen.kotisivut.co\/en\/wp-json\/wp\/v2\/product_cat?post=34871"},{"taxonomy":"product_tag","embeddable":true,"href":"https:\/\/kinnunen.kotisivut.co\/en\/wp-json\/wp\/v2\/product_tag?post=34871"}],"curies":[{"name":"wp","href":"https:\/\/api.w.org\/{rel}","templated":true}]}}