

{"id":33692,"date":"2024-01-02T09:54:52","date_gmt":"2024-01-02T07:54:52","guid":{"rendered":"https:\/\/kinnunen.kotisivut.co\/?post_type=product&#038;p=33692"},"modified":"2025-11-28T10:05:56","modified_gmt":"2025-11-28T08:05:56","slug":"y-s-park-s282rt-koneleikkauskampa-eri-vareja","status":"publish","type":"product","link":"https:\/\/kinnunen.kotisivut.co\/en\/product\/y-s-park-s282rt-koneleikkauskampa-eri-vareja\/","title":{"rendered":"Y.S.Park s282RT Machine cutting comb, different colours"},"content":{"rendered":"","protected":false},"excerpt":{"rendered":"<p>The YSs282RT Machine Cutter is specifically designed for use with a machine. The YSs282RT is only 2.5 mm thick and is almost half the thickness of the standard YS282 machine cutting comb. This thinness makes the comb body more flexible, allowing it to bend more easily to the shape of the scalp. The YSs282RT Machine Cutting Comb is equipped with a guide line to keep the cutting machine in a stable position during operation. This ensures a smooth cutting result. The holes in the comb are 1 cm apart. On the hammer side of the comb there is a short line of pins which can be used to remove loose hairs during operation without turning the comb. Length 240 mm.<\/p>","protected":false},"featured_media":33691,"comment_status":"closed","ping_status":"closed","template":"","meta":{"_relevanssi_hide_post":"","_relevanssi_pin_for_all":"","_relevanssi_pin_keywords":"","_relevanssi_unpin_keywords":"","_relevanssi_related_keywords":"","_relevanssi_related_include_ids":"","_relevanssi_related_exclude_ids":"","_relevanssi_related_no_append":"","_relevanssi_related_not_related":"","_relevanssi_related_posts":"","_relevanssi_noindex_reason":""},"product_cat":[1790,1795],"product_tag":[],"class_list":["post-33692","product","type-product","status-publish","has-post-thumbnail","hentry","product_cat-harjat-ja-kammat","product_cat-leikkauskamat","pa_vari-musta","pa_vari-sininen","tuotemerkki-y-s-park"],"tuotemerkit":[{"term_id":193,"name":"Y.S.Park","slug":"y-s-park","term_group":0,"term_taxonomy_id":193,"taxonomy":"tuotemerkki","description":"","parent":0,"count":61,"filter":"raw"}],"acf":[],"yoast_head":"<!-- This site is optimized with the Yoast SEO plugin v23.3 - https:\/\/yoast.com\/wordpress\/plugins\/seo\/ -->\n<title>Y.S.Park s282RT Koneleikkauskampa, eri v\u00e4rej\u00e4 - Kinnunen<\/title>\n<meta name=\"robots\" content=\"noindex, follow, max-snippet:-1, max-image-preview:large, max-video-preview:-1\" \/>\n<meta property=\"og:locale\" content=\"en_GB\" \/>\n<meta property=\"og:type\" content=\"article\" \/>\n<meta property=\"og:title\" content=\"Y.S.Park s282RT Koneleikkauskampa, eri v\u00e4rej\u00e4 - Kinnunen\" \/>\n<meta property=\"og:description\" content=\"YSs282RT koneleikkauskampa on suunniteltu erityisesti koneen kanssa k\u00e4ytett\u00e4v\u00e4ksi. YSs282RT paksuus on vain 2,5 mm ja se on l\u00e4hes puolet tavallisen YS282 koneleikkauskamman paksuudesta. Ohuuden ansiosta kamman runko on joustavampi, jolloin se taipuu helpommin hiuspohjan muotoihin. YSs282RT koneleikkauskammassa on ohjauslinja, jonka avulla leikkauskone saadaan pidetty\u00e4 vakaassa asennossa ty\u00f6skentelyn aikana. T\u00e4m\u00e4 varmistaa tasaisen leikkaustuloksen. Kammassa olevat rei\u00e4t ovat 1 cm v\u00e4lein. Kamman hamara puolella on lyhyt piikkirivist\u00f6, jolla voidaan ty\u00f6skentelyn aikana poistaa irtohiukset pois k\u00e4\u00e4nt\u00e4m\u00e4tt\u00e4 kampaa. Pituus 240 mm.\" \/>\n<meta property=\"og:url\" content=\"https:\/\/kinnunen.kotisivut.co\/en\/product\/y-s-park-s282rt-koneleikkauskampa-eri-vareja\/\" \/>\n<meta property=\"og:site_name\" content=\"Kinnunen\" \/>\n<meta property=\"article:modified_time\" content=\"2025-11-28T08:05:56+00:00\" \/>\n<meta property=\"og:image\" content=\"https:\/\/kinnunen.kotisivut.co\/wp-content\/uploads\/2023\/12\/YSs282RT_group.jpg\" \/>\n\t<meta property=\"og:image:width\" content=\"1200\" \/>\n\t<meta property=\"og:image:height\" content=\"1200\" \/>\n\t<meta property=\"og:image:type\" content=\"image\/jpeg\" \/>\n<meta name=\"twitter:card\" content=\"summary_large_image\" \/>\n<script type=\"application\/ld+json\" class=\"yoast-schema-graph\">{\"@context\":\"https:\/\/schema.org\",\"@graph\":[{\"@type\":\"WebPage\",\"@id\":\"https:\/\/kinnunen.kotisivut.co\/tuote\/y-s-park-s282rt-koneleikkauskampa-eri-vareja\/\",\"url\":\"https:\/\/kinnunen.kotisivut.co\/tuote\/y-s-park-s282rt-koneleikkauskampa-eri-vareja\/\",\"name\":\"Y.S.Park s282RT Koneleikkauskampa, eri v\u00e4rej\u00e4 - Kinnunen\",\"isPartOf\":{\"@id\":\"https:\/\/kinnunen.kotisivut.co\/#website\"},\"primaryImageOfPage\":{\"@id\":\"https:\/\/kinnunen.kotisivut.co\/tuote\/y-s-park-s282rt-koneleikkauskampa-eri-vareja\/#primaryimage\"},\"image\":{\"@id\":\"https:\/\/kinnunen.kotisivut.co\/tuote\/y-s-park-s282rt-koneleikkauskampa-eri-vareja\/#primaryimage\"},\"thumbnailUrl\":\"https:\/\/kinnunen.kotisivut.co\/wp-content\/uploads\/2023\/12\/YSs282RT_group.jpg\",\"datePublished\":\"2024-01-02T07:54:52+00:00\",\"dateModified\":\"2025-11-28T08:05:56+00:00\",\"breadcrumb\":{\"@id\":\"https:\/\/kinnunen.kotisivut.co\/tuote\/y-s-park-s282rt-koneleikkauskampa-eri-vareja\/#breadcrumb\"},\"inLanguage\":\"en-GB\",\"potentialAction\":[{\"@type\":\"ReadAction\",\"target\":[\"https:\/\/kinnunen.kotisivut.co\/tuote\/y-s-park-s282rt-koneleikkauskampa-eri-vareja\/\"]}]},{\"@type\":\"ImageObject\",\"inLanguage\":\"en-GB\",\"@id\":\"https:\/\/kinnunen.kotisivut.co\/tuote\/y-s-park-s282rt-koneleikkauskampa-eri-vareja\/#primaryimage\",\"url\":\"https:\/\/kinnunen.kotisivut.co\/wp-content\/uploads\/2023\/12\/YSs282RT_group.jpg\",\"contentUrl\":\"https:\/\/kinnunen.kotisivut.co\/wp-content\/uploads\/2023\/12\/YSs282RT_group.jpg\",\"width\":1200,\"height\":1200},{\"@type\":\"BreadcrumbList\",\"@id\":\"https:\/\/kinnunen.kotisivut.co\/tuote\/y-s-park-s282rt-koneleikkauskampa-eri-vareja\/#breadcrumb\",\"itemListElement\":[{\"@type\":\"ListItem\",\"position\":1,\"name\":\"Etusivu\",\"item\":\"https:\/\/kinnunen.kotisivut.co\/\"},{\"@type\":\"ListItem\",\"position\":2,\"name\":\"Kaikki tuotteet\",\"item\":\"https:\/\/kinnunen.kotisivut.co\/kauppa\/\"},{\"@type\":\"ListItem\",\"position\":3,\"name\":\"Tarvikkeet\",\"item\":\"https:\/\/kinnunen.kotisivut.co\/tuote-osasto\/tarvikkeet\/\"},{\"@type\":\"ListItem\",\"position\":4,\"name\":\"Harjat ja kammat\",\"item\":\"https:\/\/kinnunen.kotisivut.co\/tuote-osasto\/tarvikkeet\/harjat-ja-kammat\/\"},{\"@type\":\"ListItem\",\"position\":5,\"name\":\"Y.S.Park s282RT Koneleikkauskampa, eri v\u00e4rej\u00e4\"}]},{\"@type\":\"WebSite\",\"@id\":\"https:\/\/kinnunen.kotisivut.co\/#website\",\"url\":\"https:\/\/kinnunen.kotisivut.co\/\",\"name\":\"Kinnunen\",\"description\":\"\",\"potentialAction\":[{\"@type\":\"SearchAction\",\"target\":{\"@type\":\"EntryPoint\",\"urlTemplate\":\"https:\/\/kinnunen.kotisivut.co\/?s={search_term_string}\"},\"query-input\":\"required name=search_term_string\"}],\"inLanguage\":\"en-GB\"}]}<\/script>\n<!-- \/ Yoast SEO plugin. -->","yoast_head_json":{"title":"Y.S.Park s282RT Koneleikkauskampa, eri v\u00e4rej\u00e4 - Kinnunen","robots":{"index":"noindex","follow":"follow","max-snippet":"max-snippet:-1","max-image-preview":"max-image-preview:large","max-video-preview":"max-video-preview:-1"},"og_locale":"en_GB","og_type":"article","og_title":"Y.S.Park s282RT Koneleikkauskampa, eri v\u00e4rej\u00e4 - Kinnunen","og_description":"YSs282RT koneleikkauskampa on suunniteltu erityisesti koneen kanssa k\u00e4ytett\u00e4v\u00e4ksi. YSs282RT paksuus on vain 2,5 mm ja se on l\u00e4hes puolet tavallisen YS282 koneleikkauskamman paksuudesta. Ohuuden ansiosta kamman runko on joustavampi, jolloin se taipuu helpommin hiuspohjan muotoihin. YSs282RT koneleikkauskammassa on ohjauslinja, jonka avulla leikkauskone saadaan pidetty\u00e4 vakaassa asennossa ty\u00f6skentelyn aikana. T\u00e4m\u00e4 varmistaa tasaisen leikkaustuloksen. Kammassa olevat rei\u00e4t ovat 1 cm v\u00e4lein. Kamman hamara puolella on lyhyt piikkirivist\u00f6, jolla voidaan ty\u00f6skentelyn aikana poistaa irtohiukset pois k\u00e4\u00e4nt\u00e4m\u00e4tt\u00e4 kampaa. Pituus 240 mm.","og_url":"https:\/\/kinnunen.kotisivut.co\/en\/product\/y-s-park-s282rt-koneleikkauskampa-eri-vareja\/","og_site_name":"Kinnunen","article_modified_time":"2025-11-28T08:05:56+00:00","og_image":[{"width":1200,"height":1200,"url":"https:\/\/kinnunen.kotisivut.co\/wp-content\/uploads\/2023\/12\/YSs282RT_group.jpg","type":"image\/jpeg"}],"twitter_card":"summary_large_image","schema":{"@context":"https:\/\/schema.org","@graph":[{"@type":"WebPage","@id":"https:\/\/kinnunen.kotisivut.co\/tuote\/y-s-park-s282rt-koneleikkauskampa-eri-vareja\/","url":"https:\/\/kinnunen.kotisivut.co\/tuote\/y-s-park-s282rt-koneleikkauskampa-eri-vareja\/","name":"Y.S.Park s282RT Koneleikkauskampa, eri v\u00e4rej\u00e4 - Kinnunen","isPartOf":{"@id":"https:\/\/kinnunen.kotisivut.co\/#website"},"primaryImageOfPage":{"@id":"https:\/\/kinnunen.kotisivut.co\/tuote\/y-s-park-s282rt-koneleikkauskampa-eri-vareja\/#primaryimage"},"image":{"@id":"https:\/\/kinnunen.kotisivut.co\/tuote\/y-s-park-s282rt-koneleikkauskampa-eri-vareja\/#primaryimage"},"thumbnailUrl":"https:\/\/kinnunen.kotisivut.co\/wp-content\/uploads\/2023\/12\/YSs282RT_group.jpg","datePublished":"2024-01-02T07:54:52+00:00","dateModified":"2025-11-28T08:05:56+00:00","breadcrumb":{"@id":"https:\/\/kinnunen.kotisivut.co\/tuote\/y-s-park-s282rt-koneleikkauskampa-eri-vareja\/#breadcrumb"},"inLanguage":"en-GB","potentialAction":[{"@type":"ReadAction","target":["https:\/\/kinnunen.kotisivut.co\/tuote\/y-s-park-s282rt-koneleikkauskampa-eri-vareja\/"]}]},{"@type":"ImageObject","inLanguage":"en-GB","@id":"https:\/\/kinnunen.kotisivut.co\/tuote\/y-s-park-s282rt-koneleikkauskampa-eri-vareja\/#primaryimage","url":"https:\/\/kinnunen.kotisivut.co\/wp-content\/uploads\/2023\/12\/YSs282RT_group.jpg","contentUrl":"https:\/\/kinnunen.kotisivut.co\/wp-content\/uploads\/2023\/12\/YSs282RT_group.jpg","width":1200,"height":1200},{"@type":"BreadcrumbList","@id":"https:\/\/kinnunen.kotisivut.co\/tuote\/y-s-park-s282rt-koneleikkauskampa-eri-vareja\/#breadcrumb","itemListElement":[{"@type":"ListItem","position":1,"name":"Etusivu","item":"https:\/\/kinnunen.kotisivut.co\/"},{"@type":"ListItem","position":2,"name":"Kaikki tuotteet","item":"https:\/\/kinnunen.kotisivut.co\/kauppa\/"},{"@type":"ListItem","position":3,"name":"Tarvikkeet","item":"https:\/\/kinnunen.kotisivut.co\/tuote-osasto\/tarvikkeet\/"},{"@type":"ListItem","position":4,"name":"Harjat ja kammat","item":"https:\/\/kinnunen.kotisivut.co\/tuote-osasto\/tarvikkeet\/harjat-ja-kammat\/"},{"@type":"ListItem","position":5,"name":"Y.S.Park s282RT Koneleikkauskampa, eri v\u00e4rej\u00e4"}]},{"@type":"WebSite","@id":"https:\/\/kinnunen.kotisivut.co\/#website","url":"https:\/\/kinnunen.kotisivut.co\/","name":"Kinnunen","description":"","potentialAction":[{"@type":"SearchAction","target":{"@type":"EntryPoint","urlTemplate":"https:\/\/kinnunen.kotisivut.co\/?s={search_term_string}"},"query-input":"required name=search_term_string"}],"inLanguage":"en-GB"}]}},"_links":{"self":[{"href":"https:\/\/kinnunen.kotisivut.co\/en\/wp-json\/wp\/v2\/product\/33692","targetHints":{"allow":["GET"]}}],"collection":[{"href":"https:\/\/kinnunen.kotisivut.co\/en\/wp-json\/wp\/v2\/product"}],"about":[{"href":"https:\/\/kinnunen.kotisivut.co\/en\/wp-json\/wp\/v2\/types\/product"}],"replies":[{"embeddable":true,"href":"https:\/\/kinnunen.kotisivut.co\/en\/wp-json\/wp\/v2\/comments?post=33692"}],"wp:featuredmedia":[{"embeddable":true,"href":"https:\/\/kinnunen.kotisivut.co\/en\/wp-json\/wp\/v2\/media\/33691"}],"wp:attachment":[{"href":"https:\/\/kinnunen.kotisivut.co\/en\/wp-json\/wp\/v2\/media?parent=33692"}],"wp:term":[{"taxonomy":"product_cat","embeddable":true,"href":"https:\/\/kinnunen.kotisivut.co\/en\/wp-json\/wp\/v2\/product_cat?post=33692"},{"taxonomy":"product_tag","embeddable":true,"href":"https:\/\/kinnunen.kotisivut.co\/en\/wp-json\/wp\/v2\/product_tag?post=33692"}],"curies":[{"name":"wp","href":"https:\/\/api.w.org\/{rel}","templated":true}]}}