

{"id":33658,"date":"2024-02-05T13:11:27","date_gmt":"2024-02-05T11:11:27","guid":{"rendered":"https:\/\/kinnunen.kotisivut.co\/?post_type=product&#038;p=33658"},"modified":"2025-12-05T09:20:28","modified_gmt":"2025-12-05T07:20:28","slug":"cleanse-mist-500ml","status":"publish","type":"product","link":"https:\/\/kinnunen.kotisivut.co\/en\/product\/cleanse-mist-500ml\/","title":{"rendered":"Cleanse Mist 500ml"},"content":{"rendered":"<p>A metal removal spray that removes 86 % metal deposits after the first use. This vegan and easy to use spray reduces hair breakage. Suitable for use with all Keune colours and bleaching products.<\/p>","protected":false},"excerpt":{"rendered":"<p>Cleanse Mist is a metal removal spray for professional use.<br \/>\nMake every technical treatment more efficient with a new professional metal stripping spray. The spray effectively neutralises metals deep in the hair fibres and ensures a colour-matched finish.<\/p>\n<p>- Removes 86 % metal deposits after the first use<br \/>\n- Reduces hair breakage<br \/>\n- Suitable for use with all Keune colours and bleaching products<br \/>\n- Easy to use; spray on dry hair before technical treatment<br \/>\n- Vegan and cruelty-free<\/p>","protected":false},"featured_media":33640,"comment_status":"closed","ping_status":"closed","template":"","meta":{"_relevanssi_hide_post":"","_relevanssi_pin_for_all":"","_relevanssi_pin_keywords":"","_relevanssi_unpin_keywords":"","_relevanssi_related_keywords":"","_relevanssi_related_include_ids":"","_relevanssi_related_exclude_ids":"","_relevanssi_related_no_append":"","_relevanssi_related_not_related":"","_relevanssi_related_posts":"","_relevanssi_noindex_reason":""},"product_cat":[1727,1754],"product_tag":[2210],"class_list":["post-33658","product","type-product","status-publish","has-post-thumbnail","hentry","product_cat-hiuskosmetiikka","product_cat-esikasittely-ja-after-color-tuotteet","product_tag-tinta-after-color","tuotemerkki-keune-haircosmetics"],"tuotemerkit":[{"term_id":25,"name":"Keune Haircosmetics","slug":"keune-haircosmetics","term_group":0,"term_taxonomy_id":25,"taxonomy":"tuotemerkki","description":"","parent":0,"count":293,"filter":"raw"}],"acf":[],"yoast_head":"<!-- This site is optimized with the Yoast SEO plugin v23.3 - https:\/\/yoast.com\/wordpress\/plugins\/seo\/ -->\n<title>Cleanse Mist 500ml - Kinnunen<\/title>\n<meta name=\"robots\" content=\"noindex, follow, max-snippet:-1, max-image-preview:large, max-video-preview:-1\" \/>\n<meta property=\"og:locale\" content=\"en_GB\" \/>\n<meta property=\"og:type\" content=\"article\" \/>\n<meta property=\"og:title\" content=\"Cleanse Mist 500ml - Kinnunen\" \/>\n<meta property=\"og:description\" content=\"Cleanse Mist on metallinpoistosuihke ammattik\u00e4ytt\u00f6\u00f6n. Tehosta jokaista teknist\u00e4 k\u00e4sittely\u00e4 uudella ammattik\u00e4ytt\u00f6\u00f6n tarkoitetulla metallinpoistosuihkeella. Suihke neutraloi tehokkaasti syv\u00e4ll\u00e4 hiuskuiduissa olevia metalleja ja varmistaa v\u00e4ris\u00e4vyn mukaisen lopputuloksen.  \u2022 Poistaa 86 % metallikertymist\u00e4 jo ensimm\u00e4isen k\u00e4ytt\u00f6kerran j\u00e4lkeen \u2022 V\u00e4hent\u00e4\u00e4 hiusten katkeilua \u2022 Soveltuu k\u00e4ytett\u00e4v\u00e4ksi kaikkien Keune v\u00e4rien ja vaalennustuotteiden kanssa \u2022 Helppok\u00e4ytt\u00f6inen; suihkuta kuiviin hiuksiin ennen teknist\u00e4 k\u00e4sittely\u00e4 \u2022 Vegaaninen ja cruelty-free\" \/>\n<meta property=\"og:url\" content=\"https:\/\/kinnunen.kotisivut.co\/en\/product\/cleanse-mist-500ml\/\" \/>\n<meta property=\"og:site_name\" content=\"Kinnunen\" \/>\n<meta property=\"article:modified_time\" content=\"2025-12-05T07:20:28+00:00\" \/>\n<meta property=\"og:image\" content=\"https:\/\/kinnunen.kotisivut.co\/wp-content\/uploads\/2023\/12\/Keune_Cleanse_Mist_13088.jpg\" \/>\n\t<meta property=\"og:image:width\" content=\"1200\" \/>\n\t<meta property=\"og:image:height\" content=\"1200\" \/>\n\t<meta property=\"og:image:type\" content=\"image\/jpeg\" \/>\n<meta name=\"twitter:card\" content=\"summary_large_image\" \/>\n<script type=\"application\/ld+json\" class=\"yoast-schema-graph\">{\"@context\":\"https:\/\/schema.org\",\"@graph\":[{\"@type\":\"WebPage\",\"@id\":\"https:\/\/kinnunen.kotisivut.co\/tuote\/cleanse-mist-500ml\/\",\"url\":\"https:\/\/kinnunen.kotisivut.co\/tuote\/cleanse-mist-500ml\/\",\"name\":\"Cleanse Mist 500ml - Kinnunen\",\"isPartOf\":{\"@id\":\"https:\/\/kinnunen.kotisivut.co\/#website\"},\"primaryImageOfPage\":{\"@id\":\"https:\/\/kinnunen.kotisivut.co\/tuote\/cleanse-mist-500ml\/#primaryimage\"},\"image\":{\"@id\":\"https:\/\/kinnunen.kotisivut.co\/tuote\/cleanse-mist-500ml\/#primaryimage\"},\"thumbnailUrl\":\"https:\/\/kinnunen.kotisivut.co\/wp-content\/uploads\/2023\/12\/Keune_Cleanse_Mist_13088.jpg\",\"datePublished\":\"2024-02-05T11:11:27+00:00\",\"dateModified\":\"2025-12-05T07:20:28+00:00\",\"breadcrumb\":{\"@id\":\"https:\/\/kinnunen.kotisivut.co\/tuote\/cleanse-mist-500ml\/#breadcrumb\"},\"inLanguage\":\"en-GB\",\"potentialAction\":[{\"@type\":\"ReadAction\",\"target\":[\"https:\/\/kinnunen.kotisivut.co\/tuote\/cleanse-mist-500ml\/\"]}]},{\"@type\":\"ImageObject\",\"inLanguage\":\"en-GB\",\"@id\":\"https:\/\/kinnunen.kotisivut.co\/tuote\/cleanse-mist-500ml\/#primaryimage\",\"url\":\"https:\/\/kinnunen.kotisivut.co\/wp-content\/uploads\/2023\/12\/Keune_Cleanse_Mist_13088.jpg\",\"contentUrl\":\"https:\/\/kinnunen.kotisivut.co\/wp-content\/uploads\/2023\/12\/Keune_Cleanse_Mist_13088.jpg\",\"width\":1200,\"height\":1200},{\"@type\":\"BreadcrumbList\",\"@id\":\"https:\/\/kinnunen.kotisivut.co\/tuote\/cleanse-mist-500ml\/#breadcrumb\",\"itemListElement\":[{\"@type\":\"ListItem\",\"position\":1,\"name\":\"Etusivu\",\"item\":\"https:\/\/kinnunen.kotisivut.co\/\"},{\"@type\":\"ListItem\",\"position\":2,\"name\":\"Kaikki tuotteet\",\"item\":\"https:\/\/kinnunen.kotisivut.co\/kauppa\/\"},{\"@type\":\"ListItem\",\"position\":3,\"name\":\"Hiuskosmetiikka\",\"item\":\"https:\/\/kinnunen.kotisivut.co\/tuote-osasto\/hiuskosmetiikka\/\"},{\"@type\":\"ListItem\",\"position\":4,\"name\":\"Cleanse Mist 500ml\"}]},{\"@type\":\"WebSite\",\"@id\":\"https:\/\/kinnunen.kotisivut.co\/#website\",\"url\":\"https:\/\/kinnunen.kotisivut.co\/\",\"name\":\"Kinnunen\",\"description\":\"\",\"potentialAction\":[{\"@type\":\"SearchAction\",\"target\":{\"@type\":\"EntryPoint\",\"urlTemplate\":\"https:\/\/kinnunen.kotisivut.co\/?s={search_term_string}\"},\"query-input\":\"required name=search_term_string\"}],\"inLanguage\":\"en-GB\"}]}<\/script>\n<!-- \/ Yoast SEO plugin. -->","yoast_head_json":{"title":"Cleanse Mist 500ml - Kinnunen","robots":{"index":"noindex","follow":"follow","max-snippet":"max-snippet:-1","max-image-preview":"max-image-preview:large","max-video-preview":"max-video-preview:-1"},"og_locale":"en_GB","og_type":"article","og_title":"Cleanse Mist 500ml - Kinnunen","og_description":"Cleanse Mist on metallinpoistosuihke ammattik\u00e4ytt\u00f6\u00f6n. Tehosta jokaista teknist\u00e4 k\u00e4sittely\u00e4 uudella ammattik\u00e4ytt\u00f6\u00f6n tarkoitetulla metallinpoistosuihkeella. Suihke neutraloi tehokkaasti syv\u00e4ll\u00e4 hiuskuiduissa olevia metalleja ja varmistaa v\u00e4ris\u00e4vyn mukaisen lopputuloksen.  \u2022 Poistaa 86 % metallikertymist\u00e4 jo ensimm\u00e4isen k\u00e4ytt\u00f6kerran j\u00e4lkeen \u2022 V\u00e4hent\u00e4\u00e4 hiusten katkeilua \u2022 Soveltuu k\u00e4ytett\u00e4v\u00e4ksi kaikkien Keune v\u00e4rien ja vaalennustuotteiden kanssa \u2022 Helppok\u00e4ytt\u00f6inen; suihkuta kuiviin hiuksiin ennen teknist\u00e4 k\u00e4sittely\u00e4 \u2022 Vegaaninen ja cruelty-free","og_url":"https:\/\/kinnunen.kotisivut.co\/en\/product\/cleanse-mist-500ml\/","og_site_name":"Kinnunen","article_modified_time":"2025-12-05T07:20:28+00:00","og_image":[{"width":1200,"height":1200,"url":"https:\/\/kinnunen.kotisivut.co\/wp-content\/uploads\/2023\/12\/Keune_Cleanse_Mist_13088.jpg","type":"image\/jpeg"}],"twitter_card":"summary_large_image","schema":{"@context":"https:\/\/schema.org","@graph":[{"@type":"WebPage","@id":"https:\/\/kinnunen.kotisivut.co\/tuote\/cleanse-mist-500ml\/","url":"https:\/\/kinnunen.kotisivut.co\/tuote\/cleanse-mist-500ml\/","name":"Cleanse Mist 500ml - Kinnunen","isPartOf":{"@id":"https:\/\/kinnunen.kotisivut.co\/#website"},"primaryImageOfPage":{"@id":"https:\/\/kinnunen.kotisivut.co\/tuote\/cleanse-mist-500ml\/#primaryimage"},"image":{"@id":"https:\/\/kinnunen.kotisivut.co\/tuote\/cleanse-mist-500ml\/#primaryimage"},"thumbnailUrl":"https:\/\/kinnunen.kotisivut.co\/wp-content\/uploads\/2023\/12\/Keune_Cleanse_Mist_13088.jpg","datePublished":"2024-02-05T11:11:27+00:00","dateModified":"2025-12-05T07:20:28+00:00","breadcrumb":{"@id":"https:\/\/kinnunen.kotisivut.co\/tuote\/cleanse-mist-500ml\/#breadcrumb"},"inLanguage":"en-GB","potentialAction":[{"@type":"ReadAction","target":["https:\/\/kinnunen.kotisivut.co\/tuote\/cleanse-mist-500ml\/"]}]},{"@type":"ImageObject","inLanguage":"en-GB","@id":"https:\/\/kinnunen.kotisivut.co\/tuote\/cleanse-mist-500ml\/#primaryimage","url":"https:\/\/kinnunen.kotisivut.co\/wp-content\/uploads\/2023\/12\/Keune_Cleanse_Mist_13088.jpg","contentUrl":"https:\/\/kinnunen.kotisivut.co\/wp-content\/uploads\/2023\/12\/Keune_Cleanse_Mist_13088.jpg","width":1200,"height":1200},{"@type":"BreadcrumbList","@id":"https:\/\/kinnunen.kotisivut.co\/tuote\/cleanse-mist-500ml\/#breadcrumb","itemListElement":[{"@type":"ListItem","position":1,"name":"Etusivu","item":"https:\/\/kinnunen.kotisivut.co\/"},{"@type":"ListItem","position":2,"name":"Kaikki tuotteet","item":"https:\/\/kinnunen.kotisivut.co\/kauppa\/"},{"@type":"ListItem","position":3,"name":"Hiuskosmetiikka","item":"https:\/\/kinnunen.kotisivut.co\/tuote-osasto\/hiuskosmetiikka\/"},{"@type":"ListItem","position":4,"name":"Cleanse Mist 500ml"}]},{"@type":"WebSite","@id":"https:\/\/kinnunen.kotisivut.co\/#website","url":"https:\/\/kinnunen.kotisivut.co\/","name":"Kinnunen","description":"","potentialAction":[{"@type":"SearchAction","target":{"@type":"EntryPoint","urlTemplate":"https:\/\/kinnunen.kotisivut.co\/?s={search_term_string}"},"query-input":"required name=search_term_string"}],"inLanguage":"en-GB"}]}},"_links":{"self":[{"href":"https:\/\/kinnunen.kotisivut.co\/en\/wp-json\/wp\/v2\/product\/33658","targetHints":{"allow":["GET"]}}],"collection":[{"href":"https:\/\/kinnunen.kotisivut.co\/en\/wp-json\/wp\/v2\/product"}],"about":[{"href":"https:\/\/kinnunen.kotisivut.co\/en\/wp-json\/wp\/v2\/types\/product"}],"replies":[{"embeddable":true,"href":"https:\/\/kinnunen.kotisivut.co\/en\/wp-json\/wp\/v2\/comments?post=33658"}],"wp:featuredmedia":[{"embeddable":true,"href":"https:\/\/kinnunen.kotisivut.co\/en\/wp-json\/wp\/v2\/media\/33640"}],"wp:attachment":[{"href":"https:\/\/kinnunen.kotisivut.co\/en\/wp-json\/wp\/v2\/media?parent=33658"}],"wp:term":[{"taxonomy":"product_cat","embeddable":true,"href":"https:\/\/kinnunen.kotisivut.co\/en\/wp-json\/wp\/v2\/product_cat?post=33658"},{"taxonomy":"product_tag","embeddable":true,"href":"https:\/\/kinnunen.kotisivut.co\/en\/wp-json\/wp\/v2\/product_tag?post=33658"}],"curies":[{"name":"wp","href":"https:\/\/api.w.org\/{rel}","templated":true}]}}