

{"id":32844,"date":"2024-08-05T09:19:48","date_gmt":"2024-08-05T06:19:48","guid":{"rendered":"https:\/\/kinnunen.kotisivut.co\/?post_type=product&#038;p=32844"},"modified":"2025-12-09T10:41:09","modified_gmt":"2025-12-09T08:41:09","slug":"so-pure-dispenser-tayttopullot","status":"publish","type":"product","link":"https:\/\/kinnunen.kotisivut.co\/en\/product\/so-pure-dispenser-tayttopullot\/","title":{"rendered":"So Pure Dispenser, refill bottles"},"content":{"rendered":"","protected":false},"excerpt":{"rendered":"<p>Filling bottles for So Pure products, capacity 400 or 1000ml. Please note that the bottle is empty. Choose the So Pure refill bags that are suitable for your hair and fill the bottle with the product - in future you can only buy refill bags. This will save a lot of plastic.<\/p>","protected":false},"featured_media":32818,"comment_status":"closed","ping_status":"closed","template":"","meta":{"_relevanssi_hide_post":"","_relevanssi_pin_for_all":"","_relevanssi_pin_keywords":"","_relevanssi_unpin_keywords":"","_relevanssi_related_keywords":"","_relevanssi_related_include_ids":"","_relevanssi_related_exclude_ids":"","_relevanssi_related_no_append":"","_relevanssi_related_not_related":"","_relevanssi_related_posts":"","_relevanssi_noindex_reason":""},"product_cat":[1727,1728,1740,1734,1744],"product_tag":[2214],"class_list":["post-32844","product","type-product","status-publish","has-post-thumbnail","hentry","product_cat-hiuskosmetiikka","product_cat-shampoot","product_cat-keune-so-pure","product_cat-hoitoaineet-ja-hiusmaamiot","product_cat-keune-so-pure-hoitoaineet-ja-hiusmaamiot","product_tag-so-pure-tarvikkeet","pa_koko-iso-1000ml","pa_koko-pieni-400ml","tuotemerkki-keune-haircosmetics","tuotemerkki-so-pure"],"tuotemerkit":[{"term_id":25,"name":"Keune Haircosmetics","slug":"keune-haircosmetics","term_group":0,"term_taxonomy_id":25,"taxonomy":"tuotemerkki","description":"","parent":0,"count":293,"filter":"raw"},{"term_id":573,"name":"So Pure","slug":"so-pure","term_group":0,"term_taxonomy_id":573,"taxonomy":"tuotemerkki","description":"","parent":25,"count":19,"filter":"raw"}],"acf":[],"yoast_head":"<!-- This site is optimized with the Yoast SEO plugin v23.3 - https:\/\/yoast.com\/wordpress\/plugins\/seo\/ -->\n<title>So Pure Dispenser, t\u00e4ytt\u00f6pullot - Kinnunen<\/title>\n<meta name=\"robots\" content=\"noindex, follow, max-snippet:-1, max-image-preview:large, max-video-preview:-1\" \/>\n<meta property=\"og:locale\" content=\"en_GB\" \/>\n<meta property=\"og:type\" content=\"article\" \/>\n<meta property=\"og:title\" content=\"So Pure Dispenser, t\u00e4ytt\u00f6pullot - Kinnunen\" \/>\n<meta property=\"og:description\" content=\"T\u00e4ytt\u00f6pullot So Pure tuotteille, tilavuus 400 tai 1000ml. Huomioithan, ett\u00e4 pullo on tyhj\u00e4. Valitse So Pure t\u00e4ytt\u00f6pusseista sinun hiuksillesi sopiva tuote ja t\u00e4yt\u00e4 t\u00e4ytt\u00f6pullo tuotteella - jatkossa voit ostaa vain t\u00e4ytt\u00f6pusseja. N\u00e4in s\u00e4\u00e4styy suuri m\u00e4\u00e4r\u00e4 muovia.\" \/>\n<meta property=\"og:url\" content=\"https:\/\/kinnunen.kotisivut.co\/en\/product\/so-pure-dispenser-tayttopullot\/\" \/>\n<meta property=\"og:site_name\" content=\"Kinnunen\" \/>\n<meta property=\"article:modified_time\" content=\"2025-12-09T08:41:09+00:00\" \/>\n<meta property=\"og:image\" content=\"https:\/\/kinnunen.kotisivut.co\/wp-content\/uploads\/2023\/09\/5312853129_tayttopullo.png\" \/>\n\t<meta property=\"og:image:width\" content=\"1000\" \/>\n\t<meta property=\"og:image:height\" content=\"1000\" \/>\n\t<meta property=\"og:image:type\" content=\"image\/png\" \/>\n<meta name=\"twitter:card\" content=\"summary_large_image\" \/>\n<script type=\"application\/ld+json\" class=\"yoast-schema-graph\">{\"@context\":\"https:\/\/schema.org\",\"@graph\":[{\"@type\":\"WebPage\",\"@id\":\"https:\/\/kinnunen.kotisivut.co\/tuote\/so-pure-dispenser-tayttopullot\/\",\"url\":\"https:\/\/kinnunen.kotisivut.co\/tuote\/so-pure-dispenser-tayttopullot\/\",\"name\":\"So Pure Dispenser, t\u00e4ytt\u00f6pullot - Kinnunen\",\"isPartOf\":{\"@id\":\"https:\/\/kinnunen.kotisivut.co\/#website\"},\"primaryImageOfPage\":{\"@id\":\"https:\/\/kinnunen.kotisivut.co\/tuote\/so-pure-dispenser-tayttopullot\/#primaryimage\"},\"image\":{\"@id\":\"https:\/\/kinnunen.kotisivut.co\/tuote\/so-pure-dispenser-tayttopullot\/#primaryimage\"},\"thumbnailUrl\":\"https:\/\/kinnunen.kotisivut.co\/wp-content\/uploads\/2023\/09\/5312853129_tayttopullo.png\",\"datePublished\":\"2024-08-05T06:19:48+00:00\",\"dateModified\":\"2025-12-09T08:41:09+00:00\",\"breadcrumb\":{\"@id\":\"https:\/\/kinnunen.kotisivut.co\/tuote\/so-pure-dispenser-tayttopullot\/#breadcrumb\"},\"inLanguage\":\"en-GB\",\"potentialAction\":[{\"@type\":\"ReadAction\",\"target\":[\"https:\/\/kinnunen.kotisivut.co\/tuote\/so-pure-dispenser-tayttopullot\/\"]}]},{\"@type\":\"ImageObject\",\"inLanguage\":\"en-GB\",\"@id\":\"https:\/\/kinnunen.kotisivut.co\/tuote\/so-pure-dispenser-tayttopullot\/#primaryimage\",\"url\":\"https:\/\/kinnunen.kotisivut.co\/wp-content\/uploads\/2023\/09\/5312853129_tayttopullo.png\",\"contentUrl\":\"https:\/\/kinnunen.kotisivut.co\/wp-content\/uploads\/2023\/09\/5312853129_tayttopullo.png\",\"width\":1000,\"height\":1000},{\"@type\":\"BreadcrumbList\",\"@id\":\"https:\/\/kinnunen.kotisivut.co\/tuote\/so-pure-dispenser-tayttopullot\/#breadcrumb\",\"itemListElement\":[{\"@type\":\"ListItem\",\"position\":1,\"name\":\"Etusivu\",\"item\":\"https:\/\/kinnunen.kotisivut.co\/\"},{\"@type\":\"ListItem\",\"position\":2,\"name\":\"Kaikki tuotteet\",\"item\":\"https:\/\/kinnunen.kotisivut.co\/kauppa\/\"},{\"@type\":\"ListItem\",\"position\":3,\"name\":\"Hiuskosmetiikka\",\"item\":\"https:\/\/kinnunen.kotisivut.co\/tuote-osasto\/hiuskosmetiikka\/\"},{\"@type\":\"ListItem\",\"position\":4,\"name\":\"So Pure Dispenser, t\u00e4ytt\u00f6pullot\"}]},{\"@type\":\"WebSite\",\"@id\":\"https:\/\/kinnunen.kotisivut.co\/#website\",\"url\":\"https:\/\/kinnunen.kotisivut.co\/\",\"name\":\"Kinnunen\",\"description\":\"\",\"potentialAction\":[{\"@type\":\"SearchAction\",\"target\":{\"@type\":\"EntryPoint\",\"urlTemplate\":\"https:\/\/kinnunen.kotisivut.co\/?s={search_term_string}\"},\"query-input\":\"required name=search_term_string\"}],\"inLanguage\":\"en-GB\"}]}<\/script>\n<!-- \/ Yoast SEO plugin. -->","yoast_head_json":{"title":"So Pure Dispenser, t\u00e4ytt\u00f6pullot - Kinnunen","robots":{"index":"noindex","follow":"follow","max-snippet":"max-snippet:-1","max-image-preview":"max-image-preview:large","max-video-preview":"max-video-preview:-1"},"og_locale":"en_GB","og_type":"article","og_title":"So Pure Dispenser, t\u00e4ytt\u00f6pullot - Kinnunen","og_description":"T\u00e4ytt\u00f6pullot So Pure tuotteille, tilavuus 400 tai 1000ml. Huomioithan, ett\u00e4 pullo on tyhj\u00e4. Valitse So Pure t\u00e4ytt\u00f6pusseista sinun hiuksillesi sopiva tuote ja t\u00e4yt\u00e4 t\u00e4ytt\u00f6pullo tuotteella - jatkossa voit ostaa vain t\u00e4ytt\u00f6pusseja. N\u00e4in s\u00e4\u00e4styy suuri m\u00e4\u00e4r\u00e4 muovia.","og_url":"https:\/\/kinnunen.kotisivut.co\/en\/product\/so-pure-dispenser-tayttopullot\/","og_site_name":"Kinnunen","article_modified_time":"2025-12-09T08:41:09+00:00","og_image":[{"width":1000,"height":1000,"url":"https:\/\/kinnunen.kotisivut.co\/wp-content\/uploads\/2023\/09\/5312853129_tayttopullo.png","type":"image\/png"}],"twitter_card":"summary_large_image","schema":{"@context":"https:\/\/schema.org","@graph":[{"@type":"WebPage","@id":"https:\/\/kinnunen.kotisivut.co\/tuote\/so-pure-dispenser-tayttopullot\/","url":"https:\/\/kinnunen.kotisivut.co\/tuote\/so-pure-dispenser-tayttopullot\/","name":"So Pure Dispenser, t\u00e4ytt\u00f6pullot - Kinnunen","isPartOf":{"@id":"https:\/\/kinnunen.kotisivut.co\/#website"},"primaryImageOfPage":{"@id":"https:\/\/kinnunen.kotisivut.co\/tuote\/so-pure-dispenser-tayttopullot\/#primaryimage"},"image":{"@id":"https:\/\/kinnunen.kotisivut.co\/tuote\/so-pure-dispenser-tayttopullot\/#primaryimage"},"thumbnailUrl":"https:\/\/kinnunen.kotisivut.co\/wp-content\/uploads\/2023\/09\/5312853129_tayttopullo.png","datePublished":"2024-08-05T06:19:48+00:00","dateModified":"2025-12-09T08:41:09+00:00","breadcrumb":{"@id":"https:\/\/kinnunen.kotisivut.co\/tuote\/so-pure-dispenser-tayttopullot\/#breadcrumb"},"inLanguage":"en-GB","potentialAction":[{"@type":"ReadAction","target":["https:\/\/kinnunen.kotisivut.co\/tuote\/so-pure-dispenser-tayttopullot\/"]}]},{"@type":"ImageObject","inLanguage":"en-GB","@id":"https:\/\/kinnunen.kotisivut.co\/tuote\/so-pure-dispenser-tayttopullot\/#primaryimage","url":"https:\/\/kinnunen.kotisivut.co\/wp-content\/uploads\/2023\/09\/5312853129_tayttopullo.png","contentUrl":"https:\/\/kinnunen.kotisivut.co\/wp-content\/uploads\/2023\/09\/5312853129_tayttopullo.png","width":1000,"height":1000},{"@type":"BreadcrumbList","@id":"https:\/\/kinnunen.kotisivut.co\/tuote\/so-pure-dispenser-tayttopullot\/#breadcrumb","itemListElement":[{"@type":"ListItem","position":1,"name":"Etusivu","item":"https:\/\/kinnunen.kotisivut.co\/"},{"@type":"ListItem","position":2,"name":"Kaikki tuotteet","item":"https:\/\/kinnunen.kotisivut.co\/kauppa\/"},{"@type":"ListItem","position":3,"name":"Hiuskosmetiikka","item":"https:\/\/kinnunen.kotisivut.co\/tuote-osasto\/hiuskosmetiikka\/"},{"@type":"ListItem","position":4,"name":"So Pure Dispenser, t\u00e4ytt\u00f6pullot"}]},{"@type":"WebSite","@id":"https:\/\/kinnunen.kotisivut.co\/#website","url":"https:\/\/kinnunen.kotisivut.co\/","name":"Kinnunen","description":"","potentialAction":[{"@type":"SearchAction","target":{"@type":"EntryPoint","urlTemplate":"https:\/\/kinnunen.kotisivut.co\/?s={search_term_string}"},"query-input":"required name=search_term_string"}],"inLanguage":"en-GB"}]}},"_links":{"self":[{"href":"https:\/\/kinnunen.kotisivut.co\/en\/wp-json\/wp\/v2\/product\/32844","targetHints":{"allow":["GET"]}}],"collection":[{"href":"https:\/\/kinnunen.kotisivut.co\/en\/wp-json\/wp\/v2\/product"}],"about":[{"href":"https:\/\/kinnunen.kotisivut.co\/en\/wp-json\/wp\/v2\/types\/product"}],"replies":[{"embeddable":true,"href":"https:\/\/kinnunen.kotisivut.co\/en\/wp-json\/wp\/v2\/comments?post=32844"}],"wp:featuredmedia":[{"embeddable":true,"href":"https:\/\/kinnunen.kotisivut.co\/en\/wp-json\/wp\/v2\/media\/32818"}],"wp:attachment":[{"href":"https:\/\/kinnunen.kotisivut.co\/en\/wp-json\/wp\/v2\/media?parent=32844"}],"wp:term":[{"taxonomy":"product_cat","embeddable":true,"href":"https:\/\/kinnunen.kotisivut.co\/en\/wp-json\/wp\/v2\/product_cat?post=32844"},{"taxonomy":"product_tag","embeddable":true,"href":"https:\/\/kinnunen.kotisivut.co\/en\/wp-json\/wp\/v2\/product_tag?post=32844"}],"curies":[{"name":"wp","href":"https:\/\/api.w.org\/{rel}","templated":true}]}}